{"id":43,"date":"2016-07-16T22:47:54","date_gmt":"2016-07-16T22:47:54","guid":{"rendered":"http:\/\/face.unt.edu.ar\/web\/aaep2016\/?page_id=43"},"modified":"2016-09-27T20:43:40","modified_gmt":"2016-09-27T20:43:40","slug":"restaurants","status":"publish","type":"page","link":"https:\/\/face.unt.edu.ar\/web\/aaep2016\/restaurants\/","title":{"rendered":"Restaurantes"},"content":{"rendered":"<p>[vc_row][vc_column width=\u00bb1\/3&#8243;][vc_column_text]En esta secci\u00f3n encontrar\u00e1 lugares para comer en las cercan\u00edas de la sede de la LI Reuni\u00f3n Anual de la AAEP[\/vc_column_text][\/vc_column][vc_column width=\u00bb2\/3&#8243;][vc_gmaps link=\u00bb#E-8_JTNDaWZyYW1lJTIwc3JjJTNEJTIyaHR0cHMlM0ElMkYlMkZ3d3cuZ29vZ2xlLmNvbSUyRm1hcHMlMkZkJTJGZW1iZWQlM0ZtaWQlM0QxdVJFNm4yeE9OcmI1X0Z4cURLTXdwT1V4NkhFJTIyJTIwd2lkdGglM0QlMjI2NDAlMjIlMjBoZWlnaHQlM0QlMjI0ODAlMjIlM0UlM0MlMkZpZnJhbWUlM0U=\u00bb][\/vc_column][\/vc_row]<\/p>\n","protected":false},"excerpt":{"rendered":"<p>[vc_row][vc_column width=\u00bb1\/3&#8243;][vc_column_text]En esta secci\u00f3n encontrar\u00e1 lugares para comer en las cercan\u00edas de la sede de la LI Reuni\u00f3n Anual de la AAEP[\/vc_column_text][\/vc_column][vc_column width=\u00bb2\/3&#8243;][vc_gmaps link=\u00bb#E-8_JTNDaWZyYW1lJTIwc3JjJTNEJTIyaHR0cHMlM0ElMkYlMkZ3d3cuZ29vZ2xlLmNvbSUyRm1hcHMlMkZkJTJGZW1iZWQlM0ZtaWQlM0QxdVJFNm4yeE9OcmI1X0Z4cURLTXdwT1V4NkhFJTIyJTIwd2lkdGglM0QlMjI2NDAlMjIlMjBoZWlnaHQlM0QlMjI0ODAlMjIlM0UlM0MlMkZpZnJhbWUlM0U=\u00bb][\/vc_column][\/vc_row]<\/p>\n","protected":false},"author":101011,"featured_media":0,"parent":0,"menu_order":0,"comment_status":"closed","ping_status":"closed","template":"","meta":{"footnotes":""},"_links":{"self":[{"href":"https:\/\/face.unt.edu.ar\/web\/aaep2016\/wp-json\/wp\/v2\/pages\/43"}],"collection":[{"href":"https:\/\/face.unt.edu.ar\/web\/aaep2016\/wp-json\/wp\/v2\/pages"}],"about":[{"href":"https:\/\/face.unt.edu.ar\/web\/aaep2016\/wp-json\/wp\/v2\/types\/page"}],"author":[{"embeddable":true,"href":"https:\/\/face.unt.edu.ar\/web\/aaep2016\/wp-json\/wp\/v2\/users\/101011"}],"replies":[{"embeddable":true,"href":"https:\/\/face.unt.edu.ar\/web\/aaep2016\/wp-json\/wp\/v2\/comments?post=43"}],"version-history":[{"count":6,"href":"https:\/\/face.unt.edu.ar\/web\/aaep2016\/wp-json\/wp\/v2\/pages\/43\/revisions"}],"predecessor-version":[{"id":121,"href":"https:\/\/face.unt.edu.ar\/web\/aaep2016\/wp-json\/wp\/v2\/pages\/43\/revisions\/121"}],"wp:attachment":[{"href":"https:\/\/face.unt.edu.ar\/web\/aaep2016\/wp-json\/wp\/v2\/media?parent=43"}],"curies":[{"name":"wp","href":"https:\/\/api.w.org\/{rel}","templated":true}]}}