{"id":6,"date":"2016-07-07T13:16:56","date_gmt":"2016-07-07T13:16:56","guid":{"rendered":"http:\/\/face.unt.edu.ar\/web\/aaep2016\/?page_id=6"},"modified":"2016-09-27T20:57:21","modified_gmt":"2016-09-27T20:57:21","slug":"comite-organizador-local","status":"publish","type":"page","link":"https:\/\/face.unt.edu.ar\/web\/aaep2016\/comite-organizador-local\/","title":{"rendered":"Comit\u00e9 Organizador Local"},"content":{"rendered":"<p>[vc_row][vc_column width=\u00bb1\/2&#8243;][vc_column_text]<strong>Presidente<\/strong><\/p>\n<p><span lang=\"ES-TRAD\">V\u00edctor Jorge El\u00edas\u00a0<\/span><\/p>\n<p><strong>Coordinador<\/strong><\/p>\n<p><span lang=\"ES-TRAD\">Victor Daniel Iajya<\/span><\/p>\n<p><strong>Miembros del Comit\u00e9<\/strong><\/p>\n<p><span lang=\"ES-TRAD\">Beatriz Alvarez<\/span><\/p>\n<p><span lang=\"ES-TRAD\">Augusto Nieto Barthaburu<\/span><\/p>\n<p><span lang=\"ES-TRAD\">Mar\u00eda Jos\u00e9 Catal\u00e1n<\/span><\/p>\n<p><span lang=\"ES-TRAD\">Ana Mar\u00eda Cerro<\/span><\/p>\n<p><span lang=\"ES-TRAD\">Mar\u00eda Jos\u00e9 Granado<\/span><\/p>\n<p><span lang=\"ES-TRAD\">Osvaldo Meloni<\/span><\/p>\n<p><span lang=\"ES-TRAD\">Corina Paz Ter\u00e1n<\/span>[\/vc_column_text][\/vc_column][vc_column width=\u00bb1\/2&#8243;][vc_column_text]<strong>Alumnos Colaboradores<\/strong><\/p>\n<p>Alderete Hero, Agostina<\/p>\n<p>Almonacid, Ezequiel<\/p>\n<p>\u00c1lvarez, Silvana<\/p>\n<p>Barilaro, Miguel \u00c1ngel<\/p>\n<p>Berm\u00fadez, Natalia<\/p>\n<p>Chilo L\u00f3pez, Santiago<\/p>\n<p>Dell Acqua, Aylin<\/p>\n<p>Garz\u00f3n, Cecilia<\/p>\n<p>G\u00f3mez Alonso, Mar\u00eda Guadalupe<\/p>\n<p>Gurevich, Javier<\/p>\n<p>Ju\u00e1rez, Rita<\/p>\n<p>Kestelman Borges, Mariana<\/p>\n<p>Nallar, Leandro<\/p>\n<p>Paraj\u00f3n Ch\u00e1vez, Anah\u00ed<\/p>\n<p>Pereyra, Mar\u00eda Jos\u00e9<\/p>\n<p>Richard, Nadia<\/p>\n<p>Rios Avellaneda, Lourdes<\/p>\n<p>San Mill\u00e1n, Maximiliano<\/p>\n<p>Shehadi Candela, Agust\u00edn<\/p>\n<p>Soto Fern\u00e1ndez, Daiana<\/p>\n<p>Vera, Mar\u00eda Agustina<\/p>\n<p>Zerda, Isolina<\/p>\n<p>[\/vc_column_text][\/vc_column][\/vc_row]<\/p>\n","protected":false},"excerpt":{"rendered":"<p>[vc_row][vc_column width=\u00bb1\/2&#8243;][vc_column_text]Presidente V\u00edctor Jorge El\u00edas\u00a0 Coordinador Victor Daniel Iajya Miembros del Comit\u00e9 Beatriz Alvarez Augusto Nieto Barthaburu Mar\u00eda Jos\u00e9 Catal\u00e1n Ana Mar\u00eda Cerro Mar\u00eda Jos\u00e9 Granado Osvaldo Meloni Corina Paz Ter\u00e1n[\/vc_column_text][\/vc_column][vc_column width=\u00bb1\/2&#8243;][vc_column_text]Alumnos Colaboradores Alderete Hero, Agostina Almonacid, Ezequiel \u00c1lvarez, Silvana Barilaro, Miguel \u00c1ngel Berm\u00fadez, Natalia Chilo L\u00f3pez, Santiago Dell Acqua, Aylin Garz\u00f3n, Cecilia G\u00f3mez Alonso, [&hellip;]<\/p>\n","protected":false},"author":1,"featured_media":0,"parent":0,"menu_order":0,"comment_status":"closed","ping_status":"closed","template":"","meta":{"footnotes":""},"_links":{"self":[{"href":"https:\/\/face.unt.edu.ar\/web\/aaep2016\/wp-json\/wp\/v2\/pages\/6"}],"collection":[{"href":"https:\/\/face.unt.edu.ar\/web\/aaep2016\/wp-json\/wp\/v2\/pages"}],"about":[{"href":"https:\/\/face.unt.edu.ar\/web\/aaep2016\/wp-json\/wp\/v2\/types\/page"}],"author":[{"embeddable":true,"href":"https:\/\/face.unt.edu.ar\/web\/aaep2016\/wp-json\/wp\/v2\/users\/1"}],"replies":[{"embeddable":true,"href":"https:\/\/face.unt.edu.ar\/web\/aaep2016\/wp-json\/wp\/v2\/comments?post=6"}],"version-history":[{"count":4,"href":"https:\/\/face.unt.edu.ar\/web\/aaep2016\/wp-json\/wp\/v2\/pages\/6\/revisions"}],"predecessor-version":[{"id":122,"href":"https:\/\/face.unt.edu.ar\/web\/aaep2016\/wp-json\/wp\/v2\/pages\/6\/revisions\/122"}],"wp:attachment":[{"href":"https:\/\/face.unt.edu.ar\/web\/aaep2016\/wp-json\/wp\/v2\/media?parent=6"}],"curies":[{"name":"wp","href":"https:\/\/api.w.org\/{rel}","templated":true}]}}