{"id":68,"date":"2016-08-12T23:29:42","date_gmt":"2016-08-12T23:29:42","guid":{"rendered":"http:\/\/face.unt.edu.ar\/web\/aaep2016\/?page_id=68"},"modified":"2016-11-07T16:18:09","modified_gmt":"2016-11-07T16:18:09","slug":"panel-de-presidentes-de-bancos-centrales","status":"publish","type":"page","link":"https:\/\/face.unt.edu.ar\/web\/aaep2016\/panel-de-presidentes-de-bancos-centrales\/","title":{"rendered":"Panel de Presidentes de Bancos Centrales"},"content":{"rendered":"<p>[vc_row][vc_column][vc_column_text]<strong>Panel de Presidentes de Bancos Centrales de Am\u00e9rica Latina:<\/strong><\/p>\n<p>16 de Noviembre -18:30 a 19:30<\/p>\n<p>Participantes:[\/vc_column_text][\/vc_column][\/vc_row][vc_row][vc_column width=\u00bb1\/3&#8243;][vc_single_image image=\u00bb69&#8243;][\/vc_column][vc_column width=\u00bb2\/3&#8243;][vc_column_text]<strong><u>Mario Bergara<\/u><\/strong><\/p>\n<p>Es contador p\u00fablico, economista, profesor y pol\u00edtico uruguayo. Actualmente es el Presidente del\u00a0Banco Central del Uruguay, cargo que tambi\u00e9n ocup\u00f3 entre 2008 y 2013.<\/p>\n<p>Trabaj\u00f3 en el\u00a0Banco de la Rep\u00fablica Oriental del Uruguay\u00a0y en el Banco Central del Uruguay. En \u00e9ste \u00faltimo fue jefe de Departamento de Estudios Econ\u00f3micos. Entre 2001 y 2005 fue director de la\u00a0Unidad Reguladora de Servicios de Comunicaciones. Se desempe\u00f1\u00f3 como profesor de Microeconom\u00eda, Macroeconom\u00eda y Organizaci\u00f3n Industrial en la Universidad ORT Uruguay y en la actualidad ejerce como docente grado 5 en la Universidad de la Rep\u00fablica donde imparte el curso de \u00abEconom\u00eda de la Regulaci\u00f3n y Teor\u00eda de Contratos\u00bb.[\/vc_column_text][\/vc_column][\/vc_row][vc_row][vc_column width=\u00bb1\/3&#8243;][vc_single_image image=\u00bb70&#8243;][\/vc_column][vc_column width=\u00bb2\/3&#8243;][vc_column_text]<strong><u>Federico Sturzenegger<\/u><\/strong><\/p>\n<p>Se licenci\u00f3 en Econom\u00eda en la\u00a0Universidad Nacional de La Plata, y logr\u00f3 su doctorado en 1991 en el\u00a0Massachusetts Institute of Technology.<\/p>\n<p>Actualmente se desempe\u00f1a como presidente del\u00a0Banco Central de la Rep\u00fablica Argentina.<\/p>\n<p>Fue\u00a0diputado nacional\u00a0por el partido\u00a0Propuesta Republicana\u00a0en la\u00a0Ciudad de Buenos Aires, presidente del\u00a0Banco Ciudad de Buenos Aires, profesor en la\u00a0Universidad de Harvard, decano de la\u00a0Universidad Torcuato Di Tella, secretario de Pol\u00edtica Econ\u00f3mica de la Rep\u00fablica Argentina, y economista jefe en\u00a0YPF. Paralelamente a su cargo en el\u00a0BCRA, se desempe\u00f1a como docente en la Escuela de Negocios de la\u00a0Universidad Torcuato Di Tella. Co-introdujo la noci\u00f3n de\u00a0Materia oscura, un concepto utilizado en econom\u00eda regularmente para referirse a los activos \u00abinvisibles\u00bb que explican la diferencia entre estimaciones oficiales de la\u00a0cuenta corriente\u00a0y estimaciones basadas en los retornos actuales de la posici\u00f3n financiera neta. Con su colega\u00a0Eduardo Levy Yeyati\u00a0elabor\u00f3 una popular clasificaci\u00f3n de reg\u00edmenes cambiarios\u00a0<em>de facto<\/em>\u00a0en contraposici\u00f3n a los que se sol\u00edan usar que eran\u00a0<em>de jure<\/em><em>.<\/em>[\/vc_column_text][\/vc_column][\/vc_row]<\/p>\n","protected":false},"excerpt":{"rendered":"<p>[vc_row][vc_column][vc_column_text]Panel de Presidentes de Bancos Centrales de Am\u00e9rica Latina: 16 de Noviembre -18:30 a 19:30 Participantes:[\/vc_column_text][\/vc_column][\/vc_row][vc_row][vc_column width=\u00bb1\/3&#8243;][vc_single_image image=\u00bb69&#8243;][\/vc_column][vc_column width=\u00bb2\/3&#8243;][vc_column_text]Mario Bergara Es contador p\u00fablico, economista, profesor y pol\u00edtico uruguayo. Actualmente es el Presidente del\u00a0Banco Central del Uruguay, cargo que tambi\u00e9n ocup\u00f3 entre 2008 y 2013. Trabaj\u00f3 en el\u00a0Banco de la Rep\u00fablica Oriental del Uruguay\u00a0y en el [&hellip;]<\/p>\n","protected":false},"author":101011,"featured_media":0,"parent":0,"menu_order":0,"comment_status":"closed","ping_status":"closed","template":"","meta":{"footnotes":""},"_links":{"self":[{"href":"https:\/\/face.unt.edu.ar\/web\/aaep2016\/wp-json\/wp\/v2\/pages\/68"}],"collection":[{"href":"https:\/\/face.unt.edu.ar\/web\/aaep2016\/wp-json\/wp\/v2\/pages"}],"about":[{"href":"https:\/\/face.unt.edu.ar\/web\/aaep2016\/wp-json\/wp\/v2\/types\/page"}],"author":[{"embeddable":true,"href":"https:\/\/face.unt.edu.ar\/web\/aaep2016\/wp-json\/wp\/v2\/users\/101011"}],"replies":[{"embeddable":true,"href":"https:\/\/face.unt.edu.ar\/web\/aaep2016\/wp-json\/wp\/v2\/comments?post=68"}],"version-history":[{"count":3,"href":"https:\/\/face.unt.edu.ar\/web\/aaep2016\/wp-json\/wp\/v2\/pages\/68\/revisions"}],"predecessor-version":[{"id":132,"href":"https:\/\/face.unt.edu.ar\/web\/aaep2016\/wp-json\/wp\/v2\/pages\/68\/revisions\/132"}],"wp:attachment":[{"href":"https:\/\/face.unt.edu.ar\/web\/aaep2016\/wp-json\/wp\/v2\/media?parent=68"}],"curies":[{"name":"wp","href":"https:\/\/api.w.org\/{rel}","templated":true}]}}