{"id":8,"date":"2016-07-07T13:26:32","date_gmt":"2016-07-07T13:26:32","guid":{"rendered":"http:\/\/face.unt.edu.ar\/web\/aaep2016\/?page_id=8"},"modified":"2016-11-16T11:50:03","modified_gmt":"2016-11-16T11:50:03","slug":"programa-de-actividades","status":"publish","type":"page","link":"https:\/\/face.unt.edu.ar\/web\/aaep2016\/programa-de-actividades\/","title":{"rendered":"Programa"},"content":{"rendered":"<p>[vc_row][vc_column][vc_column_text]Consulte el programa completo en PDF:<\/p>\n<p><a href=\"http:\/\/face.unt.edu.ar\/web\/aaep2016\/wp-content\/uploads\/sites\/13\/2016\/11\/Programa-Definitivo-AAEP-2016.pdf\">Programa Definitivo AAEP 2016<\/a><\/p>\n<p>O el resumen de Actividades:<\/p>\n<p><a href=\"http:\/\/face.unt.edu.ar\/web\/aaep2016\/wp-content\/uploads\/sites\/13\/2016\/11\/Actividades-Reuni\u00f3n-Anual-AAEP-2016-1.pdf\">Actividades Reuni\u00f3n Anual AAEP 2016<\/a>[\/vc_column_text][\/vc_column][\/vc_row][vc_row][vc_column][vc_column_text]<strong><u>Actividades Previstas:<\/u><\/strong><\/p>\n<p><em><u>\u00a0<\/u><\/em><\/p>\n<p><strong>Mi\u00e9rcoles 16 de Noviembre<\/strong><\/p>\n<p>8:30 a 9:15 \u00a0\u00a0\u00a0\u00a0\u00a0\u00a0\u00a0\u00a0\u00a0\u00a0\u00a0\u00a0\u00a0\u00a0\u00a0\u00a0 \u00a0Inscripciones<\/p>\n<p>9.15 a 10:00\u00a0\u00a0\u00a0\u00a0\u00a0\u00a0\u00a0\u00a0\u00a0\u00a0\u00a0\u00a0\u00a0\u00a0\u00a0 Sesiones Simult\u00e1neas<\/p>\n<p>10:00\u00a0 a 10:45 \u00a0\u00a0\u00a0\u00a0\u00a0\u00a0\u00a0\u00a0\u00a0\u00a0\u00a0 Sesiones Simult\u00e1neas<\/p>\n<p>10:45\u00a0 a 11:30 \u00a0\u00a0\u00a0\u00a0\u00a0\u00a0\u00a0\u00a0\u00a0\u00a0\u00a0 Sesiones Simult\u00e1neas<\/p>\n<p>11:30 a 11:45 \u00a0\u00a0\u00a0\u00a0\u00a0\u00a0\u00a0\u00a0\u00a0\u00a0\u00a0\u00a0 Coffee Break<\/p>\n<p>11:45\u00a0 a 12:30 \u00a0\u00a0\u00a0\u00a0\u00a0\u00a0\u00a0\u00a0\u00a0\u00a0\u00a0 Sesiones Simult\u00e1neas<\/p>\n<p>12:30\u00a0 a 13:15 \u00a0\u00a0\u00a0\u00a0\u00a0\u00a0\u00a0\u00a0\u00a0\u00a0\u00a0 Sesiones Simult\u00e1neas<\/p>\n<p>13:15 a 14:45 \u00a0\u00a0\u00a0\u00a0\u00a0\u00a0\u00a0\u00a0\u00a0\u00a0\u00a0\u00a0 Receso para Almuerzo<\/p>\n<p>&nbsp;<\/p>\n<p>14:45 a 15:30 \u00a0\u00a0\u00a0\u00a0\u00a0\u00a0\u00a0\u00a0\u00a0\u00a0\u00a0 Sesiones Simult\u00e1neas<\/p>\n<p>15:30 a 16.15<strong>\u00a0\u00a0\u00a0\u00a0\u00a0\u00a0\u00a0\u00a0\u00a0\u00a0\u00a0\u00a0\u00a0 <\/strong>Sesiones Simult\u00e1neas<\/p>\n<p>16:15 a 16:30\u00a0\u00a0\u00a0\u00a0\u00a0\u00a0\u00a0\u00a0\u00a0\u00a0\u00a0\u00a0\u00a0 Coffee Break<\/p>\n<p><strong>16:30 a 16:45 \u00a0\u00a0\u00a0\u00a0\u00a0\u00a0\u00a0\u00a0\u00a0\u00a0\u00a0 <\/strong><strong>Acto de Apertura<\/strong><\/p>\n<p><strong>16:45 a 18:00\u00a0\u00a0\u00a0\u00a0\u00a0\u00a0\u00a0\u00a0\u00a0\u00a0\u00a0\u00a0 <\/strong><strong>Conferencia Inaugural: Enrique Bour, <em>\u201cDerecho y Econom\u00eda\u201d<\/em><\/strong><\/p>\n<p><strong>18:00 a 19:30\u00a0\u00a0\u00a0\u00a0\u00a0\u00a0\u00a0\u00a0\u00a0\u00a0\u00a0\u00a0 <\/strong><strong>Mesa Panel Pol\u00edtica Monetaria en Am\u00e9rica Latina. <\/strong><\/p>\n<p><strong>Coordinador: V\u00edctor El\u00edas <\/strong>(UNT)<strong>. <\/strong><\/p>\n<p><strong>Disertantes: Mario Bergara <\/strong>(Presidente Banco Central del Uruguay); <strong>Federico Sturzenegger <\/strong>(Presidente Banco Central de la Rep\u00fablica Argentina)<\/p>\n<p>&nbsp;<\/p>\n<p>20:00 a 21:00\u00a0\u00a0\u00a0\u00a0\u00a0\u00a0\u00a0\u00a0\u00a0\u00a0\u00a0\u00a0\u00a0 <em>Cocktail<\/em> de Bienvenida en el Patio de la Casa Historia de la Independencia.<\/p>\n<p><strong>Jueves 17 de Noviembre<\/strong><\/p>\n<p>9.15 a 10:00\u00a0\u00a0\u00a0\u00a0\u00a0\u00a0\u00a0\u00a0\u00a0\u00a0\u00a0\u00a0\u00a0\u00a0\u00a0 Sesiones Simult\u00e1neas<\/p>\n<p>10:00\u00a0 a 10:45 \u00a0\u00a0\u00a0\u00a0\u00a0\u00a0\u00a0\u00a0\u00a0\u00a0\u00a0 Sesiones Simult\u00e1neas<\/p>\n<p>10:45\u00a0 a 11:30 \u00a0\u00a0\u00a0\u00a0\u00a0\u00a0\u00a0\u00a0\u00a0\u00a0\u00a0 Sesiones Simult\u00e1neas<\/p>\n<p>11:30 a 11:45 \u00a0\u00a0\u00a0\u00a0\u00a0\u00a0\u00a0\u00a0\u00a0\u00a0\u00a0\u00a0 Coffee Break<\/p>\n<p><strong>11:45 a 13:00\u00a0\u00a0\u00a0\u00a0\u00a0\u00a0\u00a0\u00a0\u00a0\u00a0\u00a0\u00a0 Mesa Panel \u201cCoyuntura Argentina\u201d. <\/strong><\/p>\n<p><strong>Coordinador: Fernando Navajas. <\/strong><\/p>\n<p><strong>Disertantes Miguel \u00c1ngel Broda <\/strong>(Director Miguel A. Broda y Asociados),<strong> Gustavo Ca\u00f1onero <\/strong>(Partner and Director, Grupo SBS);<strong> Javier Finkman <\/strong>(Chief Economist South America, HSBC), <strong>Andr\u00e9s Neumeyer <\/strong>(UTDT)<\/p>\n<p>13:00 a 14:30 \u00a0\u00a0\u00a0\u00a0\u00a0\u00a0\u00a0\u00a0\u00a0\u00a0\u00a0\u00a0 Receso para Almuerzo<\/p>\n<p>&nbsp;<\/p>\n<p><strong>14:30 a 16:00\u00a0\u00a0\u00a0\u00a0\u00a0\u00a0\u00a0\u00a0\u00a0\u00a0\u00a0\u00a0 <\/strong><strong>Mesa Panel <\/strong><strong>\u201cEmpleo y estructura productiva en Argentina. Perspectivas y alternativas de pol\u00edtica\u201d. <\/strong><\/p>\n<p><strong>Coordinadores: Jorge Streb <\/strong>(UCEMA) y<strong> Daniel Heymann <\/strong>(IIEP BAIRES UBA&#8211; CONICET).<\/p>\n<p><strong>Disertantes: Luis Beccaria <\/strong>(UNGS);<strong> Danilo Trupkin <\/strong>(IIEP-UBA-CONICET);<strong> Mariana Marchionni <\/strong>(CEDLAS-UNLP y CONICET);<strong> Dolores de la Mata <\/strong>(CAF)<\/p>\n<p>16:00 a 16:15\u00a0\u00a0\u00a0\u00a0\u00a0\u00a0\u00a0\u00a0\u00a0\u00a0\u00a0\u00a0\u00a0 Coffee Break<\/p>\n<p>16:15 a 17:00\u00a0\u00a0\u00a0\u00a0\u00a0\u00a0\u00a0\u00a0\u00a0\u00a0\u00a0\u00a0\u00a0 Sesiones Simult\u00e1neas<\/p>\n<p>17:00 a 17:45\u00a0\u00a0\u00a0\u00a0\u00a0\u00a0\u00a0\u00a0\u00a0\u00a0\u00a0\u00a0\u00a0 Sesiones Simult\u00e1neas<\/p>\n<p>17:45 a 18:00\u00a0\u00a0\u00a0\u00a0\u00a0\u00a0\u00a0\u00a0\u00a0\u00a0\u00a0\u00a0\u00a0 Break<\/p>\n<p><strong>18:00 a 19:30 \u00a0\u00a0\u00a0\u00a0\u00a0\u00a0\u00a0\u00a0\u00a0\u00a0\u00a0 Conferencia en Memoria de Rolf Mantel <\/strong>a cargo del Profesor<strong> Iv\u00e1n Werning <\/strong>(MIT)<strong> \u201cTeor\u00eda de la imposici\u00f3n \u00f3ptima\u201d<\/strong><\/p>\n<p>19:30 a 20:30\u00a0\u00a0\u00a0\u00a0\u00a0\u00a0\u00a0\u00a0\u00a0\u00a0\u00a0\u00a0\u00a0 Asamblea de Socios<\/p>\n<p>20:30 a 21:30 \u00a0\u00a0\u00a0\u00a0\u00a0\u00a0\u00a0\u00a0\u00a0\u00a0\u00a0\u00a0 Funci\u00f3n Especial del Espect\u00e1culo Hist\u00f3rico-Teatral. \u00abTina, el rumor de una Naci\u00f3n\u00bb. Ex-Banco Provincia, Laprida esq. San Mart\u00edn.<\/p>\n<p>21:00\u00a0\u00a0\u00a0\u00a0\u00a0\u00a0\u00a0\u00a0\u00a0\u00a0\u00a0\u00a0\u00a0\u00a0\u00a0\u00a0\u00a0\u00a0\u00a0\u00a0\u00a0\u00a0\u00a0\u00a0\u00a0\u00a0 Cena de Camarader\u00eda. Sede Social Jockey Club, San Mart\u00edn 451<\/p>\n<p><strong>\u00a0<\/strong><\/p>\n<p><strong>Viernes 18 de Noviembre<\/strong><\/p>\n<p>9:30 a 10:15 \u00a0\u00a0\u00a0\u00a0\u00a0\u00a0\u00a0\u00a0\u00a0\u00a0\u00a0\u00a0\u00a0\u00a0 Sesiones Simult\u00e1neas<\/p>\n<p>10:15\u00a0 a 11:00 \u00a0\u00a0\u00a0\u00a0\u00a0\u00a0\u00a0\u00a0\u00a0\u00a0 Sesiones Simult\u00e1neas<\/p>\n<p>11:00 a 11:15 \u00a0\u00a0\u00a0\u00a0\u00a0\u00a0\u00a0\u00a0\u00a0\u00a0\u00a0\u00a0 Coffee Break<\/p>\n<p>11:15 a 11:30\u00a0\u00a0\u00a0\u00a0\u00a0\u00a0\u00a0\u00a0\u00a0\u00a0\u00a0\u00a0\u00a0 Entrega del Premio Joven<\/p>\n<p>Entrega Premio ANCE: \u201cDr. Julio H. G. Olivera\u201d<\/p>\n<p><strong>11:30 a 13:00\u00a0\u00a0\u00a0\u00a0\u00a0\u00a0\u00a0\u00a0\u00a0\u00a0\u00a0\u00a0 Conferencia Nobel a cargo de Prof. Alvin Roth <\/strong>(Stanford University)<strong> \u201cWho Gets What and Why: The New Economics of Matchmaking and Market Design\u201d<\/strong><\/p>\n<p>13:00 a 14:30 \u00a0\u00a0\u00a0\u00a0\u00a0\u00a0\u00a0\u00a0\u00a0\u00a0\u00a0\u00a0 Receso para Almuerzo<\/p>\n<p>14:30 a 16:00\u00a0\u00a0\u00a0\u00a0\u00a0\u00a0\u00a0\u00a0\u00a0\u00a0\u00a0\u00a0\u00a0 <strong>Mesa Panel sobre Donaci\u00f3n de \u00d3rganos y de Sangre.<\/strong><\/p>\n<p><strong>Disertantes: Alvin Roth <\/strong>(Stanford University)<strong>, Mario Macis <\/strong>(John Hopkins University)<strong>, Julio El\u00edas <\/strong>(UCEMA) y<strong> V\u00edctor Iajya <\/strong>(UNT)<\/p>\n<p>16:00 a 16:15\u00a0\u00a0\u00a0\u00a0\u00a0\u00a0\u00a0\u00a0\u00a0\u00a0\u00a0\u00a0\u00a0 Coffee Break<\/p>\n<p>16:15 a 17:00\u00a0\u00a0\u00a0\u00a0\u00a0\u00a0\u00a0\u00a0\u00a0\u00a0\u00a0\u00a0\u00a0 Sesiones Simult\u00e1neas<\/p>\n<p>17:00 a 17:45\u00a0\u00a0\u00a0\u00a0\u00a0\u00a0\u00a0\u00a0\u00a0\u00a0\u00a0\u00a0\u00a0 Sesiones Simult\u00e1neas<\/p>\n<p>17:45 a 18:00\u00a0\u00a0\u00a0\u00a0\u00a0\u00a0\u00a0\u00a0\u00a0\u00a0\u00a0\u00a0\u00a0 Clausura de la 51\u00aa Reuni\u00f3n Anual de la AAEP[\/vc_column_text][\/vc_column][\/vc_row]<\/p>\n","protected":false},"excerpt":{"rendered":"<p>[vc_row][vc_column][vc_column_text]Consulte el programa completo en PDF: Programa Definitivo AAEP 2016 O el resumen de Actividades: Actividades Reuni\u00f3n Anual AAEP 2016[\/vc_column_text][\/vc_column][\/vc_row][vc_row][vc_column][vc_column_text]Actividades Previstas: \u00a0 Mi\u00e9rcoles 16 de Noviembre 8:30 a 9:15 \u00a0\u00a0\u00a0\u00a0\u00a0\u00a0\u00a0\u00a0\u00a0\u00a0\u00a0\u00a0\u00a0\u00a0\u00a0\u00a0 \u00a0Inscripciones 9.15 a 10:00\u00a0\u00a0\u00a0\u00a0\u00a0\u00a0\u00a0\u00a0\u00a0\u00a0\u00a0\u00a0\u00a0\u00a0\u00a0 Sesiones Simult\u00e1neas 10:00\u00a0 a 10:45 \u00a0\u00a0\u00a0\u00a0\u00a0\u00a0\u00a0\u00a0\u00a0\u00a0\u00a0 Sesiones Simult\u00e1neas 10:45\u00a0 a 11:30 \u00a0\u00a0\u00a0\u00a0\u00a0\u00a0\u00a0\u00a0\u00a0\u00a0\u00a0 Sesiones Simult\u00e1neas 11:30 a 11:45 \u00a0\u00a0\u00a0\u00a0\u00a0\u00a0\u00a0\u00a0\u00a0\u00a0\u00a0\u00a0 Coffee Break 11:45\u00a0 [&hellip;]<\/p>\n","protected":false},"author":1,"featured_media":0,"parent":0,"menu_order":0,"comment_status":"closed","ping_status":"closed","template":"","meta":{"footnotes":""},"_links":{"self":[{"href":"https:\/\/face.unt.edu.ar\/web\/aaep2016\/wp-json\/wp\/v2\/pages\/8"}],"collection":[{"href":"https:\/\/face.unt.edu.ar\/web\/aaep2016\/wp-json\/wp\/v2\/pages"}],"about":[{"href":"https:\/\/face.unt.edu.ar\/web\/aaep2016\/wp-json\/wp\/v2\/types\/page"}],"author":[{"embeddable":true,"href":"https:\/\/face.unt.edu.ar\/web\/aaep2016\/wp-json\/wp\/v2\/users\/1"}],"replies":[{"embeddable":true,"href":"https:\/\/face.unt.edu.ar\/web\/aaep2016\/wp-json\/wp\/v2\/comments?post=8"}],"version-history":[{"count":13,"href":"https:\/\/face.unt.edu.ar\/web\/aaep2016\/wp-json\/wp\/v2\/pages\/8\/revisions"}],"predecessor-version":[{"id":141,"href":"https:\/\/face.unt.edu.ar\/web\/aaep2016\/wp-json\/wp\/v2\/pages\/8\/revisions\/141"}],"wp:attachment":[{"href":"https:\/\/face.unt.edu.ar\/web\/aaep2016\/wp-json\/wp\/v2\/media?parent=8"}],"curies":[{"name":"wp","href":"https:\/\/api.w.org\/{rel}","templated":true}]}}