{"id":83,"date":"2016-09-01T19:31:46","date_gmt":"2016-09-01T19:31:46","guid":{"rendered":"http:\/\/face.unt.edu.ar\/web\/aaep2016\/?page_id=83"},"modified":"2016-09-01T19:42:01","modified_gmt":"2016-09-01T19:42:01","slug":"actividades-turisticas","status":"publish","type":"page","link":"https:\/\/face.unt.edu.ar\/web\/aaep2016\/actividades-turisticas\/","title":{"rendered":"Actividades Tur\u00edsticas"},"content":{"rendered":"<p>[vc_row][vc_column width=\u00bb1\/3&#8243;][vc_column_text]La Provincia de Tucum\u00e1n tiene una oferta tur\u00edstica amplia tanto en la ciudad de San Miguel de Tucum\u00e1n como en las localidades cercanas. Aqu\u00ed encontrar\u00e1n informaci\u00f3n \u00fatil para planificar su visita a lugares de inter\u00e9s de la ciudad y la provincia. Pueden consultar los siguientes enlaces para m\u00e1s informaci\u00f3n sobre los <a href=\"http:\/\/www.tucumanturismo.gob.ar\/donde-ir\/20\/circuitos-turisticos\">circuitos tur\u00edsticos<\/a>\u00a0en general o el<a href=\"http:\/\/admin.tucumanturismo.gov.ar\/circuitos-turisticos\/57\/ciudad-historica\"> circuito hist\u00f3rico <\/a>de la capital.<\/p>\n<p>[\/vc_column_text][\/vc_column][vc_column width=\u00bb2\/3&#8243;][vc_gmaps link=\u00bb#E-8_aHR0cHMlM0ElMkYlMkZ3d3cuZ29vZ2xlLmNvbSUyRm1hcHMlMkZkJTJGZW1iZWQlM0ZtaWQlM0QxbnBUdkpELURQeUN4WWhOMTIwc0VOZklmdWVvJTBB\u00bb size=\u00bb\u00bb title=\u00bbSitios Tur\u00edsticos\u00bb][\/vc_column][\/vc_row]<\/p>\n","protected":false},"excerpt":{"rendered":"<p>[vc_row][vc_column width=\u00bb1\/3&#8243;][vc_column_text]La Provincia de Tucum\u00e1n tiene una oferta tur\u00edstica amplia tanto en la ciudad de San Miguel de Tucum\u00e1n como en las localidades cercanas. Aqu\u00ed encontrar\u00e1n informaci\u00f3n \u00fatil para planificar su visita a lugares de inter\u00e9s de la ciudad y la provincia. Pueden consultar los siguientes enlaces para m\u00e1s informaci\u00f3n sobre los circuitos tur\u00edsticos\u00a0en general [&hellip;]<\/p>\n","protected":false},"author":101011,"featured_media":0,"parent":0,"menu_order":0,"comment_status":"closed","ping_status":"closed","template":"","meta":{"footnotes":""},"_links":{"self":[{"href":"https:\/\/face.unt.edu.ar\/web\/aaep2016\/wp-json\/wp\/v2\/pages\/83"}],"collection":[{"href":"https:\/\/face.unt.edu.ar\/web\/aaep2016\/wp-json\/wp\/v2\/pages"}],"about":[{"href":"https:\/\/face.unt.edu.ar\/web\/aaep2016\/wp-json\/wp\/v2\/types\/page"}],"author":[{"embeddable":true,"href":"https:\/\/face.unt.edu.ar\/web\/aaep2016\/wp-json\/wp\/v2\/users\/101011"}],"replies":[{"embeddable":true,"href":"https:\/\/face.unt.edu.ar\/web\/aaep2016\/wp-json\/wp\/v2\/comments?post=83"}],"version-history":[{"count":3,"href":"https:\/\/face.unt.edu.ar\/web\/aaep2016\/wp-json\/wp\/v2\/pages\/83\/revisions"}],"predecessor-version":[{"id":87,"href":"https:\/\/face.unt.edu.ar\/web\/aaep2016\/wp-json\/wp\/v2\/pages\/83\/revisions\/87"}],"wp:attachment":[{"href":"https:\/\/face.unt.edu.ar\/web\/aaep2016\/wp-json\/wp\/v2\/media?parent=83"}],"curies":[{"name":"wp","href":"https:\/\/api.w.org\/{rel}","templated":true}]}}