{"id":90,"date":"2016-09-07T12:36:52","date_gmt":"2016-09-07T12:36:52","guid":{"rendered":"http:\/\/face.unt.edu.ar\/web\/aaep2016\/?page_id=90"},"modified":"2016-09-07T12:56:47","modified_gmt":"2016-09-07T12:56:47","slug":"conferencia-inaugural","status":"publish","type":"page","link":"https:\/\/face.unt.edu.ar\/web\/aaep2016\/conferencia-inaugural\/","title":{"rendered":"Conferencia Inaugural"},"content":{"rendered":"<p>[vc_row][vc_column][vc_column_text]<strong>Conferencia Inaugural &#8211; Derecho y Econom\u00eda (Mi\u00e9rcoles 16\/11 a las 14.45 hs)<\/strong><\/p>\n<p>La Conferencia Inaugural de la LI Reuni\u00f3n Anual de la AAEP tendr\u00e1 lugar el mi\u00e9rcoles 16 de noviembre de 14.45 a 15.45 y estar\u00e1 a cargo del ex Presidente de la AAEP, <strong>Enrique Bour.<\/strong><\/p>\n<p>Enrique Bour es Licenciado en Econom\u00eda por la Universidad de Buenos Aires (1971). Sus principales \u00e1reas de investigaci\u00f3n son econometr\u00eda, pron\u00f3sticos econ\u00f3micos, derecho y econom\u00eda, entre otros campos.<\/p>\n<p>Se desempe\u00f1\u00f3 en diversos trabajos de consultor\u00eda en distintas firmas. Fue gerente del BCRA desde 1983 a 1994. Es investigador invitado de la Fundaci\u00f3n de Investigaciones Econ\u00f3micas Latinoamericana (FIEL).<\/p>\n<p>Entre 1996 y 1998 presidi\u00f3 la Asociaci\u00f3n Argentina de Econom\u00eda Pol\u00edtica. Ha publicado numerosos art\u00edculos y ensayos en diversas revistas y congresos.[\/vc_column_text][\/vc_column][\/vc_row]<\/p>\n","protected":false},"excerpt":{"rendered":"<p>[vc_row][vc_column][vc_column_text]Conferencia Inaugural &#8211; Derecho y Econom\u00eda (Mi\u00e9rcoles 16\/11 a las 14.45 hs) La Conferencia Inaugural de la LI Reuni\u00f3n Anual de la AAEP tendr\u00e1 lugar el mi\u00e9rcoles 16 de noviembre de 14.45 a 15.45 y estar\u00e1 a cargo del ex Presidente de la AAEP, Enrique Bour. Enrique Bour es Licenciado en Econom\u00eda por la Universidad [&hellip;]<\/p>\n","protected":false},"author":101011,"featured_media":0,"parent":0,"menu_order":0,"comment_status":"closed","ping_status":"closed","template":"","meta":{"footnotes":""},"_links":{"self":[{"href":"https:\/\/face.unt.edu.ar\/web\/aaep2016\/wp-json\/wp\/v2\/pages\/90"}],"collection":[{"href":"https:\/\/face.unt.edu.ar\/web\/aaep2016\/wp-json\/wp\/v2\/pages"}],"about":[{"href":"https:\/\/face.unt.edu.ar\/web\/aaep2016\/wp-json\/wp\/v2\/types\/page"}],"author":[{"embeddable":true,"href":"https:\/\/face.unt.edu.ar\/web\/aaep2016\/wp-json\/wp\/v2\/users\/101011"}],"replies":[{"embeddable":true,"href":"https:\/\/face.unt.edu.ar\/web\/aaep2016\/wp-json\/wp\/v2\/comments?post=90"}],"version-history":[{"count":3,"href":"https:\/\/face.unt.edu.ar\/web\/aaep2016\/wp-json\/wp\/v2\/pages\/90\/revisions"}],"predecessor-version":[{"id":100,"href":"https:\/\/face.unt.edu.ar\/web\/aaep2016\/wp-json\/wp\/v2\/pages\/90\/revisions\/100"}],"wp:attachment":[{"href":"https:\/\/face.unt.edu.ar\/web\/aaep2016\/wp-json\/wp\/v2\/media?parent=90"}],"curies":[{"name":"wp","href":"https:\/\/api.w.org\/{rel}","templated":true}]}}