{"id":92,"date":"2016-09-07T12:48:39","date_gmt":"2016-09-07T12:48:39","guid":{"rendered":"http:\/\/face.unt.edu.ar\/web\/aaep2016\/?page_id=92"},"modified":"2016-09-07T12:54:21","modified_gmt":"2016-09-07T12:54:21","slug":"conferencia-nobel","status":"publish","type":"page","link":"https:\/\/face.unt.edu.ar\/web\/aaep2016\/conferencia-nobel\/","title":{"rendered":"Conferencia Nobel"},"content":{"rendered":"<p>[vc_row][vc_column width=\u00bb1\/3&#8243;][vc_single_image image=\u00bb93&#8243;][\/vc_column][vc_column width=\u00bb2\/3&#8243;][vc_column_text]<strong>Conferencia Nobel &#8211; Who Gets What and Why: The New Economics of Matchmaking and Market Design. (Viernes 18\/11 a las 11.15 hs)<\/strong><\/p>\n<p>Alvin Roth se gradu\u00f3 de investigaci\u00f3n de operaciones en la Universidad de Columbia (1971), y realiz\u00f3 su master (1973) y su doctorado (1974) tambi\u00e9n en investigaci\u00f3n de operaciones en la Universidad de Standford.<\/p>\n<p>Roth es catedr\u00e1tico universitario en Harvard y Stanford e investiga en teor\u00eda de los juegos, la econom\u00eda experimental y el dise\u00f1o del mercado. Es conocido por su enfoque en la aplicaci\u00f3n de su teor\u00eda econ\u00f3mica a soluciones en los problemas del mundo real.<\/p>\n<p>En 2012 gan\u00f3 el Premio Nobel de Econom\u00eda conjuntamente con Lloyd Shapley por su trabajo: \u201cLa teor\u00eda sobre la asignaciones estables y la pr\u00e1ctica del dise\u00f1o de mercado\u201d.[\/vc_column_text][\/vc_column][\/vc_row]<\/p>\n","protected":false},"excerpt":{"rendered":"<p>[vc_row][vc_column width=\u00bb1\/3&#8243;][vc_single_image image=\u00bb93&#8243;][\/vc_column][vc_column width=\u00bb2\/3&#8243;][vc_column_text]Conferencia Nobel &#8211; Who Gets What and Why: The New Economics of Matchmaking and Market Design. (Viernes 18\/11 a las 11.15 hs) Alvin Roth se gradu\u00f3 de investigaci\u00f3n de operaciones en la Universidad de Columbia (1971), y realiz\u00f3 su master (1973) y su doctorado (1974) tambi\u00e9n en investigaci\u00f3n de operaciones en la [&hellip;]<\/p>\n","protected":false},"author":101011,"featured_media":0,"parent":0,"menu_order":0,"comment_status":"closed","ping_status":"closed","template":"","meta":{"footnotes":""},"_links":{"self":[{"href":"https:\/\/face.unt.edu.ar\/web\/aaep2016\/wp-json\/wp\/v2\/pages\/92"}],"collection":[{"href":"https:\/\/face.unt.edu.ar\/web\/aaep2016\/wp-json\/wp\/v2\/pages"}],"about":[{"href":"https:\/\/face.unt.edu.ar\/web\/aaep2016\/wp-json\/wp\/v2\/types\/page"}],"author":[{"embeddable":true,"href":"https:\/\/face.unt.edu.ar\/web\/aaep2016\/wp-json\/wp\/v2\/users\/101011"}],"replies":[{"embeddable":true,"href":"https:\/\/face.unt.edu.ar\/web\/aaep2016\/wp-json\/wp\/v2\/comments?post=92"}],"version-history":[{"count":2,"href":"https:\/\/face.unt.edu.ar\/web\/aaep2016\/wp-json\/wp\/v2\/pages\/92\/revisions"}],"predecessor-version":[{"id":98,"href":"https:\/\/face.unt.edu.ar\/web\/aaep2016\/wp-json\/wp\/v2\/pages\/92\/revisions\/98"}],"wp:attachment":[{"href":"https:\/\/face.unt.edu.ar\/web\/aaep2016\/wp-json\/wp\/v2\/media?parent=92"}],"curies":[{"name":"wp","href":"https:\/\/api.w.org\/{rel}","templated":true}]}}