{"id":95,"date":"2016-09-07T12:53:05","date_gmt":"2016-09-07T12:53:05","guid":{"rendered":"http:\/\/face.unt.edu.ar\/web\/aaep2016\/?page_id=95"},"modified":"2016-09-07T12:53:05","modified_gmt":"2016-09-07T12:53:05","slug":"conferencia-en-memoria-de-rolf-mantel","status":"publish","type":"page","link":"https:\/\/face.unt.edu.ar\/web\/aaep2016\/conferencia-en-memoria-de-rolf-mantel\/","title":{"rendered":"Conferencia en Memoria de Rolf Mantel"},"content":{"rendered":"<p>[vc_row][vc_column width=\u00bb1\/3&#8243;][vc_single_image image=\u00bb96&#8243;][\/vc_column][vc_column width=\u00bb2\/3&#8243;][vc_column_text]<strong>Conferencia en Memoria de Rolf Mantel a cargo de Iv\u00e1n Werning (Jueves 17\/11 a las 17.45 hs)<\/strong><\/p>\n<p>Iv\u00e1n Werning es\u00a0licenciado en Econom\u00eda por la Universidad de San Andr\u00e9s de Buenos Aires, m\u00e1ster en Econom\u00eda por la Universidad Torcuato Di Tella en Buenos Aires, y doctor en Econom\u00eda por la Universidad de Chicago en Estados Unidos (2002).<\/p>\n<p>Actualmente es profesor de Econom\u00eda en el Instituto de Tecnolog\u00eda de Massachusetts y se dedica a investigar temas de macroeconom\u00eda, finanzas p\u00fablicas y finanzas internacionales.<\/p>\n<p>En 2008 fue elegido en la revista \u201cThe Economist\u201d como uno de los ocho economistas m\u00e1s promisorios a nivel mundial, por sus originales aportes te\u00f3ricos.<br \/>\nHa publicado en los journals m\u00e1s prestigiosos de su especialidad, como The Journal of Political Economy, Econometrica y American Economic Review, entre otros.[\/vc_column_text][\/vc_column][\/vc_row]<\/p>\n","protected":false},"excerpt":{"rendered":"<p>[vc_row][vc_column width=\u00bb1\/3&#8243;][vc_single_image image=\u00bb96&#8243;][\/vc_column][vc_column width=\u00bb2\/3&#8243;][vc_column_text]Conferencia en Memoria de Rolf Mantel a cargo de Iv\u00e1n Werning (Jueves 17\/11 a las 17.45 hs) Iv\u00e1n Werning es\u00a0licenciado en Econom\u00eda por la Universidad de San Andr\u00e9s de Buenos Aires, m\u00e1ster en Econom\u00eda por la Universidad Torcuato Di Tella en Buenos Aires, y doctor en Econom\u00eda por la Universidad de Chicago [&hellip;]<\/p>\n","protected":false},"author":101011,"featured_media":0,"parent":0,"menu_order":0,"comment_status":"closed","ping_status":"closed","template":"","meta":{"footnotes":""},"_links":{"self":[{"href":"https:\/\/face.unt.edu.ar\/web\/aaep2016\/wp-json\/wp\/v2\/pages\/95"}],"collection":[{"href":"https:\/\/face.unt.edu.ar\/web\/aaep2016\/wp-json\/wp\/v2\/pages"}],"about":[{"href":"https:\/\/face.unt.edu.ar\/web\/aaep2016\/wp-json\/wp\/v2\/types\/page"}],"author":[{"embeddable":true,"href":"https:\/\/face.unt.edu.ar\/web\/aaep2016\/wp-json\/wp\/v2\/users\/101011"}],"replies":[{"embeddable":true,"href":"https:\/\/face.unt.edu.ar\/web\/aaep2016\/wp-json\/wp\/v2\/comments?post=95"}],"version-history":[{"count":1,"href":"https:\/\/face.unt.edu.ar\/web\/aaep2016\/wp-json\/wp\/v2\/pages\/95\/revisions"}],"predecessor-version":[{"id":97,"href":"https:\/\/face.unt.edu.ar\/web\/aaep2016\/wp-json\/wp\/v2\/pages\/95\/revisions\/97"}],"wp:attachment":[{"href":"https:\/\/face.unt.edu.ar\/web\/aaep2016\/wp-json\/wp\/v2\/media?parent=95"}],"curies":[{"name":"wp","href":"https:\/\/api.w.org\/{rel}","templated":true}]}}