{"id":5,"date":"2018-04-25T12:46:29","date_gmt":"2018-04-25T12:46:29","guid":{"rendered":"http:\/\/face.unt.edu.ar\/web\/acreditacion\/?page_id=5"},"modified":"2018-05-03T15:07:36","modified_gmt":"2018-05-03T15:07:36","slug":"pagina-principal","status":"publish","type":"page","link":"https:\/\/face.unt.edu.ar\/web\/acreditacion\/","title":{"rendered":"Pagina Principal"},"content":{"rendered":"<p>[vc_row][vc_column width=\u00bb2\/3&#8243;][vc_raw_html]JTNDaWZyYW1lJTIwd2lkdGglM0QlMjIxMDAlMjUlMjIlMjBoZWlnaHQlM0QlMjIzMTUlMjIlMjBzcmMlM0QlMjJodHRwcyUzQSUyRiUyRnd3dy55b3V0dWJlLmNvbSUyRmVtYmVkJTJGem95REdZX2JnUW8lM0ZyZWwlM0QwJTIyJTIwZnJhbWVib3JkZXIlM0QlMjIwJTIyJTIwYWxsb3clM0QlMjJhdXRvcGxheSUzQiUyMGVuY3J5cHRlZC1tZWRpYSUyMiUyMGFsbG93ZnVsbHNjcmVlbiUzRSUzQyUyRmlmcmFtZSUzRQ==[\/vc_raw_html]<div class=\"td_block_wrap td_block_6 td_uid_1_69df6da79611e_rand td-pb-border-top\"  data-td-block-uid=\"td_uid_1_69df6da79611e\" ><script>var block_td_uid_1_69df6da79611e = new tdBlock();\nblock_td_uid_1_69df6da79611e.id = \"td_uid_1_69df6da79611e\";\nblock_td_uid_1_69df6da79611e.atts = '{\"limit\":\"4\",\"sort\":\"\",\"post_ids\":\"\",\"tag_slug\":\"\",\"autors_id\":\"\",\"installed_post_types\":\"\",\"category_id\":\"1\",\"category_ids\":\"\",\"custom_title\":\"\",\"custom_url\":\"\",\"show_child_cat\":\"\",\"sub_cat_ajax\":\"\",\"ajax_pagination\":\"\",\"header_color\":\"\",\"header_text_color\":\"\",\"ajax_pagination_infinite_stop\":\"\",\"td_column_number\":1,\"td_ajax_preloading\":\"\",\"td_ajax_filter_type\":\"\",\"td_ajax_filter_ids\":\"\",\"td_filter_default_txt\":\"Todo\",\"color_preset\":\"\",\"border_top\":\"\",\"class\":\"td_uid_1_69df6da79611e_rand\",\"offset\":\"\",\"css\":\"\",\"live_filter\":\"\",\"live_filter_cur_post_id\":\"\",\"live_filter_cur_post_author\":\"\"}';\nblock_td_uid_1_69df6da79611e.td_column_number = \"1\";\nblock_td_uid_1_69df6da79611e.block_type = \"td_block_6\";\nblock_td_uid_1_69df6da79611e.post_count = \"2\";\nblock_td_uid_1_69df6da79611e.found_posts = \"2\";\nblock_td_uid_1_69df6da79611e.header_color = \"\";\nblock_td_uid_1_69df6da79611e.ajax_pagination_infinite_stop = \"\";\nblock_td_uid_1_69df6da79611e.max_num_pages = \"1\";\ntdBlocksArray.push(block_td_uid_1_69df6da79611e);\n<\/script><div id=td_uid_1_69df6da79611e class=\"td_block_inner\">\n\n\t<div class=\"td-block-span12\">\n\r\n        <div class=\"td_module_5 td_module_wrap td-animation-stack\">\r\n\r\n            <h3 class=\"entry-title td-module-title\"><a href=\"https:\/\/face.unt.edu.ar\/web\/acreditacion\/charla-informativa-acreditacion-carrera-de-cpn\/\" rel=\"bookmark\" title=\"Charla Informativa &#8211; Acreditaci\u00f3n Carrera de CPN\">Charla Informativa &#8211; Acreditaci\u00f3n Carrera de CPN<\/a><\/h3>\r\n            <div class=\"td-module-meta-info\">\r\n                                                            <\/div>\r\n\r\n            <div class=\"td-module-image\">\r\n                <div class=\"td-module-thumb\"><a href=\"https:\/\/face.unt.edu.ar\/web\/acreditacion\/charla-informativa-acreditacion-carrera-de-cpn\/\" rel=\"bookmark\" title=\"Charla Informativa &#8211; Acreditaci\u00f3n Carrera de CPN\"><img width=\"324\" height=\"235\" class=\"entry-thumb\" src=\"https:\/\/face.unt.edu.ar\/web\/acreditacion\/wp-content\/uploads\/sites\/17\/2018\/04\/taller-acreditacion-face-09-324x235.jpg\" alt=\"\" title=\"Charla Informativa &#8211; Acreditaci\u00f3n Carrera de CPN\"\/><\/a><\/div>                            <\/div>\r\n\r\n            <div class=\"td-excerpt\">\r\n                Durante la tarde de ayer tuvo lugar la reuni\u00f3n en la que se inform\u00f3 sobre el Proceso de Autoevaluaci\u00f3n y Acreditaci\u00f3n de la Carrera...            <\/div>\r\n\r\n            \r\n        <\/div>\r\n\r\n        \n\t<\/div> <!-- .\/td-block-span12 -->\n\n\t<div class=\"td-block-span12\">\n\r\n        <div class=\"td_module_5 td_module_wrap td-animation-stack\">\r\n\r\n            <h3 class=\"entry-title td-module-title\"><a href=\"https:\/\/face.unt.edu.ar\/web\/acreditacion\/acreditacion-2018-cpn-taller-docente\/\" rel=\"bookmark\" title=\"Acreditaci\u00f3n 2018 CPN &#8211; Taller Docente\">Acreditaci\u00f3n 2018 CPN &#8211; Taller Docente<\/a><\/h3>\r\n            <div class=\"td-module-meta-info\">\r\n                                                            <\/div>\r\n\r\n            <div class=\"td-module-image\">\r\n                <div class=\"td-module-thumb\"><a href=\"https:\/\/face.unt.edu.ar\/web\/acreditacion\/acreditacion-2018-cpn-taller-docente\/\" rel=\"bookmark\" title=\"Acreditaci\u00f3n 2018 CPN &#8211; Taller Docente\"><img width=\"324\" height=\"235\" class=\"entry-thumb\" src=\"https:\/\/face.unt.edu.ar\/web\/acreditacion\/wp-content\/uploads\/sites\/17\/2018\/04\/taller-docente-face-unt-01-324x235.jpg\" alt=\"\" title=\"Acreditaci\u00f3n 2018 CPN &#8211; Taller Docente\"\/><\/a><\/div>                            <\/div>\r\n\r\n            <div class=\"td-excerpt\">\r\n                Se realiz\u00f3 el primer Taller docente sobre carga de Curr\u00edculum en CONEAU Global, en el marco de las actividades organizadas con motivo de llevarse...            <\/div>\r\n\r\n            \r\n        <\/div>\r\n\r\n        \n\t<\/div> <!-- .\/td-block-span12 --><\/div><\/div> <!-- .\/block --><div class=\"td_block_wrap td_block_21 td_uid_2_69df6da7ba833_rand td-pb-border-top\"  data-td-block-uid=\"td_uid_2_69df6da7ba833\" ><script>var block_td_uid_2_69df6da7ba833 = new tdBlock();\nblock_td_uid_2_69df6da7ba833.id = \"td_uid_2_69df6da7ba833\";\nblock_td_uid_2_69df6da7ba833.atts = '{\"limit\":\"4\",\"sort\":\"\",\"post_ids\":\"\",\"tag_slug\":\"\",\"autors_id\":\"\",\"installed_post_types\":\"\",\"category_id\":\"4\",\"category_ids\":\"\",\"custom_title\":\"\",\"custom_url\":\"\",\"show_child_cat\":\"\",\"sub_cat_ajax\":\"\",\"ajax_pagination\":\"\",\"header_color\":\"\",\"header_text_color\":\"\",\"ajax_pagination_infinite_stop\":\"\",\"td_column_number\":1,\"td_ajax_preloading\":\"\",\"td_ajax_filter_type\":\"\",\"td_ajax_filter_ids\":\"\",\"td_filter_default_txt\":\"Todo\",\"color_preset\":\"\",\"border_top\":\"\",\"class\":\"td_uid_2_69df6da7ba833_rand\",\"offset\":\"\",\"css\":\"\",\"live_filter\":\"\",\"live_filter_cur_post_id\":\"\",\"live_filter_cur_post_author\":\"\"}';\nblock_td_uid_2_69df6da7ba833.td_column_number = \"1\";\nblock_td_uid_2_69df6da7ba833.block_type = \"td_block_21\";\nblock_td_uid_2_69df6da7ba833.post_count = \"2\";\nblock_td_uid_2_69df6da7ba833.found_posts = \"2\";\nblock_td_uid_2_69df6da7ba833.header_color = \"\";\nblock_td_uid_2_69df6da7ba833.ajax_pagination_infinite_stop = \"\";\nblock_td_uid_2_69df6da7ba833.max_num_pages = \"1\";\ntdBlocksArray.push(block_td_uid_2_69df6da7ba833);\n<\/script><div id=td_uid_2_69df6da7ba833 class=\"td_block_inner\">\r\n        <div class=\"td_module_16 td_module_wrap td-animation-stack\">\r\n            <div class=\"td-module-thumb\"><a href=\"https:\/\/face.unt.edu.ar\/web\/acreditacion\/taller-docente-sobre-carga-de-curriculums-en-coneau-global-acreditacion-cpn\/\" rel=\"bookmark\" title=\"Taller docente sobre carga de Curr\u00edculums en CONEAU Global ACREDITACI\u00d3N CPN\"><img width=\"150\" height=\"150\" class=\"entry-thumb\" src=\"https:\/\/face.unt.edu.ar\/web\/acreditacion\/wp-content\/uploads\/sites\/17\/2018\/04\/comunicados-face-150x150.jpg\" alt=\"\" title=\"Taller docente sobre carga de Curr\u00edculums en CONEAU Global ACREDITACI\u00d3N CPN\"\/><\/a><\/div>\r\n            <div class=\"item-details\">\r\n                <h3 class=\"entry-title td-module-title\"><a href=\"https:\/\/face.unt.edu.ar\/web\/acreditacion\/taller-docente-sobre-carga-de-curriculums-en-coneau-global-acreditacion-cpn\/\" rel=\"bookmark\" title=\"Taller docente sobre carga de Curr\u00edculums en CONEAU Global ACREDITACI\u00d3N CPN\">Taller docente sobre carga de Curr\u00edculums en CONEAU Global ACREDITACI\u00d3N CPN<\/a><\/h3>\r\n                <div class=\"td-module-meta-info\">\r\n                                                                                                <\/div>\r\n\r\n                <div class=\"td-excerpt\">\r\n                    &quot;La mejor forma de comprometerse con algo, es ser parte de ello&quot;.La Facultad de Ciencias Econ\u00f3micas invita a sus docentes a participar del taller...                <\/div>\r\n            <\/div>\r\n\r\n        <\/div>\r\n\r\n        \r\n        <div class=\"td_module_16 td_module_wrap td-animation-stack\">\r\n            <div class=\"td-module-thumb\"><a href=\"https:\/\/face.unt.edu.ar\/web\/acreditacion\/autoevaluacion-institucional-y-acreditacion-carrera-cpn\/\" rel=\"bookmark\" title=\"Autoevaluaci\u00f3n Institucional y Acreditaci\u00f3n carrera CPN\"><img width=\"150\" height=\"150\" class=\"entry-thumb\" src=\"https:\/\/face.unt.edu.ar\/web\/acreditacion\/wp-content\/uploads\/sites\/17\/2018\/04\/comunicados-face-150x150.jpg\" alt=\"\" title=\"Autoevaluaci\u00f3n Institucional y Acreditaci\u00f3n carrera CPN\"\/><\/a><\/div>\r\n            <div class=\"item-details\">\r\n                <h3 class=\"entry-title td-module-title\"><a href=\"https:\/\/face.unt.edu.ar\/web\/acreditacion\/autoevaluacion-institucional-y-acreditacion-carrera-cpn\/\" rel=\"bookmark\" title=\"Autoevaluaci\u00f3n Institucional y Acreditaci\u00f3n carrera CPN\">Autoevaluaci\u00f3n Institucional y Acreditaci\u00f3n carrera CPN<\/a><\/h3>\r\n                <div class=\"td-module-meta-info\">\r\n                                                                                                <\/div>\r\n\r\n                <div class=\"td-excerpt\">\r\n                    Convocamos a los docentes de esta Facultad a la reuni\u00f3n en la que se informar\u00e1 sobre el Proceso de Autoevaluaci\u00f3n Institucional y Acreditaci\u00f3n de...                <\/div>\r\n            <\/div>\r\n\r\n        <\/div>\r\n\r\n        <\/div><\/div> <!-- .\/block -->[\/vc_column][vc_column width=\u00bb1\/3&#8243;]<div class=\"td_block_wrap td_block_8 td_uid_3_69df6da7c5423_rand td-pb-border-top\"  data-td-block-uid=\"td_uid_3_69df6da7c5423\" ><script>var block_td_uid_3_69df6da7c5423 = new tdBlock();\nblock_td_uid_3_69df6da7c5423.id = \"td_uid_3_69df6da7c5423\";\nblock_td_uid_3_69df6da7c5423.atts = '{\"limit\":5,\"sort\":\"\",\"post_ids\":\"\",\"tag_slug\":\"\",\"autors_id\":\"\",\"installed_post_types\":\"\",\"category_id\":\"\",\"category_ids\":\"\",\"custom_title\":\"Ultimas agregadas\",\"custom_url\":\"\",\"show_child_cat\":\"\",\"sub_cat_ajax\":\"\",\"ajax_pagination\":\"\",\"header_color\":\"\",\"header_text_color\":\"\",\"ajax_pagination_infinite_stop\":\"\",\"td_column_number\":1,\"td_ajax_preloading\":\"\",\"td_ajax_filter_type\":\"\",\"td_ajax_filter_ids\":\"\",\"td_filter_default_txt\":\"Todo\",\"color_preset\":\"\",\"border_top\":\"\",\"class\":\"td_uid_3_69df6da7c5423_rand\",\"offset\":\"\",\"css\":\"\",\"live_filter\":\"\",\"live_filter_cur_post_id\":\"\",\"live_filter_cur_post_author\":\"\"}';\nblock_td_uid_3_69df6da7c5423.td_column_number = \"1\";\nblock_td_uid_3_69df6da7c5423.block_type = \"td_block_8\";\nblock_td_uid_3_69df6da7c5423.post_count = \"4\";\nblock_td_uid_3_69df6da7c5423.found_posts = \"4\";\nblock_td_uid_3_69df6da7c5423.header_color = \"\";\nblock_td_uid_3_69df6da7c5423.ajax_pagination_infinite_stop = \"\";\nblock_td_uid_3_69df6da7c5423.max_num_pages = \"1\";\ntdBlocksArray.push(block_td_uid_3_69df6da7c5423);\n<\/script><h4 class=\"block-title\"><span>Ultimas agregadas<\/span><\/h4><div id=td_uid_3_69df6da7c5423 class=\"td_block_inner\">\n\n\t<div class=\"td-block-span12\">\n\r\n        <div class=\"td_module_7 td_module_wrap td-animation-stack\">\r\n        <div class=\"td-module-thumb\"><a href=\"https:\/\/face.unt.edu.ar\/web\/acreditacion\/taller-docente-sobre-carga-de-curriculums-en-coneau-global-acreditacion-cpn\/\" rel=\"bookmark\" title=\"Taller docente sobre carga de Curr\u00edculums en CONEAU Global ACREDITACI\u00d3N CPN\"><img width=\"100\" height=\"70\" class=\"entry-thumb\" src=\"https:\/\/face.unt.edu.ar\/web\/acreditacion\/wp-content\/uploads\/sites\/17\/2018\/04\/comunicados-face-100x70.jpg\" alt=\"\" title=\"Taller docente sobre carga de Curr\u00edculums en CONEAU Global ACREDITACI\u00d3N CPN\"\/><\/a><\/div>\r\n        <div class=\"item-details\">\r\n            <h3 class=\"entry-title td-module-title\"><a href=\"https:\/\/face.unt.edu.ar\/web\/acreditacion\/taller-docente-sobre-carga-de-curriculums-en-coneau-global-acreditacion-cpn\/\" rel=\"bookmark\" title=\"Taller docente sobre carga de Curr\u00edculums en CONEAU Global ACREDITACI\u00d3N CPN\">Taller docente sobre carga de Curr\u00edculums en CONEAU Global ACREDITACI\u00d3N CPN<\/a><\/h3>\r\n            <div class=\"td-module-meta-info\">\r\n                                                                            <\/div>\r\n\r\n        <\/div>\r\n\r\n        <\/div>\r\n\r\n        \n\t<\/div> <!-- .\/td-block-span12 -->\n\n\t<div class=\"td-block-span12\">\n\r\n        <div class=\"td_module_7 td_module_wrap td-animation-stack\">\r\n        <div class=\"td-module-thumb\"><a href=\"https:\/\/face.unt.edu.ar\/web\/acreditacion\/autoevaluacion-institucional-y-acreditacion-carrera-cpn\/\" rel=\"bookmark\" title=\"Autoevaluaci\u00f3n Institucional y Acreditaci\u00f3n carrera CPN\"><img width=\"100\" height=\"70\" class=\"entry-thumb\" src=\"https:\/\/face.unt.edu.ar\/web\/acreditacion\/wp-content\/uploads\/sites\/17\/2018\/04\/comunicados-face-100x70.jpg\" alt=\"\" title=\"Autoevaluaci\u00f3n Institucional y Acreditaci\u00f3n carrera CPN\"\/><\/a><\/div>\r\n        <div class=\"item-details\">\r\n            <h3 class=\"entry-title td-module-title\"><a href=\"https:\/\/face.unt.edu.ar\/web\/acreditacion\/autoevaluacion-institucional-y-acreditacion-carrera-cpn\/\" rel=\"bookmark\" title=\"Autoevaluaci\u00f3n Institucional y Acreditaci\u00f3n carrera CPN\">Autoevaluaci\u00f3n Institucional y Acreditaci\u00f3n carrera CPN<\/a><\/h3>\r\n            <div class=\"td-module-meta-info\">\r\n                                                                            <\/div>\r\n\r\n        <\/div>\r\n\r\n        <\/div>\r\n\r\n        \n\t<\/div> <!-- .\/td-block-span12 -->\n\n\t<div class=\"td-block-span12\">\n\r\n        <div class=\"td_module_7 td_module_wrap td-animation-stack\">\r\n        <div class=\"td-module-thumb\"><a href=\"https:\/\/face.unt.edu.ar\/web\/acreditacion\/charla-informativa-acreditacion-carrera-de-cpn\/\" rel=\"bookmark\" title=\"Charla Informativa &#8211; Acreditaci\u00f3n Carrera de CPN\"><img width=\"100\" height=\"70\" class=\"entry-thumb\" src=\"https:\/\/face.unt.edu.ar\/web\/acreditacion\/wp-content\/uploads\/sites\/17\/2018\/04\/taller-acreditacion-face-09-100x70.jpg\" alt=\"\" title=\"Charla Informativa &#8211; Acreditaci\u00f3n Carrera de CPN\"\/><\/a><\/div>\r\n        <div class=\"item-details\">\r\n            <h3 class=\"entry-title td-module-title\"><a href=\"https:\/\/face.unt.edu.ar\/web\/acreditacion\/charla-informativa-acreditacion-carrera-de-cpn\/\" rel=\"bookmark\" title=\"Charla Informativa &#8211; Acreditaci\u00f3n Carrera de CPN\">Charla Informativa &#8211; Acreditaci\u00f3n Carrera de CPN<\/a><\/h3>\r\n            <div class=\"td-module-meta-info\">\r\n                                                                            <\/div>\r\n\r\n        <\/div>\r\n\r\n        <\/div>\r\n\r\n        \n\t<\/div> <!-- .\/td-block-span12 -->\n\n\t<div class=\"td-block-span12\">\n\r\n        <div class=\"td_module_7 td_module_wrap td-animation-stack\">\r\n        <div class=\"td-module-thumb\"><a href=\"https:\/\/face.unt.edu.ar\/web\/acreditacion\/acreditacion-2018-cpn-taller-docente\/\" rel=\"bookmark\" title=\"Acreditaci\u00f3n 2018 CPN &#8211; Taller Docente\"><img width=\"100\" height=\"70\" class=\"entry-thumb\" src=\"https:\/\/face.unt.edu.ar\/web\/acreditacion\/wp-content\/uploads\/sites\/17\/2018\/04\/taller-docente-face-unt-01-100x70.jpg\" alt=\"\" title=\"Acreditaci\u00f3n 2018 CPN &#8211; Taller Docente\"\/><\/a><\/div>\r\n        <div class=\"item-details\">\r\n            <h3 class=\"entry-title td-module-title\"><a href=\"https:\/\/face.unt.edu.ar\/web\/acreditacion\/acreditacion-2018-cpn-taller-docente\/\" rel=\"bookmark\" title=\"Acreditaci\u00f3n 2018 CPN &#8211; Taller Docente\">Acreditaci\u00f3n 2018 CPN &#8211; Taller Docente<\/a><\/h3>\r\n            <div class=\"td-module-meta-info\">\r\n                                                                            <\/div>\r\n\r\n        <\/div>\r\n\r\n        <\/div>\r\n\r\n        \n\t<\/div> <!-- .\/td-block-span12 --><\/div><\/div> <!-- .\/block -->[vc_column_text]acreditacion@face.unt.edu.ar[\/vc_column_text][\/vc_column][\/vc_row]<\/p>\n","protected":false},"excerpt":{"rendered":"<p>[vc_row][vc_column width=\u00bb2\/3&#8243;][vc_raw_html]JTNDaWZyYW1lJTIwd2lkdGglM0QlMjIxMDAlMjUlMjIlMjBoZWlnaHQlM0QlMjIzMTUlMjIlMjBzcmMlM0QlMjJodHRwcyUzQSUyRiUyRnd3dy55b3V0dWJlLmNvbSUyRmVtYmVkJTJGem95REdZX2JnUW8lM0ZyZWwlM0QwJTIyJTIwZnJhbWVib3JkZXIlM0QlMjIwJTIyJTIwYWxsb3clM0QlMjJhdXRvcGxheSUzQiUyMGVuY3J5cHRlZC1tZWRpYSUyMiUyMGFsbG93ZnVsbHNjcmVlbiUzRSUzQyUyRmlmcmFtZSUzRQ==[\/vc_raw_html][\/vc_column][vc_column width=\u00bb1\/3&#8243;][vc_column_text]acreditacion@face.unt.edu.ar[\/vc_column_text][\/vc_column][\/vc_row]<\/p>\n","protected":false},"author":1,"featured_media":0,"parent":0,"menu_order":0,"comment_status":"closed","ping_status":"closed","template":"","meta":{"footnotes":""},"_links":{"self":[{"href":"https:\/\/face.unt.edu.ar\/web\/acreditacion\/wp-json\/wp\/v2\/pages\/5"}],"collection":[{"href":"https:\/\/face.unt.edu.ar\/web\/acreditacion\/wp-json\/wp\/v2\/pages"}],"about":[{"href":"https:\/\/face.unt.edu.ar\/web\/acreditacion\/wp-json\/wp\/v2\/types\/page"}],"author":[{"embeddable":true,"href":"https:\/\/face.unt.edu.ar\/web\/acreditacion\/wp-json\/wp\/v2\/users\/1"}],"replies":[{"embeddable":true,"href":"https:\/\/face.unt.edu.ar\/web\/acreditacion\/wp-json\/wp\/v2\/comments?post=5"}],"version-history":[{"count":8,"href":"https:\/\/face.unt.edu.ar\/web\/acreditacion\/wp-json\/wp\/v2\/pages\/5\/revisions"}],"predecessor-version":[{"id":45,"href":"https:\/\/face.unt.edu.ar\/web\/acreditacion\/wp-json\/wp\/v2\/pages\/5\/revisions\/45"}],"wp:attachment":[{"href":"https:\/\/face.unt.edu.ar\/web\/acreditacion\/wp-json\/wp\/v2\/media?parent=5"}],"curies":[{"name":"wp","href":"https:\/\/api.w.org\/{rel}","templated":true}]}}