{"id":105,"date":"2014-10-01T22:21:57","date_gmt":"2014-10-01T22:21:57","guid":{"rendered":"http:\/\/face.unt.edu.ar\/web\/adminpublica\/?page_id=105"},"modified":"2014-10-01T22:21:57","modified_gmt":"2014-10-01T22:21:57","slug":"fuentes-informaticas-y-analisis-de-datos","status":"publish","type":"page","link":"https:\/\/face.unt.edu.ar\/web\/adminpublica\/fuentes-informaticas-y-analisis-de-datos\/","title":{"rendered":"Fuentes Inform\u00e1ticas y An\u00e1lisis de Datos"},"content":{"rendered":"<p><em>Objetivos:<\/em> Capacitar para resolver problemas y necesidades especificas aprovechando las posibilidades que brinda la inform\u00e1tica. Conocer los desarrollos inform\u00e1ticos aplicados en el \u00e1mbito de la administraci\u00f3n p\u00fablica, en especial aquellos que constituyen base de informaci\u00f3n para las tareas habituales. Capacitar para comprender y aplicar las t\u00e9cnicas estad\u00edsticas b\u00e1sicas necesarias para la administraci\u00f3n.<\/p>\n<p><em>Contenido: <\/em>Las t\u00e9cnicas b\u00e1sicas para la construcci\u00f3n de sistemas de informaci\u00f3n y su implantaci\u00f3n. Las caracter\u00edsticas de los sistemas en uso en la administraci\u00f3n p\u00fablica argentina. Los \u00faltimos desarrollos, especialmente los de aplicaci\u00f3n a la administraci\u00f3n financiera estatal.<\/p>\n<p>Las bases de datos disponibles. La intranet del gobierno. Disponibilidad y accesibilidad. Derechos y deberes de los ciudadanos y de los funcionarios respecto de la informaci\u00f3n p\u00fablica. Pol\u00edticas de Informaci\u00f3n P\u00fablica. Internet.<\/p>\n<p>Herramientas estad\u00edsticas para el an\u00e1lisis de informaci\u00f3n num\u00e9rica Distintos tipos de variables: a) categ\u00f3ricas o cualitativas, b) num\u00e9ricas o cuantitativas.. Medidas de posici\u00f3n: la mediana, los cuartos, los promedios. Medidas de variabilidad. Medidas de asociaci\u00f3n, de correlaci\u00f3n, etc. Valores identificados por letras. N\u00fameros \u00edndices. Conceptos introductorios del \u201can\u00e1lisis de datos\u201d. Uso de programas estad\u00edsticos en computador.<\/p>\n","protected":false},"excerpt":{"rendered":"<p>Objetivos: Capacitar para resolver problemas y necesidades especificas aprovechando las posibilidades que brinda la inform\u00e1tica. Conocer los desarrollos inform\u00e1ticos aplicados en el \u00e1mbito de la administraci\u00f3n p\u00fablica, en especial aquellos que constituyen base de informaci\u00f3n para las tareas habituales. Capacitar para comprender y aplicar las t\u00e9cnicas estad\u00edsticas b\u00e1sicas necesarias para la administraci\u00f3n. Contenido: Las t\u00e9cnicas &hellip; <a href=\"https:\/\/face.unt.edu.ar\/web\/adminpublica\/fuentes-informaticas-y-analisis-de-datos\/\" class=\"more-link\">Seguir leyendo <span class=\"screen-reader-text\">Fuentes Inform\u00e1ticas y An\u00e1lisis de Datos<\/span> <span class=\"meta-nav\">&rarr;<\/span><\/a><\/p>\n","protected":false},"author":9,"featured_media":0,"parent":0,"menu_order":0,"comment_status":"open","ping_status":"open","template":"","meta":{"footnotes":""},"_links":{"self":[{"href":"https:\/\/face.unt.edu.ar\/web\/adminpublica\/wp-json\/wp\/v2\/pages\/105"}],"collection":[{"href":"https:\/\/face.unt.edu.ar\/web\/adminpublica\/wp-json\/wp\/v2\/pages"}],"about":[{"href":"https:\/\/face.unt.edu.ar\/web\/adminpublica\/wp-json\/wp\/v2\/types\/page"}],"author":[{"embeddable":true,"href":"https:\/\/face.unt.edu.ar\/web\/adminpublica\/wp-json\/wp\/v2\/users\/9"}],"replies":[{"embeddable":true,"href":"https:\/\/face.unt.edu.ar\/web\/adminpublica\/wp-json\/wp\/v2\/comments?post=105"}],"version-history":[{"count":1,"href":"https:\/\/face.unt.edu.ar\/web\/adminpublica\/wp-json\/wp\/v2\/pages\/105\/revisions"}],"predecessor-version":[{"id":106,"href":"https:\/\/face.unt.edu.ar\/web\/adminpublica\/wp-json\/wp\/v2\/pages\/105\/revisions\/106"}],"wp:attachment":[{"href":"https:\/\/face.unt.edu.ar\/web\/adminpublica\/wp-json\/wp\/v2\/media?parent=105"}],"curies":[{"name":"wp","href":"https:\/\/api.w.org\/{rel}","templated":true}]}}