{"id":107,"date":"2014-10-01T22:22:36","date_gmt":"2014-10-01T22:22:36","guid":{"rendered":"http:\/\/face.unt.edu.ar\/web\/adminpublica\/?page_id=107"},"modified":"2014-10-01T22:22:36","modified_gmt":"2014-10-01T22:22:36","slug":"tecnologias-administrativas","status":"publish","type":"page","link":"https:\/\/face.unt.edu.ar\/web\/adminpublica\/tecnologias-administrativas\/","title":{"rendered":"Tecnolog\u00edas Administrativas"},"content":{"rendered":"<p><em>Objetivo:<\/em> Concientizar del rol del administrador p\u00fablico y proveer de un marco de herramientas conceptuales para el cumplimiento de ese rol. Introducir en el an\u00e1lisis de problemas y generaci\u00f3n de soluciones.<\/p>\n<p><em>Contenido: <\/em>Introducci\u00f3n al management p\u00fablico. Administraci\u00f3n, direcci\u00f3n y gesti\u00f3n de organizaciones: ciencia, teor\u00eda y pr\u00e1ctica. Administraci\u00f3n, direcci\u00f3n y gesti\u00f3n de las administraciones p\u00fablicas. El directivo p\u00fablico. Planificaci\u00f3n estrat\u00e9gica. Planificaci\u00f3n y gesti\u00f3n presupuestaria. La gesti\u00f3n de los recursos humanos. Servicios de informaci\u00f3n y t\u00e9cnicas de documentaci\u00f3n. Planificaci\u00f3n y control. Las decisiones financieras. Habilidades y t\u00e9cnicas del directivo p\u00fablico. Auditor\u00eda y control. Eficacia y control. Diagn\u00f3stico de organizaciones, calidad de servicios y reingenier\u00eda de procesos. La modernizaci\u00f3n de la administraci\u00f3n p\u00fablica. Innovaci\u00f3n y nuevas tecnolog\u00edas, problemas y limitaciones del management p\u00fablico.<\/p>\n","protected":false},"excerpt":{"rendered":"<p>Objetivo: Concientizar del rol del administrador p\u00fablico y proveer de un marco de herramientas conceptuales para el cumplimiento de ese rol. Introducir en el an\u00e1lisis de problemas y generaci\u00f3n de soluciones. Contenido: Introducci\u00f3n al management p\u00fablico. Administraci\u00f3n, direcci\u00f3n y gesti\u00f3n de organizaciones: ciencia, teor\u00eda y pr\u00e1ctica. Administraci\u00f3n, direcci\u00f3n y gesti\u00f3n de las administraciones p\u00fablicas. El &hellip; <a href=\"https:\/\/face.unt.edu.ar\/web\/adminpublica\/tecnologias-administrativas\/\" class=\"more-link\">Seguir leyendo <span class=\"screen-reader-text\">Tecnolog\u00edas Administrativas<\/span> <span class=\"meta-nav\">&rarr;<\/span><\/a><\/p>\n","protected":false},"author":9,"featured_media":0,"parent":0,"menu_order":0,"comment_status":"open","ping_status":"open","template":"","meta":{"footnotes":""},"_links":{"self":[{"href":"https:\/\/face.unt.edu.ar\/web\/adminpublica\/wp-json\/wp\/v2\/pages\/107"}],"collection":[{"href":"https:\/\/face.unt.edu.ar\/web\/adminpublica\/wp-json\/wp\/v2\/pages"}],"about":[{"href":"https:\/\/face.unt.edu.ar\/web\/adminpublica\/wp-json\/wp\/v2\/types\/page"}],"author":[{"embeddable":true,"href":"https:\/\/face.unt.edu.ar\/web\/adminpublica\/wp-json\/wp\/v2\/users\/9"}],"replies":[{"embeddable":true,"href":"https:\/\/face.unt.edu.ar\/web\/adminpublica\/wp-json\/wp\/v2\/comments?post=107"}],"version-history":[{"count":1,"href":"https:\/\/face.unt.edu.ar\/web\/adminpublica\/wp-json\/wp\/v2\/pages\/107\/revisions"}],"predecessor-version":[{"id":108,"href":"https:\/\/face.unt.edu.ar\/web\/adminpublica\/wp-json\/wp\/v2\/pages\/107\/revisions\/108"}],"wp:attachment":[{"href":"https:\/\/face.unt.edu.ar\/web\/adminpublica\/wp-json\/wp\/v2\/media?parent=107"}],"curies":[{"name":"wp","href":"https:\/\/api.w.org\/{rel}","templated":true}]}}