{"id":109,"date":"2014-10-01T22:23:16","date_gmt":"2014-10-01T22:23:16","guid":{"rendered":"http:\/\/face.unt.edu.ar\/web\/adminpublica\/?page_id=109"},"modified":"2014-10-01T22:23:16","modified_gmt":"2014-10-01T22:23:16","slug":"sistemas-centrales-de-administracion-publica-ii","status":"publish","type":"page","link":"https:\/\/face.unt.edu.ar\/web\/adminpublica\/sistemas-centrales-de-administracion-publica-ii\/","title":{"rendered":"Sistemas Centrales de Administraci\u00f3n Publica II"},"content":{"rendered":"<p><em>Objetivo:<\/em> Continuaci\u00f3n de los sistemas centrales que regulan el funcionamiento de la Administraci\u00f3n en el Sector P\u00fablico que condicionan el quehacer de todos los sectores y \u00e1reas dentro del Estado teniendo en cuenta que el Administrador Publico interactuar\u00e1 con estos sistemas, con independencia que su ubicaci\u00f3n funcional concreta sea en alguna \u00e1rea central o en alg\u00fan sector especifico del sector publico o en alguna instituci\u00f3n o empresa privada que se relacione con el Estado.<\/p>\n<p><em>Contenido:<\/em> Descripci\u00f3n de otros sistemas administrativos centrales del Sector Publico: Sistema de Inversi\u00f3n P\u00fablica. Sistema de Administraci\u00f3n de Personal,. Las diferencias entre el nivel nacional y el provincial.<\/p>\n","protected":false},"excerpt":{"rendered":"<p>Objetivo: Continuaci\u00f3n de los sistemas centrales que regulan el funcionamiento de la Administraci\u00f3n en el Sector P\u00fablico que condicionan el quehacer de todos los sectores y \u00e1reas dentro del Estado teniendo en cuenta que el Administrador Publico interactuar\u00e1 con estos sistemas, con independencia que su ubicaci\u00f3n funcional concreta sea en alguna \u00e1rea central o en &hellip; <a href=\"https:\/\/face.unt.edu.ar\/web\/adminpublica\/sistemas-centrales-de-administracion-publica-ii\/\" class=\"more-link\">Seguir leyendo <span class=\"screen-reader-text\">Sistemas Centrales de Administraci\u00f3n Publica II<\/span> <span class=\"meta-nav\">&rarr;<\/span><\/a><\/p>\n","protected":false},"author":9,"featured_media":0,"parent":0,"menu_order":0,"comment_status":"open","ping_status":"open","template":"","meta":{"footnotes":""},"_links":{"self":[{"href":"https:\/\/face.unt.edu.ar\/web\/adminpublica\/wp-json\/wp\/v2\/pages\/109"}],"collection":[{"href":"https:\/\/face.unt.edu.ar\/web\/adminpublica\/wp-json\/wp\/v2\/pages"}],"about":[{"href":"https:\/\/face.unt.edu.ar\/web\/adminpublica\/wp-json\/wp\/v2\/types\/page"}],"author":[{"embeddable":true,"href":"https:\/\/face.unt.edu.ar\/web\/adminpublica\/wp-json\/wp\/v2\/users\/9"}],"replies":[{"embeddable":true,"href":"https:\/\/face.unt.edu.ar\/web\/adminpublica\/wp-json\/wp\/v2\/comments?post=109"}],"version-history":[{"count":1,"href":"https:\/\/face.unt.edu.ar\/web\/adminpublica\/wp-json\/wp\/v2\/pages\/109\/revisions"}],"predecessor-version":[{"id":110,"href":"https:\/\/face.unt.edu.ar\/web\/adminpublica\/wp-json\/wp\/v2\/pages\/109\/revisions\/110"}],"wp:attachment":[{"href":"https:\/\/face.unt.edu.ar\/web\/adminpublica\/wp-json\/wp\/v2\/media?parent=109"}],"curies":[{"name":"wp","href":"https:\/\/api.w.org\/{rel}","templated":true}]}}