{"id":111,"date":"2014-10-01T22:23:58","date_gmt":"2014-10-01T22:23:58","guid":{"rendered":"http:\/\/face.unt.edu.ar\/web\/adminpublica\/?page_id=111"},"modified":"2014-10-01T22:23:58","modified_gmt":"2014-10-01T22:23:58","slug":"gestion-de-politicas-publicas","status":"publish","type":"page","link":"https:\/\/face.unt.edu.ar\/web\/adminpublica\/gestion-de-politicas-publicas\/","title":{"rendered":"Gesti\u00f3n de Pol\u00edticas P\u00fablicas"},"content":{"rendered":"<p><em>Objetivo:<\/em> Brindar un enfoque metodol\u00f3gico para entender el proceso de generaci\u00f3n, formulaci\u00f3n y desarrollo de las pol\u00edticas p\u00fablicas. Estudiar su aplicaci\u00f3n a algunas pol\u00edticas p\u00fablicas espec\u00edficas.<\/p>\n<p><em>Contenido: <\/em>Estado, gobierno y pol\u00edticas p\u00fablicas. Las pol\u00edticas p\u00fablicas en Argentina. Su origen y evoluci\u00f3n. Los modelos predominantes en las distintas etapas. Formaci\u00f3n de las agendas de pol\u00edticas p\u00fablicas. Dise\u00f1o e implementaci\u00f3n de las pol\u00edticas p\u00fablicas. Control, seguimiento y evaluaci\u00f3n de las pol\u00edticas p\u00fablicas. Administraci\u00f3n, direcci\u00f3n y gesti\u00f3n de programas y servicios p\u00fablicos. Pol\u00edticas Sociales, de Promoci\u00f3n y Regulaci\u00f3n, Econ\u00f3micas y Financieras. Estructura, alcances, dise\u00f1o e implementaci\u00f3n.<\/p>\n","protected":false},"excerpt":{"rendered":"<p>Objetivo: Brindar un enfoque metodol\u00f3gico para entender el proceso de generaci\u00f3n, formulaci\u00f3n y desarrollo de las pol\u00edticas p\u00fablicas. Estudiar su aplicaci\u00f3n a algunas pol\u00edticas p\u00fablicas espec\u00edficas. Contenido: Estado, gobierno y pol\u00edticas p\u00fablicas. Las pol\u00edticas p\u00fablicas en Argentina. Su origen y evoluci\u00f3n. Los modelos predominantes en las distintas etapas. Formaci\u00f3n de las agendas de pol\u00edticas p\u00fablicas. &hellip; <a href=\"https:\/\/face.unt.edu.ar\/web\/adminpublica\/gestion-de-politicas-publicas\/\" class=\"more-link\">Seguir leyendo <span class=\"screen-reader-text\">Gesti\u00f3n de Pol\u00edticas P\u00fablicas<\/span> <span class=\"meta-nav\">&rarr;<\/span><\/a><\/p>\n","protected":false},"author":9,"featured_media":0,"parent":0,"menu_order":0,"comment_status":"open","ping_status":"open","template":"","meta":{"footnotes":""},"_links":{"self":[{"href":"https:\/\/face.unt.edu.ar\/web\/adminpublica\/wp-json\/wp\/v2\/pages\/111"}],"collection":[{"href":"https:\/\/face.unt.edu.ar\/web\/adminpublica\/wp-json\/wp\/v2\/pages"}],"about":[{"href":"https:\/\/face.unt.edu.ar\/web\/adminpublica\/wp-json\/wp\/v2\/types\/page"}],"author":[{"embeddable":true,"href":"https:\/\/face.unt.edu.ar\/web\/adminpublica\/wp-json\/wp\/v2\/users\/9"}],"replies":[{"embeddable":true,"href":"https:\/\/face.unt.edu.ar\/web\/adminpublica\/wp-json\/wp\/v2\/comments?post=111"}],"version-history":[{"count":1,"href":"https:\/\/face.unt.edu.ar\/web\/adminpublica\/wp-json\/wp\/v2\/pages\/111\/revisions"}],"predecessor-version":[{"id":112,"href":"https:\/\/face.unt.edu.ar\/web\/adminpublica\/wp-json\/wp\/v2\/pages\/111\/revisions\/112"}],"wp:attachment":[{"href":"https:\/\/face.unt.edu.ar\/web\/adminpublica\/wp-json\/wp\/v2\/media?parent=111"}],"curies":[{"name":"wp","href":"https:\/\/api.w.org\/{rel}","templated":true}]}}