{"id":113,"date":"2014-10-01T22:24:26","date_gmt":"2014-10-01T22:24:26","guid":{"rendered":"http:\/\/face.unt.edu.ar\/web\/adminpublica\/?page_id=113"},"modified":"2014-10-01T22:24:26","modified_gmt":"2014-10-01T22:24:26","slug":"reforma-del-estado","status":"publish","type":"page","link":"https:\/\/face.unt.edu.ar\/web\/adminpublica\/reforma-del-estado\/","title":{"rendered":"Reforma del Estado"},"content":{"rendered":"<p><em>Objetivo<\/em>: Se centrar\u00e1 en el an\u00e1lisis, discusi\u00f3n y conclusiones sobre la factibilidad del proceso de modernizaci\u00f3n estatal, las variables (pol\u00edtica, social y econ\u00f3mica) involucradas, los actores relevantes y sus respectivos roles e interacciones (la sociedad civil, los partidos pol\u00edticos, los representantes provinciales y estatales). Se tomar\u00e1 como base el desarrollo de estrategias de modernizaci\u00f3n anteriores, las causas de sus fracasos generalizados y los lineamientos que debe contener una estrategia superadora y eficaz.<\/p>\n<p><em>Contenido:<\/em> El marco hist\u00f3rico del proceso de Reforma y Modernizaci\u00f3n. Las soluciones adoptadas sobre la base de dos componentes esenciales: 1) el mercado interno. 2) el gasto p\u00fablico expansivo. Modificaciones sociales. An\u00e1lisis cr\u00edticos de los intentos de Reforma y Modernizaci\u00f3n. Relaciones causales (Sociales, Pol\u00edticas y Econ\u00f3micas). La experiencia comparada. El Estado por venir. El nuevo enfoque. Planteo de Reforma y Modernizaci\u00f3n frente al nuevo Estado.<\/p>\n","protected":false},"excerpt":{"rendered":"<p>Objetivo: Se centrar\u00e1 en el an\u00e1lisis, discusi\u00f3n y conclusiones sobre la factibilidad del proceso de modernizaci\u00f3n estatal, las variables (pol\u00edtica, social y econ\u00f3mica) involucradas, los actores relevantes y sus respectivos roles e interacciones (la sociedad civil, los partidos pol\u00edticos, los representantes provinciales y estatales). Se tomar\u00e1 como base el desarrollo de estrategias de modernizaci\u00f3n anteriores, &hellip; <a href=\"https:\/\/face.unt.edu.ar\/web\/adminpublica\/reforma-del-estado\/\" class=\"more-link\">Seguir leyendo <span class=\"screen-reader-text\">Reforma del Estado<\/span> <span class=\"meta-nav\">&rarr;<\/span><\/a><\/p>\n","protected":false},"author":9,"featured_media":0,"parent":0,"menu_order":0,"comment_status":"open","ping_status":"open","template":"","meta":{"footnotes":""},"_links":{"self":[{"href":"https:\/\/face.unt.edu.ar\/web\/adminpublica\/wp-json\/wp\/v2\/pages\/113"}],"collection":[{"href":"https:\/\/face.unt.edu.ar\/web\/adminpublica\/wp-json\/wp\/v2\/pages"}],"about":[{"href":"https:\/\/face.unt.edu.ar\/web\/adminpublica\/wp-json\/wp\/v2\/types\/page"}],"author":[{"embeddable":true,"href":"https:\/\/face.unt.edu.ar\/web\/adminpublica\/wp-json\/wp\/v2\/users\/9"}],"replies":[{"embeddable":true,"href":"https:\/\/face.unt.edu.ar\/web\/adminpublica\/wp-json\/wp\/v2\/comments?post=113"}],"version-history":[{"count":1,"href":"https:\/\/face.unt.edu.ar\/web\/adminpublica\/wp-json\/wp\/v2\/pages\/113\/revisions"}],"predecessor-version":[{"id":114,"href":"https:\/\/face.unt.edu.ar\/web\/adminpublica\/wp-json\/wp\/v2\/pages\/113\/revisions\/114"}],"wp:attachment":[{"href":"https:\/\/face.unt.edu.ar\/web\/adminpublica\/wp-json\/wp\/v2\/media?parent=113"}],"curies":[{"name":"wp","href":"https:\/\/api.w.org\/{rel}","templated":true}]}}