{"id":115,"date":"2014-10-01T22:25:16","date_gmt":"2014-10-01T22:25:16","guid":{"rendered":"http:\/\/face.unt.edu.ar\/web\/adminpublica\/?page_id=115"},"modified":"2014-10-01T22:25:16","modified_gmt":"2014-10-01T22:25:16","slug":"seminario-de-integracion","status":"publish","type":"page","link":"https:\/\/face.unt.edu.ar\/web\/adminpublica\/seminario-de-integracion\/","title":{"rendered":"Seminario de Integraci\u00f3n"},"content":{"rendered":"<p><em>Objetivo:<\/em> Aplicaci\u00f3n de la formaci\u00f3n aportada por los cursos a problemas pr\u00e1cticos concretos en \u00e1reas especificas del Sector P\u00fablico de modo de lograr una mejor aprehensi\u00f3n de la formaci\u00f3n te\u00f3rica brindada y una mejor comprensi\u00f3n de su utilidad en situaciones reales.<\/p>\n<p><em>Contenido:<\/em> Se realizar\u00e1 mediante reuniones de los cursantes con profesores con experiencia en \u00e1reas especificas del Sector P\u00fablico, discutiendo temas espec\u00edficos, preferentemente en las \u00e1reas que el propio alumno trabaja o aspira a hacerlo y discusi\u00f3n ante compa\u00f1eros de los avances y conclusiones.<\/p>\n<p>Algunos temas posibles a desarrollar son:<\/p>\n<p>Planteo de objetivos a lograr en un \u00e1rea determinada y la organizaci\u00f3n para ello.<\/p>\n<p>An\u00e1lisis cr\u00edtico de un conjunto de normas procedimentales.<\/p>\n<p>Demostraci\u00f3n de evaluaciones sociales, econ\u00f3micas o financieras err\u00f3neas.<\/p>\n<p>Estudios comparativos entre distintos niveles, lugares u organizaciones de una determinada funci\u00f3n social o p\u00fablica.<\/p>\n<p>Planteamiento y evaluaci\u00f3n de un diferente marco normativo y contexto organizativo para una determinada pol\u00edtica p\u00fablica.<\/p>\n<p>Desarrollo de un sistema transaccional y sus controles en un \u00e1rea espec\u00edfica.<\/p>\n","protected":false},"excerpt":{"rendered":"<p>Objetivo: Aplicaci\u00f3n de la formaci\u00f3n aportada por los cursos a problemas pr\u00e1cticos concretos en \u00e1reas especificas del Sector P\u00fablico de modo de lograr una mejor aprehensi\u00f3n de la formaci\u00f3n te\u00f3rica brindada y una mejor comprensi\u00f3n de su utilidad en situaciones reales. Contenido: Se realizar\u00e1 mediante reuniones de los cursantes con profesores con experiencia en \u00e1reas &hellip; <a href=\"https:\/\/face.unt.edu.ar\/web\/adminpublica\/seminario-de-integracion\/\" class=\"more-link\">Seguir leyendo <span class=\"screen-reader-text\">Seminario de Integraci\u00f3n<\/span> <span class=\"meta-nav\">&rarr;<\/span><\/a><\/p>\n","protected":false},"author":9,"featured_media":0,"parent":0,"menu_order":0,"comment_status":"open","ping_status":"open","template":"","meta":{"footnotes":""},"_links":{"self":[{"href":"https:\/\/face.unt.edu.ar\/web\/adminpublica\/wp-json\/wp\/v2\/pages\/115"}],"collection":[{"href":"https:\/\/face.unt.edu.ar\/web\/adminpublica\/wp-json\/wp\/v2\/pages"}],"about":[{"href":"https:\/\/face.unt.edu.ar\/web\/adminpublica\/wp-json\/wp\/v2\/types\/page"}],"author":[{"embeddable":true,"href":"https:\/\/face.unt.edu.ar\/web\/adminpublica\/wp-json\/wp\/v2\/users\/9"}],"replies":[{"embeddable":true,"href":"https:\/\/face.unt.edu.ar\/web\/adminpublica\/wp-json\/wp\/v2\/comments?post=115"}],"version-history":[{"count":1,"href":"https:\/\/face.unt.edu.ar\/web\/adminpublica\/wp-json\/wp\/v2\/pages\/115\/revisions"}],"predecessor-version":[{"id":116,"href":"https:\/\/face.unt.edu.ar\/web\/adminpublica\/wp-json\/wp\/v2\/pages\/115\/revisions\/116"}],"wp:attachment":[{"href":"https:\/\/face.unt.edu.ar\/web\/adminpublica\/wp-json\/wp\/v2\/media?parent=115"}],"curies":[{"name":"wp","href":"https:\/\/api.w.org\/{rel}","templated":true}]}}