{"id":127,"date":"2014-10-01T22:49:11","date_gmt":"2014-10-01T22:49:11","guid":{"rendered":"http:\/\/face.unt.edu.ar\/web\/adminpublica\/?page_id=127"},"modified":"2014-10-02T13:59:30","modified_gmt":"2014-10-02T13:59:30","slug":"plan-de-estudio-2","status":"publish","type":"page","link":"https:\/\/face.unt.edu.ar\/web\/adminpublica\/plan-de-estudio-2\/","title":{"rendered":"Plan de Estudio"},"content":{"rendered":"<table width=\"536\">\n<tbody>\n<tr>\n<td width=\"177\">\n<h4 style=\"text-align: center\"><strong><span style=\"color: #077ea6\">Primer Trimestre<\/span><\/strong><\/h4>\n<\/td>\n<td style=\"text-align: center\" colspan=\"2\" width=\"189\">\n<h4><strong><span style=\"color: #077ea6\">Segundo Trimestre<\/span><\/strong><\/h4>\n<\/td>\n<td width=\"170\">\n<h4 style=\"text-align: center\"><strong><span style=\"color: #077ea6\">Tercer Trimestre<\/span><\/strong><\/h4>\n<\/td>\n<\/tr>\n<tr>\n<td width=\"177\"><a href=\"http:\/\/face.unt.edu.ar\/web\/adminpublica\/economia-y-estado\/\">Econom\u00eda y Estado<\/a><\/td>\n<td colspan=\"2\" width=\"189\"><a href=\"http:\/\/face.unt.edu.ar\/web\/adminpublica\/tecnologias-administrativas\/\">Tecnolog\u00edas Administrativas<\/a><\/td>\n<td width=\"170\"><a href=\"http:\/\/face.unt.edu.ar\/web\/adminpublica\/sistemas-centrales-de-administracion-publica-ii\/\">Sistemas Centrales de Administraci\u00f3n P\u00fablica II<\/a><\/td>\n<\/tr>\n<tr>\n<td width=\"177\"><a href=\"http:\/\/face.unt.edu.ar\/web\/adminpublica\/derecho-constitucional-y-administrativo-marco-normativo\/\">Derecho Constitucional y Administrativo. Marco Normativo<\/a><\/td>\n<td colspan=\"2\" width=\"189\"><a href=\"http:\/\/face.unt.edu.ar\/web\/adminpublica\/fuentes-informaticas-y-analisis-de-datos\/\">Fuentes Inform\u00e1ticas y An\u00e1lisis de Datos<\/a><\/td>\n<td width=\"170\"><a href=\"http:\/\/face.unt.edu.ar\/web\/adminpublica\/reforma-del-estado\/\">Reforma del Estado<\/a><\/td>\n<\/tr>\n<tr>\n<td width=\"177\"><a href=\"http:\/\/face.unt.edu.ar\/web\/adminpublica\/sociedad-estado-y-politica\/\">Sociedad, Estado y Pol\u00edtica<\/a><\/td>\n<td colspan=\"2\" width=\"189\"><a href=\"http:\/\/face.unt.edu.ar\/web\/adminpublica\/sistemas-centrales-de-administracion-publica-i\/\">Sistemas Centrales de Administraci\u00f3n P\u00fablica I<\/a><\/td>\n<td width=\"170\"><a href=\"http:\/\/face.unt.edu.ar\/web\/adminpublica\/gestion-de-politicas-publicas\/\">Gesti\u00f3n de Pol\u00edticas Publicas<\/a><\/td>\n<\/tr>\n<tr>\n<td style=\"text-align: center\" colspan=\"2\" width=\"304\"><a href=\"http:\/\/face.unt.edu.ar\/web\/adminpublica\/seminario-de-integracion\/\">Seminario de Integraci\u00f3n<\/a><\/td>\n<td style=\"text-align: center\" colspan=\"2\" width=\"233\"><a href=\"http:\/\/face.unt.edu.ar\/web\/adminpublica\/examen-integral-final\/\">Examen Integral Final<\/a><\/td>\n<\/tr>\n<tr>\n<td style=\"text-align: center\" colspan=\"4\" width=\"536\">\n<h4><span style=\"color: #077ea6\"><strong>Titulo: Especialista en Administraci\u00f3n P\u00fablica<\/strong><\/span><\/h4>\n<\/td>\n<\/tr>\n<\/tbody>\n<\/table>\n<h3><\/h3>\n","protected":false},"excerpt":{"rendered":"<p>Primer Trimestre Segundo Trimestre Tercer Trimestre Econom\u00eda y Estado Tecnolog\u00edas Administrativas Sistemas Centrales de Administraci\u00f3n P\u00fablica II Derecho Constitucional y Administrativo. Marco Normativo Fuentes Inform\u00e1ticas y An\u00e1lisis de Datos Reforma del Estado Sociedad, Estado y Pol\u00edtica Sistemas Centrales de Administraci\u00f3n P\u00fablica I Gesti\u00f3n de Pol\u00edticas Publicas Seminario de Integraci\u00f3n Examen Integral Final Titulo: Especialista en &hellip; <a href=\"https:\/\/face.unt.edu.ar\/web\/adminpublica\/plan-de-estudio-2\/\" class=\"more-link\">Seguir leyendo <span class=\"screen-reader-text\">Plan de Estudio<\/span> <span class=\"meta-nav\">&rarr;<\/span><\/a><\/p>\n","protected":false},"author":9,"featured_media":0,"parent":0,"menu_order":0,"comment_status":"open","ping_status":"open","template":"","meta":{"footnotes":""},"_links":{"self":[{"href":"https:\/\/face.unt.edu.ar\/web\/adminpublica\/wp-json\/wp\/v2\/pages\/127"}],"collection":[{"href":"https:\/\/face.unt.edu.ar\/web\/adminpublica\/wp-json\/wp\/v2\/pages"}],"about":[{"href":"https:\/\/face.unt.edu.ar\/web\/adminpublica\/wp-json\/wp\/v2\/types\/page"}],"author":[{"embeddable":true,"href":"https:\/\/face.unt.edu.ar\/web\/adminpublica\/wp-json\/wp\/v2\/users\/9"}],"replies":[{"embeddable":true,"href":"https:\/\/face.unt.edu.ar\/web\/adminpublica\/wp-json\/wp\/v2\/comments?post=127"}],"version-history":[{"count":16,"href":"https:\/\/face.unt.edu.ar\/web\/adminpublica\/wp-json\/wp\/v2\/pages\/127\/revisions"}],"predecessor-version":[{"id":145,"href":"https:\/\/face.unt.edu.ar\/web\/adminpublica\/wp-json\/wp\/v2\/pages\/127\/revisions\/145"}],"wp:attachment":[{"href":"https:\/\/face.unt.edu.ar\/web\/adminpublica\/wp-json\/wp\/v2\/media?parent=127"}],"curies":[{"name":"wp","href":"https:\/\/api.w.org\/{rel}","templated":true}]}}