{"id":146,"date":"2014-10-02T14:08:24","date_gmt":"2014-10-02T14:08:24","guid":{"rendered":"http:\/\/face.unt.edu.ar\/web\/adminpublica\/?page_id=146"},"modified":"2015-12-17T21:36:39","modified_gmt":"2015-12-17T21:36:39","slug":"direccion-y-consejo-academico","status":"publish","type":"page","link":"https:\/\/face.unt.edu.ar\/web\/adminpublica\/direccion-y-consejo-academico\/","title":{"rendered":"Direcci\u00f3n y Comit\u00e9 Acad\u00e9mico"},"content":{"rendered":"<p><span style=\"color: #2671bd\"><strong>Director<br \/>\n<\/strong><\/span><strong>Lic. Eduardo Juarez<\/strong><br \/>\n<em>Contador P\u00fablico Nacional y Licenciado en\u00a0Organizaci\u00f3n y\u00a0Administraci\u00f3n. Universidad Nacional de Tucum\u00e1n. 1972<\/em><br \/>\nejuarez@face.unt.edu.ar<\/p>\n<p><strong><span style=\"color: #2671bd\">Comit\u00e9\u00a0Acad\u00e9mico<br \/>\n<\/span>Lic. Ra\u00fal Antonio Garcia<\/strong><br \/>\n<em>Licenciado en Econom\u00eda y MG en Econom\u00eda. Universidad del CEMA. 1991. Argentina. Especialista en Econom\u00eda.\u00a0Centro per la Formazione e la Assistenza. 1992. Italia.<\/em><br \/>\nargarcia2001@yahoo.com.ar<\/p>\n<p><strong>CPN Jos\u00e9 Antonio Gonzalez<\/strong><br \/>\n<em>Especialista en Administraci\u00f3n \u00a0Publica. Universidad Nacional de Tucum\u00e1n. 2006. Argentina<\/em><br \/>\n<em>joseagonzalez@arnet.com.ar<\/em><\/p>\n<p><strong>Lic.Hugo Daniel Ferullo<\/strong><br \/>\n<em>Licenciado en Econom\u00eda &#8211; 1980 y Contador Publico Nacional &#8211; 1976 de la Universidad Nacional de Tucum\u00e1n;\u00a0DIPLOME D\u2019ETUDES<\/em><br \/>\n<em>APPROFONDIES en\u00a0D\u00e9partement de\u00a0Sciences Economiques et\u00a0de Gestion.\u00a0Universit\u00e9 LUMIERE LYON 2. 1982. Francia; Doctor en Economia. Universit\u00e9 LUMIERE LYON2. 1991. Francia<\/em><br \/>\nhferullo@herrera.unt.edu.ar<\/p>\n<p><strong>Lic. Eduardo Samuel Garvich<br \/>\n<\/strong><em>Licenciado en Econom\u00eda y Contador Publico Nacional<br \/>\n<\/em>edugarvich@gmail.com<\/p>\n","protected":false},"excerpt":{"rendered":"<p>Director Lic. Eduardo Juarez Contador P\u00fablico Nacional y Licenciado en\u00a0Organizaci\u00f3n y\u00a0Administraci\u00f3n. Universidad Nacional de Tucum\u00e1n. 1972 ejuarez@face.unt.edu.ar Comit\u00e9\u00a0Acad\u00e9mico Lic. Ra\u00fal Antonio Garcia Licenciado en Econom\u00eda y MG en Econom\u00eda. Universidad del CEMA. 1991. Argentina. Especialista en Econom\u00eda.\u00a0Centro per la Formazione e la Assistenza. 1992. Italia. argarcia2001@yahoo.com.ar CPN Jos\u00e9 Antonio Gonzalez Especialista en Administraci\u00f3n \u00a0Publica. Universidad &hellip; <a href=\"https:\/\/face.unt.edu.ar\/web\/adminpublica\/direccion-y-consejo-academico\/\" class=\"more-link\">Seguir leyendo <span class=\"screen-reader-text\">Direcci\u00f3n y Comit\u00e9 Acad\u00e9mico<\/span> <span class=\"meta-nav\">&rarr;<\/span><\/a><\/p>\n","protected":false},"author":9,"featured_media":0,"parent":0,"menu_order":0,"comment_status":"open","ping_status":"open","template":"","meta":{"footnotes":""},"_links":{"self":[{"href":"https:\/\/face.unt.edu.ar\/web\/adminpublica\/wp-json\/wp\/v2\/pages\/146"}],"collection":[{"href":"https:\/\/face.unt.edu.ar\/web\/adminpublica\/wp-json\/wp\/v2\/pages"}],"about":[{"href":"https:\/\/face.unt.edu.ar\/web\/adminpublica\/wp-json\/wp\/v2\/types\/page"}],"author":[{"embeddable":true,"href":"https:\/\/face.unt.edu.ar\/web\/adminpublica\/wp-json\/wp\/v2\/users\/9"}],"replies":[{"embeddable":true,"href":"https:\/\/face.unt.edu.ar\/web\/adminpublica\/wp-json\/wp\/v2\/comments?post=146"}],"version-history":[{"count":4,"href":"https:\/\/face.unt.edu.ar\/web\/adminpublica\/wp-json\/wp\/v2\/pages\/146\/revisions"}],"predecessor-version":[{"id":295,"href":"https:\/\/face.unt.edu.ar\/web\/adminpublica\/wp-json\/wp\/v2\/pages\/146\/revisions\/295"}],"wp:attachment":[{"href":"https:\/\/face.unt.edu.ar\/web\/adminpublica\/wp-json\/wp\/v2\/media?parent=146"}],"curies":[{"name":"wp","href":"https:\/\/api.w.org\/{rel}","templated":true}]}}