{"id":2,"date":"2014-09-26T14:09:23","date_gmt":"2014-09-26T14:09:23","guid":{"rendered":"http:\/\/face.unt.edu.ar\/web\/adminpublica\/?page_id=2"},"modified":"2015-12-16T17:27:59","modified_gmt":"2015-12-16T17:27:59","slug":"pagina-ejemplo","status":"publish","type":"page","link":"https:\/\/face.unt.edu.ar\/web\/adminpublica\/","title":{"rendered":"PAGINA INICIO"},"content":{"rendered":"<h4 style=\"text-align: center\"><span style=\"color: #0962ab\">Acreditada por Resoluci\u00f3n N\u00ba 877- CONEAU &#8211; \u00a02010<\/span><\/h4>\n<p>La Especializaci\u00f3n en Administraci\u00f3n Publica surgi\u00f3 de un convenio de cooperaci\u00f3n entre la Facultad de Ciencias Econ\u00f3micas de la Universidad Nacional de Tucum\u00e1n \u00a0y la Facultad de Ciencias Econ\u00f3micas de la Universidad Nacional de Buenos Aires en el a\u00f1o 2000.<br \/>\nActualmente cuenta con reconocimiento oficial y validez nacional del t\u00edtulo.<br \/>\nLa carrera est\u00e1 dise\u00f1ada para formar \u201cgerentes p\u00fablicos\u201d es decir administradores capaces de responder a las necesidades de la poblaci\u00f3n.<\/p>\n<p><span style=\"color: #808080\"><strong><br \/>\n<\/strong><\/span><\/p>\n<h4><\/h4>\n","protected":false},"excerpt":{"rendered":"<p>Acreditada por Resoluci\u00f3n N\u00ba 877- CONEAU &#8211; \u00a02010 La Especializaci\u00f3n en Administraci\u00f3n Publica surgi\u00f3 de un convenio de cooperaci\u00f3n entre la Facultad de Ciencias Econ\u00f3micas de la Universidad Nacional de Tucum\u00e1n \u00a0y la Facultad de Ciencias Econ\u00f3micas de la Universidad Nacional de Buenos Aires en el a\u00f1o 2000. Actualmente cuenta con reconocimiento oficial y validez &hellip; <a href=\"https:\/\/face.unt.edu.ar\/web\/adminpublica\/\" class=\"more-link\">Seguir leyendo <span class=\"screen-reader-text\">PAGINA INICIO<\/span> <span class=\"meta-nav\">&rarr;<\/span><\/a><\/p>\n","protected":false},"author":1,"featured_media":0,"parent":0,"menu_order":1,"comment_status":"open","ping_status":"open","template":"","meta":{"footnotes":""},"_links":{"self":[{"href":"https:\/\/face.unt.edu.ar\/web\/adminpublica\/wp-json\/wp\/v2\/pages\/2"}],"collection":[{"href":"https:\/\/face.unt.edu.ar\/web\/adminpublica\/wp-json\/wp\/v2\/pages"}],"about":[{"href":"https:\/\/face.unt.edu.ar\/web\/adminpublica\/wp-json\/wp\/v2\/types\/page"}],"author":[{"embeddable":true,"href":"https:\/\/face.unt.edu.ar\/web\/adminpublica\/wp-json\/wp\/v2\/users\/1"}],"replies":[{"embeddable":true,"href":"https:\/\/face.unt.edu.ar\/web\/adminpublica\/wp-json\/wp\/v2\/comments?post=2"}],"version-history":[{"count":41,"href":"https:\/\/face.unt.edu.ar\/web\/adminpublica\/wp-json\/wp\/v2\/pages\/2\/revisions"}],"predecessor-version":[{"id":294,"href":"https:\/\/face.unt.edu.ar\/web\/adminpublica\/wp-json\/wp\/v2\/pages\/2\/revisions\/294"}],"wp:attachment":[{"href":"https:\/\/face.unt.edu.ar\/web\/adminpublica\/wp-json\/wp\/v2\/media?parent=2"}],"curies":[{"name":"wp","href":"https:\/\/api.w.org\/{rel}","templated":true}]}}