{"id":263,"date":"2015-10-26T22:48:46","date_gmt":"2015-10-26T22:48:46","guid":{"rendered":"http:\/\/face.unt.edu.ar\/web\/adminpublica\/?page_id=263"},"modified":"2015-10-26T23:07:12","modified_gmt":"2015-10-26T23:07:12","slug":"bibliografia-carrera","status":"publish","type":"page","link":"https:\/\/face.unt.edu.ar\/web\/adminpublica\/bibliografia-carrera\/","title":{"rendered":"Bibliograf\u00eda Carrera"},"content":{"rendered":"<table width=\"619\">\n<tbody>\n<tr>\n<td width=\"158\">Gesti\u00f3n dePol\u00edticasP\u00fablicas<\/p>\n<p>&nbsp;<\/p>\n<p>&nbsp;<\/p>\n<p>&nbsp;<\/p>\n<p>&nbsp;<\/p>\n<p>&nbsp;<\/td>\n<td width=\"461\">Cunill Grau, Nuria (2012): \u201c\u00bfQu\u00e9 ha pasado con lo p\u00fablico en los \u00faltimos 30 a\u00f1os? Balance y perspectivas\u201d. Revista del CLAD Reforma y Democracia. No. 52. Caracas. <a href=\"http:\/\/www.clad.org\/portal\/publicaciones-del-clad\/revista-clad-reforma-democracia\/articulos\">http:\/\/www.clad.org\/portal\/publicaciones-del-clad\/revista-clad-reforma-democracia\/articulos<\/a>Muller, Pierre (2006): Las pol\u00edticas p\u00fablicas, Introducci\u00f3n y Cap\u00edtulo Primero. Universidad Externado de Colombia, Bogot\u00e1.Subirats, Joan (2010): \u201cSi la respuesta es gobernanza \u00bfcu\u00e1l era la pregunta?\u201d, en Ekonomiaz, No. 74, 2\u00ba cuatrimestre.<\/p>\n<p>(http:\/\/uab.academia.edu\/joansubirats\/Papers\/315655\/Si_la_respuesta_es_gobernanza_cual_era_la_pregunta)<\/p>\n<p>Subirats, Joan (2011): Otra sociedad, otra pol\u00edtica. De \u00abno nos representan\u00bb a la democracia de lo com\u00fan. Icaria Editorial, Barcelona. Introducci\u00f3n, cap\u00edtulos 1, 5, 6 y Conclusiones.<\/p>\n<p>Thoenig, Jean-Claude (2006). \u201cEl rescate de la publicness en el estudio de la organizaci\u00f3n\u201d, Gesti\u00f3n y Pol\u00edtica P\u00fablica, Vol. XV, N\u00fam. 2: 229 &#8211; 258. M\u00e9xico. <a href=\"http:\/\/www.gestionypoliticapublica.cide.edu\/num_anteriores\/Vol.XV_No.II_2dosem\/Jean-Claude.pdf\">http:\/\/www.gestionypoliticapublica.cide.edu\/num_anteriores\/Vol.XV_No.II_2dosem\/Jean-Claude.pdf<\/a><\/p>\n<p>Aguilar Villanueva, Luis (1993): \u201cEstudio introductorio\u201d, en Problemas p\u00fablicos y agenda de gobierno. Editorial Miguel \u00c1ngel Porr\u00faa, M\u00e9xico<\/p>\n<p>Cabrero Mendoza, Enrique (2000): \u201cUsos y costumbres en la hechura de las pol\u00edticas p\u00fablicas en M\u00e9xico. L\u00edmites de las policy sciences en contextos cultural y pol\u00edticamente diferentes\u201d en Gesti\u00f3n y Pol\u00edtica P\u00fablica vol. IX, N\u00ba 2, M\u00e9xico.<\/p>\n<p>Oszlak O. y O\u00a8Donnell G. (1995) \u201cEstado y pol\u00edticas estatales en Am\u00e9rica Latina: hacia una estrategia de investigaci\u00f3n\u201d en Redes. Revista de estudios sociales de la ciencia, A\u00f1o 2, N\u00ba 4, Centro de Estudios e Investigaciones, Universidad Nacional de Quilmes.<\/p>\n<p>Oszlak, Oscar (1980):\u00a0 \u201cPol\u00edticas p\u00fablicas y reg\u00edmenes pol\u00edticos: reflexiones a partir de algunas experiencias latinoamericanas\u201d, Estudios Cedes, vol. 3, n\u00ba 2. Buenos aires.<\/p>\n<p><a href=\"http:\/\/www.oscaroszlak.org.ar\/articulos-esp.php\">http:\/\/www.oscaroszlak.org.ar\/articulos-esp.php<\/a><\/p>\n<p>Subirats, J; Knoepfel, P; Larrue, C. y Varone, F. (2008): An\u00e1lisis y gesti\u00f3n de pol\u00edticas p\u00fablicas Cap\u00edtulo 2: \u201cLas pol\u00edticas p\u00fablicas\u201d, pag. 34-50. Ariel Ciencia Pol\u00edtica, Barcelona, 2008.<\/p>\n<p>Arellano Gault, David (1996). \u201cPol\u00edtica p\u00fablica, racionalidad imperfecta e irracionalidad. Hacia una perspectiva diferente\u201d en\u00a0 Gesti\u00f3n y Pol\u00edtica P\u00fablica, Vol. 5 No. 2, M\u00e9xico.<\/p>\n<p>Lindblom, Charles (1996)\u00a0 \u201cTodav\u00eda tratando de salir del paso\u201d en Aguilar Villanueva (editor): Luis F. La hechura de las pol\u00edticas, Miguel Angel Porr\u00faa, M\u00e9xico.<\/p>\n<p>Lowi, Theodore J. (1996) \u201cPol\u00edticas p\u00fablicas: estudios de caso y teor\u00eda pol\u00edtica\u201d en Aguilar Villanueva (editor): Luis F. La hechura de las pol\u00edticas, Miguel Angel Porr\u00faa, M\u00e9xico.<\/p>\n<p>Przeworsky, Adam (1998) \u201cAcerca del dise\u00f1o del Estado: una perspectiva principal-agente\u201d en Revista Argentina de Ciencia Pol\u00edtica, N\u00ba 2, diciembre.<\/p>\n<p>Aguilar Villanueva, Luis (2009)\u00a0 \u201cMarco para el an\u00e1lisis de las Pol\u00edticas p\u00fablicas\u201d en Fredy Mar\u00ed\u00f1ez Navarro y Vidal Garza Cant\u00fa (coordinadores): Pol\u00edtica p\u00fablica y democracia en Am\u00e9rica Latina. Del an\u00e1lisis a la implementaci\u00f3n, EGAP-CERALE-Miguel Angel Porr\u00faa, M\u00e9xico<\/p>\n<p>Muller, Pierre (2006): Las pol\u00edticas p\u00fablicas, Cap\u00edtulo segundo en adelante. Universidad Externado de Colombia, Bogot\u00e1.<\/p>\n<p>Subirats, J; Knoepfel, P; Larrue, C. y Varone, F. (2008): An\u00e1lisis y gesti\u00f3n de pol\u00edticas p\u00fablicas. Parte III, Cap\u00edtulos 6 al 10. Ariel Ciencia Pol\u00edtica, Barcelona.<\/p>\n<p>rama<\/p>\n<p>Majone, Giandomenico (1997) Evidencia, argumentaci\u00f3n y persuasi\u00f3n en la formulaci\u00f3n de pol\u00edticas, Fondo de Cultura Econ\u00f3mica, M\u00e9xico (Apartado: \u201cArgumentos de la factibilidad\u201d)<\/p>\n<p>Medell\u00edn Torres, Pedro (2004): \u201cLa pol\u00edtica de las pol\u00edticas p\u00fablicas: propuesta te\u00f3rica y metodol\u00f3gica para el estudio de las pol\u00edticas p\u00fablicas en pa\u00edses de fr\u00e1gil institucionalidad\u201d. CEPAL, Divisi\u00f3n de Desarrollo Social, Serie Pol\u00edticas Sociales, Santiago de Chile.<\/p>\n<p>Meny, Yves y Thoenig, Jean-Claude (1992) Las pol\u00edticas p\u00fablicas, Ariel, Barcelona (Cap\u00edtulos VI y VII).<\/p>\n<p>Subirats, Joan (1994) An\u00e1lisis de pol\u00edticas p\u00fablicas y eficacia de la administraci\u00f3n, Colecci\u00f3n Estudios, Serie Administraci\u00f3n General, Ministerio para las Administraciones P\u00fablicas, Madrid. (Cap\u00edtulos III y IV)<\/td>\n<\/tr>\n<tr>\n<td width=\"158\">Fuentes Inform\u00e1ticas y An\u00e1lisis de Datos<\/td>\n<td width=\"461\">Mendenhall, William. (1990). \u00abEstad\u00edstica para Administradores\u00bb, Segunda edici\u00f3n. Grupo Editorial Iberoam\u00e9rica.Neter, y Wasserman . (1973). \u201cFundamentos de Estad\u00edstica\u201d. Tercera Edici\u00f3n. Compa\u00f1\u00eda Editorial Continental S. A.Keneth C. Laudon y Jane P. Laudon , Sistemas de Informaci\u00f3n Gerencial Administraci\u00f3n de la Empresa Digital, 10\u00aa. Edici\u00f3n, , Peason Prentice Hall, M\u00e9jico, 2008, Cap\u00edtulos 1, 2 y 3..<\/p>\n<p>Lardent, Alberto,\u201cSistemas de Informacion para la Gestion Empresaria. Tomo I Planeamiento\u201d,Edic. Prentice Hall, Bs. As, 2001, Cap\u00edtulo 9 y 10.<\/p>\n<p>\u201c\u00bfEconom\u00eda de la informaci\u00f3n o Sociedad de la informaci\u00f3n?\u201d, Alfons Cornella, ESADE Barcelona, Marzo 1998<\/p>\n<p>\u201cLa sociedad de la Informaci\u00f3n en Europa y Espa\u00f1a. Situaci\u00f3n actual\u201d, Infodex, 1997<\/p>\n<p>\u201cGobierno Electr\u00f3nico en la Pr\u00e1ctica\u201d, Ma. Carmen Ramilo Araujo, Revista Vasca de Administraci\u00f3n P\u00fablica\u201d, no. 67, pag. 329-354.<\/p>\n<p>Zeisel, Hans. (1973). \u201cD\u00edgalo con N\u00fameros\u201d. Fondo de Cultura Econ\u00f3mica.<\/p>\n<p>Huff, D. (1973). \u201cComo Mentir con Estad\u00edsticas\u201d. Sagitario S. A.<\/p>\n<p>Bowker y Lieberman. (1981). \u00abEstad\u00edstica para Ingenieros\u00bb. Ed. Dossat S.A.<\/p>\n<p>Chao, Lincoln L. (1975). \u00abEstad\u00edstica para las Ciencias Administrativas\u00bb. McGraw-Hill.<\/p>\n<p>Dixon y Massey. (1966). \u00abIntroducci\u00f3n al An\u00e1lisis Estad\u00edstico\u00bb. 2\u00aa Edici\u00f3n. McGraw-Hill.<\/p>\n<p>Notas sobre \u00abProbabilidades y Variables Aleatorias\u00bb y sobre \u00abTeor\u00eda del Muestreo\u00bb.<\/p>\n<p>Anderson &amp; Sclove, \u00abIntroductory Statistical Analysis\u00bb. Houghton-Mifflin.<\/p>\n<p>Cramer, \u00abElementos de la Teor\u00eda de Probabilidades\u00bb. Aguilar.<\/p>\n<p>Gnedenko y Jinchin. (1962). \u00abIntroducci\u00f3n al C\u00e1lculo de Probabilidades\u00bb. EUDEBA.<\/p>\n<p>Wallis &amp; Roberts, \u00abStatistics: A New Approach\u00bb. The Free Press.<\/p>\n<p>Wilks, \u00abAn\u00e1lisis Estad\u00edstico Elemental\u00bb. Cons Sup. Inv. Cient\u00edficas<\/p>\n<p>\u201cRedes y Telecomunicaciones\u201d, extracto del libro \u201cElementos de un Sistema Inform\u00e1tico\u201d de Ricardo Castello.<\/p>\n<p>\u201cLa Necesidad de Teor\u00eda(s) sobre Gobierno Electr\u00f3nico. Una Propuesta Integradora\u201d, J. Ignacio Criado Grande, Mar\u00eda Carmen Ramilo Araujo y Miquel Salvador Serna, Menci\u00f3n Honor\u00edfica\u00a0 en el XVI Concurso de Ensayos y Monograf\u00edas del CLAD sobre Reforma del Estado y Modernizaci\u00f3n de la Administraci\u00f3n P\u00fablica, \u00abGobierno Electr\u00f3nico\u00bb. Caracas, 2002<\/p>\n<p>\u201cEstado, Administraci\u00f3n P\u00fablica y la Sociedad de la Informaci\u00f3n\u201d, mimeo.<br \/>\nKeneth C. Laudon y Jane P. Laudon , Sistemas de Informaci\u00f3n Gerencial Administraci\u00f3n de la Empresa Digital, 10\u00aa. Edici\u00f3n, , Peason Prentice Hall, M\u00e9jico, 2008. Cap\u00edtulos 4,5, 6, 7, 8 y 9.<\/p>\n<p>Sistemas de Informaci\u00f3n Gerencial, 7\u00aa. Edici\u00f3n, O\u2019 Brien, James y Marakas, George,\u00a0 Mc Graw Hill Interamericana, M\u00e9jico, 2006.<\/td>\n<\/tr>\n<tr>\n<td width=\"158\">Tecnolog\u00edas Administrativas<\/td>\n<td width=\"461\">Unidad 1 \u2013 Administraci\u00f3n de Organizaciones.KAST, Fremont\u00a0 \/\u00a0 ROSENZWEIG, James\u00a0 &#8211; \u201cAdministraci\u00f3n en las organizaciones\u201d. Ed. McGraw Hill. 4\u00aa edici\u00f3n, 1993. Caps. 1 y 5.MINTZBERG, Henry &#8211; \u201cMintzberg y la direcci\u00f3n\u201d. Ed. Diaz de Santos, 1991. Cap. 1.<\/p>\n<p>JOHANSEN, Oscar &#8211; \u201cLas leyes de la organizaci\u00f3n social\u201d. Estudios de Administraci\u00f3n, volumen 3 N\u00b0 1, oto\u00f1o 1996, Facultad de Ciencias Econ\u00f3micas y Administrativas, Universidad de Chile.<\/p>\n<p>JOHANSEN &#8211; \u201cEl administrador como un definidor\u201d. Edit. Gesti\u00f3n, 3\u00aa edic. Santiago &#8211; Chile, 2000. Cap 3.<\/p>\n<p>Unidad 2 \u2013 Estructura y Cultura.<\/p>\n<p>ROBBINS, Stephen P. \/ JUDGE, Timothy A. \u00a0&#8211; \u00abComportamiento Organizacional\u00bb, 13\u00aa edici\u00f3n, Ed. Prentice Hall &#8211; Caps. 16 y 17.<\/p>\n<p>Unidad 3 \u2013 Comportamiento Individual.<\/p>\n<p>Robbins &#8211; Caps. 1, 2, 3, 4, 5 y 6.<\/p>\n<p>Unidad 4 \u2013 Comportamiento Grupal.<\/p>\n<p>Robbins &#8211; Cap. 10.<\/p>\n<p>Unidad 5 \u2013 Liderazgo.<\/p>\n<p>Robbins &#8211; Cap. 12.<\/p>\n<p>Unidad 6 \u2013 Cambio Organizacional.<\/p>\n<p>Robbins &#8211; Cap. 19 (hasta p\u00e1g. 637).<\/td>\n<\/tr>\n<tr>\n<td width=\"158\">Sistemas Centrales de Administraci\u00f3n Publica II<\/td>\n<td width=\"461\"><strong>\u00a0Primera Parte<\/strong>(BSS) Bohlander\/Snell\/Sherman: \u201cAdministraci\u00f3n de Recursos Humanos\u201d- 12\u00aa edici\u00f3n. Thompson Learning; 2001.<strong>Unidad 1:\u00a0\u00a0\u00a0\u00a0\u00a0\u00a0 (BSS) Cap. 1.<\/strong><\/p>\n<p>Ulrich, Dave.- \u201cRecursos Humanos Champions\u201d. 1\u00ba Edici\u00f3n, Prentice Hall, Cap. 2.<\/p>\n<p><strong>Doctrina<\/strong>:<\/p>\n<p>Vicente Rogelio W.: \u201cPrincipio de Organizaci\u00f3n Administrativa en un fallo de la CSJN\u201d.<\/p>\n<p>Monti Laura: \u201cLa Jerarqu\u00eda y la Competencia como principios de la Organizaci\u00f3n Administrativa\u201d.<\/p>\n<p>Marienhoff Miguel S.: \u201cTratado de Derecho Administrativo T.III A\u201d. Administraci\u00f3n P\u00fablica. Principios de Organizaci\u00f3n Administrativa \u2013 Jerarqu\u00eda.<\/p>\n<p><strong>Gr\u00e1ficos:<\/strong><\/p>\n<p>Organigrama de la Administraci\u00f3n P\u00fablica Centralizada: Poder Ejecutivo, Secretaria General de la Gobernaci\u00f3n, y Direcci\u00f3n General de Recursos Humanos.<\/p>\n<p>Estudio de Puestos en la Administraci\u00f3n P\u00fablica Centralizada.<\/p>\n<p><strong>Unidad 2:\u00a0\u00a0\u00a0\u00a0\u00a0\u00a0 BSS) Caps. 3, 4 y 5.<\/strong><\/p>\n<p><strong>Doctrina:<\/strong><\/p>\n<p>Marienhoff Miguel S.: \u201cTratado de Derecho Administrativo T.III B\u201d. Contratos Administrativos (en Particular) \u2013 Empleo P\u00fablico &#8211; Ingreso. Lo atinente al \u201cConcurso\u201d.<\/p>\n<p>Garc\u00eda Pull\u00e9s, Fernando: \u201cR\u00e9gimen de Empleo P\u00fablico en la Administraci\u00f3n Nacional\u201d. Requisitos para el Ingreso \u2013 Art. 4\u00ba Ley 25.164.<\/p>\n<p>Marienhoff Miguel S.: \u201cTratado de Derecho Administrativo T.III B\u201d. Contratos Administrativos (en Particular) \u2013 Empleo P\u00fablico &#8211; Extinci\u00f3n. Respecto a Renuncia \u2013 Cesant\u00eda, Exoneraci\u00f3n \u2013 Jubilaci\u00f3n.<\/p>\n<p>Ivanega, Miriam Mabel: \u201cControl Judicial de la Potestad Disciplinaria de la Administraci\u00f3n\u201d. El caso de quien ha dejado de pertenecer a la Administraci\u00f3n.<\/p>\n<p><strong>Normativa:<\/strong><\/p>\n<p>Decreto N\u00ba 988\/-04 y su modificatoria al art. 23 por Decreto N\u00ba 698\/1-05 (Reglamento General de Selecci\u00f3n de Personal de la Administraci\u00f3n P\u00fablica). Por tales disposiciones se ustituye el art. 2\u00ba del Decreto Reglamentario N\u00ba 646\/1-83.<\/p>\n<p>Decreto N\u00ba 2525\/1-06 (Reglamento de Investigaciones Administrativas).<\/p>\n<p><strong>Unidad 3 \u00a0\u00a0\u00a0\u00a0\u00a0\u00a0 (BSS) Caps. 7 y 8.<\/strong><\/p>\n<p><strong>Doctrina<\/strong>:<\/p>\n<p>Marienhoff Miguel S.: \u201cTratado de Derecho Administrativo T.III B\u201d. Contratos Administrativos (en Particular) \u2013 Empleo P\u00fablico \u2013Estabilidad \u2013 Carrera.<\/p>\n<p>Ivanega, Miriam M.: \u201cLa decisi\u00f3n Judicial que est\u00e1bamos esperando\u201d. Nota al fallo: Madorr\u00e1n Marta C. vs. Administraci\u00f3n Nacional de Aduanas. CSJN 03\/05\/2007.<\/p>\n<p>S\u00e1nchez, Alberto M.: \u201cLa Profesionalizaci\u00f3n de la Administraci\u00f3n P\u00fablica\u201d. Puntos 3, 4 y 5.<\/p>\n<p>S\u00e1nchez, Alberto M. \u201cLa Idoneidad en el Funcionario P\u00fablico\u201d.<\/p>\n<p><strong>Unidad 4:\u00a0\u00a0\u00a0\u00a0 Doctrina:<\/strong><\/p>\n<p>Ivanega, Miriam Mabel: \u201cConsideraciones acerca del Empleo P\u00fablico (con especial referencia a la motivaci\u00f3n laboral del empleado p\u00fablico\u201d. Revista \u201cEl Derecho\u201d Buenos Aires 31\/05\/2001.<\/p>\n<p><strong>Art\u00edculos<\/strong>:<\/p>\n<p>Remuneraci\u00f3n \u2013 Cargos de Mayor Jerarqu\u00eda (art. Ley 5.473, Decreto Reglamentario 646\/1-83 y<\/p>\n<p>Algunas apreciaciones del r\u00e9gimen escalafonario en la Administraci\u00f3n P\u00fablica Centralizada de Tucum\u00e1n (antecedentes normativos)<\/p>\n<p><strong>Normativa:<\/strong><\/p>\n<p>Ley 3941 (Escalaf\u00f3n del Personal de la Administraci\u00f3n P\u00fablica).<\/p>\n<p>Ley 5907 Funcionarios de Conducci\u00f3n (Categor\u00edas 23 y 24)<\/p>\n<p>Ley 6181 (Estabilidad al Personal Transitorio, Contratado, Mensualizado y Jornalizado con 2 a\u00f1os de antig\u00fcedad a partir del 01\/07\/1991).<\/p>\n<p>Decreto 2685\/3-2004 y art\u00edculo 11\u00ba de la Ley N\u00ba 7.531 (Recategorizaci\u00f3n y Titularizaci\u00f3n del personal con 3 a\u00f1os de antig\u00fcedad en la Administraci\u00f3n P\u00fablica Provincial al 30\/06\/2004. Pasando los que tengan menos de la Categor\u00eda 15 a \u00e9sta \u00faltima, y los comprendidos entre la 15 y 18 a la inmediata superior).<\/p>\n<p>Decretos 1783\/3 (ME) del 23\/05\/2007, 1954\/3 (ME) del 05\/06\/2007, y 410\/1 del 02\/03\/2009 (Adicional remunerativo equivalente a la Categor\u00eda inmediata superior entre 19 a 21, promoci\u00f3n al Titular en Planta Permanente, Encasillamiento al Interino,\u00a0 y remuneraci\u00f3n equivalente al Planta No Permanente con 3 a\u00f1os de antig\u00fcedad al 31\/12\/2006.<\/p>\n<p><strong>Segunda Parte<\/strong><\/p>\n<p>MIRANDA MIRANDA, Juan Jos\u00e9. \u201cGesti\u00f3n de Proyectos\u201d. 2004.<br \/>\nSAPAG CHAIN y SAPAG CHAIN \u201cPreparaci\u00f3n y evaluaci\u00f3n de proyectos\u201d. McGrawHill.<br \/>\nSOBRERO Francisco. \u201cEvoluci\u00f3n del Concepto de Proyecto de Inversi\u00f3n\u201d.<\/p>\n<p>FONTAINE. \u201cEvaluaci\u00f3n social de proyectos\u201d. Universidad Cat\u00f3lica de Chile, 2000<\/td>\n<\/tr>\n<tr>\n<td width=\"158\">Econom\u00eda y Estado<\/td>\n<td width=\"461\">STIGLITZ J. E.: \u201cLa econom\u00eda del sector p\u00fablico\u201d, A. Bosch editor, Barcelona 1992: Cap\u00edtulos 1, 3, 4 y 7.MANKIW G.: \u201c\u201dPrincipios de Econom\u00eda\u201d, Ed. McGraw-Hill, Madrid. Cap\u00edtulos 1 a 6.MANKIW G.: \u201cMacroeconom\u00eda\u201d, A. Bosch editor, Barcelona 1999. Cap\u00edtulos 1, 2 y 7 (7.1, 7.3 y 7.4).<\/p>\n<p>STIGLITZ J. E.: \u201cLa econom\u00eda del sector p\u00fablico\u201d, A. Bosch editor, Barcelona 1992.<\/p>\n<p>BUCHANAN J. M. and MUSGRAVE R. A.: \u201cPublic finance and public choice\u201d, MIT press, USA 1999.<\/p>\n<p>MANKIW G.: \u201c\u201dPrincipios de Econom\u00eda\u201d, Ed. McGraw-Hill<\/p>\n<p>MANKIW G.: \u201cMacroeconom\u00eda\u201d, A. Bosch editor, Barcelona 1999.<\/p>\n<p>Ferullo Hugo D.: \u201cLuces y Sombras del Pensamiento Econ\u00f3mico Moderno\u201d<\/p>\n<p>Ferullo Hugo D.: \u201cLa Complejidad Social del Pensamiento Econ\u00f3mico\u201d \u2013Ensayos-<\/td>\n<\/tr>\n<tr>\n<td width=\"158\">Reforma del Estado<\/td>\n<td width=\"461\">La restricci\u00f3n econ\u00f3mica y la democr\u00e1tica, Luiz Bresser Pereira, 2001La toma de decisiones en la Administraci\u00f3n P\u00fablica, Ra\u00fal Garc\u00eda, 2013Conceptos e implementaci\u00f3n de la modernizaci\u00f3n del estado en Tucum\u00e1n, Ra\u00fal Garc\u00eda, 2009<\/p>\n<p>Pol\u00edticas de modernizaci\u00f3n en la administraci\u00f3n p\u00fablica de Tucum\u00e1n: 1990-2013, Ra\u00fal Garc\u00eda, 2014<\/p>\n<p>Apuntes sobre Reforma del Estado, Ra\u00fal Garc\u00eda, 2004<\/p>\n<p>Hacia un servicio p\u00fablico, creativo y visionario: la formaci\u00f3n de agentes de cambio, Jorge Valencia Sandoval, 1998.<\/p>\n<p>Manual de Planificaci\u00f3n Estrat\u00e9gica, Direcci\u00f3n de Modernizaci\u00f3n, 2004<\/p>\n<p>Manual de Reingenier\u00eda de Procesos, Direcci\u00f3n de Modernizaci\u00f3n, 2004<\/p>\n<p>Reingenier\u00eda, Hammer y Champy, Caps. 2 y 3, 1994<\/p>\n<p>Gobierno Digital, CITAF-OEA, 2004<\/p>\n<p>La modernizaci\u00f3n del estado en Tucum\u00e1n, Ra\u00fal Garc\u00eda, 2009<\/p>\n<p>Todos los a\u00f1os se incorporar\u00e1 material bibliogr\u00e1fico actualizado sobre la tem\u00e1tica para la discusi\u00f3n en clase con los alumnos.<\/td>\n<\/tr>\n<tr>\n<td width=\"158\">Sociedad , Estado y Pol\u00edtica<\/td>\n<td width=\"461\">Abal Medina, Juan Manuel (2010). Manual de ciencia pol\u00edtica. Eudeba, Buenos Aires. (cap\u00edtulo 2: El Estado). Trabajo con nociones conceptuales b\u00e1sicas.Skocpol, Theda (1989). \u201cEl Estado regresa al primer plano: Estrategias de an\u00e1lisis en la investigaci\u00f3n actual\u201d. En: Zona Abierta, Madrid, 50. Enero-marzo. Tambi\u00e9n publicado en: Proyecto de Modernizaci\u00f3n del Estado (2007). Lecturas sobre el Estado y las pol\u00edticas p\u00fablicas: retomando el debate de ayer para fortalecer el actual. Buenos Aires: Proyecto de Modernizaci\u00f3n del Estado- JEGAMIN.Oszlak, Oscar (1998). Estado y sociedad \u00bfnuevas reglas de juego?. En: Revista Reforma y Democracia, N\u00ba9. Consejo Latinoamericano de Administraci\u00f3n para el Desarrollo. Caracas.\u00a0\u00a0 (PAGINAS 1 A 25) \u2013Acceso a trav\u00e9s de Biblioteca Virtual TOP (<a href=\"http:\/\/www.top.org.ar\/\">www.top.org.ar)<\/a><\/p>\n<p>Mann, Michael. 2004. \u201cLa Crisis del Estado Naci\u00f3n en Am\u00e9rica Latina\u201d. En:<\/p>\n<p>Revista Desarrollo Econ\u00f3mico, n\u00ba 174, julio-septiembre. Pp. 179-198.<\/p>\n<p>O&#8217; Donnell, Guillermo (2004). \u201cNotas sobre la democracia en Am\u00e9rica Latina\u201d. En: La Democracia en Am\u00e9rica Latina. Hacia una democracia de ciudadanas y ciudadanos. PNUD, New York. (P\u00c1GINAS 7 A 42) Acceso a trav\u00e9s de PNUD (<a href=\"http:\/\/democracia.undp.org\/Informe\/Default.asp?Menu=15&amp;Idioma=1\">http:\/\/democracia.undp.org\/Informe\/Default.asp?Menu=15&amp;Idioma=1)<\/a><\/p>\n<p>Sartori,\u00a0 Giovanni\u00a0 (1994).\u00a0 Ingenier\u00eda constitucional\u00a0 comparada.\u00a0 Una investigaci\u00f3n de estructuras, incentivos y resultados. M\u00e9xico DF: FCE. CAP\u00cdTULOS V, VI Y VII. \u2013 PARA LA CLASE SE RECOMIENDA LA LECTURA DEL CAP\u00cdTULO VI (PRESIDENCIALISMO).<\/p>\n<p>O&#8217; Donnell, Guillermo (1998). \u201cAccountability Horizontal\u201d. En: Revista \u00c1gora, n\u00ba 8, a\u00f1o 4. Verano de 1998.<\/p>\n<p>Oszlak, Oscar (2003). \u201c\u00bfResponsabilizaci\u00f3n y respondibilidad?: El sujeto y el objeto de un Estado responsable\u201d.<\/p>\n<p>Negretto, Gabriel (2002). \u00ab\u00bfGobierna solo el Presidente? Poderes de decreto y dise\u00f1o institucional en Brasil y Argentina\u00bb. En: Revista Desarrollo Econ\u00f3mico, vol. 42, N\u00ba 167, octubre-diciembre 2002 (pp. 377-404).<\/p>\n<p>Perez Li\u00f1an, An\u00edbal (2008). \u201cInstituciones, coaliciones callejeras e inestabilidad pol\u00edtica: perspectivas te\u00f3ricas sobre las crisis presidenciales\u201d. En: Am\u00e9rica Latina Hoy, agosto, nro. 49 (105-129).<\/p>\n<p>Oszlak, Oscar; O\u2019 Donnell, Guillermo (1976). Estado y pol\u00edticas estatales en Am\u00e9rica Latina: hacia una estrategia de investigaci\u00f3n. Documento G.E. CLACSO n\u00b04. Buenos Aires: CEDES.<\/p>\n<p>Oszlak, Oscar (2006). \u201cBurocracia estatal: pol\u00edtica y pol\u00edticas p\u00fablicas\u201d. En:<\/p>\n<p>Revista POSTData, n\u00ba 11. Buenos Aires.<\/p>\n<p>Aguilar Villanueva, Luis (1992) \u201cProblemas P\u00fablicos y Agenda de Gobierno: Estudio\u00a0 Introductorio\u201d.\u00a0 En:\u00a0 Aguilar\u00a0 Villanueva\u00a0 (comp.)\u00a0 La\u00a0 hechura\u00a0 de\u00a0 las pol\u00edticas p\u00fablicas. M\u00e9xico DF: Miguel Angel Porr\u00faa.<\/p>\n<p>Subirats, Joan (1993). An\u00e1lisis de pol\u00edticas p\u00fablicas y eficacia de la Administraci\u00f3n. Madrid: MAP.\u00a0\u00a0 Cap. II- \u201cDefinici\u00f3n del problema. Relevancia p\u00fablica y formaci\u00f3n de la agenda de actuaci\u00f3n de los poderes p\u00fablicos\u201d. Cap. III- \u201cAlternativas de actuaci\u00f3n y an\u00e1lisis de prospectiva. Toma de decisiones y fijaci\u00f3n de objetivos\u201d.<\/p>\n<p>Alonso,\u00a0\u00a0 Guillermo\u00a0\u00a0 (2007).\u00a0\u00a0 \u201cElementos\u00a0\u00a0 para\u00a0\u00a0 el\u00a0\u00a0 an\u00e1lisis\u00a0\u00a0 de\u00a0\u00a0 capacidades estatales\u201d. En: Alonso, Guillermo (ed.). Capacidades estatales, instituciones y pol\u00edtica social. Buenos Aires: Prometeo Libros.<\/p>\n<p>Lodola, Germ\u00e1n (2005) \u201cProtesta popular y redes clientelares en la Argentina: El reparto federal del Plan Trabajar (1996-2001)\u201d, Desarrollo Econ\u00f3mico 44 (176), pp. 515-536.<\/p>\n<p>Etchemendy, Sebasti\u00e1n (2001). <a href=\"http:\/\/www.utdt.edu\/download.php?fname=_127127885847134000.pdf\">\u201cConstruir Coaliciones Reformistas: La Pol\u00edtica<\/a> <a href=\"http:\/\/www.utdt.edu\/download.php?fname=_127127885847134000.pdf\">de\u00a0\u00a0 las\u00a0\u00a0 Compensaciones\u00a0\u00a0 en\u00a0\u00a0 el\u00a0\u00a0 Camino\u00a0\u00a0 Argentino\u00a0\u00a0 a\u00a0\u00a0 la\u00a0\u00a0 Liberalizaci\u00f3n<\/a> <a href=\"http:\/\/www.utdt.edu\/download.php?fname=_127127885847134000.pdf\">Econ\u00f3mica\u201d e<\/a>n Desarrollo Econ\u00f3mico Enero-Marzo 2001<\/p>\n<p>Jordana, Jacint (2002). Relaciones Intergubernamentales y descentralizaci\u00f3n en Am\u00e9rica Latina. Casos de Argentina y Bolivia. Serie Documentos de Trabajo I-38 UE. Social Institute Development INDES-BID. CAP\u00cdTULOS 1 Y 2. Puede verse a trav\u00e9s de INDES (<a href=\"http:\/\/indes.iadb.org\/verpub.asp?docNum=15730\">http:\/\/indes.iadb.org\/verpub.asp?docNum=15730#)<\/a><\/p>\n<p>Repetto, Fabi\u00e1n (2010). \u201cCoordinaci\u00f3n de pol\u00edticas sociales: abordajes conceptuales y revisi\u00f3n de experiencias latinoamericanas\u201d. En: Acu\u00f1a, Carlos (comp). Los desaf\u00edos de la coordinaci\u00f3n e integralidad de las pol\u00edticas y gesti\u00f3n p\u00fablica en Am\u00e9rica Latina. Buenos Aires: Jefatura de Gabinete de Ministros.<\/p>\n<p>Escolar, M.; Calvo, E. (2003) \u201cLas tres reformas: personalizaci\u00f3n, eficacia y gobernabilidad\u201d. En: Revista Pol\u00edtica y Gesti\u00f3n, 5 (5). M\u00e9xico DF<\/td>\n<\/tr>\n<tr>\n<td width=\"158\">Derecho Constitucional y Administrativo<\/td>\n<td width=\"461\">Ley de Procedimiento Administrativo N&#8217; 19.549 comentada y Decreto Reglamentario 1759\/72. Texto Ordenado Decreto 1883\/91CASSAGNE, Juan Carlos: DERECHO ADMINISTRATIVO, Va.\u00a0 Edic. Abeledo-Perrot,COMADIRA, Julio Rodolfo, DERECHO ADMINISTRATIVO.<\/p>\n<p>COMADIRA, Julio Rodolfo,\u00a0 LA LICITACI\u00d3N P\u00daBLICA.<\/p>\n<p>GORDILLO, Agust\u00edn A., TRATADO DE DERECHO ADMINISTRATIVO.<\/p>\n<p>MARIENHOFF, Miguel S. TRATADO DE DERECHO ADMINISTRATIVO.<\/p>\n<p>&nbsp;<\/td>\n<\/tr>\n<\/tbody>\n<\/table>\n<p>&nbsp;<\/p>\n","protected":false},"excerpt":{"rendered":"<p>Gesti\u00f3n dePol\u00edticasP\u00fablicas &nbsp; &nbsp; &nbsp; &nbsp; &nbsp; Cunill Grau, Nuria (2012): \u201c\u00bfQu\u00e9 ha pasado con lo p\u00fablico en los \u00faltimos 30 a\u00f1os? Balance y perspectivas\u201d. Revista del CLAD Reforma y Democracia. No. 52. Caracas. http:\/\/www.clad.org\/portal\/publicaciones-del-clad\/revista-clad-reforma-democracia\/articulosMuller, Pierre (2006): Las pol\u00edticas p\u00fablicas, Introducci\u00f3n y Cap\u00edtulo Primero. Universidad Externado de Colombia, Bogot\u00e1.Subirats, Joan (2010): \u201cSi la respuesta es &hellip; <a href=\"https:\/\/face.unt.edu.ar\/web\/adminpublica\/bibliografia-carrera\/\" class=\"more-link\">Seguir leyendo <span class=\"screen-reader-text\">Bibliograf\u00eda Carrera<\/span> <span class=\"meta-nav\">&rarr;<\/span><\/a><\/p>\n","protected":false},"author":9,"featured_media":0,"parent":0,"menu_order":0,"comment_status":"open","ping_status":"open","template":"","meta":{"footnotes":""},"_links":{"self":[{"href":"https:\/\/face.unt.edu.ar\/web\/adminpublica\/wp-json\/wp\/v2\/pages\/263"}],"collection":[{"href":"https:\/\/face.unt.edu.ar\/web\/adminpublica\/wp-json\/wp\/v2\/pages"}],"about":[{"href":"https:\/\/face.unt.edu.ar\/web\/adminpublica\/wp-json\/wp\/v2\/types\/page"}],"author":[{"embeddable":true,"href":"https:\/\/face.unt.edu.ar\/web\/adminpublica\/wp-json\/wp\/v2\/users\/9"}],"replies":[{"embeddable":true,"href":"https:\/\/face.unt.edu.ar\/web\/adminpublica\/wp-json\/wp\/v2\/comments?post=263"}],"version-history":[{"count":7,"href":"https:\/\/face.unt.edu.ar\/web\/adminpublica\/wp-json\/wp\/v2\/pages\/263\/revisions"}],"predecessor-version":[{"id":275,"href":"https:\/\/face.unt.edu.ar\/web\/adminpublica\/wp-json\/wp\/v2\/pages\/263\/revisions\/275"}],"wp:attachment":[{"href":"https:\/\/face.unt.edu.ar\/web\/adminpublica\/wp-json\/wp\/v2\/media?parent=263"}],"curies":[{"name":"wp","href":"https:\/\/api.w.org\/{rel}","templated":true}]}}