{"id":269,"date":"2015-10-26T22:57:18","date_gmt":"2015-10-26T22:57:18","guid":{"rendered":"http:\/\/face.unt.edu.ar\/web\/adminpublica\/?page_id=269"},"modified":"2015-11-11T13:06:38","modified_gmt":"2015-11-11T13:06:38","slug":"trabajos-finales","status":"publish","type":"page","link":"https:\/\/face.unt.edu.ar\/web\/adminpublica\/trabajos-finales\/","title":{"rendered":"Trabajos Finales"},"content":{"rendered":"<ul>\n<li>Aplicaci\u00f3n de una Reingenier\u00eda en una Repartici\u00f3n Estatal &#8211; Lic. Luis Angel Solorzano &#8211; 2006<\/li>\n<li>Circuito de liquidaci\u00f3n de haberes &#8211; Elena Divarvaro &#8211; 2006<\/li>\n<li>Construcci\u00f3n de la Agenda de temas prioritarios del ministerio de desarrollo productivo de la provincia de Tucum\u00e1n &#8211; Jacqueline Carolina Buzza &#8211; 2006<\/li>\n<li>Creaci\u00f3n de un centro \u00fanico de atenci\u00f3n de llamadas de emergencia &#8211; Maximiliano Moeykens &#8211; 2006<\/li>\n<li>Diagnostico organizacional de la Direcci\u00f3n de Medio Ambiente de Tucum\u00e1n &#8211; Florencia Sayago &#8211; 2006<\/li>\n<li>Escaso o nulo desarrollo de capacidades inform\u00e1ticas integradas en el Ministerio de Desarrollo Productivo &#8211; Martin Lopez Pondal &#8211; 2006<\/li>\n<li>Hacia el presupuesto participativo en Tucum\u00e1n &#8211; Jos\u00e9 Antonio Gonz\u00e1lez &#8211; 2006<\/li>\n<li>Implementaci\u00f3n de tecnolog\u00edas de la informaci\u00f3n y las comunicaciones para el sistema estad\u00edstico provincial dentro de la Direcci\u00f3n de Estad\u00edsticas de la Provincia de Tucum\u00e1n &#8211; Ing. Claudia Oscar Chaile &#8211; 2006<\/li>\n<li>La capacitaci\u00f3n como eje &#8211; Adriana Aguirre &#8211; 2006<\/li>\n<li>M\u00e9todos e indicadores para la evaluaci\u00f3n de instituciones policiales eficientes y Democr\u00e1ticas &#8211; Mar\u00eda M\u00f3nica Aguirre &#8211; 2006<\/li>\n<li>Plan de Mejora en la Gesti\u00f3n de la atenci\u00f3n del ciudadano en la Direcci\u00f3n de personas jur\u00eddicas &#8211; Ver\u00f3nica Stok &#8211; 2006<\/li>\n<li>Propuesta de Informatizaci\u00f3n del proceso de gesti\u00f3n de ejecuci\u00f3n presupuestaria en una unidad organizacional &#8211; Silvia Graciela Fattor &#8211; 2006<\/li>\n<li>Proyecto Fabril: Comisi\u00f3n Interministerial, Secretaria de Planeamiento, Secretaria de Desarrollo Social IPACYM &#8211; Arq. Exequiel Fiorenza &#8211; 2006<\/li>\n<li>Reingenier\u00eda de proceso en la municipalidad de concepci\u00f3n &#8211; Cristian Alejandro Renner &#8211; 2006<\/li>\n<li>Trampa de la actividad en la reingenier\u00eda de un organismo del Estado &#8211; Nicol\u00e1s Grosso &#8211; 2006<\/li>\n<li>Los objetivos de desarrollo del Milenio y el medio ambiente en la provincia de Tucum\u00e1n &#8211; Ana Mar\u00eda Vece &#8211; 2007<\/li>\n<li>Plan de trabajo para un cambio estructurado en la direcci\u00f3n de comercio interior de la provincia &#8211; Mar\u00eda de los Angeles Ferre &#8211; 2007<\/li>\n<li>Proyecto Intranet de la Secretaria de Planeamiento Casa de Gobiernos de Tucum\u00e1n &#8211; Ing. Silvia Balestrieri &#8211; 2007<\/li>\n<li>Reingenier\u00eda de procesos y generaci\u00f3n tablero de control &#8211; Secretaria General de Pol\u00edticas Sociales &#8211; H\u00e9ctor Fabi\u00e1n Canto &#8211; 2007<\/li>\n<li>Un modelo interdisciplinario e inter-institucional de abordaje de la violencia familiar &#8211; Pedro Miguel Costaz &#8211; 2007<\/li>\n<li>Cuadro de Mando Integral contadur\u00eda general de la provincia &#8211; CR. Franco Sebasti\u00e1n Almonacid &#8211; 2009<\/li>\n<li>Elaboraci\u00f3n y puesta en marcha de la operatoria del Consorcio de Gesti\u00f3n para el Desarrollo Local de Tucum\u00e1n con la Caja Popular de Ahorros de la Provincia &#8211; Mariana Perea &#8211; 2009<\/li>\n<li>Implementaci\u00f3n del programa de apoyo econ\u00f3mico para microemprendimientos para personas con discapacidad &#8211; Dora Silvia Zlachevsky &#8211; 2009<\/li>\n<li>Mi Lugar de Trabajo: Centro Judicial Concepci\u00f3n &#8211; Cr. Prieto Miguel Ra\u00fal &#8211; 2009<\/li>\n<li>Redise\u00f1o de Procesos- Asesor\u00eda Letrada General del Departamento de polic\u00eda &#8211; Rocha Cynthia Lorena &#8211; 2009<\/li>\n<li>Dise\u00f1o de una v\u00eda alternativa para disminuir los tiempos de tramitaci\u00f3n para la obtenci\u00f3n del t\u00edtulo de doctor en la Facultad de Bioqu\u00edmica, Qu\u00edmica y Farmacia &#8211; Ana Mar\u00eda Zenoff &#8211; 2011<\/li>\n<li>El merito como fundamento de acceso al empleo p\u00fablico &#8211; Ramiro Garrocho &#8211; 2011<\/li>\n<li>La Inconstitucionalidad de los Pactos Fiscales para el Saneamiento y la Paz Social entre la Provincia de Tucum\u00e1n y sus Municipios &#8211; Lic. Lourdes Jimenez Brito &#8211; 2011<\/li>\n<li>Propuesta para mejorar la satisfacci\u00f3n laboral y reducir el ausentismo en el Hospital del Ni\u00f1o Jes\u00fas &#8211; Gabriela Tejerina &#8211; 2011<\/li>\n<li>Redise\u00f1o estructura organizativa Caja Popular de Ahorro de Tucum\u00e1n &#8211; Lic. Viviana Andole &#8211; 2011<\/li>\n<li>Reforma del procedimiento administrativo: la mesa de entradas, salidas y archivo de la Facultad de Arquitectura &#8211; Transito del Carmen Jim\u00e9nez &#8211; 2011<\/li>\n<li>Sistema de control de rendici\u00f3n de cuentas en Comunas Rurales &#8211; Cr. Alejandra Millan &#8211; 2011<\/li>\n<li>T\u00e9cnica de presupuesto por programas aplicaci\u00f3n FCET &#8211; UNT &#8211; Cr. Gabriela Sanchez &#8211; 2011<\/li>\n<li>An\u00e1lisis del impacto de la implementaci\u00f3n del SAFyC (Sistema de Administraci\u00f3n Financiera y Control) en la Secretar\u00eda de Estado de Prensa y Difusi\u00f3n, Repartici\u00f3n perteneciente a la administraci\u00f3n p\u00fablica centralizada. &#8211; Liliana Toranzo &#8211; 2012<\/li>\n<li>LINEAMIENTOS ESTRAT\u00c9GICOS PARA LA GESTI\u00d3N DEL INSTITUTO DE QU\u00cdMICA DEL NOROESTE ARGENTINO &#8211; DANIELA BEATRIZ REYNOSO &#8211; 2012<\/li>\n<li>Cambio Organizacional e4n la Secretaria general Administrativa del SIPROSA &#8211; Flavia Lorena Estofan &#8211; 2013<\/li>\n<li>El financiamiento municipal: teor\u00eda y la realidad actual &#8211; Municipalidad de Yerba Buena &#8211; Tucum\u00e1n &#8211; Marcelo Albaca Petersen &#8211; 2013<\/li>\n<li>Elaboraci\u00f3n de manual de procedimientos de la aseguradora de riesgo de trabajo de la Caja Popular de Ahorros de la provincia de Tucum\u00e1n &#8211; Andrea Lorenzo &#8211; 2013<\/li>\n<li>Hacia un Sistema de Obras Sociales Inclusivo &#8211; Carolina Gramajo &#8211; 2013<\/li>\n<li>La Gesti\u00f3n Tributaria Municipal: Municipalidad San Isidro de Lules &#8211; Angel Eduardo Hernandez &#8211; 2013<\/li>\n<li>Programa para mejorar la comunicaci\u00f3n en la SEUNT &#8211; Lic. Walter Lockley &#8211; 2013<\/li>\n<li>PROPUESTA DE MEJORA EN LA ADMINISTRACION FINANCIERA DEL HOSPITAL DEL NI\u00d1O JESUS &#8211; Rita Brito &#8211; 2013<\/li>\n<li>RECLUTAMIENTO Y SELECCI\u00d3N DEL RR-HH ENFERMERIA EN EL CENTRO OFTALMOLOGICO UNIVERSITARIO &#8211; LIC. GOMEZ, GILDA &#8211; 2013<\/li>\n<li>Sistema de Gesti\u00f3n en un Municipio &#8211; Liliana I. Ag\u00fcera &#8211; 2013<\/li>\n<li>Eficiencia en la gesti\u00f3n administrativa de expedientes &#8211; Ra\u00fal H\u00e9ctor Nieva &#8211; 2014<\/li>\n<li>Experiencia de reingenier\u00eda de procesos: simplificaci\u00f3n del tr\u00e1mite de justificaci\u00f3n de inasistencias por enfermedad de larga evoluci\u00f3n del personal del Ministerio de Desarrollo Productivo &#8211; Periodo 2008-2010 &#8211; Sofia Mastrolorenzo &#8211; 2014<\/li>\n<li>Garant\u00edas constitucionales del debido proceso: su operatividad en la investigaci\u00f3n administrativa del servicio penitenciario de la provincia de Tucum\u00e1n &#8211; Mar\u00eda Soledad Lozano &#8211; 2014<\/li>\n<li>La Administraci\u00f3n por objetivos en la Administraci\u00f3n P\u00fablica &#8211; Martin Hern\u00e1n Torres &#8211; 2014<\/li>\n<li>Las contrataciones del Estado &#8211; Situaci\u00f3n actual y necesidad de su reforma &#8211; Mar\u00eda In\u00e9s Pedroso &#8211; 2014<\/li>\n<li>Mejorar la oficina en la administraci\u00f3n de los fondos en los proyectos COFECYT administrados por fundaci\u00f3n ArgenINTA &#8211; Jos\u00e9 Fernando Martin &#8211; 2014<\/li>\n<li>Oficina de Violencia domestica de la CSJT &#8211; Dra. Florencia Stel &#8211; 2014<\/li>\n<li>Pol\u00edticas publicas en materia de econom\u00eda social -aproximaci\u00f3n a la articulaci\u00f3n entre teor\u00eda y pr\u00e1ctica &#8211; Norma Patricia Gonzalez &#8211; 2014<\/li>\n<li>Proceso de Gesti\u00f3n Institucional de la escuela de artes y oficios Obispo Colombres &#8211; Luisa Emilia Luna &#8211; 2014<\/li>\n<li>Reingenier\u00eda de procesos en la Administraci\u00f3n P\u00fablica &#8211; Alfredo Francisco Terraf &#8211; 2014<\/li>\n<li>De PRESEA A PROIS-WIN &#8211; Innovaci\u00f3n Regional Vs. Tradicionalismo Inform\u00e1tico &#8211; Ver\u00f3nica Cabral &#8211; 2015<\/li>\n<li>El deber respeta la dignidad humana &#8211; extensi\u00f3n \u00e1ulica de Tafi del Valle &#8211; modelo ejemplar de integraci\u00f3n &#8211; Francisco Reynoso Acosta &#8211; 2015<\/li>\n<li>La importancia del departamento de RRHH en las escuelas &#8211; Silvia Susana Verasaluce &#8211; 2015<\/li>\n<\/ul>\n","protected":false},"excerpt":{"rendered":"<p>Aplicaci\u00f3n de una Reingenier\u00eda en una Repartici\u00f3n Estatal &#8211; Lic. Luis Angel Solorzano &#8211; 2006 Circuito de liquidaci\u00f3n de haberes &#8211; Elena Divarvaro &#8211; 2006 Construcci\u00f3n de la Agenda de temas prioritarios del ministerio de desarrollo productivo de la provincia de Tucum\u00e1n &#8211; Jacqueline Carolina Buzza &#8211; 2006 Creaci\u00f3n de un centro \u00fanico de atenci\u00f3n &hellip; <a href=\"https:\/\/face.unt.edu.ar\/web\/adminpublica\/trabajos-finales\/\" class=\"more-link\">Seguir leyendo <span class=\"screen-reader-text\">Trabajos Finales<\/span> <span class=\"meta-nav\">&rarr;<\/span><\/a><\/p>\n","protected":false},"author":9,"featured_media":0,"parent":0,"menu_order":0,"comment_status":"open","ping_status":"open","template":"","meta":{"footnotes":""},"_links":{"self":[{"href":"https:\/\/face.unt.edu.ar\/web\/adminpublica\/wp-json\/wp\/v2\/pages\/269"}],"collection":[{"href":"https:\/\/face.unt.edu.ar\/web\/adminpublica\/wp-json\/wp\/v2\/pages"}],"about":[{"href":"https:\/\/face.unt.edu.ar\/web\/adminpublica\/wp-json\/wp\/v2\/types\/page"}],"author":[{"embeddable":true,"href":"https:\/\/face.unt.edu.ar\/web\/adminpublica\/wp-json\/wp\/v2\/users\/9"}],"replies":[{"embeddable":true,"href":"https:\/\/face.unt.edu.ar\/web\/adminpublica\/wp-json\/wp\/v2\/comments?post=269"}],"version-history":[{"count":2,"href":"https:\/\/face.unt.edu.ar\/web\/adminpublica\/wp-json\/wp\/v2\/pages\/269\/revisions"}],"predecessor-version":[{"id":289,"href":"https:\/\/face.unt.edu.ar\/web\/adminpublica\/wp-json\/wp\/v2\/pages\/269\/revisions\/289"}],"wp:attachment":[{"href":"https:\/\/face.unt.edu.ar\/web\/adminpublica\/wp-json\/wp\/v2\/media?parent=269"}],"curies":[{"name":"wp","href":"https:\/\/api.w.org\/{rel}","templated":true}]}}