{"id":27,"date":"2014-09-28T02:10:29","date_gmt":"2014-09-28T02:10:29","guid":{"rendered":"http:\/\/face.unt.edu.ar\/web\/adminpublica\/?page_id=27"},"modified":"2014-10-09T14:12:03","modified_gmt":"2014-10-09T14:12:03","slug":"objetivos-del-programa","status":"publish","type":"page","link":"https:\/\/face.unt.edu.ar\/web\/adminpublica\/objetivos-del-programa\/","title":{"rendered":"Objetivos del Programa"},"content":{"rendered":"<p><b>Objetivos del Programa<\/b><\/p>\n<p>La Especializaci\u00f3n en Administraci\u00f3n P\u00fablica es un programa de estudios de un a\u00f1o de duraci\u00f3n, tendiente a formar \u201cGerentes P\u00fablicos\u201d, <b>es decir administradores capaces de responder a las necesidades de la poblaci\u00f3n, configurando organizaciones adecuadas.<\/b><\/p>\n<p>En las diferentes \u00e1reas del Estado se requieren un conjunto de conocimientos que constituyen la formaci\u00f3n de un \u201cGerente P\u00fablico\u201d.<\/p>\n<p>En el \u00e1rea de Seguridad, por ejemplo, es necesario reunir grupos adecuados de personas, elementos materiales, pol\u00edticas y reglas de desempe\u00f1o, medios de informaci\u00f3n y un comportamiento determinado.<\/p>\n<p>La formaci\u00f3n de un gerente permite optimizar la mezcla de estos recursos. Lo mismo puede decirse para las \u00e1reas de Educaci\u00f3n, Empleo, Justicia, Relaciones Internacionales o cualquiera de las que componen el Estado.<\/p>\n<p>&nbsp;<\/p>\n","protected":false},"excerpt":{"rendered":"<p>Objetivos del Programa La Especializaci\u00f3n en Administraci\u00f3n P\u00fablica es un programa de estudios de un a\u00f1o de duraci\u00f3n, tendiente a formar \u201cGerentes P\u00fablicos\u201d, es decir administradores capaces de responder a las necesidades de la poblaci\u00f3n, configurando organizaciones adecuadas. En las diferentes \u00e1reas del Estado se requieren un conjunto de conocimientos que constituyen la formaci\u00f3n de &hellip; <a href=\"https:\/\/face.unt.edu.ar\/web\/adminpublica\/objetivos-del-programa\/\" class=\"more-link\">Seguir leyendo <span class=\"screen-reader-text\">Objetivos del Programa<\/span> <span class=\"meta-nav\">&rarr;<\/span><\/a><\/p>\n","protected":false},"author":9,"featured_media":0,"parent":0,"menu_order":2,"comment_status":"open","ping_status":"open","template":"","meta":{"footnotes":""},"_links":{"self":[{"href":"https:\/\/face.unt.edu.ar\/web\/adminpublica\/wp-json\/wp\/v2\/pages\/27"}],"collection":[{"href":"https:\/\/face.unt.edu.ar\/web\/adminpublica\/wp-json\/wp\/v2\/pages"}],"about":[{"href":"https:\/\/face.unt.edu.ar\/web\/adminpublica\/wp-json\/wp\/v2\/types\/page"}],"author":[{"embeddable":true,"href":"https:\/\/face.unt.edu.ar\/web\/adminpublica\/wp-json\/wp\/v2\/users\/9"}],"replies":[{"embeddable":true,"href":"https:\/\/face.unt.edu.ar\/web\/adminpublica\/wp-json\/wp\/v2\/comments?post=27"}],"version-history":[{"count":2,"href":"https:\/\/face.unt.edu.ar\/web\/adminpublica\/wp-json\/wp\/v2\/pages\/27\/revisions"}],"predecessor-version":[{"id":212,"href":"https:\/\/face.unt.edu.ar\/web\/adminpublica\/wp-json\/wp\/v2\/pages\/27\/revisions\/212"}],"wp:attachment":[{"href":"https:\/\/face.unt.edu.ar\/web\/adminpublica\/wp-json\/wp\/v2\/media?parent=27"}],"curies":[{"name":"wp","href":"https:\/\/api.w.org\/{rel}","templated":true}]}}