{"id":29,"date":"2014-09-28T02:11:45","date_gmt":"2014-09-28T02:11:45","guid":{"rendered":"http:\/\/face.unt.edu.ar\/web\/adminpublica\/?page_id=29"},"modified":"2015-02-21T20:37:56","modified_gmt":"2015-02-21T20:37:56","slug":"descripcion-general","status":"publish","type":"page","link":"https:\/\/face.unt.edu.ar\/web\/adminpublica\/descripcion-general\/","title":{"rendered":"Descripci\u00f3n General"},"content":{"rendered":"<p><b>Descripci\u00f3n<\/b><\/p>\n<p>Se ha logrado un acuerdo con la UBA a los efectos que los principales profesores de su Maestr\u00eda en Administraci\u00f3n P\u00fablica, que funciona desde 1991 y calificada Excelente por la CONEAU, dicten los cursos centrales del programa, asegurando \u00a0la experiencia y el nivel acad\u00e9mico. \u00a0El resto de los cursos esta a cargo de docentes del Magister en Administraci\u00f3n de la UNT, que tiene calificaci\u00f3n de Muy Bueno en la misma CONEAU.<\/p>\n<p><b>Carga Horaria<\/b><\/p>\n<p>El Ciclo Anual se compone de tres trimestres con nueve cursos y un seminario; totalizando trescientas ochenta (380) horas de clases. Las clases de 12 horas semanales se dictan alternativamente al principio o al final de la semana<\/p>\n<p><b>Otras Caracter\u00edsticas<\/b><\/p>\n<ul>\n<li>Al comienzo de cada curso se entrega todo el material bibliogr\u00e1fico necesario.<br \/>\nLos participantes cuentan con acceso a \u00a0biblioteca y hemeroteca con elementos actualizados permanentemente.<\/li>\n<li>Se utilizan aulas\u00a0inform\u00e1ticas, con acceso a modernas herramientas pedag\u00f3gicas y de investigaci\u00f3n, incluyendo herramientas Web 2.0, software como servicio y procesamiento en la nube, videos especificos y acceso a bases de datos.<\/li>\n<li>El cupo es de 40 alumnos<\/li>\n<li>Se financia el costo del programa<\/li>\n<\/ul>\n<p>&nbsp;<\/p>\n<p>&nbsp;<\/p>\n","protected":false},"excerpt":{"rendered":"<p>Descripci\u00f3n Se ha logrado un acuerdo con la UBA a los efectos que los principales profesores de su Maestr\u00eda en Administraci\u00f3n P\u00fablica, que funciona desde 1991 y calificada Excelente por la CONEAU, dicten los cursos centrales del programa, asegurando \u00a0la experiencia y el nivel acad\u00e9mico. \u00a0El resto de los cursos esta a cargo de docentes &hellip; <a href=\"https:\/\/face.unt.edu.ar\/web\/adminpublica\/descripcion-general\/\" class=\"more-link\">Seguir leyendo <span class=\"screen-reader-text\">Descripci\u00f3n General<\/span> <span class=\"meta-nav\">&rarr;<\/span><\/a><\/p>\n","protected":false},"author":9,"featured_media":0,"parent":0,"menu_order":3,"comment_status":"open","ping_status":"open","template":"","meta":{"footnotes":""},"_links":{"self":[{"href":"https:\/\/face.unt.edu.ar\/web\/adminpublica\/wp-json\/wp\/v2\/pages\/29"}],"collection":[{"href":"https:\/\/face.unt.edu.ar\/web\/adminpublica\/wp-json\/wp\/v2\/pages"}],"about":[{"href":"https:\/\/face.unt.edu.ar\/web\/adminpublica\/wp-json\/wp\/v2\/types\/page"}],"author":[{"embeddable":true,"href":"https:\/\/face.unt.edu.ar\/web\/adminpublica\/wp-json\/wp\/v2\/users\/9"}],"replies":[{"embeddable":true,"href":"https:\/\/face.unt.edu.ar\/web\/adminpublica\/wp-json\/wp\/v2\/comments?post=29"}],"version-history":[{"count":5,"href":"https:\/\/face.unt.edu.ar\/web\/adminpublica\/wp-json\/wp\/v2\/pages\/29\/revisions"}],"predecessor-version":[{"id":227,"href":"https:\/\/face.unt.edu.ar\/web\/adminpublica\/wp-json\/wp\/v2\/pages\/29\/revisions\/227"}],"wp:attachment":[{"href":"https:\/\/face.unt.edu.ar\/web\/adminpublica\/wp-json\/wp\/v2\/media?parent=29"}],"curies":[{"name":"wp","href":"https:\/\/api.w.org\/{rel}","templated":true}]}}