{"id":306,"date":"2016-02-26T13:36:00","date_gmt":"2016-02-26T13:36:00","guid":{"rendered":"http:\/\/face.unt.edu.ar\/web\/adminpublica\/?page_id=306"},"modified":"2016-02-26T13:39:29","modified_gmt":"2016-02-26T13:39:29","slug":"contacto","status":"publish","type":"page","link":"https:\/\/face.unt.edu.ar\/web\/adminpublica\/contacto\/","title":{"rendered":"Contacto"},"content":{"rendered":"<p>Facultad de Ciencias Econ\u00f3micas &#8211; UNT<br \/>\n<strong>Tel\u00e9fonos y Horarios de atenci\u00f3n:<\/strong> Lunes a viernes de 8 a 13 hs. en oficina 28 &#8211; 0381 \u00a04364093 Int. 7557<br \/>\nLunes, Martes y Jueves de 16 a 20 Hs en Secretaria de Posgrado e Investigaci\u00f3n &#8211; 0381 \u00a04364093 Int. 7559<br \/>\n<strong>Email<\/strong>: insadmi@face.unt.edu.ar \u00a0, cscro@face.unt.edu.ar<br \/>\n<strong>Facebook<\/strong>:\u00a0Especializaci\u00f3n en Administraci\u00f3n Publica<\/p>\n","protected":false},"excerpt":{"rendered":"<p>Facultad de Ciencias Econ\u00f3micas &#8211; UNT Tel\u00e9fonos y Horarios de atenci\u00f3n: Lunes a viernes de 8 a 13 hs. en oficina 28 &#8211; 0381 \u00a04364093 Int. 7557 Lunes, Martes y Jueves de 16 a 20 Hs en Secretaria de Posgrado e Investigaci\u00f3n &#8211; 0381 \u00a04364093 Int. 7559 Email: insadmi@face.unt.edu.ar \u00a0, cscro@face.unt.edu.ar Facebook:\u00a0Especializaci\u00f3n en Administraci\u00f3n Publica<\/p>\n","protected":false},"author":9,"featured_media":0,"parent":0,"menu_order":0,"comment_status":"open","ping_status":"open","template":"","meta":{"footnotes":""},"_links":{"self":[{"href":"https:\/\/face.unt.edu.ar\/web\/adminpublica\/wp-json\/wp\/v2\/pages\/306"}],"collection":[{"href":"https:\/\/face.unt.edu.ar\/web\/adminpublica\/wp-json\/wp\/v2\/pages"}],"about":[{"href":"https:\/\/face.unt.edu.ar\/web\/adminpublica\/wp-json\/wp\/v2\/types\/page"}],"author":[{"embeddable":true,"href":"https:\/\/face.unt.edu.ar\/web\/adminpublica\/wp-json\/wp\/v2\/users\/9"}],"replies":[{"embeddable":true,"href":"https:\/\/face.unt.edu.ar\/web\/adminpublica\/wp-json\/wp\/v2\/comments?post=306"}],"version-history":[{"count":3,"href":"https:\/\/face.unt.edu.ar\/web\/adminpublica\/wp-json\/wp\/v2\/pages\/306\/revisions"}],"predecessor-version":[{"id":310,"href":"https:\/\/face.unt.edu.ar\/web\/adminpublica\/wp-json\/wp\/v2\/pages\/306\/revisions\/310"}],"wp:attachment":[{"href":"https:\/\/face.unt.edu.ar\/web\/adminpublica\/wp-json\/wp\/v2\/media?parent=306"}],"curies":[{"name":"wp","href":"https:\/\/api.w.org\/{rel}","templated":true}]}}