{"id":31,"date":"2014-09-28T02:12:59","date_gmt":"2014-09-28T02:12:59","guid":{"rendered":"http:\/\/face.unt.edu.ar\/web\/adminpublica\/?page_id=31"},"modified":"2015-03-19T14:39:39","modified_gmt":"2015-03-19T14:39:39","slug":"requisitos-de-admision","status":"publish","type":"page","link":"https:\/\/face.unt.edu.ar\/web\/adminpublica\/requisitos-de-admision\/","title":{"rendered":"Postulaci\u00f3n\/Admisi\u00f3n"},"content":{"rendered":"<p><b>Requisitos de Postulaci\u00f3n<br \/>\n<\/b>&#8211; T\u00edtulo universitario de cualquier disciplina, con duraci\u00f3n m\u00ednima de cuatro a\u00f1os.<br \/>\n&#8211; Aprobar el proceso de admisi\u00f3n que tendr\u00e1 en cuenta antecedentes acad\u00e9micos y laborales y contemplar\u00e1 entrevistas y pruebas ad-hoc.<\/p>\n<p><b>Condiciones de Admisi\u00f3n<br \/>\n<\/b>Este proceso estar\u00e1 a cargo del Comit\u00e9\u00a0 Directivo del Programa.<br \/>\nEs condici\u00f3n de ingreso a posgrado contar con\u00a0certificado de conocimientos en lecto-comprensi\u00f3n de textos en ingles. Se puede cumplir con este requisito en curso simultaneo con el posgrado.<\/p>\n<p><b>Inscripci\u00f3n<br \/>\n<\/b>Para postularse debe cumplimentar el formulario de solicitud de admisi\u00f3n y solicitar el env\u00edo de dos cartas confidenciales de recomendaci\u00f3n. Los formularios pueden obtenerse, \u00a0en los siguientes enlaces.<\/p>\n<p><a href=\"http:\/\/face.unt.edu.ar\/web\/adminpublica\/wp-content\/uploads\/sites\/10\/2014\/09\/Solicitud-Individual-de-Admisi\u00f3n.pdf\">Solicitud Individual de Admisi\u00f3n<\/a><\/p>\n<p><a href=\"http:\/\/face.unt.edu.ar\/web\/adminpublica\/wp-content\/uploads\/sites\/10\/2014\/09\/Carta-Confidencial-de-Recomendaci\u00f3n.pdf\">Carta Confidencial de Recomendaci\u00f3n<\/a><\/p>\n<p>&nbsp;<\/p>\n","protected":false},"excerpt":{"rendered":"<p>Requisitos de Postulaci\u00f3n &#8211; T\u00edtulo universitario de cualquier disciplina, con duraci\u00f3n m\u00ednima de cuatro a\u00f1os. &#8211; Aprobar el proceso de admisi\u00f3n que tendr\u00e1 en cuenta antecedentes acad\u00e9micos y laborales y contemplar\u00e1 entrevistas y pruebas ad-hoc. Condiciones de Admisi\u00f3n Este proceso estar\u00e1 a cargo del Comit\u00e9\u00a0 Directivo del Programa. Es condici\u00f3n de ingreso a posgrado contar &hellip; <a href=\"https:\/\/face.unt.edu.ar\/web\/adminpublica\/requisitos-de-admision\/\" class=\"more-link\">Seguir leyendo <span class=\"screen-reader-text\">Postulaci\u00f3n\/Admisi\u00f3n<\/span> <span class=\"meta-nav\">&rarr;<\/span><\/a><\/p>\n","protected":false},"author":9,"featured_media":0,"parent":0,"menu_order":5,"comment_status":"open","ping_status":"open","template":"","meta":{"footnotes":""},"_links":{"self":[{"href":"https:\/\/face.unt.edu.ar\/web\/adminpublica\/wp-json\/wp\/v2\/pages\/31"}],"collection":[{"href":"https:\/\/face.unt.edu.ar\/web\/adminpublica\/wp-json\/wp\/v2\/pages"}],"about":[{"href":"https:\/\/face.unt.edu.ar\/web\/adminpublica\/wp-json\/wp\/v2\/types\/page"}],"author":[{"embeddable":true,"href":"https:\/\/face.unt.edu.ar\/web\/adminpublica\/wp-json\/wp\/v2\/users\/9"}],"replies":[{"embeddable":true,"href":"https:\/\/face.unt.edu.ar\/web\/adminpublica\/wp-json\/wp\/v2\/comments?post=31"}],"version-history":[{"count":22,"href":"https:\/\/face.unt.edu.ar\/web\/adminpublica\/wp-json\/wp\/v2\/pages\/31\/revisions"}],"predecessor-version":[{"id":246,"href":"https:\/\/face.unt.edu.ar\/web\/adminpublica\/wp-json\/wp\/v2\/pages\/31\/revisions\/246"}],"wp:attachment":[{"href":"https:\/\/face.unt.edu.ar\/web\/adminpublica\/wp-json\/wp\/v2\/media?parent=31"}],"curies":[{"name":"wp","href":"https:\/\/api.w.org\/{rel}","templated":true}]}}