{"id":37,"date":"2014-09-28T02:43:49","date_gmt":"2014-09-28T02:43:49","guid":{"rendered":"http:\/\/face.unt.edu.ar\/web\/adminpublica\/?page_id=37"},"modified":"2014-10-07T15:09:16","modified_gmt":"2014-10-07T15:09:16","slug":"cuerpo-docente","status":"publish","type":"page","link":"https:\/\/face.unt.edu.ar\/web\/adminpublica\/cuerpo-docente\/","title":{"rendered":"Cuerpo Docente"},"content":{"rendered":"<p>El cuerpo acad\u00e9mico de la Especializaci\u00f3n est\u00e1 compuesto por veintitres\u00a0(23) docentes de alto nivel acad\u00e9mico, con experiencia en el \u00e1rea de la Administraci\u00f3n P\u00fablica. De ese total, diecinueve\u00a0(19) son profesores locales, lo que asegura la base para una permanencia en el tiempo de la carrera.<\/p>\n<p><strong>Dr. Juan Carlos Abril<\/strong><br \/>\n<em>Ciclo Superior en\u00a0Estad\u00edstica Aplicada &#8211; 1974,\u00a0Especializaci\u00f3n de\u00a0Postgrado en Estad\u00edstica\u00a0Aplicada &#8211; 1973 en la Universidad Nacional de Tucum\u00e1n.\u00a0Diploma in Statistics-\u00a0\u00abThe London School of Economics\u00a0and Political Science\u00bb &#8211; Universidad\u00a0de Londres &#8211; Inglaterra &#8211; 1976.\u00a0Master of Science (Stats&amp; Math.) \u00a0&#8211;\u00a0The London School of Economics and Political Science\u00bb, Universidad\u00a0de Londres- Inglaterra &#8211; 1977.\u00a0Doctor of Philosophy (Ph.\u00a0D.) &#8211;\u00a0\u00abThe London School of Economics\u00a0and Political Science\u00bb, Universidad\u00a0de Londres &#8211; Inglaterra &#8211; 1985.<\/em><br \/>\njabril@herrera.unt.edu.ar<\/p>\n<p><strong>Lic. Hector Horacio Caldelari<\/strong><br \/>\n<em>Licenciado en Sociolog\u00eda. Universidad de Buenos Aires &#8211; 1968<\/em><br \/>\nhcaldelari@herrera.unt.edu.ar<\/p>\n<p><strong>CPN. Juan Alberto Cerisola<\/strong><br \/>\n<em>Ciclo de Especializaci\u00f3n de Posgrado en Estad\u00edstica Aplicada- 1973. Ciclo Superiror de Estad\u00edstica Aplicada &#8211; 1974. en la Universidad Nacional de Tucum\u00e1n<\/em><br \/>\njcerisola@herrera.unt.edu.ar<\/p>\n<p><strong>CPN. Humberto D\u00b4Arterio<\/strong><br \/>\n<em>Contador Publico Nacional. Especialista en Gesti\u00f3n\u00a0de Recursos Humanos &#8211;\u00a0Pontificia Universidad Cat\u00f3lica de\u00a0Valpara\u00edso &#8211; 1997 &#8211; Chile.\u00a0Especialista en Direcci\u00f3n<\/em><br \/>\n<em>y Gesti\u00f3n de Recursos\u00a0Humanos &#8211;\u00a0Universidad Polit\u00e9cnica de Madrid &#8211; 2001 -Espa\u00f1a<\/em><br \/>\nhumbertodarterio@arnet.com.ar<\/p>\n<p><strong>Dr. Hugo Daniel Ferullo<\/strong><br \/>\n<em>Licenciado en Econom\u00eda &#8211; 1980 y Contador Publico Nacional &#8211; 1976 de la Universidad Nacional de Tucum\u00e1n;\u00a0DIPLOME D\u2019ETUDES<br \/>\n<\/em><em>APPROFONDIES en\u00a0D\u00e9partement de\u00a0Sciences Economiques et\u00a0de Gestion.\u00a0Universit\u00e9 LUMIERE LYON 2. 1982. Francia; Doctor en Economia. Universit\u00e9 LUMIERE LYON2. 1991. Francia<br \/>\n<\/em>hferullo@herrera.unt.edu.ar<\/p>\n<p><strong>Mg. Raul Antonio Garcia<\/strong><br \/>\n<em>Licenciado en Econom\u00eda y MG en Econom\u00eda. Universidad del CEMA. 1991. Argentina. Especialista en Econom\u00eda.\u00a0Centro per la Formazione e la Assistenza. 1992. Italia.<br \/>\n<\/em>argarcia2001@yahoo.com.ar<\/p>\n<p><strong>Lic. Eduardo Samuel Garvich<\/strong><br \/>\n<em>Licenciado en Econom\u00eda y Contador Publico Nacional<br \/>\n<\/em>edugarvich@gmail.com<\/p>\n<p><strong>Esp. Jos\u00e9 Antonio Gonzalez<\/strong><br \/>\n<em>Especialista en Administraci\u00f3n \u00a0Publica. Universidad Nacional de Tucum\u00e1n. 2006. Argentina<br \/>\n<\/em>joseagonzalez@arnet.com.ar<\/p>\n<p><strong>Lic. Edmundo Cesar Guitart<\/strong><br \/>\n<em>Psic\u00f3lo Cl\u00ednico. Universidad Nacional de Tucum\u00e1n .1970<\/em><br \/>\nguitarted@arnet.com.ar<\/p>\n<p><strong>Esp. Lourdes Jimenez Brito<\/strong><br \/>\n<em>Licenciado en Ciencias Pol\u00edticas &#8211;\u00a0Universidad del Norte Santo Tom\u00e1s de\u00a0Aquino &#8211; 2010. Especializaci\u00f3n en Administraci\u00f3n Publica &#8211; Universidad Nacional de Tucum\u00e1n &#8211; 2012<\/em><br \/>\nlourdesjimenezb@hotmail.com<\/p>\n<p><strong>Lic. Eduardo Juarez<\/strong><br \/>\n<em>Contador P\u00fablico Nacional y Licenciado en\u00a0Organizaci\u00f3n y\u00a0Administraci\u00f3n. Universidad Nacional de Tucum\u00e1n. 1972<\/em><br \/>\nejuarez@face.unt.edu.ar<\/p>\n<p><strong>Dr. Alfredo Le Pera<\/strong><br \/>\n<em>Contador Publico &#8211;\u00a0Universidad Nacional de La Plata &#8211; 1954.\u00a0Doctor en Ciencias\u00a0Econ\u00f3micas &#8211; Universidad Nacional de la Plata &#8211; 1962<\/em><br \/>\nalfredo_le_pera@arnet.com.ar<\/p>\n<p><strong>Lic. Ignacio Legorburu<\/strong><br \/>\n<em>Contador P\u00fablico Nacional 1967.\u00a0Licenciado en Organizaci\u00f3n y\u00a0Administraci\u00f3n &#8211; Universidad Nacional de Tucum\u00e1n.\u00a0Magister en<br \/>\nAdministraci\u00f3n &#8211;\u00a0Facultad de Ciencias Econ\u00f3micas y\u00a0Adminsitrativas de la Universidad\u00a0de Chile &#8211; 1970<\/em><br \/>\npsoto@herrera.unt.edu.ar<\/p>\n<p><strong>Lic. Maria Cristina Leguizam\u00f3n.\u00a0<\/strong><br \/>\n<em>Licenciado en Econom\u00eda &#8211; Universidad Nacional de Tucum\u00e1n &#8211; 1990<\/em><br \/>\nmleguizamon@face.unt.edu.ar<\/p>\n<p><strong>Mg. Luis Alfredo Lopez<\/strong><br \/>\n<em>Escribano &#8211; 1990. Abogado &#8211; 1992. Especialista en\u00a0regulaci\u00f3n de los\u00a0servicios p\u00fablicos &#8211; Universidad Austral &#8211; 2001. Maestria en derecho<\/em><br \/>\n<em> administrativo &#8211; Universidad Austral<br \/>\n<\/em>luis.a.lopez@hotmail.com<\/p>\n<p><strong>Ing. Octavio Jos\u00e9 Medici<\/strong><br \/>\n<em>Ingeniero Electricista &#8211; Universidad Nacional de Tucum\u00e1n &#8211; 1982<\/em><br \/>\nomedici@gmail.com<\/p>\n<p><strong>Esp. Juan Jos\u00e9 Permuy<\/strong><br \/>\n<em>Contador Publico &#8211; Universidad Nacional de la Plata &#8211; 1979. Administraci\u00f3n Financiera y los Sistemas de Control del Sector Publico &#8211; 1993. Especialista en Administraci\u00f3n Publica &#8211; Universidad de Buenos Aires &#8211; 1983.\u00a0<\/em><br \/>\njuanjpermuy@yahoo.com.ar<\/p>\n<p><strong>Mg. Jorge Adolfo Rospide<\/strong><br \/>\n<em>Licenciado en Administraci\u00f3n\u00a0de Empresas &#8211; Universidad Nacional de Tucum\u00e1n &#8211; 1996.\u00a0Magister en Finanzas &#8211; Universidad de Chile &#8211; 2004<\/em><br \/>\njrospide@yahoo.com<\/p>\n<p><strong>Dr. Julio Saguir<\/strong><br \/>\n<em>Licenciado en Filosof\u00eda &#8211; a982, \u00a0Licenciado en Historia &#8211; 1986. \u00a0Doctor en Ciencias\u00a0Pol\u00edticas &#8211; Universidad de Chicago &#8211; Estados Unidos &#8211; 1991<\/em><br \/>\no jsaguir@unsta.edu.ar<\/p>\n<p><strong>Dr. Federico Sassi Colombres<\/strong><br \/>\n<em>Abogado &#8211; Procurador &#8211; 2001. Universidad Nacional de Tucum\u00e1n<\/em><br \/>\nfederico@sassi-colombres.com<\/p>\n<p><strong>Dr. Francisco Sassi Colombres<\/strong><br \/>\n<em>Abogado &#8211; 1968 &#8211; Universidad Nacional de Tucum\u00e1n<\/em><br \/>\nfrancisco@sassi-colombres.com<\/p>\n<p><strong>Dr. Valeria Serafinof<\/strong><br \/>\n<em>Licenciado en Ciencia Pol\u00edtica &#8211; Universidad del Salvador &#8211; 2000.\u00a0Especialista en M\u00e9todos\u00a0de An\u00e1lisis Sociopol\u00edtico &#8211; Universidad de Salamanca &#8211; Espa\u00f1a &#8211; 2009. \u00a0Magister en\u00a0Administraci\u00f3n P\u00fablica &#8211; Universidad de Buenos Aires &#8211; 2007. \u00a0Doctora en Ciencia\u00a0Pol\u00edtica &#8211; Universidad de Buenos Aires 2010<\/em><br \/>\nvaseraf@telecentro.com.ar<\/p>\n<p><strong>Esp. Francisco Sobrero\u00a0<\/strong><br \/>\n<em>Contador Publico Nacional &#8211; Universidad Nacional de Rosario &#8211; 1972.\u00a0Especialista en Mercados\u00a0de Trabajo &#8211; Universidad d Alcala &#8211; 1999.\u00a0Actualidad en los\u00a0mercados de trabajo -iversidad de Oviedo \/ Facultad de Cs. Economicas y Empresariales &#8211; 1999\u00a0<\/em><br \/>\nfsobrero@fce.unl.edu.ar<\/p>\n<p>&nbsp;<\/p>\n","protected":false},"excerpt":{"rendered":"<p>El cuerpo acad\u00e9mico de la Especializaci\u00f3n est\u00e1 compuesto por veintitres\u00a0(23) docentes de alto nivel acad\u00e9mico, con experiencia en el \u00e1rea de la Administraci\u00f3n P\u00fablica. De ese total, diecinueve\u00a0(19) son profesores locales, lo que asegura la base para una permanencia en el tiempo de la carrera. Dr. Juan Carlos Abril Ciclo Superior en\u00a0Estad\u00edstica Aplicada &#8211; 1974,\u00a0Especializaci\u00f3n &hellip; <a href=\"https:\/\/face.unt.edu.ar\/web\/adminpublica\/cuerpo-docente\/\" class=\"more-link\">Seguir leyendo <span class=\"screen-reader-text\">Cuerpo Docente<\/span> <span class=\"meta-nav\">&rarr;<\/span><\/a><\/p>\n","protected":false},"author":9,"featured_media":0,"parent":0,"menu_order":6,"comment_status":"open","ping_status":"open","template":"","meta":{"footnotes":""},"_links":{"self":[{"href":"https:\/\/face.unt.edu.ar\/web\/adminpublica\/wp-json\/wp\/v2\/pages\/37"}],"collection":[{"href":"https:\/\/face.unt.edu.ar\/web\/adminpublica\/wp-json\/wp\/v2\/pages"}],"about":[{"href":"https:\/\/face.unt.edu.ar\/web\/adminpublica\/wp-json\/wp\/v2\/types\/page"}],"author":[{"embeddable":true,"href":"https:\/\/face.unt.edu.ar\/web\/adminpublica\/wp-json\/wp\/v2\/users\/9"}],"replies":[{"embeddable":true,"href":"https:\/\/face.unt.edu.ar\/web\/adminpublica\/wp-json\/wp\/v2\/comments?post=37"}],"version-history":[{"count":17,"href":"https:\/\/face.unt.edu.ar\/web\/adminpublica\/wp-json\/wp\/v2\/pages\/37\/revisions"}],"predecessor-version":[{"id":201,"href":"https:\/\/face.unt.edu.ar\/web\/adminpublica\/wp-json\/wp\/v2\/pages\/37\/revisions\/201"}],"wp:attachment":[{"href":"https:\/\/face.unt.edu.ar\/web\/adminpublica\/wp-json\/wp\/v2\/media?parent=37"}],"curies":[{"name":"wp","href":"https:\/\/api.w.org\/{rel}","templated":true}]}}