{"id":97,"date":"2014-10-01T22:18:48","date_gmt":"2014-10-01T22:18:48","guid":{"rendered":"http:\/\/face.unt.edu.ar\/web\/adminpublica\/?page_id=97"},"modified":"2014-10-01T22:18:48","modified_gmt":"2014-10-01T22:18:48","slug":"economia-y-estado","status":"publish","type":"page","link":"https:\/\/face.unt.edu.ar\/web\/adminpublica\/economia-y-estado\/","title":{"rendered":"Econom\u00eda y Estado"},"content":{"rendered":"<p><em>Objetivos<\/em>: Presentar los principales t\u00f3picos relacionados con las funciones b\u00e1sicas del Estado en las modernas econom\u00edas de mercado. Esta tem\u00e1tica configura el marco general en el que el accionar concreto de los Administradores que trabajan en dependencias estatales inscriben su trabajo profesional. En consecuencia, las discusiones y el estudio de los temas planteados en el presente curso se espera que sirvan de gu\u00eda \u00fatil para la toma de decisiones propias del Administrador de Empresas P\u00fablicas.<\/p>\n<p><em>Contenidos: <\/em>Principios de microeconom\u00eda: la escasez, el razonamiento econ\u00f3mico, el funcionamiento de los mercados. El mecanismo de los precios. Instituciones formales e informales. Incertidumbre. Costos de transacci\u00f3n. Derechos de propiedad. Externalidades. Bienes privados y p\u00fablicos. \u00a0Algunos conceptos macroecon\u00f3micos: El problema econ\u00f3mico. Modelos alternativos de organizaci\u00f3n social para resolver el problema econ\u00f3mico. El sistema de mercados. El Rol del Estado en el sistema econ\u00f3mico. Las cuentas nacionales.<\/p>\n<p>Estado y sistema econ\u00f3mico. La pol\u00edtica fiscal y su impacto en las variables macroecon\u00f3micas relevantes. El Estado como unidad econ\u00f3mica relevante: impacto de sus ingresos y gastos sobre las variables econ\u00f3micas. Teor\u00edas sobre intervenci\u00f3n del Estado en la econom\u00eda. El proceso de desestatizaci\u00f3n y la funci\u00f3n reguladora estatal.<\/p>\n","protected":false},"excerpt":{"rendered":"<p>Objetivos: Presentar los principales t\u00f3picos relacionados con las funciones b\u00e1sicas del Estado en las modernas econom\u00edas de mercado. Esta tem\u00e1tica configura el marco general en el que el accionar concreto de los Administradores que trabajan en dependencias estatales inscriben su trabajo profesional. En consecuencia, las discusiones y el estudio de los temas planteados en el &hellip; <a href=\"https:\/\/face.unt.edu.ar\/web\/adminpublica\/economia-y-estado\/\" class=\"more-link\">Seguir leyendo <span class=\"screen-reader-text\">Econom\u00eda y Estado<\/span> <span class=\"meta-nav\">&rarr;<\/span><\/a><\/p>\n","protected":false},"author":9,"featured_media":0,"parent":0,"menu_order":0,"comment_status":"open","ping_status":"open","template":"","meta":{"footnotes":""},"_links":{"self":[{"href":"https:\/\/face.unt.edu.ar\/web\/adminpublica\/wp-json\/wp\/v2\/pages\/97"}],"collection":[{"href":"https:\/\/face.unt.edu.ar\/web\/adminpublica\/wp-json\/wp\/v2\/pages"}],"about":[{"href":"https:\/\/face.unt.edu.ar\/web\/adminpublica\/wp-json\/wp\/v2\/types\/page"}],"author":[{"embeddable":true,"href":"https:\/\/face.unt.edu.ar\/web\/adminpublica\/wp-json\/wp\/v2\/users\/9"}],"replies":[{"embeddable":true,"href":"https:\/\/face.unt.edu.ar\/web\/adminpublica\/wp-json\/wp\/v2\/comments?post=97"}],"version-history":[{"count":1,"href":"https:\/\/face.unt.edu.ar\/web\/adminpublica\/wp-json\/wp\/v2\/pages\/97\/revisions"}],"predecessor-version":[{"id":98,"href":"https:\/\/face.unt.edu.ar\/web\/adminpublica\/wp-json\/wp\/v2\/pages\/97\/revisions\/98"}],"wp:attachment":[{"href":"https:\/\/face.unt.edu.ar\/web\/adminpublica\/wp-json\/wp\/v2\/media?parent=97"}],"curies":[{"name":"wp","href":"https:\/\/api.w.org\/{rel}","templated":true}]}}