{"id":99,"date":"2014-10-01T22:19:45","date_gmt":"2014-10-01T22:19:45","guid":{"rendered":"http:\/\/face.unt.edu.ar\/web\/adminpublica\/?page_id=99"},"modified":"2014-10-01T22:19:45","modified_gmt":"2014-10-01T22:19:45","slug":"sociedad-estado-y-politica","status":"publish","type":"page","link":"https:\/\/face.unt.edu.ar\/web\/adminpublica\/sociedad-estado-y-politica\/","title":{"rendered":"Sociedad, Estado y Pol\u00edtica"},"content":{"rendered":"<p><em>Objetivo:<\/em> Reflexionar acerca de la conformaci\u00f3n del Estado y la relaci\u00f3n entre el Estado, la sociedad y la administraci\u00f3n p\u00fablica.<\/p>\n<p><em>Contenidos:<\/em> La conformaci\u00f3n del Estado. El Estado y la sociedad. La esfera p\u00fablica y las fronteras entre lo p\u00fablico y lo privado. La teor\u00eda de la burocracia estatal. El Estado en Am\u00e9rica Latina. Formas de estado y pol\u00edticas p\u00fablicas. El Estado y la globalizaci\u00f3n.<\/p>\n<p>El Estado y la pol\u00edtica. Las diferentes configuraciones del Estado y la funci\u00f3n de la pol\u00edtica y del derecho en cada una de ellas. La sociedad democr\u00e1tica y los poderes del Estado. Los Estados Federales y la organizaci\u00f3n del poder. Los poderes de los gobiernos locales.<\/p>\n","protected":false},"excerpt":{"rendered":"<p>Objetivo: Reflexionar acerca de la conformaci\u00f3n del Estado y la relaci\u00f3n entre el Estado, la sociedad y la administraci\u00f3n p\u00fablica. Contenidos: La conformaci\u00f3n del Estado. El Estado y la sociedad. La esfera p\u00fablica y las fronteras entre lo p\u00fablico y lo privado. La teor\u00eda de la burocracia estatal. El Estado en Am\u00e9rica Latina. Formas de &hellip; <a href=\"https:\/\/face.unt.edu.ar\/web\/adminpublica\/sociedad-estado-y-politica\/\" class=\"more-link\">Seguir leyendo <span class=\"screen-reader-text\">Sociedad, Estado y Pol\u00edtica<\/span> <span class=\"meta-nav\">&rarr;<\/span><\/a><\/p>\n","protected":false},"author":9,"featured_media":0,"parent":0,"menu_order":0,"comment_status":"open","ping_status":"open","template":"","meta":{"footnotes":""},"_links":{"self":[{"href":"https:\/\/face.unt.edu.ar\/web\/adminpublica\/wp-json\/wp\/v2\/pages\/99"}],"collection":[{"href":"https:\/\/face.unt.edu.ar\/web\/adminpublica\/wp-json\/wp\/v2\/pages"}],"about":[{"href":"https:\/\/face.unt.edu.ar\/web\/adminpublica\/wp-json\/wp\/v2\/types\/page"}],"author":[{"embeddable":true,"href":"https:\/\/face.unt.edu.ar\/web\/adminpublica\/wp-json\/wp\/v2\/users\/9"}],"replies":[{"embeddable":true,"href":"https:\/\/face.unt.edu.ar\/web\/adminpublica\/wp-json\/wp\/v2\/comments?post=99"}],"version-history":[{"count":1,"href":"https:\/\/face.unt.edu.ar\/web\/adminpublica\/wp-json\/wp\/v2\/pages\/99\/revisions"}],"predecessor-version":[{"id":100,"href":"https:\/\/face.unt.edu.ar\/web\/adminpublica\/wp-json\/wp\/v2\/pages\/99\/revisions\/100"}],"wp:attachment":[{"href":"https:\/\/face.unt.edu.ar\/web\/adminpublica\/wp-json\/wp\/v2\/media?parent=99"}],"curies":[{"name":"wp","href":"https:\/\/api.w.org\/{rel}","templated":true}]}}