{"id":10,"date":"2018-10-31T12:39:33","date_gmt":"2018-10-31T12:39:33","guid":{"rendered":"http:\/\/face.unt.edu.ar\/web\/biblioteca\/?page_id=10"},"modified":"2019-03-13T11:06:39","modified_gmt":"2019-03-13T14:06:39","slug":"funciones","status":"publish","type":"page","link":"https:\/\/face.unt.edu.ar\/web\/biblioteca\/funciones\/","title":{"rendered":"Funciones"},"content":{"rendered":"<p><a href=\"http:\/\/face.unt.edu.ar\/web\/biblioteca\/wp-content\/uploads\/sites\/19\/2019\/03\/funciones.png\"><img decoding=\"async\" loading=\"lazy\" class=\"alignnone size-full wp-image-105\" src=\"http:\/\/face.unt.edu.ar\/web\/biblioteca\/wp-content\/uploads\/sites\/19\/2019\/03\/funciones.png\" alt=\"\" width=\"598\" height=\"73\" srcset=\"https:\/\/face.unt.edu.ar\/web\/biblioteca\/wp-content\/uploads\/sites\/19\/2019\/03\/funciones.png 598w, https:\/\/face.unt.edu.ar\/web\/biblioteca\/wp-content\/uploads\/sites\/19\/2019\/03\/funciones-300x37.png 300w\" sizes=\"(max-width: 598px) 100vw, 598px\" \/><\/a>Para el cumplimiento de las actividades de la Facultad, la Biblioteca deber\u00e1\u0301 realizar las siguientes funciones:<\/p>\n<ol>\n<li>Organizar, coordinar y evaluar los procedimientos de la Biblioteca.<\/li>\n<li>Localizar, identificar y procesar t\u00e9cnicamente los diferentes materiales bibliogr\u00e1ficos, documental, bases de datos de informaci\u00f3n, publicaciones peri\u00f3dicas, etc. por parte del personal de la Biblioteca.<\/li>\n<li>Establecer pol\u00edticas de difusi\u00f3n del material bibliogr\u00e1fico disponible en biblioteca.<\/li>\n<li>Establecer pol\u00edticas de expurgo del material bibliogr\u00e1fico con la finalidad de fijar pautas claras y objetivas que eviten la perdida de material valioso para la instituci\u00f3n.<\/li>\n<li>Supervisar la organizaci\u00f3n, la circulaci\u00f3n, la difusi\u00f3n y conservaci\u00f3n de los materiales documentales y bibliograficos que conforman el acervo de la biblioteca, patrimonio de la facultad.<\/li>\n<li>Formar a los usuarios en el desarrollo de habilidades informativas para el acceso de la informaci\u00f3n a trav\u00e9s de los servicios que ofrece la Biblioteca.<\/li>\n<li>Generar acciones que fomenten el intercambio acad\u00e9mico- institucional con otras bibliotecas.<\/li>\n<li>Evaluar y analizar de manera permanente las necesidades y requerimientos de la biblioteca y de los usuarios.<\/li>\n<\/ol>\n","protected":false},"excerpt":{"rendered":"<p>Para el cumplimiento de las actividades de la Facultad, la Biblioteca deber\u00e1\u0301 realizar las siguientes funciones: Organizar, coordinar y evaluar los procedimientos de la Biblioteca. Localizar, identificar y procesar t\u00e9cnicamente los diferentes materiales bibliogr\u00e1ficos, documental, bases de datos de informaci\u00f3n, publicaciones peri\u00f3dicas, etc. por parte del personal de la Biblioteca. Establecer pol\u00edticas de difusi\u00f3n del [&hellip;]<\/p>\n","protected":false},"author":1,"featured_media":0,"parent":0,"menu_order":0,"comment_status":"closed","ping_status":"closed","template":"","meta":{"footnotes":""},"_links":{"self":[{"href":"https:\/\/face.unt.edu.ar\/web\/biblioteca\/wp-json\/wp\/v2\/pages\/10"}],"collection":[{"href":"https:\/\/face.unt.edu.ar\/web\/biblioteca\/wp-json\/wp\/v2\/pages"}],"about":[{"href":"https:\/\/face.unt.edu.ar\/web\/biblioteca\/wp-json\/wp\/v2\/types\/page"}],"author":[{"embeddable":true,"href":"https:\/\/face.unt.edu.ar\/web\/biblioteca\/wp-json\/wp\/v2\/users\/1"}],"replies":[{"embeddable":true,"href":"https:\/\/face.unt.edu.ar\/web\/biblioteca\/wp-json\/wp\/v2\/comments?post=10"}],"version-history":[{"count":4,"href":"https:\/\/face.unt.edu.ar\/web\/biblioteca\/wp-json\/wp\/v2\/pages\/10\/revisions"}],"predecessor-version":[{"id":106,"href":"https:\/\/face.unt.edu.ar\/web\/biblioteca\/wp-json\/wp\/v2\/pages\/10\/revisions\/106"}],"wp:attachment":[{"href":"https:\/\/face.unt.edu.ar\/web\/biblioteca\/wp-json\/wp\/v2\/media?parent=10"}],"curies":[{"name":"wp","href":"https:\/\/api.w.org\/{rel}","templated":true}]}}