{"id":118,"date":"2019-03-13T11:29:07","date_gmt":"2019-03-13T14:29:07","guid":{"rendered":"http:\/\/face.unt.edu.ar\/web\/biblioteca\/?page_id=118"},"modified":"2020-03-13T14:32:15","modified_gmt":"2020-03-13T17:32:15","slug":"recursos-electronico","status":"publish","type":"page","link":"https:\/\/face.unt.edu.ar\/web\/biblioteca\/recursos-electronico\/","title":{"rendered":"Sitios de Inter\u00e9s"},"content":{"rendered":"<p>[vc_row][vc_column][\/vc_column][\/vc_row][vc_row][vc_column][vc_tta_accordion style=\u00bbmodern\u00bb active_section=\u00bb1&#8243; title=\u00bbRecurso Electronico\u00bb][vc_tta_section title=\u00bbBibliotecas Nacionales\u00bb tab_id=\u00bb1556198870524-acda42b9-eb45&#8243;][vc_column_text]<!-- [if IE 7]&gt;--><\/p>\n<p><!-- [if IE]&gt;--><\/p>\n<p><!-- [if IE 7]&gt;--><\/p>\n<div id=\"page\" class=\"page-default\">\n<div id=\"main-wrapper\" class=\"wrapper\">\n<div class=\"container grid-24 clearfix\">\n<div class=\"container-inner clearfix group-cols-2 group-24 grid grid-24 \">\n<div class=\"container-inner clearfix group-cols-2 group-24 grid grid-24 \">\n<div id=\"main-content-wrapper\" class=\"group-cols-1 group-19 grid grid-19\">\n<div id=\"main-content\" class=\"grid grid-19 section\">\n<div class=\"grid-inner clearfix\">\n<div class=\"region region-content\">\n<div id=\"block-system-main\" class=\"block-system\">\n<div class=\"block-inner clearfix\">\n<div class=\"block-content clearfix\">\n<div id=\"article-153\" class=\"article node node-page node-lang-es node-odd node-full clearfix\">\n<div class=\"node-content\">\n<div class=\"section field field-name-body field-type-text-with-summary field-label-hidden\">\n<div class=\"field-items\">\n<div class=\"field-item odd\">\n<ul>\n<li>\u00a0<a href=\"http:\/\/www.afip.gov.ar\/\" target=\"_blank\" rel=\"external noopener noreferrer\">A.F.I.P.<\/a>\u00a0(<a href=\"http:\/\/www.afip.gov.ar\/\" target=\"_blank\" rel=\"external noopener noreferrer\">http:\/\/www.afip.gov.ar\/<\/a>)<a href=\"http:\/\/www.anses.gob.ar\/\" target=\"_blank\" rel=\"external noopener noreferrer\">A.N.Se.S.<\/a>\u00a0(<a href=\"http:\/\/www.anses.gob.ar\/\" target=\"_blank\" rel=\"external noopener noreferrer\">http:\/\/www.anses.gob.ar\/<\/a>)<a href=\"http:\/\/www.sssalud.gov.ar\/index\/home.php\" target=\"_blank\" rel=\"external noopener noreferrer\">Superintendencia de Servicios de Salud<\/a>\u00a0(<a href=\"http:\/\/www.sssalud.gov.ar\/index\/home.php\" target=\"_blank\" rel=\"external noopener noreferrer\">http:\/\/www.sssalud.gov.ar\/index\/home.php<\/a>)\n<p><a href=\"http:\/\/infoleg.mecon.gov.ar\/\" target=\"_blank\" rel=\"external noopener noreferrer\">InfoLEG &#8211; Informaci\u00f3n Legislativa<\/a>\u00a0(<a href=\"http:\/\/infoleg.mecon.gov.ar\/\" target=\"_blank\" rel=\"external noopener noreferrer\">http:\/\/infoleg.mecon.gov.ar\/<\/a>)<\/p>\n<p><a href=\"http:\/\/www.bcra.gov.ar\/\" target=\"_blank\" rel=\"external noopener noreferrer\">Banco Central de la Rep\u00fablica Argentina<\/a>\u00a0(<a href=\"http:\/\/www.bcra.gov.ar\/\" target=\"_blank\" rel=\"external noopener noreferrer\">http:\/\/www.bcra.gov.ar\/<\/a>)<\/p>\n<p><a href=\"http:\/\/www.ssn.gov.ar\/\" target=\"_blank\" rel=\"external noopener noreferrer\">Superintendencia de Seguros de la Naci\u00f3n<\/a>\u00a0(<a href=\"http:\/\/www.ssn.gov.ar\/\" target=\"_blank\" rel=\"external noopener noreferrer\">http:\/\/www.ssn.gov.ar\/<\/a>)<\/p>\n<p><a href=\"http:\/\/www.ccir.org.ar\/\" target=\"_blank\" rel=\"external noopener noreferrer\">Centro Comercial e Industrial de Rafaela<\/a>\u00a0(<a href=\"http:\/\/www.ccir.org.ar\/\" target=\"_blank\" rel=\"external noopener noreferrer\">http:\/\/www.ccir.org.ar\/<\/a>)<\/p>\n<p><a href=\"http:\/\/www.ruralrafaela.com.ar\/nuevo\/index.php\" target=\"_blank\" rel=\"external noopener noreferrer\">Sociedad Rural de Rafaela<\/a>\u00a0(<a href=\"http:\/\/www.ruralrafaela.com.ar\/nuevo\/index.php\" target=\"_blank\" rel=\"external noopener noreferrer\">http:\/\/www.ruralrafaela.com.ar\/nuevo\/index.php<\/a>)<\/p>\n<p><a href=\"http:\/\/www.rafaela.gov.ar\/es\/home.aspx\" target=\"_blank\" rel=\"external noopener noreferrer\">Municipalidad de Rafaela<\/a>\u00a0(<a href=\"http:\/\/www.rafaela.gov.ar\/es\/home.aspx\" target=\"_blank\" rel=\"external noopener noreferrer\">http:\/\/www.rafaela.gov.ar\/es\/home.aspx<\/a>)<\/p>\n<p><a href=\"http:\/\/www.cpcesfe1.org.ar\/\" target=\"_blank\" rel=\"external noopener noreferrer\">Consejo de Ciencias Econ\u00f3micas de Santa Fe (C\u00e1mara I)<\/a>\u00a0(<a href=\"http:\/\/www.cpcesfe1.org.ar\/\" target=\"_blank\" rel=\"external noopener noreferrer\">http:\/\/www.cpcesfe1.org.ar\/<\/a>)<\/p>\n<p><a href=\"http:\/\/www.facpce.org.ar\/web2011\/\" target=\"_blank\" rel=\"external noopener noreferrer\">FACPCE<\/a>\u00a0(<a href=\"http:\/\/www.facpce.org.ar\/web2011\/\" target=\"_blank\" rel=\"external noopener noreferrer\">http:\/\/www.facpce.org.ar\/web2011\/<\/a>)<\/p>\n<p><a href=\"http:\/\/www.portal.santafe.gov.ar\/index.php\/web\/content\/view\/full\/16470\" target=\"_blank\" rel=\"external noopener noreferrer\">Administraci\u00f3n Provincial de Impuestos<\/a>\u00a0(<a href=\"http:\/\/www.portal.santafe.gov.ar\/index.php\/web\/content\/view\/full\/16470\" target=\"_blank\" rel=\"external noopener noreferrer\">http:\/\/www.portal.santafe.gov.ar\/index.php\/web\/content\/view\/full\/16470<\/a>)<\/p>\n<p><a href=\"http:\/\/www.cpcesfe2.org.ar\/default.aspx\" target=\"_blank\" rel=\"external noopener noreferrer\">Consejo de Ciencias Econ\u00f3micas de Santa Fe (C\u00e1mara II)<\/a>\u00a0(<a href=\"http:\/\/www.cpcesfe2.org.ar\/default.aspx\" target=\"_blank\" rel=\"external noopener noreferrer\">http:\/\/www.cpcesfe2.org.ar\/default.aspx<\/a>)<\/p>\n<p><a href=\"http:\/\/noticias.mecon.gob.ar\/\" target=\"_blank\" rel=\"external noopener noreferrer\">Ministerio de Econom\u00eda y Ob. Serv. P\u00fablicos<\/a>\u00a0(<a href=\"http:\/\/noticias.mecon.gob.ar\/\" target=\"_blank\" rel=\"external noopener noreferrer\">http:\/\/noticias.mecon.gob.ar\/<\/a>)<\/p>\n<p><a href=\"http:\/\/www.trabajo.gov.ar\/\" target=\"_blank\" rel=\"external noopener noreferrer\">Ministerio de Trabajo, Empleo y Seguridad Social<\/a>\u00a0(<a href=\"http:\/\/www.trabajo.gov.ar\/\" target=\"_blank\" rel=\"external noopener noreferrer\">http:\/\/www.trabajo.gov.ar\/<\/a>)<\/p>\n<p><a href=\"http:\/\/www.mininterior.gov.ar\/\" target=\"_blank\" rel=\"external noopener noreferrer\">Ministerio del Interior<\/a>\u00a0(<a href=\"http:\/\/www.mininterior.gov.ar\/\" target=\"_blank\" rel=\"external noopener noreferrer\">http:\/\/www.mininterior.gov.ar\/<\/a>)<\/p>\n<p><a href=\"http:\/\/www.jus.gov.ar\/\" target=\"_blank\" rel=\"external noopener noreferrer\">Ministerio de Justicia y Derechos Humanos<\/a>\u00a0(<a href=\"http:\/\/www.jus.gov.ar\/\" target=\"_blank\" rel=\"external noopener noreferrer\">http:\/\/www.jus.gov.ar\/<\/a>)<\/p>\n<p><a href=\"http:\/\/www.mrecic.gov.ar\/\" target=\"_blank\" rel=\"external noopener noreferrer\">Ministerio de Relaciones Exteriores, Comercio Internacional y Culto<\/a>\u00a0(<a href=\"http:\/\/www.mrecic.gov.ar\/\" target=\"_blank\" rel=\"external noopener noreferrer\">http:\/\/www.mrecic.gov.ar\/<\/a>)<\/p>\n<p><a href=\"http:\/\/www.senado.gov.ar\/principal.php\" target=\"_blank\" rel=\"external noopener noreferrer\">Senado de la Naci\u00f3n<\/a>\u00a0(<a href=\"http:\/\/www.senado.gov.ar\/principal.php\" target=\"_blank\" rel=\"external noopener noreferrer\">http:\/\/www.senado.gov.ar\/principal.php<\/a>)<\/p>\n<p><a href=\"http:\/\/www.indec.gov.ar\/\" target=\"_blank\" rel=\"external noopener noreferrer\">Instituto Nacional de Estad\u00edsticas y Censos (INDEC)<\/a>\u00a0(<a href=\"http:\/\/www.indec.gov.ar\/\" target=\"_blank\" rel=\"external noopener noreferrer\">http:\/\/www.indec.gov.ar\/<\/a>)<\/p>\n<p><a href=\"http:\/\/www.turismo.gov.ar\/\" target=\"_blank\" rel=\"external noopener noreferrer\">Secretaria de Turismo<\/a>\u00a0(<a href=\"http:\/\/www.turismo.gov.ar\/\" target=\"_blank\" rel=\"external noopener noreferrer\">http:\/\/www.turismo.gov.ar\/<\/a>)<\/p>\n<p><a href=\"http:\/\/www.bna.com.ar\/\" target=\"_blank\" rel=\"external noopener noreferrer\">Banco de la Naci\u00f3n Argentina<\/a>\u00a0(<a href=\"http:\/\/www.bna.com.ar\/\" target=\"_blank\" rel=\"external noopener noreferrer\">http:\/\/www.bna.com.ar\/<\/a>)<\/p>\n<p><a href=\"http:\/\/www.errepar.com\/\" target=\"_blank\" rel=\"external noopener noreferrer\">Errepar<\/a>\u00a0(<a href=\"http:\/\/www.errepar.com\/\" target=\"_blank\" rel=\"external noopener noreferrer\">http:\/\/www.errepar.com\/<\/a>)<\/p>\n<p><a href=\"http:\/\/www.boletinoficial.gov.ar\/Inicio\/Intro.castle\" target=\"_blank\" rel=\"external noopener noreferrer\">Bolet\u00edn Oficial de la Naci\u00f3n<\/a>\u00a0(<a href=\"http:\/\/www.boletinoficial.gov.ar\/Inicio\/Intro.castle\" target=\"_blank\" rel=\"external noopener noreferrer\">http:\/\/www.boletinoficial.gov.ar\/Inicio\/Intro.castle<\/a>)<\/p>\n<p><a href=\"http:\/\/www.diariolaopinion.com.ar\/\" target=\"_blank\" rel=\"external noopener noreferrer\">Diario La Opini\u00f3n\u00a0<\/a>\u00a0(<a href=\"http:\/\/www.diariolaopinion.com.ar\/\" target=\"_blank\" rel=\"external noopener noreferrer\">http:\/\/www.diariolaopinion.com.ar\/<\/a>)<\/p>\n<p><a href=\"http:\/\/www.diariocastellanos.net\/\" target=\"_blank\" rel=\"external noopener noreferrer\">Diario Castellanos<\/a>\u00a0(<a href=\"http:\/\/www.diariocastellanos.net\/\" target=\"_blank\" rel=\"external noopener noreferrer\">http:\/\/www.diariocastellanos.net\/<\/a>)<\/p>\n<p><a href=\"http:\/\/www.rafaela.com\/cms\/homes\/index\/1\" target=\"_blank\" rel=\"external noopener noreferrer\">Rafaela.com<\/a>\u00a0(<a href=\"http:\/\/www.rafaela.com\/cms\/homes\/index\/1\" target=\"_blank\" rel=\"external noopener noreferrer\">http:\/\/www.rafaela.com\/cms\/homes\/index\/1<\/a>)<\/li>\n<li><strong><a href=\"http:\/\/www.acceder.gov.ar\/\">ACCEDER a la cultura \/ Secretar\u00eda de Cultura de la Ciudad de Buenos Aires<\/a><\/strong><\/li>\n<li><a href=\"http:\/\/www.ahira.com.ar\/index.php\" target=\"_blank\" rel=\"noopener noreferrer\"><strong>Ahira : Archivo Hist\u00f3rico de Revistas Argentinas<\/strong><\/a><\/li>\n<li><a href=\"https:\/\/arxiv.org\/\" target=\"_blank\" rel=\"noopener noreferrer\"><strong>arXiv<\/strong><\/a><\/li>\n<li><strong><a href=\"http:\/\/www.base-search.net\">BASE (Bielefeld Academic Search Engine)<\/a><\/strong><\/li>\n<li><a href=\"http:\/\/bibliotecadigital.aecid.es\" target=\"_blank\" rel=\"noopener noreferrer\"><strong>Biblioteca Digital AECID (BIDA)<\/strong><\/a><\/li>\n<li><strong><a href=\"http:\/\/www.comunidadandina.org\/bda\/home_biblio.htm\">Biblioteca Digital Andina<\/a><\/strong><\/li>\n<li><a href=\"http:\/\/www.bne.es\/es\/Catalogos\/BibliotecaDigitalHispanica\/Inicio\/index.html\" target=\"_blank\" rel=\"noopener noreferrer\"><strong>Biblioteca Digital Hisp\u00e1nica de la Biblioteca Nacional de Espa\u00f1a<\/strong><\/a><\/li>\n<li><a href=\"https:\/\/www.bn.gov.ar\/\" target=\"_blank\" rel=\"noopener noreferrer\"><strong>Biblioteca Nacional Mariano Moreno<\/strong><\/a><\/li>\n<li><strong><a href=\"http:\/\/binpar.caicyt.gov.ar\/index.php\/binpar\/about\">BINPAR\u00a0&#8211; Bibliograf\u00eda Nacional de Publicaciones Peri\u00f3dicas Argentinas Registradas<\/a><\/strong><\/li>\n<li><a href=\"https:\/\/sounds.bl.uk\/World-and-traditional-music\" target=\"_blank\" rel=\"noopener noreferrer\"><strong>British Library: World &amp; traditional music<\/strong><\/a><\/li>\n<li><strong><a href=\"http:\/\/www.bireme.br\/bvs\/E\/ehome.htm\">BVS-BIREME Sistema Latinoamericano y del Caribe de Informaci\u00f3n en Ciencias de la Salud<\/a><\/strong><\/li>\n<li><strong><a href=\"https:\/\/biblioteca.ucm.es\/atencion\/5761.php\" target=\"_blank\" rel=\"noopener noreferrer\">Colecci\u00f3n Digital Complutense<\/a>. Universidad Complutense de Madrid<\/strong><\/li>\n<li><a href=\"http:\/\/www.mincyt.gob.ar\/noticias\/conicet-digital-resultados-de-ciencia-y-tecnologia-12575\" target=\"_blank\" rel=\"noopener noreferrer\"><strong>CONICET Digital &#8211; Resultados de ciencia y tecnolog\u00edaresultados de ciencia y tecnolog\u00eda<\/strong><\/a><\/li>\n<li><strong><a href=\"http:\/\/dialnet.unirioja.es\/\">DIALNET<\/a><\/strong><\/li>\n<li><strong><a href=\"http:\/\/doaj.org\/\">Directory of Open Access Journals (DOAJ)<\/a><\/strong><\/li>\n<li><a href=\"http:\/\/eprints.rclis.org\/\"><strong>E-LIS : e-prints in library and information science<\/strong><\/a><\/li>\n<li><strong><a href=\"http:\/\/www.eric.ed.gov\/\">ERIC &#8211; Education Resources Information Center<\/a><\/strong><\/li>\n<li><a href=\"http:\/\/hal.archives-ouvertes.fr\/\"><strong>HAL : H\u00a0yper Articles en Ligne<\/strong><\/a><\/li>\n<li><strong><a href=\"http:\/\/www.lareferencia.info\/joomla\/\" target=\"_blank\" rel=\"noopener noreferrer\">La Referencia. Red de repositorios de acceso abierto a la ciencia<\/a><\/strong><\/li>\n<li><strong><a href=\"http:\/\/www.latindex.unam.mx\/\">Latindex -Sistema Regional de Informaci\u00f3n en L\u00ednea para Revistas Cient\u00edficas de Am\u00e9rica Latina, el Caribe, Espa\u00f1a y Portugal<\/a><\/strong><\/li>\n<li><strong><a href=\"http:\/\/www.ndltd.org\/\">Networked Digital Library of Theses and Dissertations (NDLTD)<\/a><\/strong><\/li>\n<li><a href=\"http:\/\/www.persee.fr\/web\/guest\/home\"><strong>Pers\u00e9e : Portail de revues en sciences humaines et sociales<\/strong><\/a><\/li>\n<li><strong><a href=\"http:\/\/bibliotecas.csic.es\/directorios-de-bibliotecas-y-archivos\">REBIUN \u2013 Red de bibliotecas universitarias (Espa\u00f1a)<\/a><\/strong><\/li>\n<li><strong><a href=\"https:\/\/sites.google.com\/site\/reciariaorg\/\">RECIARIA<\/a><\/strong><\/li>\n<li><strong><a href=\"http:\/\/recolecta.fecyt.es\/\">RECOLECTA (Recolector de Ciencia Abierta &#8211; Espa\u00f1a)<\/a><\/strong><\/li>\n<li><strong><a href=\"http:\/\/redalyc.org\/home.oa\">Redalyc<\/a><\/strong><\/li>\n<li><strong><a href=\"http:\/\/biblioteca.clacso.edu.ar\/\">Red de Bibliotecas \/ CLACSO &#8211; Consejo Latinoamericano de Ciencias Sociales<\/a><\/strong><\/li>\n<li><strong><a href=\"http:\/\/www.csic.es\/cbic\/cbic.htm\">Red de Bibliotecas \/ CSIC<\/a><\/strong><\/li>\n<li><a href=\"http:\/\/www.repositorioslatinoamericanos.uchile.cl\/\" target=\"_blank\" rel=\"noopener noreferrer\"><strong>Red de Repositorios Latinoamericanos<\/strong><\/a><\/li>\n<li><strong><a href=\"https:\/\/osha.europa.eu\/fop\/spain\/es\/index.stm\">Red Espa\u00f1ola de Seguridad y Salud en el Trabajo<\/a><\/strong><\/li>\n<li><strong><a href=\"http:\/\/www.rediris.es\/\">Red IRIS \u2013 Red espa\u00f1ola de I+D<\/a> <\/strong><\/li>\n<li><a href=\"http:\/\/sedici.unlp.edu.ar\/\" target=\"_blank\" rel=\"noopener noreferrer\"><strong>Repositorio Institucional de la Universidad de La Plata<\/strong><\/a><strong> &#8211; Universidad de Chile<\/strong><\/li>\n<li><strong><a href=\"http:\/\/www.scielo.org\/php\/index.php?lang=es\">SciELO<\/a><\/strong><\/li>\n<li><a href=\"https:\/\/www.ssrn.com\/en\/\" target=\"_blank\" rel=\"noopener noreferrer\"><strong>SSRN &#8211; Social Science Research Network<\/strong><\/a><\/li>\n<li><a href=\"https:\/\/plato.stanford.edu\/index.html\" target=\"_blank\" rel=\"noopener noreferrer\"><strong>The Stanford Encyclopedia of Philosophy<\/strong><\/a><\/li>\n<li><a href=\"http:\/\/www.openoasis.org\/\" target=\"_blank\" rel=\"noopener noreferrer\"><strong>OASIS: Open Access Scholarly Information Sourcebook<\/strong><\/a><\/li>\n<li><strong><a href=\"https:\/\/oerknowledgecloud.org\/\" target=\"_blank\" rel=\"noopener noreferrer\">OER Knowledge Cloud: Portal de recursos educativos abiertos de la\u00a0Unesco<\/a><\/strong><\/li>\n<li><a href=\"https:\/\/digitallibrary.un.org\/?ln=es\" target=\"_blank\" rel=\"noopener noreferrer\"><strong>United Nations Digital Library (UNDL)<\/strong><\/a><\/li>\n<\/ul>\n<\/div>\n<\/div>\n<\/div>\n<\/div>\n<\/div>\n<\/div>\n<\/div>\n<\/div>\n<\/div>\n<\/div>\n<\/div>\n<\/div>\n<\/div>\n<\/div>\n<\/div>\n<\/div>\n<\/div>\n<p>[\/vc_column_text][\/vc_tta_section][vc_tta_section title=\u00bbRevistas y Diarios\u00bb tab_id=\u00bb1556198870591-e76a5872-74fe\u00bb][vc_column_text]<\/p>\n<div id=\"page\" class=\"page-default\">\n<div id=\"main-wrapper\" class=\"wrapper\">\n<div class=\"container grid-24 clearfix\">\n<div class=\"container-inner clearfix group-cols-2 group-24 grid grid-24 \">\n<div class=\"container-inner clearfix group-cols-2 group-24 grid grid-24 \">\n<div id=\"main-content-wrapper\" class=\"group-cols-1 group-19 grid grid-19\">\n<div id=\"main-content\" class=\"grid grid-19 section\">\n<div class=\"grid-inner clearfix\">\n<div class=\"region region-content\">\n<div id=\"block-system-main\" class=\"block-system\">\n<div class=\"block-inner clearfix\">\n<div class=\"block-content clearfix\">\n<div id=\"article-153\" class=\"article node node-page node-lang-es node-odd node-full clearfix\">\n<div class=\"node-content\">\n<div class=\"section field field-name-body field-type-text-with-summary field-label-hidden\">\n<div class=\"field-items\">\n<div class=\"field-item odd\">\n<ul>\n<li style=\"list-style-type: none\">\n<ul>\n<li><a href=\"https:\/\/revistas.unc.edu.ar\/\" target=\"_blank\" rel=\"noopener noreferrer\">Portal de Revistas<\/a>. Universidad Nacional de C\u00f3rdoba<\/li>\n<li><a href=\"https:\/\/revistas.unlp.edu.ar\/\" target=\"_blank\" rel=\"noopener noreferrer\">Portal de Revistas<\/a>. Universidad Nacional de La Plata<\/li>\n<li><a href=\"http:\/\/www.revistas.uchile.cl\/\" target=\"_blank\" rel=\"noopener noreferrer\">Portal de Revistas Acad\u00e9micas<\/a>. Universidad Nacional de Chile<\/li>\n<li><a href=\"http:\/\/cerac.unlpam.edu.ar\/\" target=\"_blank\" rel=\"noopener noreferrer\">Portal de Revistas<\/a>. Universidad Nacional de La Pampa<\/li>\n<li><a href=\"https:\/\/revistaelectronica.unlar.edu.ar\/\" target=\"_blank\" rel=\"noopener noreferrer\">Portal de Revistas Electr\u00f3nicas<\/a>. Universidad Nacional de La Rioja<\/li>\n<li><a href=\"http:\/\/revistas.uncu.edu.ar\/ojs\/\" target=\"_blank\" rel=\"noopener noreferrer\">Portal de Revistas Digitales<\/a>. Universidad Nacional de Cuyo<\/li>\n<li><a href=\"http:\/\/www.unsam.edu.ar\/revistasacademicas\/\" target=\"_blank\" rel=\"noopener noreferrer\">Revistas Acad\u00e9micas<\/a>. Universidad Nacional de San Mart\u00edn<\/li>\n<li><a href=\"http:\/\/erevistas.uca.edu.ar\/\" target=\"_blank\" rel=\"noopener noreferrer\">Portal de Revistas<\/a>. Pontificia Universidad Cat\u00f3lica Argentina<\/li>\n<li><a href=\"http:\/\/revistas.urosario.edu.co\/\" target=\"_blank\" rel=\"noopener noreferrer\">Portal de Revistas<\/a>. Universidad del Rosario<\/li>\n<li><a href=\"http:\/\/revistas.unne.edu.ar\/\" target=\"_blank\" rel=\"noopener noreferrer\">Portal de Revistas<\/a>. Universidad Nacional del Nordeste<\/li>\n<li><a href=\"http:\/\/bibliotecadigital.uns.edu.ar\/scielo.php\" target=\"_blank\" rel=\"noopener noreferrer\">Portal de Revistas de las Ciencias Sociales<\/a>. Universidad Nacional del Sur<\/li>\n<li><a href=\"http:\/\/puntodeencuentro.utn.edu.ar\/?page_id=127\" target=\"_blank\" rel=\"noopener noreferrer\">Revistas Digitales de Educaci\u00f3n y Tecnolog\u00eda<\/a>. Universidad Tecnol\u00f3gica Nacional<\/li>\n<li><a href=\"http:\/\/www.caicyt-conicet.gov.ar\/nbr-revistas-integrantes-orden-alfabetico\/\" target=\"_blank\" rel=\"noopener noreferrer\">N\u00facleo B\u00e1sico de Revistas<\/a>. CAICYT-CONICET<\/li>\n<\/ul>\n<\/li>\n<\/ul>\n<\/div>\n<\/div>\n<\/div>\n<\/div>\n<\/div>\n<\/div>\n<\/div>\n<\/div>\n<\/div>\n<\/div>\n<\/div>\n<\/div>\n<\/div>\n<\/div>\n<\/div>\n<\/div>\n<\/div>\n<p>[\/vc_column_text][\/vc_tta_section][vc_tta_section title=\u00bbRecursos Online\u00bb tab_id=\u00bb1556198956962-7843495a-cd25&#8243;][\/vc_tta_section][\/vc_tta_accordion][\/vc_column][\/vc_row]<\/p>\n","protected":false},"excerpt":{"rendered":"<p>[vc_row][vc_column][\/vc_column][\/vc_row][vc_row][vc_column][vc_tta_accordion style=\u00bbmodern\u00bb active_section=\u00bb1&#8243; title=\u00bbRecurso Electronico\u00bb][vc_tta_section title=\u00bbBibliotecas Nacionales\u00bb tab_id=\u00bb1556198870524-acda42b9-eb45&#8243;][vc_column_text] \u00a0A.F.I.P.\u00a0(http:\/\/www.afip.gov.ar\/)A.N.Se.S.\u00a0(http:\/\/www.anses.gob.ar\/)Superintendencia de Servicios de Salud\u00a0(http:\/\/www.sssalud.gov.ar\/index\/home.php) InfoLEG &#8211; Informaci\u00f3n Legislativa\u00a0(http:\/\/infoleg.mecon.gov.ar\/) Banco Central de la Rep\u00fablica Argentina\u00a0(http:\/\/www.bcra.gov.ar\/) Superintendencia de Seguros de la Naci\u00f3n\u00a0(http:\/\/www.ssn.gov.ar\/) Centro Comercial e Industrial de Rafaela\u00a0(http:\/\/www.ccir.org.ar\/) Sociedad Rural de Rafaela\u00a0(http:\/\/www.ruralrafaela.com.ar\/nuevo\/index.php) Municipalidad de Rafaela\u00a0(http:\/\/www.rafaela.gov.ar\/es\/home.aspx) Consejo de Ciencias Econ\u00f3micas de Santa Fe (C\u00e1mara I)\u00a0(http:\/\/www.cpcesfe1.org.ar\/) FACPCE\u00a0(http:\/\/www.facpce.org.ar\/web2011\/) Administraci\u00f3n Provincial de [&hellip;]<\/p>\n","protected":false},"author":13,"featured_media":0,"parent":0,"menu_order":0,"comment_status":"closed","ping_status":"closed","template":"","meta":{"footnotes":""},"_links":{"self":[{"href":"https:\/\/face.unt.edu.ar\/web\/biblioteca\/wp-json\/wp\/v2\/pages\/118"}],"collection":[{"href":"https:\/\/face.unt.edu.ar\/web\/biblioteca\/wp-json\/wp\/v2\/pages"}],"about":[{"href":"https:\/\/face.unt.edu.ar\/web\/biblioteca\/wp-json\/wp\/v2\/types\/page"}],"author":[{"embeddable":true,"href":"https:\/\/face.unt.edu.ar\/web\/biblioteca\/wp-json\/wp\/v2\/users\/13"}],"replies":[{"embeddable":true,"href":"https:\/\/face.unt.edu.ar\/web\/biblioteca\/wp-json\/wp\/v2\/comments?post=118"}],"version-history":[{"count":11,"href":"https:\/\/face.unt.edu.ar\/web\/biblioteca\/wp-json\/wp\/v2\/pages\/118\/revisions"}],"predecessor-version":[{"id":362,"href":"https:\/\/face.unt.edu.ar\/web\/biblioteca\/wp-json\/wp\/v2\/pages\/118\/revisions\/362"}],"wp:attachment":[{"href":"https:\/\/face.unt.edu.ar\/web\/biblioteca\/wp-json\/wp\/v2\/media?parent=118"}],"curies":[{"name":"wp","href":"https:\/\/api.w.org\/{rel}","templated":true}]}}