{"id":185,"date":"2019-05-07T21:48:46","date_gmt":"2019-05-08T00:48:46","guid":{"rendered":"http:\/\/face.unt.edu.ar\/web\/biblioteca\/?page_id=185"},"modified":"2020-05-13T11:46:50","modified_gmt":"2020-05-13T14:46:50","slug":"red-de-bibliotecas","status":"publish","type":"page","link":"https:\/\/face.unt.edu.ar\/web\/biblioteca\/red-de-bibliotecas\/","title":{"rendered":"Red de Bibliotecas"},"content":{"rendered":"<p>&nbsp;<\/p>\n<ul>\n<li><strong>Biblioteca Prof. Jos\u00e9 Alonso<br \/>\nTel\u00e9fono:\u00a0<\/strong>410-7560<br \/>\n<strong>Correo electr\u00f3nico:<\/strong>\u00a0biblioteca@face.unt.edu.ar<br \/>\n<a href=\"http:\/\/biblio.face.unt.edu.ar:8913\/\" target=\"_blank\" rel=\"noopener noreferrer\"><strong>Acceder haciendo click aqu\u00ed\u00a0<\/strong><\/a><\/li>\n<\/ul>\n<p>&nbsp;<\/p>\n<ul>\n<li><strong>Biblioteca Central UNT<br \/>\n<a href=\"http:\/\/biblio.unt.edu.ar\/b_central\/default.htm\" target=\"_blank\" rel=\"noopener noreferrer\">Acceder haciendo click aqu\u00ed<\/a><\/strong><\/li>\n<\/ul>\n<p>&nbsp;<\/p>\n<ul>\n<li><strong>Hemeroteca del Instituto de Administraci\u00f3n<br \/>\n<\/strong><strong><strong>Correo electr\u00f3nico: <\/strong><\/strong>susandivaras@face.unt.edu.ar<strong><br \/>\n<a href=\"https:\/\/face.unt.edu.ar\/web\/iadmin\/hemeroteca\/\" target=\"_blank\" rel=\"noopener noreferrer\">Acceder haciendo click aqu\u00ed<\/a><\/strong><\/li>\n<\/ul>\n<p><strong>\u00a0<\/strong><\/p>\n<ul>\n<li><strong>Biblioteca del Instituto del Estudios Socio Econ\u00f3mico<\/strong><strong><br \/>\nTel\u00e9fono:\u00a0<\/strong>4 36-4093 int. 7629<br \/>\n<strong>Correo electr\u00f3nico:<\/strong>\u00a0lgovino@face.unt.edu.ar<br \/>\n<a href=\"https:\/\/drive.google.com\/file\/d\/0BwZE7DzLP04YNXFzX3lCMGVsaW9iY3FoNXhia2hwTlZhdGt3\/view?usp=sharing\" target=\"_blank\" rel=\"noopener noreferrer\"><strong>Acceder haciendo click aqu\u00ed<\/strong><\/a><\/li>\n<\/ul>\n<p><strong>\u00a0<\/strong><\/p>\n<ul>\n<li><strong>Biblioteca del INIE \u2013 Instituto de Investigaciones Estad\u00edsticas<br \/>\nTel\u00e9fono:\u00a0<\/strong>410-7548<br \/>\n<strong>Correo electr\u00f3nico:<\/strong>\u00a0inie@herrera.unt.edu.ar<br \/>\n<a href=\"http:\/\/biblio.unt.edu.ar\/economicas\/opac\/buscar.html\" target=\"_blank\" rel=\"noopener noreferrer\"><strong>Acceder haciendo click aqu\u00ed\u00a0<\/strong><\/a><\/li>\n<\/ul>\n<p><strong>\u00a0<\/strong><\/p>\n<ul>\n<li><strong>Biblioteca del Instituto de Investigaciones Contables<br \/>\nTel\u00e9fono:\u00a0<\/strong>436-4093 int. 7652<strong><br \/>\nCorreo electr\u00f3nico:<\/strong>\u00a0laraoz@face.unt.edu.ar<br \/>\n<a href=\"http:\/\/biblio.unt.edu.ar\/economicas\/opac\/buscar.html\" target=\"_blank\" rel=\"noopener noreferrer\"><strong>Acceder haciendo click aqu\u00ed\u00a0<\/strong><\/a><\/li>\n<\/ul>\n<p><strong>\u00a0<\/strong><\/p>\n<ul>\n<li><strong>Biblioteca del Instituto de Derecho y Seguridad Social<br \/>\n<a href=\"https:\/\/drive.google.com\/file\/d\/0BwZE7DzLP04YaktHbnMtaGRfNjM5YUVmOFl6aWpPV3ZEbmg4\/view?usp=sharing\" target=\"_blank\" rel=\"noopener noreferrer\">Acceder haciendo click aqu\u00ed\u00a0<\/a><br \/>\n<\/strong><\/li>\n<\/ul>\n<p><strong>\u00a0<\/strong><\/p>\n<ul>\n<li><strong>Biblioteca del INVECO \u2013 Instituto de Investigaciones Econ\u00f3micas<br \/>\nTel\u00e9fono: <\/strong>410-7560<strong><br \/>\nCorreo electr\u00f3nico: <\/strong>finveco@herrera.unt.edu.ar<br \/>\n<a href=\"http:\/\/biblio.unt.edu.ar\/economicas\/opac\/buscar.html\" target=\"_blank\" rel=\"noopener noreferrer\"><strong>Acceder haciendo click aqu\u00ed\u00a0<\/strong><\/a><\/li>\n<\/ul>\n<p>&nbsp;<\/p>\n<ul>\n<li><strong>Biblioteca del Instituto de Matem\u00e1tica<br \/>\n<a href=\"https:\/\/drive.google.com\/file\/d\/0BwZE7DzLP04Ydi0zRk94MF9XbnVPTlBFT3ltOE1nYXFTOUxF\/view?usp=sharing\" target=\"_blank\" rel=\"noopener noreferrer\">Acceder haciendo click aqu\u00ed\u00a0<\/a><br \/>\n<\/strong><\/li>\n<\/ul>\n<p><strong>\u00a0<\/strong><strong>\u00a0<\/strong><\/p>\n<ul>\n<li><strong>Biblioteca del Posgrado en Tributaci\u00f3n<br \/>\nTel\u00e9fono:\u00a0<\/strong>410-7547<strong><br \/>\nCorreo electr\u00f3nico:\u00a0<\/strong>postributaci\u00f3n@gmail.com<br \/>\n<a href=\"https:\/\/drive.google.com\/file\/d\/0BwZE7DzLP04YNEEteDczR3lIejlXODFrNnAzeDhuaGlTRFZN\/view?usp=sharing\" target=\"_blank\" rel=\"noopener noreferrer\"><strong>Acceder haciendo click aqu\u00ed\u00a0<\/strong><\/a><\/li>\n<\/ul>\n<p>&nbsp;<\/p>\n<ul>\n<li><strong>Biblioteca del MBA y Especializaci\u00f3n en RRHH<br \/>\n<a href=\"https:\/\/drive.google.com\/file\/d\/0BwZE7DzLP04YTnJaQXFhVVJtcjRQd19HZkc5MGpaNEZvNHFN\/view?usp=sharing\" target=\"_blank\" rel=\"noopener noreferrer\">Acceder haciendo click aqu\u00ed\u00a0<\/a><br \/>\n<\/strong><\/li>\n<\/ul>\n<p><strong>\u00a0<\/strong><strong>\u00a0<\/strong><\/p>\n<ul>\n<li><strong>Biblioteca Trabajos de Seminario de Estudiantes\u00a0<\/strong><strong><br \/>\n<a href=\"https:\/\/drive.google.com\/file\/d\/0BwZE7DzLP04YY1ozek96Wm1hZWpRU29EUTI3bW9fdHE0cVlj\/view?usp=sharing\" target=\"_blank\" rel=\"noopener noreferrer\">Acceder haciendo click aqu\u00ed<\/a><\/strong><\/li>\n<\/ul>\n<p><strong>\u00a0<\/strong><\/p>\n<ul>\n<li><strong>Biblioteca de la Facultad de Agronom\u00eda y Zootecnia<br \/>\n<a href=\"http:\/\/biblio.unt.edu.ar\/bibliofaz\/opac\/buscar.html\" target=\"_blank\" rel=\"noopener noreferrer\">Acceder haciendo click aqu\u00ed\u00a0<\/a><\/strong><\/li>\n<\/ul>\n<p>&nbsp;<\/p>\n<ul>\n<li><strong>Biblioteca de la Fac. de Arquitectura UNT<br \/>\n<a href=\"http:\/\/biblio.unt.edu.ar\/bibfau\/OPAC\/buscar.html\" target=\"_blank\" rel=\"noopener noreferrer\">Acceder haciendo click aqu\u00ed<\/a><\/strong><\/li>\n<\/ul>\n<p><strong>\u00a0<\/strong><strong>\u00a0<\/strong><\/p>\n<ul>\n<li><strong>Biblioteca de la Fac. de Cs. Exactas y Tecnolog\u00edas UNT<br \/>\n<a href=\"http:\/\/aqu\u00edhttp:\/\/www1.herrera.unt.edu.ar\/biblcet\/servicios\/catalogo3\/\" target=\"_blank\" rel=\"noopener noreferrer\">Acceder haciendo click\u00a0aqu\u00ed<\/a><\/strong><\/li>\n<\/ul>\n<p>&nbsp;<\/p>\n<ul>\n<li><strong>Biblioteca de la Fac. de Derecho UNT<br \/>\n<a href=\"http:\/\/biblio.unt.edu.ar\/derecho\/Default.htm\" target=\"_blank\" rel=\"noopener noreferrer\">Acceder haciendo click aqu\u00ed<\/a><\/strong><\/li>\n<\/ul>\n<p>&nbsp;<\/p>\n<ul>\n<li><strong>Biblioteca de la Facultad de Filosof\u00eda y Letras de la UNT<br \/>\n<\/strong><a href=\"http:\/\/filo.unt.edu.ar\/biblioteca-emilio-carilla\/\" target=\"_blank\" rel=\"noopener noreferrer\"><strong>Acceder haciendo click aqu\u00ed<\/strong><\/a><\/li>\n<\/ul>\n<p>&nbsp;<\/p>\n<ul>\n<li><strong>Biblioteca del ISES CONICET &#8211; Instituto superior de Estudios Sociales<br \/>\nLink de acceso: <a href=\"http:\/\/www.ises.org.ar\/biblioteca.php\" target=\"_blank\" rel=\"noopener noreferrer\">http:\/\/www.ises.org.ar\/biblioteca.php<\/a><\/strong><\/li>\n<\/ul>\n<p>&nbsp;<\/p>\n<p>&nbsp;<\/p>\n<p><strong>\u00a0<\/strong><\/p>\n","protected":false},"excerpt":{"rendered":"<p>&nbsp; Biblioteca Prof. Jos\u00e9 Alonso Tel\u00e9fono:\u00a0410-7560 Correo electr\u00f3nico:\u00a0biblioteca@face.unt.edu.ar Acceder haciendo click aqu\u00ed\u00a0 &nbsp; Biblioteca Central UNT Acceder haciendo click aqu\u00ed &nbsp; Hemeroteca del Instituto de Administraci\u00f3n Correo electr\u00f3nico: susandivaras@face.unt.edu.ar Acceder haciendo click aqu\u00ed \u00a0 Biblioteca del Instituto del Estudios Socio Econ\u00f3mico Tel\u00e9fono:\u00a04 36-4093 int. 7629 Correo electr\u00f3nico:\u00a0lgovino@face.unt.edu.ar Acceder haciendo click aqu\u00ed \u00a0 Biblioteca del INIE [&hellip;]<\/p>\n","protected":false},"author":1,"featured_media":0,"parent":0,"menu_order":0,"comment_status":"closed","ping_status":"closed","template":"","meta":{"footnotes":""},"_links":{"self":[{"href":"https:\/\/face.unt.edu.ar\/web\/biblioteca\/wp-json\/wp\/v2\/pages\/185"}],"collection":[{"href":"https:\/\/face.unt.edu.ar\/web\/biblioteca\/wp-json\/wp\/v2\/pages"}],"about":[{"href":"https:\/\/face.unt.edu.ar\/web\/biblioteca\/wp-json\/wp\/v2\/types\/page"}],"author":[{"embeddable":true,"href":"https:\/\/face.unt.edu.ar\/web\/biblioteca\/wp-json\/wp\/v2\/users\/1"}],"replies":[{"embeddable":true,"href":"https:\/\/face.unt.edu.ar\/web\/biblioteca\/wp-json\/wp\/v2\/comments?post=185"}],"version-history":[{"count":35,"href":"https:\/\/face.unt.edu.ar\/web\/biblioteca\/wp-json\/wp\/v2\/pages\/185\/revisions"}],"predecessor-version":[{"id":411,"href":"https:\/\/face.unt.edu.ar\/web\/biblioteca\/wp-json\/wp\/v2\/pages\/185\/revisions\/411"}],"wp:attachment":[{"href":"https:\/\/face.unt.edu.ar\/web\/biblioteca\/wp-json\/wp\/v2\/media?parent=185"}],"curies":[{"name":"wp","href":"https:\/\/api.w.org\/{rel}","templated":true}]}}