{"id":364,"date":"2020-04-13T15:21:03","date_gmt":"2020-04-13T18:21:03","guid":{"rendered":"http:\/\/face.unt.edu.ar\/web\/biblioteca\/?page_id=364"},"modified":"2020-05-08T22:05:54","modified_gmt":"2020-05-09T01:05:54","slug":"libros-para-leer-en-ca","status":"publish","type":"page","link":"https:\/\/face.unt.edu.ar\/web\/biblioteca\/libros-para-leer-en-ca\/","title":{"rendered":"Libros Digitales"},"content":{"rendered":"<p>&nbsp;<\/p>\n<p>&nbsp;<\/p>\n<hr \/>\n<p><a href=\"http:\/\/face.unt.edu.ar\/web\/biblioteca\/wp-content\/uploads\/sites\/19\/2020\/05\/elibro.png\"><img decoding=\"async\" loading=\"lazy\" class=\"wp-image-401 alignleft\" src=\"http:\/\/face.unt.edu.ar\/web\/biblioteca\/wp-content\/uploads\/sites\/19\/2020\/05\/elibro.png\" alt=\"\" width=\"281\" height=\"109\" srcset=\"https:\/\/face.unt.edu.ar\/web\/biblioteca\/wp-content\/uploads\/sites\/19\/2020\/05\/elibro.png 3090w, https:\/\/face.unt.edu.ar\/web\/biblioteca\/wp-content\/uploads\/sites\/19\/2020\/05\/elibro-300x116.png 300w, https:\/\/face.unt.edu.ar\/web\/biblioteca\/wp-content\/uploads\/sites\/19\/2020\/05\/elibro-768x298.png 768w, https:\/\/face.unt.edu.ar\/web\/biblioteca\/wp-content\/uploads\/sites\/19\/2020\/05\/elibro-1024x397.png 1024w, https:\/\/face.unt.edu.ar\/web\/biblioteca\/wp-content\/uploads\/sites\/19\/2020\/05\/elibro-696x270.png 696w, https:\/\/face.unt.edu.ar\/web\/biblioteca\/wp-content\/uploads\/sites\/19\/2020\/05\/elibro-1068x414.png 1068w, https:\/\/face.unt.edu.ar\/web\/biblioteca\/wp-content\/uploads\/sites\/19\/2020\/05\/elibro-1082x420.png 1082w, https:\/\/face.unt.edu.ar\/web\/biblioteca\/wp-content\/uploads\/sites\/19\/2020\/05\/elibro-1920x745.png 1920w\" sizes=\"(max-width: 281px) 100vw, 281px\" \/><\/a><\/p>\n<h5>La UNT pone a disposici\u00f3n, gratuitamente, el servicio \u00abeLIBRO Biblioteca Digital\u00bb<\/h5>\n<h5 class=\"bajada\">Se trata de una colecci\u00f3n de textos digitales acad\u00e9micos en espa\u00f1ol incluyendo unas 450 editoriales, tanto comerciales como universitarias. M\u00e1s de 100.000 textos a la fecha, libros, revistas, art\u00edculos y tesis.<\/h5>\n<p>En el siguiente link podr\u00e1n acceder al formulario de inscripci\u00f3n. Los interesados deber\u00e1n llenarlo u enviarlo. Y en un tiempo no mayor a 24 hs, tendr\u00e1n el acceso a la Biblioteca:<br \/>\n<a href=\"https:\/\/elibroenlaunt.blogspot.com\/\" target=\"_blank\" rel=\"noopener noreferrer\">https:\/\/elibroenlaunt.blogspot.com\/<\/a><\/p>\n<hr \/>\n<hr \/>\n<p><a href=\"https:\/\/elplacerdelalectura.com\/2020\/02\/45-libros-de-julio-verne-para-descargar-gratis.html\"><img decoding=\"async\" loading=\"lazy\" class=\"alignnone wp-image-365\" src=\"http:\/\/face.unt.edu.ar\/web\/biblioteca\/wp-content\/uploads\/sites\/19\/2020\/04\/Captura5.png\" alt=\"\" width=\"469\" height=\"73\" srcset=\"https:\/\/face.unt.edu.ar\/web\/biblioteca\/wp-content\/uploads\/sites\/19\/2020\/04\/Captura5.png 629w, https:\/\/face.unt.edu.ar\/web\/biblioteca\/wp-content\/uploads\/sites\/19\/2020\/04\/Captura5-300x47.png 300w\" sizes=\"(max-width: 469px) 100vw, 469px\" \/><\/a><\/p>\n<h3 class=\"entry-title twp-secondary-title\"><a href=\"https:\/\/elplacerdelalectura.com\/2020\/02\/45-libros-de-julio-verne-para-descargar-gratis.html\" rel=\"bookmark\">45 libros de Julio Verne para descargar gratis<\/a><\/h3>\n<hr \/>\n<p><a href=\"http:\/\/medios.unt.edu.ar\/secciones\/6\/publicaciones\/\"><img decoding=\"async\" loading=\"lazy\" class=\"alignnone wp-image-370 \" src=\"http:\/\/face.unt.edu.ar\/web\/biblioteca\/wp-content\/uploads\/sites\/19\/2020\/04\/Captura51.png\" alt=\"\" width=\"576\" height=\"95\" srcset=\"https:\/\/face.unt.edu.ar\/web\/biblioteca\/wp-content\/uploads\/sites\/19\/2020\/04\/Captura51.png 649w, https:\/\/face.unt.edu.ar\/web\/biblioteca\/wp-content\/uploads\/sites\/19\/2020\/04\/Captura51-300x49.png 300w\" sizes=\"(max-width: 576px) 100vw, 576px\" \/><\/a><\/p>\n<h3><a href=\"http:\/\/medios.unt.edu.ar\/secciones\/6\/publicaciones\/\">libros electr\u00f3nicos editados por la UNT para bajar de forma gratuita<\/a><\/h3>\n<hr \/>\n<p><a href=\"http:\/\/r.noticias.clacso.edu.ar\/mk\/mr\/08Btl3Xyi9l-hf70YeD-9Csj_MjRHwnFKG22Nfc7ufmCr8pBADh1lmJpMNQFMEhXi-H8CEu_lSrdSkcP64RCi75NZsIiOlwGPdlMQ8iXkkkOj7cH\"><img decoding=\"async\" loading=\"lazy\" class=\"alignnone wp-image-366\" src=\"http:\/\/face.unt.edu.ar\/web\/biblioteca\/wp-content\/uploads\/sites\/19\/2020\/04\/calas.png\" alt=\"\" width=\"403\" height=\"103\" srcset=\"https:\/\/face.unt.edu.ar\/web\/biblioteca\/wp-content\/uploads\/sites\/19\/2020\/04\/calas.png 563w, https:\/\/face.unt.edu.ar\/web\/biblioteca\/wp-content\/uploads\/sites\/19\/2020\/04\/calas-300x77.png 300w\" sizes=\"(max-width: 403px) 100vw, 403px\" \/><\/a><\/p>\n<hr \/>\n<p><a href=\"https:\/\/bdigital.uncu.edu.ar\/\"><img decoding=\"async\" loading=\"lazy\" class=\"alignnone wp-image-373 size-full\" src=\"http:\/\/face.unt.edu.ar\/web\/biblioteca\/wp-content\/uploads\/sites\/19\/2020\/04\/Captura52.png\" alt=\"\" width=\"480\" height=\"77\" srcset=\"https:\/\/face.unt.edu.ar\/web\/biblioteca\/wp-content\/uploads\/sites\/19\/2020\/04\/Captura52.png 480w, https:\/\/face.unt.edu.ar\/web\/biblioteca\/wp-content\/uploads\/sites\/19\/2020\/04\/Captura52-300x48.png 300w\" sizes=\"(max-width: 480px) 100vw, 480px\" \/><\/a><\/p>\n<h3><a href=\"https:\/\/bdigital.uncu.edu.ar\/\">Libros y publicaciones de la biblioteca digital de la UNCUYO<\/a><\/h3>\n<hr \/>\n<p><a href=\"https:\/\/narrativabreve.com\/\"><img decoding=\"async\" loading=\"lazy\" class=\"alignnone wp-image-375 \" src=\"http:\/\/face.unt.edu.ar\/web\/biblioteca\/wp-content\/uploads\/sites\/19\/2020\/04\/Captura53.png\" alt=\"\" width=\"523\" height=\"67\" srcset=\"https:\/\/face.unt.edu.ar\/web\/biblioteca\/wp-content\/uploads\/sites\/19\/2020\/04\/Captura53.png 695w, https:\/\/face.unt.edu.ar\/web\/biblioteca\/wp-content\/uploads\/sites\/19\/2020\/04\/Captura53-300x38.png 300w\" sizes=\"(max-width: 523px) 100vw, 523px\" \/><\/a><\/p>\n<hr \/>\n<p>&nbsp;<\/p>\n","protected":false},"excerpt":{"rendered":"<p>&nbsp; &nbsp; La UNT pone a disposici\u00f3n, gratuitamente, el servicio \u00abeLIBRO Biblioteca Digital\u00bb Se trata de una colecci\u00f3n de textos digitales acad\u00e9micos en espa\u00f1ol incluyendo unas 450 editoriales, tanto comerciales como universitarias. M\u00e1s de 100.000 textos a la fecha, libros, revistas, art\u00edculos y tesis. En el siguiente link podr\u00e1n acceder al formulario de inscripci\u00f3n. Los [&hellip;]<\/p>\n","protected":false},"author":13,"featured_media":0,"parent":0,"menu_order":0,"comment_status":"closed","ping_status":"closed","template":"","meta":{"footnotes":""},"_links":{"self":[{"href":"https:\/\/face.unt.edu.ar\/web\/biblioteca\/wp-json\/wp\/v2\/pages\/364"}],"collection":[{"href":"https:\/\/face.unt.edu.ar\/web\/biblioteca\/wp-json\/wp\/v2\/pages"}],"about":[{"href":"https:\/\/face.unt.edu.ar\/web\/biblioteca\/wp-json\/wp\/v2\/types\/page"}],"author":[{"embeddable":true,"href":"https:\/\/face.unt.edu.ar\/web\/biblioteca\/wp-json\/wp\/v2\/users\/13"}],"replies":[{"embeddable":true,"href":"https:\/\/face.unt.edu.ar\/web\/biblioteca\/wp-json\/wp\/v2\/comments?post=364"}],"version-history":[{"count":10,"href":"https:\/\/face.unt.edu.ar\/web\/biblioteca\/wp-json\/wp\/v2\/pages\/364\/revisions"}],"predecessor-version":[{"id":402,"href":"https:\/\/face.unt.edu.ar\/web\/biblioteca\/wp-json\/wp\/v2\/pages\/364\/revisions\/402"}],"wp:attachment":[{"href":"https:\/\/face.unt.edu.ar\/web\/biblioteca\/wp-json\/wp\/v2\/media?parent=364"}],"curies":[{"name":"wp","href":"https:\/\/api.w.org\/{rel}","templated":true}]}}