{"id":4,"date":"2018-10-31T12:38:56","date_gmt":"2018-10-31T12:38:56","guid":{"rendered":"http:\/\/face.unt.edu.ar\/web\/biblioteca\/?page_id=4"},"modified":"2019-03-13T11:23:51","modified_gmt":"2019-03-13T14:23:51","slug":"historia","status":"publish","type":"page","link":"https:\/\/face.unt.edu.ar\/web\/biblioteca\/historia\/","title":{"rendered":"Historia"},"content":{"rendered":"<p><a href=\"http:\/\/face.unt.edu.ar\/web\/biblioteca\/wp-content\/uploads\/sites\/19\/2019\/03\/historia-1.png\"><img decoding=\"async\" loading=\"lazy\" class=\"alignnone size-full wp-image-116\" src=\"http:\/\/face.unt.edu.ar\/web\/biblioteca\/wp-content\/uploads\/sites\/19\/2019\/03\/historia-1.png\" alt=\"\" width=\"598\" height=\"73\" srcset=\"https:\/\/face.unt.edu.ar\/web\/biblioteca\/wp-content\/uploads\/sites\/19\/2019\/03\/historia-1.png 598w, https:\/\/face.unt.edu.ar\/web\/biblioteca\/wp-content\/uploads\/sites\/19\/2019\/03\/historia-1-300x37.png 300w\" sizes=\"(max-width: 598px) 100vw, 598px\" \/><\/a><\/p>\n<p>En Enero de 1 948, la U.N.T. adopta una nueva estructura departamental y la actual Facultad de Ciencias Econ\u00f3micas pasa a denominarse Departamento de Estudios Econ\u00f3micos. Durante este periodo y con fondos enviados por la Naci\u00f3n, se comienza a comprar libros para la formaci\u00f3n de esta Biblioteca<\/p>\n<p>En 1949 nos trasladamos a calle 25 de Mayo 456, ya con el nombre de Facultad de Ciencias Econ\u00f3micas, all\u00ed la Biblioteca Prof. Jos\u00e9 Alonso, experimenta un crecimiento en forma acelerada, con la compra de libros de Contabilidad, Econom\u00eda, Administraci\u00f3n, etc.<\/p>\n<p>Durante la d\u00e9cada de los \u201960, llamada \u00e9poca de plata, se acrecent\u00f3 a\u00fan m\u00e1s, con la compra de material bibliogr\u00e1fico de cultura general, de filosof\u00eda, diccionarios, etc. Nuestra hemeroteca, que naci\u00f3 casi junto con la biblioteca, dispone hoy de publicaciones a nivel nacional e internacional.<\/p>\n<p>La biblioteca lleva el nombre del CPN Jos\u00e9 Alonso, quien fuera decano Interventor de nuestra Facultad durante el periodo 1955\/1957.El Primer director de la biblioteca, fue el Sr Juan Carlos Castro, quien fue director de la misma por m\u00e1s de\u00a0 30 a\u00f1os.<\/p>\n<p>Hoy contamos con un acervo bibliogr\u00e1fico de aproximadamente 38.000 vol\u00famenes, entre libros, revistas, censos, e informes estad\u00edsticos y econ\u00f3micos, .muchos de ellos\u00a0 de gran valor patrimonial y acad\u00e9mico. Actualmente contamos tambi\u00e9n con ejemplares seleccionados por el Prof Dr. Manuel Cordomi para consulta en lo que respecta al \u00e1rea de econom\u00eda.<\/p>\n<p>Actualmente la biblioteca se encuentra en un proceso de adecuaci\u00f3n a las nuevas tecnolog\u00edas, con el fin de brindar acceso a material digital y virtual para nuestros\u00a0 usuarios.<\/p>\n","protected":false},"excerpt":{"rendered":"<p>En Enero de 1 948, la U.N.T. adopta una nueva estructura departamental y la actual Facultad de Ciencias Econ\u00f3micas pasa a denominarse Departamento de Estudios Econ\u00f3micos. Durante este periodo y con fondos enviados por la Naci\u00f3n, se comienza a comprar libros para la formaci\u00f3n de esta Biblioteca En 1949 nos trasladamos a calle 25 de [&hellip;]<\/p>\n","protected":false},"author":1,"featured_media":0,"parent":0,"menu_order":0,"comment_status":"closed","ping_status":"closed","template":"","meta":{"footnotes":""},"_links":{"self":[{"href":"https:\/\/face.unt.edu.ar\/web\/biblioteca\/wp-json\/wp\/v2\/pages\/4"}],"collection":[{"href":"https:\/\/face.unt.edu.ar\/web\/biblioteca\/wp-json\/wp\/v2\/pages"}],"about":[{"href":"https:\/\/face.unt.edu.ar\/web\/biblioteca\/wp-json\/wp\/v2\/types\/page"}],"author":[{"embeddable":true,"href":"https:\/\/face.unt.edu.ar\/web\/biblioteca\/wp-json\/wp\/v2\/users\/1"}],"replies":[{"embeddable":true,"href":"https:\/\/face.unt.edu.ar\/web\/biblioteca\/wp-json\/wp\/v2\/comments?post=4"}],"version-history":[{"count":3,"href":"https:\/\/face.unt.edu.ar\/web\/biblioteca\/wp-json\/wp\/v2\/pages\/4\/revisions"}],"predecessor-version":[{"id":117,"href":"https:\/\/face.unt.edu.ar\/web\/biblioteca\/wp-json\/wp\/v2\/pages\/4\/revisions\/117"}],"wp:attachment":[{"href":"https:\/\/face.unt.edu.ar\/web\/biblioteca\/wp-json\/wp\/v2\/media?parent=4"}],"curies":[{"name":"wp","href":"https:\/\/api.w.org\/{rel}","templated":true}]}}