{"id":6,"date":"2018-10-31T12:39:09","date_gmt":"2018-10-31T12:39:09","guid":{"rendered":"http:\/\/face.unt.edu.ar\/web\/biblioteca\/?page_id=6"},"modified":"2019-03-13T11:02:27","modified_gmt":"2019-03-13T14:02:27","slug":"mision","status":"publish","type":"page","link":"https:\/\/face.unt.edu.ar\/web\/biblioteca\/mision\/","title":{"rendered":"MISI\u00d3N Y VISI\u00d3N"},"content":{"rendered":"<p>[vc_row][vc_column][vc_column_text]<a href=\"http:\/\/face.unt.edu.ar\/web\/biblioteca\/wp-content\/uploads\/sites\/19\/2019\/03\/MISION.png\"><img decoding=\"async\" loading=\"lazy\" class=\"alignnone wp-image-95\" src=\"http:\/\/face.unt.edu.ar\/web\/biblioteca\/wp-content\/uploads\/sites\/19\/2019\/03\/MISION.png\" alt=\"\" width=\"554\" height=\"100\" srcset=\"https:\/\/face.unt.edu.ar\/web\/biblioteca\/wp-content\/uploads\/sites\/19\/2019\/03\/MISION.png 2694w, https:\/\/face.unt.edu.ar\/web\/biblioteca\/wp-content\/uploads\/sites\/19\/2019\/03\/MISION-300x54.png 300w, https:\/\/face.unt.edu.ar\/web\/biblioteca\/wp-content\/uploads\/sites\/19\/2019\/03\/MISION-768x139.png 768w, https:\/\/face.unt.edu.ar\/web\/biblioteca\/wp-content\/uploads\/sites\/19\/2019\/03\/MISION-1024x185.png 1024w\" sizes=\"(max-width: 554px) 100vw, 554px\" \/><\/a><\/p>\n<p>La Biblioteca tiene como misi\u00f3n gestionar ,preservar y organizar el acervo bibliogr\u00e1fico de la Facultad en un entorno de informaci\u00f3n en continua evoluci\u00f3n, para contribuir al aprendizaje, la investigaci\u00f3n y la innovaci\u00f3n en la Universidad, mediante estrategias y servicios de excelencia que promuevan la generaci\u00f3n y transferencia del conocimiento.<\/p>\n<p>&nbsp;<\/p>\n<p>&nbsp;<\/p>\n<p><a href=\"http:\/\/face.unt.edu.ar\/web\/biblioteca\/wp-content\/uploads\/sites\/19\/2019\/03\/VISION.png\"><img decoding=\"async\" loading=\"lazy\" class=\"alignnone wp-image-99\" src=\"http:\/\/face.unt.edu.ar\/web\/biblioteca\/wp-content\/uploads\/sites\/19\/2019\/03\/VISION.png\" alt=\"\" width=\"597\" height=\"110\" srcset=\"https:\/\/face.unt.edu.ar\/web\/biblioteca\/wp-content\/uploads\/sites\/19\/2019\/03\/VISION.png 600w, https:\/\/face.unt.edu.ar\/web\/biblioteca\/wp-content\/uploads\/sites\/19\/2019\/03\/VISION-300x56.png 300w\" sizes=\"(max-width: 597px) 100vw, 597px\" \/><\/a><\/p>\n<ul>\n<li>Establecer estrategias y servicios de calidad centrados en la comunidad universitaria mediante:<\/li>\n<li>Apoyo a la instituci\u00f3n en el cumplimiento de sus objetivos y metas organizacionales.<\/li>\n<li>Generaci\u00f3n de espacios adecuados para el estudio y el trabajo individual o en grupo.<\/li>\n<li>Gesti\u00f3n, preservaci\u00f3n y acceso eficaz de las colecciones y de la producci\u00f3n cient\u00edfica y acad\u00e9mica de la Facultad y de la Universidad.<\/li>\n<li>Poner en marcha servicios innovadores que apoyen a los estudiantes en su formaci\u00f3n integral y a los profesores e investigadores en todo el proceso de creaci\u00f3n del conocimiento.<\/li>\n<li>Lograr una gesti\u00f3n excelente con recursos humanos proactivos y competentes.<\/li>\n<\/ul>\n<p>[\/vc_column_text][\/vc_column][\/vc_row]<\/p>\n","protected":false},"excerpt":{"rendered":"<p>[vc_row][vc_column][vc_column_text] La Biblioteca tiene como misi\u00f3n gestionar ,preservar y organizar el acervo bibliogr\u00e1fico de la Facultad en un entorno de informaci\u00f3n en continua evoluci\u00f3n, para contribuir al aprendizaje, la investigaci\u00f3n y la innovaci\u00f3n en la Universidad, mediante estrategias y servicios de excelencia que promuevan la generaci\u00f3n y transferencia del conocimiento. &nbsp; &nbsp; Establecer estrategias y [&hellip;]<\/p>\n","protected":false},"author":1,"featured_media":0,"parent":0,"menu_order":0,"comment_status":"closed","ping_status":"closed","template":"","meta":{"footnotes":""},"_links":{"self":[{"href":"https:\/\/face.unt.edu.ar\/web\/biblioteca\/wp-json\/wp\/v2\/pages\/6"}],"collection":[{"href":"https:\/\/face.unt.edu.ar\/web\/biblioteca\/wp-json\/wp\/v2\/pages"}],"about":[{"href":"https:\/\/face.unt.edu.ar\/web\/biblioteca\/wp-json\/wp\/v2\/types\/page"}],"author":[{"embeddable":true,"href":"https:\/\/face.unt.edu.ar\/web\/biblioteca\/wp-json\/wp\/v2\/users\/1"}],"replies":[{"embeddable":true,"href":"https:\/\/face.unt.edu.ar\/web\/biblioteca\/wp-json\/wp\/v2\/comments?post=6"}],"version-history":[{"count":21,"href":"https:\/\/face.unt.edu.ar\/web\/biblioteca\/wp-json\/wp\/v2\/pages\/6\/revisions"}],"predecessor-version":[{"id":104,"href":"https:\/\/face.unt.edu.ar\/web\/biblioteca\/wp-json\/wp\/v2\/pages\/6\/revisions\/104"}],"wp:attachment":[{"href":"https:\/\/face.unt.edu.ar\/web\/biblioteca\/wp-json\/wp\/v2\/media?parent=6"}],"curies":[{"name":"wp","href":"https:\/\/api.w.org\/{rel}","templated":true}]}}