{"id":664,"date":"2021-05-13T09:42:29","date_gmt":"2021-05-13T12:42:29","guid":{"rendered":"https:\/\/face.unt.edu.ar\/web\/biblioteca\/?page_id=664"},"modified":"2021-06-04T09:45:01","modified_gmt":"2021-06-04T12:45:01","slug":"repositorio-inicio","status":"publish","type":"page","link":"https:\/\/face.unt.edu.ar\/web\/biblioteca\/repositorio-inicio\/","title":{"rendered":"Repositorio Inicio"},"content":{"rendered":"<p>[vc_row][vc_column][vc_single_image image=\u00bb724&#8243; img_size=\u00bbfull\u00bb alignment=\u00bbcenter\u00bb style=\u00bbvc_box_shadow_3d\u00bb css_animation=\u00bbappear\u00bb][\/vc_column][\/vc_row][vc_row][vc_column]<div class=\"td_block_wrap td_block_2 td_uid_1_69e12520dea60_rand td-pb-border-top td_block_template_1 td-column-1 td_block_padding\"  data-td-block-uid=\"td_uid_1_69e12520dea60\" ><script>var block_td_uid_1_69e12520dea60 = new tdBlock();\nblock_td_uid_1_69e12520dea60.id = \"td_uid_1_69e12520dea60\";\nblock_td_uid_1_69e12520dea60.atts = '{\"custom_title\":\"\\u00daltimos Subido\",\"category_id\":\"14\",\"limit\":\"10\",\"separator\":\"\",\"custom_url\":\"\",\"block_template_id\":\"\",\"m2_tl\":\"\",\"m2_el\":\"\",\"m6_tl\":\"\",\"post_ids\":\"\",\"category_ids\":\"\",\"tag_slug\":\"\",\"autors_id\":\"\",\"installed_post_types\":\"\",\"sort\":\"\",\"offset\":\"\",\"el_class\":\"\",\"td_ajax_filter_type\":\"\",\"td_ajax_filter_ids\":\"\",\"td_filter_default_txt\":\"All\",\"td_ajax_preloading\":\"\",\"f_header_font_header\":\"\",\"f_header_font_title\":\"Block header\",\"f_header_font_settings\":\"\",\"f_header_font_family\":\"\",\"f_header_font_size\":\"\",\"f_header_font_line_height\":\"\",\"f_header_font_style\":\"\",\"f_header_font_weight\":\"\",\"f_header_font_transform\":\"\",\"f_header_font_spacing\":\"\",\"f_header_\":\"\",\"f_ajax_font_title\":\"Ajax categories\",\"f_ajax_font_settings\":\"\",\"f_ajax_font_family\":\"\",\"f_ajax_font_size\":\"\",\"f_ajax_font_line_height\":\"\",\"f_ajax_font_style\":\"\",\"f_ajax_font_weight\":\"\",\"f_ajax_font_transform\":\"\",\"f_ajax_font_spacing\":\"\",\"f_ajax_\":\"\",\"f_more_font_title\":\"Load more button\",\"f_more_font_settings\":\"\",\"f_more_font_family\":\"\",\"f_more_font_size\":\"\",\"f_more_font_line_height\":\"\",\"f_more_font_style\":\"\",\"f_more_font_weight\":\"\",\"f_more_font_transform\":\"\",\"f_more_font_spacing\":\"\",\"f_more_\":\"\",\"m2f_title_font_header\":\"\",\"m2f_title_font_title\":\"Article title\",\"m2f_title_font_settings\":\"\",\"m2f_title_font_family\":\"\",\"m2f_title_font_size\":\"\",\"m2f_title_font_line_height\":\"\",\"m2f_title_font_style\":\"\",\"m2f_title_font_weight\":\"\",\"m2f_title_font_transform\":\"\",\"m2f_title_font_spacing\":\"\",\"m2f_title_\":\"\",\"m2f_cat_font_title\":\"Article category tag\",\"m2f_cat_font_settings\":\"\",\"m2f_cat_font_family\":\"\",\"m2f_cat_font_size\":\"\",\"m2f_cat_font_line_height\":\"\",\"m2f_cat_font_style\":\"\",\"m2f_cat_font_weight\":\"\",\"m2f_cat_font_transform\":\"\",\"m2f_cat_font_spacing\":\"\",\"m2f_cat_\":\"\",\"m2f_meta_font_title\":\"Article meta info\",\"m2f_meta_font_settings\":\"\",\"m2f_meta_font_family\":\"\",\"m2f_meta_font_size\":\"\",\"m2f_meta_font_line_height\":\"\",\"m2f_meta_font_style\":\"\",\"m2f_meta_font_weight\":\"\",\"m2f_meta_font_transform\":\"\",\"m2f_meta_font_spacing\":\"\",\"m2f_meta_\":\"\",\"m2f_ex_font_title\":\"Article excerpt\",\"m2f_ex_font_settings\":\"\",\"m2f_ex_font_family\":\"\",\"m2f_ex_font_size\":\"\",\"m2f_ex_font_line_height\":\"\",\"m2f_ex_font_style\":\"\",\"m2f_ex_font_weight\":\"\",\"m2f_ex_font_transform\":\"\",\"m2f_ex_font_spacing\":\"\",\"m2f_ex_\":\"\",\"m6f_title_font_header\":\"\",\"m6f_title_font_title\":\"Article title\",\"m6f_title_font_settings\":\"\",\"m6f_title_font_family\":\"\",\"m6f_title_font_size\":\"\",\"m6f_title_font_line_height\":\"\",\"m6f_title_font_style\":\"\",\"m6f_title_font_weight\":\"\",\"m6f_title_font_transform\":\"\",\"m6f_title_font_spacing\":\"\",\"m6f_title_\":\"\",\"m6f_cat_font_title\":\"Article category tag\",\"m6f_cat_font_settings\":\"\",\"m6f_cat_font_family\":\"\",\"m6f_cat_font_size\":\"\",\"m6f_cat_font_line_height\":\"\",\"m6f_cat_font_style\":\"\",\"m6f_cat_font_weight\":\"\",\"m6f_cat_font_transform\":\"\",\"m6f_cat_font_spacing\":\"\",\"m6f_cat_\":\"\",\"m6f_meta_font_title\":\"Article meta info\",\"m6f_meta_font_settings\":\"\",\"m6f_meta_font_family\":\"\",\"m6f_meta_font_size\":\"\",\"m6f_meta_font_line_height\":\"\",\"m6f_meta_font_style\":\"\",\"m6f_meta_font_weight\":\"\",\"m6f_meta_font_transform\":\"\",\"m6f_meta_font_spacing\":\"\",\"m6f_meta_\":\"\",\"ajax_pagination\":\"\",\"ajax_pagination_infinite_stop\":\"\",\"css\":\"\",\"tdc_css\":\"\",\"td_column_number\":1,\"header_color\":\"\",\"color_preset\":\"\",\"border_top\":\"\",\"class\":\"td_uid_1_69e12520dea60_rand\",\"tdc_css_class\":\"td_uid_1_69e12520dea60_rand\",\"tdc_css_class_style\":\"td_uid_1_69e12520dea60_rand_style\"}';\nblock_td_uid_1_69e12520dea60.td_column_number = \"1\";\nblock_td_uid_1_69e12520dea60.block_type = \"td_block_2\";\nblock_td_uid_1_69e12520dea60.post_count = \"4\";\nblock_td_uid_1_69e12520dea60.found_posts = \"4\";\nblock_td_uid_1_69e12520dea60.header_color = \"\";\nblock_td_uid_1_69e12520dea60.ajax_pagination_infinite_stop = \"\";\nblock_td_uid_1_69e12520dea60.max_num_pages = \"1\";\ntdBlocksArray.push(block_td_uid_1_69e12520dea60);\n<\/script><div class=\"td-block-title-wrap\"><h4 class=\"block-title td-block-title\"><span class=\"td-pulldown-size\">\u00daltimos Subido<\/span><\/h4><\/div><div id=td_uid_1_69e12520dea60 class=\"td_block_inner\">\n\n\t<div class=\"td-block-span12\">\n\r\n        <div class=\"td_module_2 td_module_wrap td-animation-stack td-meta-info-hide\">\r\n            <div class=\"td-module-image\">\r\n                <div class=\"td-module-thumb\"><a href=\"https:\/\/face.unt.edu.ar\/web\/biblioteca\/marketing-sensorial-en-gastronomia-indumentaria-y-entretenimiento-en-tucuman\/\" rel=\"bookmark\" class=\"td-image-wrap\" title=\"Marketing sensorial en Gastronom\u00eda, Indumentaria y Entretenimiento en Tucum\u00e1n\"><img width=\"324\" height=\"160\" class=\"entry-thumb\" src=\"https:\/\/face.unt.edu.ar\/web\/biblioteca\/wp-content\/uploads\/sites\/19\/2020\/09\/tesis4-324x160.png\" alt=\"\" title=\"Marketing sensorial en Gastronom\u00eda, Indumentaria y Entretenimiento en Tucum\u00e1n\"\/><\/a><\/div>                            <\/div>\r\n            <h3 class=\"entry-title td-module-title\"><a href=\"https:\/\/face.unt.edu.ar\/web\/biblioteca\/marketing-sensorial-en-gastronomia-indumentaria-y-entretenimiento-en-tucuman\/\" rel=\"bookmark\" title=\"Marketing sensorial en Gastronom\u00eda, Indumentaria y Entretenimiento en Tucum\u00e1n\">Marketing sensorial en Gastronom\u00eda, Indumentaria y Entretenimiento en Tucum\u00e1n<\/a><\/h3>\r\n\r\n            <div class=\"td-module-meta-info\">\r\n                                                            <\/div>\r\n\r\n\r\n            <div class=\"td-excerpt\">\r\n                La evoluci\u00f3n constante de los mercados lleva a las Empresas a enfrentar consumidores cada vez m\u00e1s exigentes e informados, para lograr el compromiso emocional...            <\/div>\r\n\r\n            \r\n        <\/div>\r\n\r\n        \n\t<\/div> <!-- .\/td-block-span12 -->\n\n\t<div class=\"td-block-span12\">\n\r\n        <div class=\"td_module_6 td_module_wrap td-animation-stack td-meta-info-hide\">\r\n\r\n        <div class=\"td-module-thumb\"><a href=\"https:\/\/face.unt.edu.ar\/web\/biblioteca\/la-responsabilidad-social-tambien-puede-aplicarse-en-la-administracion-publica\/\" rel=\"bookmark\" class=\"td-image-wrap\" title=\"La Responsabilidad Social tambi\u00e9n  puede aplicarse en la Administraci\u00f3n P\u00fablica\"><img width=\"100\" height=\"70\" class=\"entry-thumb\" src=\"https:\/\/face.unt.edu.ar\/web\/biblioteca\/wp-content\/uploads\/sites\/19\/2020\/09\/tesis3-100x70.png\" srcset=\"https:\/\/face.unt.edu.ar\/web\/biblioteca\/wp-content\/uploads\/sites\/19\/2020\/09\/tesis3-100x70.png 100w, https:\/\/face.unt.edu.ar\/web\/biblioteca\/wp-content\/uploads\/sites\/19\/2020\/09\/tesis3-218x150.png 218w\" sizes=\"(max-width: 100px) 100vw, 100px\" alt=\"\" title=\"La Responsabilidad Social tambi\u00e9n  puede aplicarse en la Administraci\u00f3n P\u00fablica\"\/><\/a><\/div>\r\n        <div class=\"item-details\">\r\n            <h3 class=\"entry-title td-module-title\"><a href=\"https:\/\/face.unt.edu.ar\/web\/biblioteca\/la-responsabilidad-social-tambien-puede-aplicarse-en-la-administracion-publica\/\" rel=\"bookmark\" title=\"La Responsabilidad Social tambi\u00e9n  puede aplicarse en la Administraci\u00f3n P\u00fablica\">La Responsabilidad Social tambi\u00e9n  puede aplicarse en la Administraci\u00f3n P\u00fablica<\/a><\/h3>            <div class=\"td-module-meta-info\">\r\n                                                                            <\/div>\r\n        <\/div>\r\n\r\n        <\/div>\r\n\r\n        \n\t<\/div> <!-- .\/td-block-span12 -->\n\n\t<div class=\"td-block-span12\">\n\r\n        <div class=\"td_module_6 td_module_wrap td-animation-stack td-meta-info-hide\">\r\n\r\n        <div class=\"td-module-thumb\"><a href=\"https:\/\/face.unt.edu.ar\/web\/biblioteca\/si-estas-por-iniciar-o-te-encuentras-pensando-emprender-un-nuevo-negocio-no-puedes-perderte-este-trabajo-sobre-emprendedor\/\" rel=\"bookmark\" class=\"td-image-wrap\" title=\"Si estas por iniciar o te encuentras pensando emprender un nuevo negocio, no puedes perderte este trabajo sobre Emprendedor\"><img width=\"100\" height=\"70\" class=\"entry-thumb\" src=\"https:\/\/face.unt.edu.ar\/web\/biblioteca\/wp-content\/uploads\/sites\/19\/2020\/09\/tesis2-100x70.png\" srcset=\"https:\/\/face.unt.edu.ar\/web\/biblioteca\/wp-content\/uploads\/sites\/19\/2020\/09\/tesis2-100x70.png 100w, https:\/\/face.unt.edu.ar\/web\/biblioteca\/wp-content\/uploads\/sites\/19\/2020\/09\/tesis2-218x150.png 218w\" sizes=\"(max-width: 100px) 100vw, 100px\" alt=\"\" title=\"Si estas por iniciar o te encuentras pensando emprender un nuevo negocio, no puedes perderte este trabajo sobre Emprendedor\"\/><\/a><\/div>\r\n        <div class=\"item-details\">\r\n            <h3 class=\"entry-title td-module-title\"><a href=\"https:\/\/face.unt.edu.ar\/web\/biblioteca\/si-estas-por-iniciar-o-te-encuentras-pensando-emprender-un-nuevo-negocio-no-puedes-perderte-este-trabajo-sobre-emprendedor\/\" rel=\"bookmark\" title=\"Si estas por iniciar o te encuentras pensando emprender un nuevo negocio, no puedes perderte este trabajo sobre Emprendedor\">Si estas por iniciar o te encuentras pensando emprender un nuevo...<\/a><\/h3>            <div class=\"td-module-meta-info\">\r\n                                                                            <\/div>\r\n        <\/div>\r\n\r\n        <\/div>\r\n\r\n        \n\t<\/div> <!-- .\/td-block-span12 -->\n\n\t<div class=\"td-block-span12\">\n\r\n        <div class=\"td_module_6 td_module_wrap td-animation-stack td-meta-info-hide\">\r\n\r\n        <div class=\"td-module-thumb\"><a href=\"https:\/\/face.unt.edu.ar\/web\/biblioteca\/conoces-tus-derechos-y-obligaciones-como-pasante-de-la-u-n-t\/\" rel=\"bookmark\" class=\"td-image-wrap\" title=\"\u00bfConoces tus derechos y obligaciones como Pasante de la U.N.T.?\"><img width=\"100\" height=\"70\" class=\"entry-thumb\" src=\"https:\/\/face.unt.edu.ar\/web\/biblioteca\/wp-content\/uploads\/sites\/19\/2020\/09\/tesis1-100x70.png\" srcset=\"https:\/\/face.unt.edu.ar\/web\/biblioteca\/wp-content\/uploads\/sites\/19\/2020\/09\/tesis1-100x70.png 100w, https:\/\/face.unt.edu.ar\/web\/biblioteca\/wp-content\/uploads\/sites\/19\/2020\/09\/tesis1-218x150.png 218w\" sizes=\"(max-width: 100px) 100vw, 100px\" alt=\"\" title=\"\u00bfConoces tus derechos y obligaciones como Pasante de la U.N.T.?\"\/><\/a><\/div>\r\n        <div class=\"item-details\">\r\n            <h3 class=\"entry-title td-module-title\"><a href=\"https:\/\/face.unt.edu.ar\/web\/biblioteca\/conoces-tus-derechos-y-obligaciones-como-pasante-de-la-u-n-t\/\" rel=\"bookmark\" title=\"\u00bfConoces tus derechos y obligaciones como Pasante de la U.N.T.?\">\u00bfConoces tus derechos y obligaciones como Pasante de la U.N.T.?<\/a><\/h3>            <div class=\"td-module-meta-info\">\r\n                                                                            <\/div>\r\n        <\/div>\r\n\r\n        <\/div>\r\n\r\n        \n\t<\/div> <!-- .\/td-block-span12 --><\/div><\/div> <!-- .\/block -->[\/vc_column][\/vc_row][vc_row][vc_column][vc_single_image image=\u00bb718&#8243; img_size=\u00bbfull\u00bb alignment=\u00bbcenter\u00bb style=\u00bbvc_box_shadow_3d\u00bb onclick=\u00bbcustom_link\u00bb img_link_target=\u00bb_blank\u00bb css_animation=\u00bbappear\u00bb link=\u00bbhttps:\/\/docs.google.com\/forms\/d\/e\/1FAIpQLSe-c1MpJX1E4zSxoZQ4SqkTRx9tbVTO30wFR_WLkyFuee1zxg\/viewform?usp=sf_link\u00bb][\/vc_column][\/vc_row]<\/p>\n","protected":false},"excerpt":{"rendered":"<p>[vc_row][vc_column][vc_single_image image=\u00bb724&#8243; img_size=\u00bbfull\u00bb alignment=\u00bbcenter\u00bb style=\u00bbvc_box_shadow_3d\u00bb css_animation=\u00bbappear\u00bb][\/vc_column][\/vc_row][vc_row][vc_column][\/vc_column][\/vc_row][vc_row][vc_column][vc_single_image image=\u00bb718&#8243; img_size=\u00bbfull\u00bb alignment=\u00bbcenter\u00bb style=\u00bbvc_box_shadow_3d\u00bb onclick=\u00bbcustom_link\u00bb img_link_target=\u00bb_blank\u00bb css_animation=\u00bbappear\u00bb link=\u00bbhttps:\/\/docs.google.com\/forms\/d\/e\/1FAIpQLSe-c1MpJX1E4zSxoZQ4SqkTRx9tbVTO30wFR_WLkyFuee1zxg\/viewform?usp=sf_link\u00bb][\/vc_column][\/vc_row]<\/p>\n","protected":false},"author":13,"featured_media":0,"parent":0,"menu_order":0,"comment_status":"closed","ping_status":"closed","template":"","meta":{"footnotes":""},"_links":{"self":[{"href":"https:\/\/face.unt.edu.ar\/web\/biblioteca\/wp-json\/wp\/v2\/pages\/664"}],"collection":[{"href":"https:\/\/face.unt.edu.ar\/web\/biblioteca\/wp-json\/wp\/v2\/pages"}],"about":[{"href":"https:\/\/face.unt.edu.ar\/web\/biblioteca\/wp-json\/wp\/v2\/types\/page"}],"author":[{"embeddable":true,"href":"https:\/\/face.unt.edu.ar\/web\/biblioteca\/wp-json\/wp\/v2\/users\/13"}],"replies":[{"embeddable":true,"href":"https:\/\/face.unt.edu.ar\/web\/biblioteca\/wp-json\/wp\/v2\/comments?post=664"}],"version-history":[{"count":25,"href":"https:\/\/face.unt.edu.ar\/web\/biblioteca\/wp-json\/wp\/v2\/pages\/664\/revisions"}],"predecessor-version":[{"id":725,"href":"https:\/\/face.unt.edu.ar\/web\/biblioteca\/wp-json\/wp\/v2\/pages\/664\/revisions\/725"}],"wp:attachment":[{"href":"https:\/\/face.unt.edu.ar\/web\/biblioteca\/wp-json\/wp\/v2\/media?parent=664"}],"curies":[{"name":"wp","href":"https:\/\/api.w.org\/{rel}","templated":true}]}}