{"id":674,"date":"2021-05-13T10:18:02","date_gmt":"2021-05-13T13:18:02","guid":{"rendered":"https:\/\/face.unt.edu.ar\/web\/biblioteca\/?page_id=674"},"modified":"2021-05-13T10:18:02","modified_gmt":"2021-05-13T13:18:02","slug":"reglamento-del-repositorio-institucional","status":"publish","type":"page","link":"https:\/\/face.unt.edu.ar\/web\/biblioteca\/reglamento-del-repositorio-institucional\/","title":{"rendered":"REGLAMENTO DEL REPOSITORIO INSTITUCIONAL"},"content":{"rendered":"<p><strong><u>REGLAMENTO DEL REPOSITORIO INSTITUCIONAL DIGITAL DE LA FACULTAD DE CIENCIAS ECON\u00d3MICAS DE LA UNIVERSIDAD NACIONAL DE <\/u><\/strong><\/p>\n<p><strong><u>TUCUMAN:<\/u><\/strong><\/p>\n<p><strong>CAP\u00cdTULO I<\/strong><\/p>\n<p><strong>DISPOSICIONES GENERALES<\/strong><\/p>\n<p><strong>Art\u00edculo 1<\/strong> &#8211; OBJETO. El presente reglamento tiene por objeto regular el funcionamiento del Repositorio Institucional Digital de Acceso Abierto de la Facultad de Ciencias Econ\u00f3micas de la Universidad Nacional de Tucum\u00e1n.<\/p>\n<p>El Repositorio se denomina por su sigla RIDFACE, depende funcionalmente de la Biblioteca y ser\u00e1 supervisado por la Secretar\u00eda de Asuntos Acad\u00e9micos de la Facultad a trav\u00e9s de un comit\u00e9 editorial designado al efecto por dicha secretar\u00eda<\/p>\n<p><strong>Art\u00edculo 2<\/strong> &#8211; OBJETIVO. El RIDFACE es un sistema en l\u00ednea de acceso abierto, implementado con el objetivo de almacenar, preservar y difundir la producci\u00f3n intelectual de la Facultad de Ciencias Econ\u00f3micas de la Universidad Nacional de Tucum\u00e1n<\/p>\n<p><strong>Art\u00edculo 3<\/strong> \u2013 PROP\u00d3SITOS. Ser\u00e1n prop\u00f3sitos del RIDFACE:<\/p>\n<ol>\n<li>A) Integrar y ordenar la producci\u00f3n intelectual de la Facultad de Ciencias Econ\u00f3micas de la Universidad Nacional de Tucum\u00e1n<\/li>\n<li>B) Aumentar la visibilidad y difusi\u00f3n de la producci\u00f3n acad\u00e9mica de la instituci\u00f3n.<\/li>\n<li>C) Gestionar y preservar el acervo digital garantizando su preservaci\u00f3n y recuperaci\u00f3n.<\/li>\n<li>D) Colaborar con la memoria institucional de la Facultad de Ciencias Econ\u00f3micas.<\/li>\n<\/ol>\n<p><strong>CAP\u00cdTULO II<\/strong><\/p>\n<p><strong>POLITICAS DE USO DEL REPOSITORIO INSTITUCIONAL<\/strong><\/p>\n<p><strong>POLITICAS DE CONTENIDO<\/strong><\/p>\n<p><strong>Art\u00edculo 4<\/strong> \u2013 El RIDFACE recibe y almacena la producci\u00f3n intelectual resultante de actividades de investigaci\u00f3n, extensi\u00f3n y ense\u00f1anza de la Facultad de Ciencias Econ\u00f3micas de la Universidad Nacional de Tucum\u00e1n, as\u00ed como los documentos relevantes para la memoria institucional. Los materiales a incorporar deben cumplir con los requisitos que se detallan a continuaci\u00f3n:<\/p>\n<ol>\n<li>A) Ser generados por docentes y\/o investigadores, estudiantes de grado y\/o posgrado o colaboradores de la Facultad de Ciencias Econ\u00f3micas, as\u00ed como toda otra persona que se encuentre en relaci\u00f3n de dependencia permanente o transitoria en cuanto al desempe\u00f1o en actividades de investigaci\u00f3n, extensi\u00f3n, ense\u00f1anza y gesti\u00f3n que se consideren particularmente pertinentes a juicio de la Secretaria de Gesti\u00f3n Acad\u00e9mica.<\/li>\n<li>B) Haber sido objeto de un proceso de revisi\u00f3n y aceptaci\u00f3n de pares, interno o externo. Para el caso de trabajos finales de grado y tesis de posgrado, haber sido aprobadas por el Tribunal correspondiente.<\/li>\n<li>C) Presenten un valor acad\u00e9mico o institucional que amerite su publicaci\u00f3n a criterio de la Secretaria de Gesti\u00f3n Acad\u00e9mica.<\/li>\n<\/ol>\n<p><strong>Art\u00edculo 5<\/strong> &#8211; Se aceptar\u00e1n para su preservaci\u00f3n y difusi\u00f3n, respet\u00e1ndose en todos los casos lo dispuesto por la normativa vigente en cuanto a protecci\u00f3n de datos personales :<\/p>\n<ol>\n<li>Trabajos de grado, tesis de posgrado.<\/li>\n<li>Art\u00edculos cient\u00edficos en cualquiera de sus versiones (pre y post print), art\u00edculos de divulgaci\u00f3n, libros y cap\u00edtulos de libro.<\/li>\n<li>Presentaciones o ponencias en congresos, im\u00e1genes, grabaciones audiovisuales, publicaciones peri\u00f3dicas, recursos educativos, y rese\u00f1as.<\/li>\n<li>Informes t\u00e9cnicos, estad\u00edsticas, convenios, resoluciones y reglamentaciones,<\/li>\n<\/ol>\n<p>&nbsp;<\/p>\n<p><strong>Art\u00edculo 6<\/strong> &#8211; PRINCIPIO DE ACCESO ABIERTO.\u00a0 Los documentos publicados en RIDFACE,\u00a0 de acuerdo a lo normado por la ley 26.899, se encontrar\u00e1n disponibles gratuitamente a trav\u00e9s de Internet para que cualquier usuario los pueda consultar, descargar, reproducir o utilizar todo ello de acuerdo a las disposiciones de su licencia de uso, respetando el derecho de los autores a mantener el control sobre la integridad de sus obras y a ser adecuadamente reconocidos y citados<\/p>\n<p><strong>Art\u00edculo 7<\/strong> &#8211; EXCEPCIONES AL PRINCIPIO DE ACCESO. Algunos documentos pueden no estar disponibles para su descarga por un determinado per\u00edodo (per\u00edodo de embargo), en estos casos se acceder\u00e1 \u00fanicamente a su resumen y otros metadatos.<\/p>\n<p>Aquellos autores que hayan asumido compromisos con alguna editorial o revista que determinen el embargo del documento deber\u00e1n expresarlo al completar el formulario de dep\u00f3sito especificando la fecha de cese del mismo. Apenas culmine su embargo ser\u00e1n publicados bajo la modalidad de licenciamiento elegida por el autor al momento del dep\u00f3sito.<\/p>\n<p>&nbsp;<\/p>\n<p>&nbsp;<\/p>\n<p><strong>CAP\u00cdTULO III<\/strong><\/p>\n<p><strong>POLITICA DE DEP\u00d3SITO DE OBRAS EN EL REPOSITORIO INSTITUCIONAL<\/strong><\/p>\n<p><strong>Art\u00edculo 8<\/strong> &#8211; DEP\u00d3SITO. Los actores enumerados en el art\u00edculo 4 inciso A, podr\u00e1n depositar, con las formalidades y plazos que oportunamente se establezcan para su divulgaci\u00f3n en acceso libre y gratuito, la producci\u00f3n cient\u00edfica y\/o acad\u00e9mica de la que sean autores.<\/p>\n<p>Se prev\u00e9 la existencia de dos modalidades de dep\u00f3sito:<\/p>\n<ol>\n<li><em>Autoarchivo<\/em>: el autor con usuario ya registrado en el repositorio, deber\u00e1 cargar su obra para ser revisada en el sistema siguiendo los pasos del formulario de dep\u00f3sito que incluir\u00e1: la descripci\u00f3n de la obra (tipolog\u00eda, t\u00edtulo, etc), selecci\u00f3n de Licencia de uso Creative Commons (opcional), confirmaci\u00f3n de datos de la cesi\u00f3n de obra y subida de archivos<\/li>\n<li><em>Dep\u00f3sito delegado<\/em>: el autor presenta personalmente su obra en formato electr\u00f3nico (PDF) en la Bibliotecas de la Facultad junto con la Cesi\u00f3n de dep\u00f3sito firmada y el formulario de descripci\u00f3n. El autor ser\u00e1 responsable del contenido de los documentos que deposita. El Organismo no ser\u00e1 responsable por las eventuales violaciones al derecho de propiedad intelectual en que pueda incurrir el autor.<\/li>\n<\/ol>\n<p><strong>Art\u00edculo 9- <\/strong>En todos los casos, corresponde al comit\u00e9 editorial la tarea de\u00a0 revisi\u00f3n, descripci\u00f3n normalizada y publicaci\u00f3n o veto de la obra. Solamente se vetaran los trabajos que no cumplan las condiciones\u00a0 m\u00ednimas establecidas en las pol\u00edticas de contenido anteriormente explicitadas.<\/p>\n<p><strong>Art\u00edculo 10<\/strong> &#8211; DEP\u00d3SITO OBLIGATORIO. El dep\u00f3sito de obras ser\u00e1 obligatorio en los siguientes casos:<\/p>\n<ol>\n<li>Aquellos trabajos que deban ser objeto de evaluaci\u00f3n final acad\u00e9mica para la obtenci\u00f3n de un t\u00edtulo expedido por la facultad, como ser trabajos finales de Grado y Tesis de Posgrado.<\/li>\n<\/ol>\n<p>2- Aquellos informes de investigaci\u00f3n o aquellas publicaciones realizadas en el marco de proyectos financiados por fondos p\u00fablicos o de la Universidad Nacional de Tucum\u00e1n (art.5 de la ley 26.899)<\/p>\n<p>3- Aquellas obras realizadas en el marco de proyectos p\u00fablicos o privados para los que se solicit\u00f3 el aval institucional de la Facultad de Ciencias Econ\u00f3micas.<\/p>\n<p><strong>Art\u00edculo 11<\/strong> &#8211; CONSECUENCIAS DE LA OBLIGACI\u00d3N DE DEP\u00d3SITO.\u00a0 En los casos en que aplique el art\u00edculo 10, el autor no podr\u00e1 ceder su producci\u00f3n en exclusividad a terceros, publicar en revistas que no admitan el dep\u00f3sito o autoarchivo de alguna versi\u00f3n (pre-post print) de acuerdo con la clasificaci\u00f3n Sherpa-Romeo o aceptar embargos de m\u00e1s de 12 meses<\/p>\n<p><strong>Art\u00edculo 12<\/strong> &#8211; CESI\u00d3N DE DERECHOS DE DISTRIBUCI\u00d3N. Los autores o titulares de la propiedad intelectual de cada obra aceptan en el momento de dep\u00f3sito una \u201ccesi\u00f3n de distribuci\u00f3n no exclusiva\u201d, que habilita al repositorio a cumplir con su tareas. La cesi\u00f3n habilitar\u00e1 a:<\/p>\n<ol>\n<li>Transformar la obra \u00fanicamente en la medida en que ello sea necesario para permitir su comunicaci\u00f3n, preservaci\u00f3n y accesibilidad en formatos electr\u00f3nicos, as\u00ed como para la incorporaci\u00f3n de elementos de seguridad y\/o identificaci\u00f3n de procedencia.<\/li>\n<li>Almacenar la obra en servidores del repositorio a los efectos de seguridad y preservaci\u00f3n.<\/li>\n<li>Realizar la comunicaci\u00f3n p\u00fablica y puesta a disposici\u00f3n de la obra accesible de modo libre y gratuito a trav\u00e9s de Internet en el portal institucional del repositorio.<\/li>\n<\/ol>\n<p>En la cesi\u00f3n referida, los autores declarar\u00e1n ser los titulares de los derechos de propiedad intelectual de las obras depositadas y haber recabado las autorizaciones de otros coautores, por lo tanto asumir\u00e1n toda la responsabilidad ante infracciones a la Ley de Derechos de Autor. Ante cualquier denuncia de violaci\u00f3n de derechos de propiedad intelectual o reclamo sea civil, administrativa o penal, se adoptar\u00e1n todas las medidas necesarias para evitar la continuaci\u00f3n de dicha infracci\u00f3n, las que podr\u00e1n incluir el retiro del acceso a los contenidos y\/o metadatos del documento respectivo.<\/p>\n<p><strong>Art\u00edculo 13<\/strong> &#8211; LICENCIAS DE USO. La obra se pondr\u00e1 a disposici\u00f3n del p\u00fablico para que haga de ella un uso justo y respetuoso de los derechos de autor bajo una licencia de uso no exclusiva (Atribuci\u00f3n-No Comercial-Sin Obras Derivadas) para difundir su trabajo no publicado.<\/p>\n<p><em>Atribuci\u00f3n<\/em>: Se debe atribuir la obra en la forma especificada por el autor o el licenciante.<\/p>\n<p><em>No Comercial:<\/em> No se puede usar la obra con fines comerciales.<\/p>\n<p><em>Sin Obras Derivadas:<\/em> No se puede alterar, transformar o crear sobre la obra.<\/p>\n<p><strong>Art\u00edculo 14<\/strong> &#8211; PRESERVACI\u00d3N Y RETIRO DE LAS OBRAS DEPOSITADAS. El RIDFACE adoptar\u00e1 las medidas necesarias para la preservaci\u00f3n de la obra a futuro. Asimismo se reserva el derecho de retirar o invisibilidad la OBRA en supuestos suficientemente justificados o frente a reclamaciones de terceros o por un \u00f3rgano judicial competente.<\/p>\n<p><strong>CAP\u00cdTULO IV<\/strong><\/p>\n<p><strong>POLITICAS DE ACCESO A LOS DATOS<\/strong><\/p>\n<p><strong>Art\u00edculo 15<\/strong> \u2013 Las obras alojadas en el repositorio institucional gozan de la protecci\u00f3n que brinda la ley 11.723 de propiedad intelectual.<\/p>\n<p><strong>Art\u00edculo 16-<\/strong> Los documentos pueden ser visualizados y descargados en cualquier formato por cualquier persona de forma libre y gratuita, sin necesidad de registro o autorizaci\u00f3n previa. La mencionada reglamentaci\u00f3n comprende el uso de los documentos con fines educativos y de investigaci\u00f3n. En ning\u00fan caso podr\u00e1 usarse el material con fines de lucro.<\/p>\n<p><strong>Art\u00edculo 17 &#8211;<\/strong> Toda vez que los documentos obtenidos en el repositorio se mencionen como referencia deber\u00e1n ser citados enunciando\u00a0 los nombres de los autores, el t\u00edtulo del documento y los detalles bibliogr\u00e1ficos completos, as\u00ed como su ubicaci\u00f3n web (enlace al registro en el repositorio)<\/p>\n<p><strong>Art\u00edculo 18-<\/strong> queda expresamente prohibido modificar el formato digital, alterar los datos del autor y los del editor digital.<\/p>\n<p><strong>Art\u00edculo 19-<\/strong> El contenido de los documentos no podr\u00e1 ser traducido, adaptado o modificado de modo alguno, excepto con la expresa autorizaci\u00f3n del autor, siempre respetando las condiciones expuestas en las licencias de uso adosadas a las mismas.<\/p>\n<p><strong>CAP\u00cdTULO V<\/strong><\/p>\n<p>DISPOSICIONES FINALES<\/p>\n<p><strong>Art\u00edculo 20<\/strong> \u2013 Los casos no contemplados en este reglamento ser\u00e1n resueltos por la Secretaria de Gesti\u00f3n Aca<\/p>\n","protected":false},"excerpt":{"rendered":"<p>REGLAMENTO DEL REPOSITORIO INSTITUCIONAL DIGITAL DE LA FACULTAD DE CIENCIAS ECON\u00d3MICAS DE LA UNIVERSIDAD NACIONAL DE TUCUMAN: CAP\u00cdTULO I DISPOSICIONES GENERALES Art\u00edculo 1 &#8211; OBJETO. El presente reglamento tiene por objeto regular el funcionamiento del Repositorio Institucional Digital de Acceso Abierto de la Facultad de Ciencias Econ\u00f3micas de la Universidad Nacional de Tucum\u00e1n. El Repositorio [&hellip;]<\/p>\n","protected":false},"author":13,"featured_media":0,"parent":0,"menu_order":0,"comment_status":"closed","ping_status":"closed","template":"","meta":{"footnotes":""},"_links":{"self":[{"href":"https:\/\/face.unt.edu.ar\/web\/biblioteca\/wp-json\/wp\/v2\/pages\/674"}],"collection":[{"href":"https:\/\/face.unt.edu.ar\/web\/biblioteca\/wp-json\/wp\/v2\/pages"}],"about":[{"href":"https:\/\/face.unt.edu.ar\/web\/biblioteca\/wp-json\/wp\/v2\/types\/page"}],"author":[{"embeddable":true,"href":"https:\/\/face.unt.edu.ar\/web\/biblioteca\/wp-json\/wp\/v2\/users\/13"}],"replies":[{"embeddable":true,"href":"https:\/\/face.unt.edu.ar\/web\/biblioteca\/wp-json\/wp\/v2\/comments?post=674"}],"version-history":[{"count":1,"href":"https:\/\/face.unt.edu.ar\/web\/biblioteca\/wp-json\/wp\/v2\/pages\/674\/revisions"}],"predecessor-version":[{"id":675,"href":"https:\/\/face.unt.edu.ar\/web\/biblioteca\/wp-json\/wp\/v2\/pages\/674\/revisions\/675"}],"wp:attachment":[{"href":"https:\/\/face.unt.edu.ar\/web\/biblioteca\/wp-json\/wp\/v2\/media?parent=674"}],"curies":[{"name":"wp","href":"https:\/\/api.w.org\/{rel}","templated":true}]}}