{"id":756,"date":"2022-02-18T11:16:38","date_gmt":"2022-02-18T14:16:38","guid":{"rendered":"https:\/\/face.unt.edu.ar\/web\/biblioteca\/?page_id=756"},"modified":"2022-02-18T11:18:33","modified_gmt":"2022-02-18T14:18:33","slug":"756-2","status":"publish","type":"page","link":"https:\/\/face.unt.edu.ar\/web\/biblioteca\/756-2\/","title":{"rendered":"Patrimonio Historico"},"content":{"rendered":"<p>[vc_row][vc_column]<div class=\"td_block_wrap td_block_4 td_uid_1_69dd148bc780f_rand td-pb-border-top td_block_template_1 td-column-1 td_block_padding\"  data-td-block-uid=\"td_uid_1_69dd148bc780f\" ><script>var block_td_uid_1_69dd148bc780f = new tdBlock();\nblock_td_uid_1_69dd148bc780f.id = \"td_uid_1_69dd148bc780f\";\nblock_td_uid_1_69dd148bc780f.atts = '{\"custom_title\":\"Nuestra Obra\",\"category_id\":\"14\",\"tdc_css\":\"\",\"separator\":\"\",\"custom_url\":\"\",\"block_template_id\":\"\",\"m2_tl\":\"\",\"m2_el\":\"\",\"post_ids\":\"\",\"category_ids\":\"\",\"tag_slug\":\"\",\"autors_id\":\"\",\"installed_post_types\":\"\",\"sort\":\"\",\"limit\":\"5\",\"offset\":\"\",\"el_class\":\"\",\"td_ajax_filter_type\":\"\",\"td_ajax_filter_ids\":\"\",\"td_filter_default_txt\":\"All\",\"td_ajax_preloading\":\"\",\"f_header_font_header\":\"\",\"f_header_font_title\":\"Block header\",\"f_header_font_settings\":\"\",\"f_header_font_family\":\"\",\"f_header_font_size\":\"\",\"f_header_font_line_height\":\"\",\"f_header_font_style\":\"\",\"f_header_font_weight\":\"\",\"f_header_font_transform\":\"\",\"f_header_font_spacing\":\"\",\"f_header_\":\"\",\"f_ajax_font_title\":\"Ajax categories\",\"f_ajax_font_settings\":\"\",\"f_ajax_font_family\":\"\",\"f_ajax_font_size\":\"\",\"f_ajax_font_line_height\":\"\",\"f_ajax_font_style\":\"\",\"f_ajax_font_weight\":\"\",\"f_ajax_font_transform\":\"\",\"f_ajax_font_spacing\":\"\",\"f_ajax_\":\"\",\"f_more_font_title\":\"Load more button\",\"f_more_font_settings\":\"\",\"f_more_font_family\":\"\",\"f_more_font_size\":\"\",\"f_more_font_line_height\":\"\",\"f_more_font_style\":\"\",\"f_more_font_weight\":\"\",\"f_more_font_transform\":\"\",\"f_more_font_spacing\":\"\",\"f_more_\":\"\",\"m2f_title_font_header\":\"\",\"m2f_title_font_title\":\"Article title\",\"m2f_title_font_settings\":\"\",\"m2f_title_font_family\":\"\",\"m2f_title_font_size\":\"\",\"m2f_title_font_line_height\":\"\",\"m2f_title_font_style\":\"\",\"m2f_title_font_weight\":\"\",\"m2f_title_font_transform\":\"\",\"m2f_title_font_spacing\":\"\",\"m2f_title_\":\"\",\"m2f_cat_font_title\":\"Article category tag\",\"m2f_cat_font_settings\":\"\",\"m2f_cat_font_family\":\"\",\"m2f_cat_font_size\":\"\",\"m2f_cat_font_line_height\":\"\",\"m2f_cat_font_style\":\"\",\"m2f_cat_font_weight\":\"\",\"m2f_cat_font_transform\":\"\",\"m2f_cat_font_spacing\":\"\",\"m2f_cat_\":\"\",\"m2f_meta_font_title\":\"Article meta info\",\"m2f_meta_font_settings\":\"\",\"m2f_meta_font_family\":\"\",\"m2f_meta_font_size\":\"\",\"m2f_meta_font_line_height\":\"\",\"m2f_meta_font_style\":\"\",\"m2f_meta_font_weight\":\"\",\"m2f_meta_font_transform\":\"\",\"m2f_meta_font_spacing\":\"\",\"m2f_meta_\":\"\",\"m2f_ex_font_title\":\"Article excerpt\",\"m2f_ex_font_settings\":\"\",\"m2f_ex_font_family\":\"\",\"m2f_ex_font_size\":\"\",\"m2f_ex_font_line_height\":\"\",\"m2f_ex_font_style\":\"\",\"m2f_ex_font_weight\":\"\",\"m2f_ex_font_transform\":\"\",\"m2f_ex_font_spacing\":\"\",\"m2f_ex_\":\"\",\"ajax_pagination\":\"\",\"ajax_pagination_infinite_stop\":\"\",\"css\":\"\",\"td_column_number\":1,\"header_color\":\"\",\"color_preset\":\"\",\"border_top\":\"\",\"class\":\"td_uid_1_69dd148bc780f_rand\",\"tdc_css_class\":\"td_uid_1_69dd148bc780f_rand\",\"tdc_css_class_style\":\"td_uid_1_69dd148bc780f_rand_style\"}';\nblock_td_uid_1_69dd148bc780f.td_column_number = \"1\";\nblock_td_uid_1_69dd148bc780f.block_type = \"td_block_4\";\nblock_td_uid_1_69dd148bc780f.post_count = \"4\";\nblock_td_uid_1_69dd148bc780f.found_posts = \"4\";\nblock_td_uid_1_69dd148bc780f.header_color = \"\";\nblock_td_uid_1_69dd148bc780f.ajax_pagination_infinite_stop = \"\";\nblock_td_uid_1_69dd148bc780f.max_num_pages = \"1\";\ntdBlocksArray.push(block_td_uid_1_69dd148bc780f);\n<\/script><div class=\"td-block-title-wrap\"><h4 class=\"block-title td-block-title\"><span class=\"td-pulldown-size\">Nuestra Obra<\/span><\/h4><\/div><div id=td_uid_1_69dd148bc780f class=\"td_block_inner\">\n\n\t<div class=\"td-block-span12\">\n\r\n        <div class=\"td_module_2 td_module_wrap td-animation-stack td-meta-info-hide\">\r\n            <div class=\"td-module-image\">\r\n                <div class=\"td-module-thumb\"><a href=\"https:\/\/face.unt.edu.ar\/web\/biblioteca\/marketing-sensorial-en-gastronomia-indumentaria-y-entretenimiento-en-tucuman\/\" rel=\"bookmark\" class=\"td-image-wrap\" title=\"Marketing sensorial en Gastronom\u00eda, Indumentaria y Entretenimiento en Tucum\u00e1n\"><img width=\"324\" height=\"160\" class=\"entry-thumb\" src=\"https:\/\/face.unt.edu.ar\/web\/biblioteca\/wp-content\/uploads\/sites\/19\/2020\/09\/tesis4-324x160.png\" alt=\"\" title=\"Marketing sensorial en Gastronom\u00eda, Indumentaria y Entretenimiento en Tucum\u00e1n\"\/><\/a><\/div>                            <\/div>\r\n            <h3 class=\"entry-title td-module-title\"><a href=\"https:\/\/face.unt.edu.ar\/web\/biblioteca\/marketing-sensorial-en-gastronomia-indumentaria-y-entretenimiento-en-tucuman\/\" rel=\"bookmark\" title=\"Marketing sensorial en Gastronom\u00eda, Indumentaria y Entretenimiento en Tucum\u00e1n\">Marketing sensorial en Gastronom\u00eda, Indumentaria y Entretenimiento en Tucum\u00e1n<\/a><\/h3>\r\n\r\n            <div class=\"td-module-meta-info\">\r\n                                                            <\/div>\r\n\r\n\r\n            <div class=\"td-excerpt\">\r\n                La evoluci\u00f3n constante de los mercados lleva a las Empresas a enfrentar consumidores cada vez m\u00e1s exigentes e informados, para lograr el compromiso emocional...            <\/div>\r\n\r\n            \r\n        <\/div>\r\n\r\n        \n\t<\/div> <!-- .\/td-block-span12 -->\n\n\t<div class=\"td-block-span12\">\n\r\n        <div class=\"td_module_2 td_module_wrap td-animation-stack td-meta-info-hide\">\r\n            <div class=\"td-module-image\">\r\n                <div class=\"td-module-thumb\"><a href=\"https:\/\/face.unt.edu.ar\/web\/biblioteca\/la-responsabilidad-social-tambien-puede-aplicarse-en-la-administracion-publica\/\" rel=\"bookmark\" class=\"td-image-wrap\" title=\"La Responsabilidad Social tambi\u00e9n  puede aplicarse en la Administraci\u00f3n P\u00fablica\"><img width=\"324\" height=\"160\" class=\"entry-thumb\" src=\"https:\/\/face.unt.edu.ar\/web\/biblioteca\/wp-content\/uploads\/sites\/19\/2020\/09\/tesis3-324x160.png\" alt=\"\" title=\"La Responsabilidad Social tambi\u00e9n  puede aplicarse en la Administraci\u00f3n P\u00fablica\"\/><\/a><\/div>                            <\/div>\r\n            <h3 class=\"entry-title td-module-title\"><a href=\"https:\/\/face.unt.edu.ar\/web\/biblioteca\/la-responsabilidad-social-tambien-puede-aplicarse-en-la-administracion-publica\/\" rel=\"bookmark\" title=\"La Responsabilidad Social tambi\u00e9n  puede aplicarse en la Administraci\u00f3n P\u00fablica\">La Responsabilidad Social tambi\u00e9n  puede aplicarse en la Administraci\u00f3n P\u00fablica<\/a><\/h3>\r\n\r\n            <div class=\"td-module-meta-info\">\r\n                                                            <\/div>\r\n\r\n\r\n            <div class=\"td-excerpt\">\r\n                El trabajo concentra su an\u00e1lisis en una dependencia del Sector P\u00fablico de la provincia de Tucum\u00e1n, el an\u00e1lisis de la organizaci\u00f3n y el nivel...            <\/div>\r\n\r\n            \r\n        <\/div>\r\n\r\n        \n\t<\/div> <!-- .\/td-block-span12 -->\n\n\t<div class=\"td-block-span12\">\n\r\n        <div class=\"td_module_2 td_module_wrap td-animation-stack td-meta-info-hide\">\r\n            <div class=\"td-module-image\">\r\n                <div class=\"td-module-thumb\"><a href=\"https:\/\/face.unt.edu.ar\/web\/biblioteca\/si-estas-por-iniciar-o-te-encuentras-pensando-emprender-un-nuevo-negocio-no-puedes-perderte-este-trabajo-sobre-emprendedor\/\" rel=\"bookmark\" class=\"td-image-wrap\" title=\"Si estas por iniciar o te encuentras pensando emprender un nuevo negocio, no puedes perderte este trabajo sobre Emprendedor\"><img width=\"324\" height=\"160\" class=\"entry-thumb\" src=\"https:\/\/face.unt.edu.ar\/web\/biblioteca\/wp-content\/uploads\/sites\/19\/2020\/09\/tesis2-324x160.png\" alt=\"\" title=\"Si estas por iniciar o te encuentras pensando emprender un nuevo negocio, no puedes perderte este trabajo sobre Emprendedor\"\/><\/a><\/div>                            <\/div>\r\n            <h3 class=\"entry-title td-module-title\"><a href=\"https:\/\/face.unt.edu.ar\/web\/biblioteca\/si-estas-por-iniciar-o-te-encuentras-pensando-emprender-un-nuevo-negocio-no-puedes-perderte-este-trabajo-sobre-emprendedor\/\" rel=\"bookmark\" title=\"Si estas por iniciar o te encuentras pensando emprender un nuevo negocio, no puedes perderte este trabajo sobre Emprendedor\">Si estas por iniciar o te encuentras pensando emprender un nuevo...<\/a><\/h3>\r\n\r\n            <div class=\"td-module-meta-info\">\r\n                                                            <\/div>\r\n\r\n\r\n            <div class=\"td-excerpt\">\r\n                Los primeros pasos del mundo del Emprendedorismo, como transitar un camino desde lo incierto, con muchas dudas y desorganizado hasta la definici\u00f3n de una...            <\/div>\r\n\r\n            \r\n        <\/div>\r\n\r\n        \n\t<\/div> <!-- .\/td-block-span12 -->\n\n\t<div class=\"td-block-span12\">\n\r\n        <div class=\"td_module_2 td_module_wrap td-animation-stack td-meta-info-hide\">\r\n            <div class=\"td-module-image\">\r\n                <div class=\"td-module-thumb\"><a href=\"https:\/\/face.unt.edu.ar\/web\/biblioteca\/conoces-tus-derechos-y-obligaciones-como-pasante-de-la-u-n-t\/\" rel=\"bookmark\" class=\"td-image-wrap\" title=\"\u00bfConoces tus derechos y obligaciones como Pasante de la U.N.T.?\"><img width=\"324\" height=\"160\" class=\"entry-thumb\" src=\"https:\/\/face.unt.edu.ar\/web\/biblioteca\/wp-content\/uploads\/sites\/19\/2020\/09\/tesis1-324x160.png\" srcset=\"https:\/\/face.unt.edu.ar\/web\/biblioteca\/wp-content\/uploads\/sites\/19\/2020\/09\/tesis1-324x160.png 324w, https:\/\/face.unt.edu.ar\/web\/biblioteca\/wp-content\/uploads\/sites\/19\/2020\/09\/tesis1-533x261.png 533w\" sizes=\"(max-width: 324px) 100vw, 324px\" alt=\"\" title=\"\u00bfConoces tus derechos y obligaciones como Pasante de la U.N.T.?\"\/><\/a><\/div>                            <\/div>\r\n            <h3 class=\"entry-title td-module-title\"><a href=\"https:\/\/face.unt.edu.ar\/web\/biblioteca\/conoces-tus-derechos-y-obligaciones-como-pasante-de-la-u-n-t\/\" rel=\"bookmark\" title=\"\u00bfConoces tus derechos y obligaciones como Pasante de la U.N.T.?\">\u00bfConoces tus derechos y obligaciones como Pasante de la U.N.T.?<\/a><\/h3>\r\n\r\n            <div class=\"td-module-meta-info\">\r\n                                                            <\/div>\r\n\r\n\r\n            <div class=\"td-excerpt\">\r\n                Si te encuentras realizando o proyectas participar de una Pasant\u00eda Universitaria te recomendamos conocer algunas caracter\u00edsticas de estas pr\u00e1cticas, la legislaci\u00f3n vigente, los tipos...            <\/div>\r\n\r\n            \r\n        <\/div>\r\n\r\n        \n\t<\/div> <!-- .\/td-block-span12 --><\/div><\/div> <!-- .\/block -->[\/vc_column][\/vc_row]<\/p>\n","protected":false},"excerpt":{"rendered":"<p>[vc_row][vc_column][\/vc_column][\/vc_row]<\/p>\n","protected":false},"author":13,"featured_media":0,"parent":0,"menu_order":0,"comment_status":"closed","ping_status":"closed","template":"","meta":{"footnotes":""},"_links":{"self":[{"href":"https:\/\/face.unt.edu.ar\/web\/biblioteca\/wp-json\/wp\/v2\/pages\/756"}],"collection":[{"href":"https:\/\/face.unt.edu.ar\/web\/biblioteca\/wp-json\/wp\/v2\/pages"}],"about":[{"href":"https:\/\/face.unt.edu.ar\/web\/biblioteca\/wp-json\/wp\/v2\/types\/page"}],"author":[{"embeddable":true,"href":"https:\/\/face.unt.edu.ar\/web\/biblioteca\/wp-json\/wp\/v2\/users\/13"}],"replies":[{"embeddable":true,"href":"https:\/\/face.unt.edu.ar\/web\/biblioteca\/wp-json\/wp\/v2\/comments?post=756"}],"version-history":[{"count":2,"href":"https:\/\/face.unt.edu.ar\/web\/biblioteca\/wp-json\/wp\/v2\/pages\/756\/revisions"}],"predecessor-version":[{"id":758,"href":"https:\/\/face.unt.edu.ar\/web\/biblioteca\/wp-json\/wp\/v2\/pages\/756\/revisions\/758"}],"wp:attachment":[{"href":"https:\/\/face.unt.edu.ar\/web\/biblioteca\/wp-json\/wp\/v2\/media?parent=756"}],"curies":[{"name":"wp","href":"https:\/\/api.w.org\/{rel}","templated":true}]}}