{"id":8,"date":"2018-10-31T12:39:20","date_gmt":"2018-10-31T12:39:20","guid":{"rendered":"http:\/\/face.unt.edu.ar\/web\/biblioteca\/?page_id=8"},"modified":"2021-05-18T11:26:14","modified_gmt":"2021-05-18T14:26:14","slug":"vision","status":"publish","type":"page","link":"https:\/\/face.unt.edu.ar\/web\/biblioteca\/vision\/","title":{"rendered":"Visi\u00f3n"},"content":{"rendered":"<p>Establecer estrategias y servicios de calidad centrados en la comunidad universitaria mediante:<\/p>\n<ul>\n<li>Apoyo a la instituci\u00f3n en el cumplimiento de sus objetivos y metas organizacionales.<\/li>\n<li>Generaci\u00f3n de espacios adecuados para el estudio y el trabajo individual o en grupo.<\/li>\n<li>Gesti\u00f3n, preservaci\u00f3n y acceso eficaz de las colecciones y de la producci\u00f3n cient\u00edfica y acad\u00e9mica de la Facultad y de la Universidad.<\/li>\n<li>Poner en marcha servicios innovadores que apoyen a los estudiantes en su formaci\u00f3n integral y a los profesores e investigadores en todo el proceso de creaci\u00f3n del conocimiento.<\/li>\n<li>Lograr una gesti\u00f3n excelente con recursos humanos proactivos y competentes.<\/li>\n<li>Lograr una gesti\u00f3n excelente con recursos humanos proactivos y competentes.<\/li>\n<\/ul>\n","protected":false},"excerpt":{"rendered":"<p>Establecer estrategias y servicios de calidad centrados en la comunidad universitaria mediante: Apoyo a la instituci\u00f3n en el cumplimiento de sus objetivos y metas organizacionales. Generaci\u00f3n de espacios adecuados para el estudio y el trabajo individual o en grupo. Gesti\u00f3n, preservaci\u00f3n y acceso eficaz de las colecciones y de la producci\u00f3n cient\u00edfica y acad\u00e9mica de [&hellip;]<\/p>\n","protected":false},"author":1,"featured_media":702,"parent":0,"menu_order":0,"comment_status":"closed","ping_status":"closed","template":"","meta":{"footnotes":""},"_links":{"self":[{"href":"https:\/\/face.unt.edu.ar\/web\/biblioteca\/wp-json\/wp\/v2\/pages\/8"}],"collection":[{"href":"https:\/\/face.unt.edu.ar\/web\/biblioteca\/wp-json\/wp\/v2\/pages"}],"about":[{"href":"https:\/\/face.unt.edu.ar\/web\/biblioteca\/wp-json\/wp\/v2\/types\/page"}],"author":[{"embeddable":true,"href":"https:\/\/face.unt.edu.ar\/web\/biblioteca\/wp-json\/wp\/v2\/users\/1"}],"replies":[{"embeddable":true,"href":"https:\/\/face.unt.edu.ar\/web\/biblioteca\/wp-json\/wp\/v2\/comments?post=8"}],"version-history":[{"count":2,"href":"https:\/\/face.unt.edu.ar\/web\/biblioteca\/wp-json\/wp\/v2\/pages\/8\/revisions"}],"predecessor-version":[{"id":35,"href":"https:\/\/face.unt.edu.ar\/web\/biblioteca\/wp-json\/wp\/v2\/pages\/8\/revisions\/35"}],"wp:featuredmedia":[{"embeddable":true,"href":"https:\/\/face.unt.edu.ar\/web\/biblioteca\/wp-json\/wp\/v2\/media\/702"}],"wp:attachment":[{"href":"https:\/\/face.unt.edu.ar\/web\/biblioteca\/wp-json\/wp\/v2\/media?parent=8"}],"curies":[{"name":"wp","href":"https:\/\/api.w.org\/{rel}","templated":true}]}}