{"id":109,"date":"2019-06-20T18:07:01","date_gmt":"2019-06-20T21:07:01","guid":{"rendered":"http:\/\/face.unt.edu.ar\/web\/coloquiosae2019\/?page_id=109"},"modified":"2019-10-15T20:12:05","modified_gmt":"2019-10-15T23:12:05","slug":"cronograma","status":"publish","type":"page","link":"https:\/\/face.unt.edu.ar\/web\/coloquiosae2019\/cronograma\/","title":{"rendered":"Cronograma"},"content":{"rendered":"<p><strong>\u00a0<\/strong><\/p>\n<table width=\"623\">\n<tbody>\n<tr>\n<td colspan=\"2\" width=\"623\"><strong>Mi\u00e9rcoles 16\/10<\/strong><\/td>\n<\/tr>\n<tr>\n<td width=\"141\">09:00 a 10:00 hs.<\/td>\n<td width=\"482\">Acreditaci\u00f3n\u00a0 <strong>(HALL DE ENTRADA<\/strong>)l<\/td>\n<\/tr>\n<tr>\n<td width=\"141\">10:00 a 10:30 hs.<\/td>\n<td width=\"482\">Acto de Apertura (<strong>AULA MAGNA<\/strong>)<\/td>\n<\/tr>\n<tr>\n<td width=\"141\">10:30 a 11:30 hs.<\/td>\n<td width=\"482\"><strong>Conferencia<\/strong> Inaugural \u201cRegresi\u00f3n segmentada con punto de cambio aleatorio y transici\u00f3n suave: una aplicaci\u00f3n a datos de Esclerosis Lateral Amiotr\u00f3fica\u201d. PhD Julio Da Motta Singer (<strong>AULA MAGNA<\/strong>)<\/td>\n<\/tr>\n<tr>\n<td width=\"141\">11:30 a 12:30 hs.<\/td>\n<td width=\"482\"><strong>Presentaci\u00f3n libro<\/strong> \u201cBig Data: Breve Manual para conocer la ciencia de datos que invadi\u00f3 nuestras vidas\u201d. PhD Walter Sosa Escudero (<strong>AULA MAGNA<\/strong>)<\/td>\n<\/tr>\n<tr>\n<td width=\"141\">12:30 a 14:00 hs.<\/td>\n<td width=\"482\">Almuerzo\u00a0 libre<\/td>\n<\/tr>\n<tr>\n<td width=\"141\">14:00 a 16:00 hs.<\/td>\n<td width=\"482\"><strong>Curso<\/strong>:\u201cEstimaci\u00f3n y An\u00e1lisis de datos en muestras complejas\u201d, MsC Gonzalo Mari.\u00a0 (<strong>AULA MAGNA<\/strong>)<\/p>\n<p><strong>Curso<\/strong>: \u201cTemas y gobernanza para agendas estad\u00edsticas: indicaciones y recomendaciones internacionales\u201d, Mg. Marcia Quintslr.\u00a0 (<strong>AULA 1)<\/strong><\/td>\n<\/tr>\n<tr>\n<td width=\"141\">16:00 a 16:30 hs.<\/td>\n<td width=\"482\">Receso (COFEE BREAK)<\/td>\n<\/tr>\n<tr>\n<td width=\"141\">16:30 a 18:10 hs.<\/td>\n<td width=\"482\">Sesiones Orales (<strong>AULAS 15, 16 y 1)<\/strong><\/td>\n<\/tr>\n<tr>\n<td width=\"141\">18:30 a 19:30 hs.<\/td>\n<td width=\"482\"><strong>Conferencia<\/strong> \u201cMachine learning and statistical fight\u201d. PhD Graciela Mentz\u00a0 (<strong>AULA MAGNA<\/strong>)<\/td>\n<\/tr>\n<tr>\n<td width=\"141\">19.30 a 21.00<\/td>\n<td width=\"482\">Brindis Bienvenida\u00a0 (<strong>BAR)<\/strong><\/td>\n<\/tr>\n<\/tbody>\n<\/table>\n<p>&nbsp;<\/p>\n<table width=\"623\">\n<tbody>\n<tr>\n<td colspan=\"2\" width=\"623\"><strong>Jueves 17\/10<\/strong><\/td>\n<\/tr>\n<tr>\n<td width=\"159\">08:00 a 10:00 hs.<\/td>\n<td width=\"464\"><strong>Curso<\/strong>: \u201cTemas y gobernanza para agendas estad\u00edsticas: indicaciones y recomendaciones internacionales\u201d, Mg. Marcia Quintslr (continuaci\u00f3n). <strong>(AULA 1)<\/strong><\/p>\n<p><strong>Curso<\/strong>: \u201cEl efecto de propensity score matching en estudios retrospectivos\u201d, PhD Graciela Mentz. <strong>(AULA 15)<\/strong><\/td>\n<\/tr>\n<tr>\n<td width=\"159\">10:00 a 10.30 hs.<\/td>\n<td width=\"464\">Receso <strong>(COFEE BREAK)<\/strong><\/td>\n<\/tr>\n<tr>\n<td width=\"159\">10.30 a 11:50 hs.<\/td>\n<td width=\"464\"><a href=\"https:\/\/drive.google.com\/file\/d\/1E0G8dYs3wGFRjk7X8y94c2hj4kpJkdqN\/view?usp=sharing\" target=\"_blank\" rel=\"noopener noreferrer\"><strong>Sesiones Orales<\/strong> (<strong>AULAS 15, 16 y 1)<\/strong><\/a><\/td>\n<\/tr>\n<tr>\n<td width=\"159\">12:00 a 13:00 hs.<\/td>\n<td width=\"464\"><strong>Conferencia<\/strong> \u201cDeterminaci\u00f3n de los factores de expansi\u00f3n y el c\u00e1lculo de los errores muestrales en las encuestas\u201d.<sup>\u00a0\u00a0\u00a0\u00a0<\/sup>PhD Gerardo Mitas (<strong>AULA MAGNA<\/strong>)<\/td>\n<\/tr>\n<tr>\n<td width=\"159\">13.00 a 14.00 hs.<\/td>\n<td width=\"464\">Almuerzo libre<\/td>\n<\/tr>\n<tr>\n<td width=\"159\">14:00 a 16:00 hs.<\/td>\n<td width=\"464\"><strong>Curso <\/strong>\u201cEstimaci\u00f3n y An\u00e1lisis de datos en muestras complejas\u201d, MsC Gonzalo Mari. (continuaci\u00f3n (<strong>AULA MAGNA<\/strong>)<\/td>\n<\/tr>\n<tr>\n<td width=\"159\">16:00 a 16:30 hs.<\/td>\n<td width=\"464\">Receso <strong>(COFEE BREAK)<\/strong><\/td>\n<\/tr>\n<tr>\n<td width=\"159\">16:30 a 17:50 hs.<\/td>\n<td width=\"464\"><a href=\"https:\/\/drive.google.com\/file\/d\/1E0G8dYs3wGFRjk7X8y94c2hj4kpJkdqN\/view?usp=sharing\" target=\"_blank\" rel=\"noopener noreferrer\"><strong>Sesiones Orales<\/strong> \u00a0(<strong>AULAS 15, 16 y 1)<\/strong><\/a><\/td>\n<\/tr>\n<tr>\n<td width=\"159\">17.50 a 18.20 hs.<\/td>\n<td width=\"464\"><a href=\"https:\/\/drive.google.com\/file\/d\/1ndnXx5orfEIVxl4g_55J7kQGkWfFpm6J\/view?usp=sharing\" target=\"_blank\" rel=\"noopener noreferrer\"><strong>Sesiones de Posters<\/strong>\u00a0 (<strong>HALL DE ENTRADA)<\/strong><\/a><\/td>\n<\/tr>\n<tr>\n<td width=\"159\">19:00 a 20:00 hs<\/td>\n<td width=\"464\"><strong>Conferencia<\/strong> \u201cAgendas Estad\u00edsticas oficiales: actores, temas, brechas\u201d. Mg Marcia Quintslr (<strong>AULA MAGNA<\/strong>)<\/td>\n<\/tr>\n<tr>\n<td width=\"159\">20:00 hs.<\/td>\n<td width=\"464\">Asamblea SAE (<strong>AULA MAGNA<\/strong>)<\/td>\n<\/tr>\n<\/tbody>\n<\/table>\n<p>&nbsp;<\/p>\n<table width=\"623\">\n<tbody>\n<tr>\n<td colspan=\"2\" width=\"623\"><strong>Viernes 18\/10<\/strong><\/td>\n<\/tr>\n<tr>\n<td width=\"160\">08:00 a 10:00 hs.<\/td>\n<td width=\"464\"><strong>Curso:<\/strong> \u201cEl efecto de propensity score matching en estudios retrospectivos\u201d, PhD Graciela Mentz. (Continuaci\u00f3n<strong>).(AULA 15)<\/strong><\/td>\n<\/tr>\n<tr>\n<td width=\"160\">10:00 a 10:30 hs.<\/td>\n<td width=\"464\">Receso <strong>(COFEE BREAK)<\/strong><\/td>\n<\/tr>\n<tr>\n<td width=\"160\">10:30 a 12:00 hs.<\/td>\n<td width=\"464\"><a href=\"https:\/\/drive.google.com\/file\/d\/1E0G8dYs3wGFRjk7X8y94c2hj4kpJkdqN\/view?usp=sharing\" target=\"_blank\" rel=\"noopener noreferrer\"><strong>Sesiones orales<\/strong> (<strong>AULAS 15 16 y 1)<\/strong><\/a><\/td>\n<\/tr>\n<tr>\n<td width=\"160\">12.00 a 12.45 hs<\/td>\n<td width=\"464\"><a href=\"https:\/\/drive.google.com\/file\/d\/1ndnXx5orfEIVxl4g_55J7kQGkWfFpm6J\/view?usp=sharing\" target=\"_blank\" rel=\"noopener noreferrer\"><strong>Sesiones de Posters<\/strong> \u2013 Concurso de Posters (<strong>HALL DE ENTRADA)<\/strong><\/a><\/td>\n<\/tr>\n<tr>\n<td width=\"160\">12:45 a 13:00 hs.<\/td>\n<td width=\"464\">Entrega de premios y reconocimientos. Acto de Cierre (<strong>AULA MAGNA<\/strong>)<\/td>\n<\/tr>\n<\/tbody>\n<\/table>\n<h5><\/h5>\n<h5><strong><a href=\"https:\/\/drive.google.com\/file\/d\/17wf8dJrQXk-s7lS71se5K9Rqde56StIx\/view?usp=sharing\" target=\"_blank\" rel=\"noopener noreferrer\">Descargue el Cronograma aqu\u00ed\u00a0<\/a><\/strong><\/h5>\n<p><a href=\"https:\/\/drive.google.com\/file\/d\/1E0G8dYs3wGFRjk7X8y94c2hj4kpJkdqN\/view?usp=sharing\" target=\"_blank\" rel=\"noopener noreferrer\"><strong>Descargue el crograma de Sesiones Orales aqu\u00ed\u00a0\u00a0<\/strong><\/a><\/p>\n<p><a href=\"https:\/\/drive.google.com\/file\/d\/1ndnXx5orfEIVxl4g_55J7kQGkWfFpm6J\/view?usp=sharing\" target=\"_blank\" rel=\"noopener noreferrer\"><strong>Descargue el cronograma de Sesiones de Posters aqu\u00ed\u00a0<\/strong><\/a><\/p>\n<h5><\/h5>\n","protected":false},"excerpt":{"rendered":"<p>\u00a0 Mi\u00e9rcoles 16\/10 09:00 a 10:00 hs. Acreditaci\u00f3n\u00a0 (HALL DE ENTRADA)l 10:00 a 10:30 hs. Acto de Apertura (AULA MAGNA) 10:30 a 11:30 hs. Conferencia Inaugural \u201cRegresi\u00f3n segmentada con punto de cambio aleatorio y transici\u00f3n suave: una aplicaci\u00f3n a datos de Esclerosis Lateral Amiotr\u00f3fica\u201d. PhD Julio Da Motta Singer (AULA MAGNA) 11:30 a 12:30 hs. [&hellip;]<\/p>\n","protected":false},"author":1,"featured_media":0,"parent":0,"menu_order":0,"comment_status":"closed","ping_status":"closed","template":"","meta":{"footnotes":""},"_links":{"self":[{"href":"https:\/\/face.unt.edu.ar\/web\/coloquiosae2019\/wp-json\/wp\/v2\/pages\/109"}],"collection":[{"href":"https:\/\/face.unt.edu.ar\/web\/coloquiosae2019\/wp-json\/wp\/v2\/pages"}],"about":[{"href":"https:\/\/face.unt.edu.ar\/web\/coloquiosae2019\/wp-json\/wp\/v2\/types\/page"}],"author":[{"embeddable":true,"href":"https:\/\/face.unt.edu.ar\/web\/coloquiosae2019\/wp-json\/wp\/v2\/users\/1"}],"replies":[{"embeddable":true,"href":"https:\/\/face.unt.edu.ar\/web\/coloquiosae2019\/wp-json\/wp\/v2\/comments?post=109"}],"version-history":[{"count":23,"href":"https:\/\/face.unt.edu.ar\/web\/coloquiosae2019\/wp-json\/wp\/v2\/pages\/109\/revisions"}],"predecessor-version":[{"id":300,"href":"https:\/\/face.unt.edu.ar\/web\/coloquiosae2019\/wp-json\/wp\/v2\/pages\/109\/revisions\/300"}],"wp:attachment":[{"href":"https:\/\/face.unt.edu.ar\/web\/coloquiosae2019\/wp-json\/wp\/v2\/media?parent=109"}],"curies":[{"name":"wp","href":"https:\/\/api.w.org\/{rel}","templated":true}]}}