{"id":132,"date":"2019-06-25T15:25:07","date_gmt":"2019-06-25T18:25:07","guid":{"rendered":"http:\/\/face.unt.edu.ar\/web\/coloquiosae2019\/?page_id=132"},"modified":"2019-07-24T11:55:32","modified_gmt":"2019-07-24T14:55:32","slug":"inscripcion","status":"publish","type":"page","link":"https:\/\/face.unt.edu.ar\/web\/coloquiosae2019\/inscripcion\/","title":{"rendered":"Inscripci\u00f3n"},"content":{"rendered":"<h3><strong><a href=\"https:\/\/docs.google.com\/forms\/d\/e\/1FAIpQLSeyAmFjt84jxP6Rwnn8aG7Hw3hfzjaPmSKBkx1cjtF8Xcs72w\/formResponse\" target=\"_blank\" rel=\"noopener\">Formulario de Inscripci\u00f3n &#8211; Click aqu\u00ed\u00a0<\/a><\/strong><\/h3>\n<div><\/div>\n<div><strong>\u00bfCu\u00e1l es el costo de la inscripci\u00f3n al Coloquio?<\/strong><\/div>\n<div><\/div>\n<table>\n<tbody>\n<tr>\n<td width=\"142\">Valor de la inscripci\u00f3n\u00a0<strong>Coloquio<\/strong><\/td>\n<td width=\"142\">Socios SAE (*)<\/td>\n<td width=\"142\">No Socios SAE<\/td>\n<td width=\"142\">Estudiantes de grado (**)<\/td>\n<\/tr>\n<tr>\n<td width=\"142\">Hasta el 08\/07<\/td>\n<td width=\"142\">$2.000<\/td>\n<td width=\"142\">$3.000<\/td>\n<td width=\"142\">$500<\/td>\n<\/tr>\n<tr>\n<td width=\"142\">Hasta el 30\/09<\/td>\n<td width=\"142\">$2.500<\/td>\n<td width=\"142\">$3.500<\/td>\n<td width=\"142\">$650<\/td>\n<\/tr>\n<tr>\n<td width=\"142\">En el evento<\/td>\n<td width=\"142\">$3.000<\/td>\n<td width=\"142\">$4.000<\/td>\n<td width=\"142\">$800<\/td>\n<\/tr>\n<\/tbody>\n<\/table>\n<p>(*) Para acceder a la tarifa de socio, la persona debe abonar las cuotas societarias hasta el d\u00eda del evento. Consultar por convenios o acuerdos previos con otras instituciones.<\/p>\n<p>(**) Se entiende por estudiante a la persona que est\u00e9 cursando carrera de grado en Universidad P\u00fablica o Privada o carrera terciaria o superior en Institutos P\u00fablicos o Privados. Esta situaci\u00f3n debe estar certificada por la oficina de alumnos correspondiente.<\/p>\n<ul>\n<li>Si Usted est\u00e1 interesado en asociarse a la SAE puede ingresar al siguiente link por mayor informaci\u00f3n: <a href=\"http:\/\/www.s-a-e.org.ar\/\" target=\"_blank\" rel=\"noopener\">www.s-a-e.org.ar<\/a><\/li>\n<\/ul>\n<p><strong>FORMA DE PAGO<\/strong><\/p>\n<p>Mediante un dep\u00f3sito o transferencia bancaria a la cuenta de la SAE:<\/p>\n<p><em>SOC\u00a0ARG\u00a0DE\u00a0ESTADISTICA\u00a0AC<\/em><\/p>\n<p><em>Banco Credicoop\u00a0Cooperativo Limitado<\/em><\/p>\n<p><em>Cuenta\u00a0Corriente\u00a0en pesos N\u00b0\u00a0\u00a0<\/em><strong>61086<\/strong><em>\u00a0<\/em><strong>Sucursal<\/strong><em>\u00a0<\/em><strong>241<\/strong><\/p>\n<p><em>El\u00a0CBU\u00a0de la\u00a0cuenta\u00a0es:\u00a01910241055024100610864<\/em><\/p>\n<p><em>CUIT\u00a0de la\u00a0SAE: 30-68279305-4<\/em><\/p>\n<p>Una vez realizada la transferencia o dep\u00f3sito,\u00a0se debe enviar la copia del comprobante\u00a0(\u201cescaneada\u201d), al correo de la Tesorer\u00eda de la SAE:\u00a0<a href=\"mailto:tesorero@s-a-e.org.ar\" target=\"_blank\" rel=\"noopener\">tesorero@s-a-e.org.ar<\/a>\u00a0\u00a0y a <a href=\"mailto:coloquiosae2019@face.unt.edu.ar\" target=\"_blank\" rel=\"noopener\">coloquiosae2019@face.unt.edu.ar<\/a>.<\/p>\n<div>Aclaraci\u00f3n: El comprobante debe enviarse a\u00a0<strong>ambas<\/strong>\u00a0direcciones de correo, indicando claramente a qui\u00e9n debe imputarse el pago realizado.<\/div>\n","protected":false},"excerpt":{"rendered":"<p>Formulario de Inscripci\u00f3n &#8211; Click aqu\u00ed\u00a0 \u00bfCu\u00e1l es el costo de la inscripci\u00f3n al Coloquio? Valor de la inscripci\u00f3n\u00a0Coloquio Socios SAE (*) No Socios SAE Estudiantes de grado (**) Hasta el 08\/07 $2.000 $3.000 $500 Hasta el 30\/09 $2.500 $3.500 $650 En el evento $3.000 $4.000 $800 (*) Para acceder a la tarifa de socio, [&hellip;]<\/p>\n","protected":false},"author":1,"featured_media":0,"parent":0,"menu_order":0,"comment_status":"closed","ping_status":"closed","template":"","meta":{"footnotes":""},"_links":{"self":[{"href":"https:\/\/face.unt.edu.ar\/web\/coloquiosae2019\/wp-json\/wp\/v2\/pages\/132"}],"collection":[{"href":"https:\/\/face.unt.edu.ar\/web\/coloquiosae2019\/wp-json\/wp\/v2\/pages"}],"about":[{"href":"https:\/\/face.unt.edu.ar\/web\/coloquiosae2019\/wp-json\/wp\/v2\/types\/page"}],"author":[{"embeddable":true,"href":"https:\/\/face.unt.edu.ar\/web\/coloquiosae2019\/wp-json\/wp\/v2\/users\/1"}],"replies":[{"embeddable":true,"href":"https:\/\/face.unt.edu.ar\/web\/coloquiosae2019\/wp-json\/wp\/v2\/comments?post=132"}],"version-history":[{"count":9,"href":"https:\/\/face.unt.edu.ar\/web\/coloquiosae2019\/wp-json\/wp\/v2\/pages\/132\/revisions"}],"predecessor-version":[{"id":185,"href":"https:\/\/face.unt.edu.ar\/web\/coloquiosae2019\/wp-json\/wp\/v2\/pages\/132\/revisions\/185"}],"wp:attachment":[{"href":"https:\/\/face.unt.edu.ar\/web\/coloquiosae2019\/wp-json\/wp\/v2\/media?parent=132"}],"curies":[{"name":"wp","href":"https:\/\/api.w.org\/{rel}","templated":true}]}}