{"id":218,"date":"2019-08-19T16:04:43","date_gmt":"2019-08-19T19:04:43","guid":{"rendered":"http:\/\/face.unt.edu.ar\/web\/coloquiosae2019\/?page_id=218"},"modified":"2019-08-19T16:04:43","modified_gmt":"2019-08-19T19:04:43","slug":"comite-cientifico","status":"publish","type":"page","link":"https:\/\/face.unt.edu.ar\/web\/coloquiosae2019\/comite-cientifico\/","title":{"rendered":"Comit\u00e9 Cient\u00edfico"},"content":{"rendered":"<ul>\n<li>Charre de Trabuchi, Clyde (IASI)<\/li>\n<li>Da Motta Singer, Julio (USP-BR)<\/li>\n<li>D\u00edaz, Mar\u00eda del Pilar (UNC)<\/li>\n<li>Diblasi, \u00c1ngela (UNCu)<\/li>\n<li>Lencina, Viviana B. (UNT)<\/li>\n<li>Mar\u00ed, Gonzalo (UNR)<\/li>\n<li>Mentz, Graciela B. (UMich)<\/li>\n<li>Oz\u00e1n, Susana (UNSJ)<\/li>\n<li>Ricci, Lila (UNMdP)<\/li>\n<li>Sfer, Ana M. (UNT)<\/li>\n<\/ul>\n","protected":false},"excerpt":{"rendered":"<p>Charre de Trabuchi, Clyde (IASI) Da Motta Singer, Julio (USP-BR) D\u00edaz, Mar\u00eda del Pilar (UNC) Diblasi, \u00c1ngela (UNCu) Lencina, Viviana B. (UNT) Mar\u00ed, Gonzalo (UNR) Mentz, Graciela B. (UMich) Oz\u00e1n, Susana (UNSJ) Ricci, Lila (UNMdP) Sfer, Ana M. (UNT)<\/p>\n","protected":false},"author":1,"featured_media":0,"parent":0,"menu_order":0,"comment_status":"closed","ping_status":"closed","template":"","meta":{"footnotes":""},"_links":{"self":[{"href":"https:\/\/face.unt.edu.ar\/web\/coloquiosae2019\/wp-json\/wp\/v2\/pages\/218"}],"collection":[{"href":"https:\/\/face.unt.edu.ar\/web\/coloquiosae2019\/wp-json\/wp\/v2\/pages"}],"about":[{"href":"https:\/\/face.unt.edu.ar\/web\/coloquiosae2019\/wp-json\/wp\/v2\/types\/page"}],"author":[{"embeddable":true,"href":"https:\/\/face.unt.edu.ar\/web\/coloquiosae2019\/wp-json\/wp\/v2\/users\/1"}],"replies":[{"embeddable":true,"href":"https:\/\/face.unt.edu.ar\/web\/coloquiosae2019\/wp-json\/wp\/v2\/comments?post=218"}],"version-history":[{"count":1,"href":"https:\/\/face.unt.edu.ar\/web\/coloquiosae2019\/wp-json\/wp\/v2\/pages\/218\/revisions"}],"predecessor-version":[{"id":219,"href":"https:\/\/face.unt.edu.ar\/web\/coloquiosae2019\/wp-json\/wp\/v2\/pages\/218\/revisions\/219"}],"wp:attachment":[{"href":"https:\/\/face.unt.edu.ar\/web\/coloquiosae2019\/wp-json\/wp\/v2\/media?parent=218"}],"curies":[{"name":"wp","href":"https:\/\/api.w.org\/{rel}","templated":true}]}}