{"id":27,"date":"2019-03-25T15:21:50","date_gmt":"2019-03-25T18:21:50","guid":{"rendered":"http:\/\/face.unt.edu.ar\/web\/coloquiosae2019\/?page_id=27"},"modified":"2019-10-10T18:51:07","modified_gmt":"2019-10-10T21:51:07","slug":"v-jornada-de-educacion","status":"publish","type":"page","link":"https:\/\/face.unt.edu.ar\/web\/coloquiosae2019\/v-jornada-de-educacion\/","title":{"rendered":"V Jornada de Educaci\u00f3n Estad\u00edstica \u00abMartha de Aliaga\u00bb"},"content":{"rendered":"<h3><strong>Cronograma\u00a0&#8211; Martes 15\/10\/2019<\/strong><\/h3>\n<h4>Lugar:\u00a0\u00a0<strong>Centro\u00a0 de\u00a0 Innovaci\u00f3n\u00a0 e\u00a0 investigaci\u00f3n\u00a0 para\u00a0 el\u00a0 desarrollo\u00a0 educativo, productivo y tecnol\u00f3gico<\/strong> (CIIDEPT), ubicado en <strong>Av. Jos\u00e9 Ingenieros 260<\/strong> &#8211; San Miguel de Tucum\u00e1n (4000)<\/h4>\n<p>&nbsp;<\/p>\n<div class=\"vc_row wpb_row vc_inner vc_row-fluid vc_custom_1470926187379 vc_row-has-fill\">\n<div class=\"wpb_column vc_column_container vc_col-sm-12\">\n<div class=\"vc_column-inner vc_custom_1470926203133\">\n<div class=\"wpb_wrapper\">\n<div class=\"thim-widget-social\">\n<table width=\"696\">\n<tbody>\n<tr>\n<td width=\"123\"><strong>8 a 10 hs.<\/strong><\/td>\n<td width=\"508\">Acreditaci\u00f3n<\/td>\n<\/tr>\n<tr>\n<td width=\"123\"><strong>9.00 a 9.45<\/strong><\/td>\n<td width=\"508\">Acto de apertura. Palabras de bienvenida. Dr. Juan Pablo Lichtmajer<\/td>\n<\/tr>\n<tr>\n<td width=\"123\"><strong>9.45 a 10.45<\/strong><\/td>\n<td width=\"508\">Conferencia \u201cEstad\u00edsticamente. El desaf\u00edo de razonar en t\u00e9rminos estad\u00edsticos en tiempos de twitter y big data\u201d. Dr. Walter Sosa Escudero (UdeSA \u2013CONICET)<\/td>\n<\/tr>\n<tr>\n<td width=\"123\"><strong>10.45 a 11.15<\/strong><\/td>\n<td width=\"508\">Receso<\/td>\n<\/tr>\n<tr>\n<td width=\"123\"><strong>11.15 a 13.00<\/strong><\/td>\n<td width=\"508\">Taller 1. M\u00f3dulo A:\u00a0<strong>\u201cUna campana que suena en todas partes\u201d<\/strong>. Dra. Ana Mar\u00eda Sfer y Mg. Lorena Naidicz (C\u00e1tedra de Probabilidades y Estad\u00edstica- FACET- UNT)\u00a0<a href=\"https:\/\/drive.google.com\/file\/d\/1UEPcoyyQFEnTCGg7rWWxJVKy6yrWEIjQ\/view?usp=sharing\">&#8211; Click aqu\u00ed para ver descripci\u00f3n<\/a><\/p>\n<p>Taller 2. M\u00f3dulo B: <strong>\u201cEl Sistema Estad\u00edstico Provincial (SEP) y su utilizaci\u00f3n en el aula\u201d<\/strong>. Mg. Antonio Ra\u00fal Garc\u00eda; Mg. Mar\u00eda Ang\u00e9lica P\u00e9rez y Mg.Andrea Luccioni (Direcci\u00f3n de Estad\u00edstica de la Provincia de Tucum\u00e1n) <a href=\"https:\/\/drive.google.com\/file\/d\/1ioitogqLFbZ6P0Gp9Gnqeh8n62ayTf4i\/view?usp=sharing\">&#8211; Click aqu\u00ed para ver descripci\u00f3n<\/a><\/p>\n<p>Taller 3. M\u00f3dulo C:\u00a0<strong>\u201cInvestigando en el aula \u00bfc\u00f3mo usamos la estad\u00edstica?\u201d<\/strong>. Mg. Mar\u00eda Cristina Leguizam\u00f3n y Cra. Luciana Raquel Castillo. (FACE-UNT) <a href=\"https:\/\/drive.google.com\/file\/d\/1ENVf4Y2WQctiMsTygAwGTcGRZvSa0K33\/view?usp=sharing\">&#8211; Click aqu\u00ed para ver descripci\u00f3n<\/a><\/p>\n<p>Taller 4. M\u00f3dulo D (Primera Parte):\u00a0<strong>\u201cGamificaci\u00f3n y ense\u00f1anza de la Estad\u00edstica: C\u00f3mo emplear juegos y videojuegos para el desarrollo de Competencias y Cultura Estad\u00edstica\u201d<\/strong>. Dr. Blas de Haro Barb\u00e1s; Prof. Mar\u00eda Bel\u00e9n Parra y Lic. Matteo Tarquini\u00a0<a href=\"https:\/\/drive.google.com\/file\/d\/13V05FBNEsZ0SAmz-55Qpy_O-XKi4Lxp1\/view?usp=sharing\">&#8211; Click aqu\u00ed para ver descripci\u00f3n<\/a><\/td>\n<\/tr>\n<tr>\n<td width=\"123\"><strong>13.00 a 14.30<\/strong><\/td>\n<td width=\"508\">Receso<\/td>\n<\/tr>\n<tr>\n<td width=\"123\"><strong>14.30 a 16.30<\/strong><\/td>\n<td width=\"508\">Taller 1. M\u00f3dulo B:\u00a0<strong>\u201cEl Sistema Estad\u00edstico Provincial (SEP) y su utilizaci\u00f3n en el aula\u201d<\/strong>. Mg. Antonio Ra\u00fal Garc\u00eda; Mg. Mar\u00eda Ang\u00e9lica P\u00e9rez y Mg.Andrea Luccioni (Direcci\u00f3n de Estad\u00edstica de la Provincia de Tucum\u00e1n)\u00a0 <a href=\"https:\/\/drive.google.com\/file\/d\/1ioitogqLFbZ6P0Gp9Gnqeh8n62ayTf4i\/view?usp=sharing\">&#8211; Click aqu\u00ed para ver descripci\u00f3n\u00a0<\/a><\/p>\n<p>Taller 2. M\u00f3dulo C: <strong>\u201cInvestigando en el aula \u00bfc\u00f3mo usamos la estad\u00edstica?\u201d<\/strong>. Mg. Mar\u00eda Cristina Leguizam\u00f3n y Cra. Luciana Raquel Castillo. (FACE-UNT)\u00a0<a href=\"https:\/\/drive.google.com\/file\/d\/1ENVf4Y2WQctiMsTygAwGTcGRZvSa0K33\/view?usp=sharing\">&#8211; Click aqu\u00ed para ver descripci\u00f3n<\/a><\/p>\n<p>Taller 3. M\u00f3dulo A:<strong> \u201cUna campana que suena en todas partes\u201d<\/strong>. Dra. Ana Mar\u00eda Sfer y Mg. Lorena Naidicz (C\u00e1tedra de Probabilidades y Estad\u00edstica- FACET- UNT) <a href=\"https:\/\/drive.google.com\/file\/d\/1UEPcoyyQFEnTCGg7rWWxJVKy6yrWEIjQ\/view?usp=sharing\">&#8211; Click aqu\u00ed para ver descripci\u00f3n<\/a><\/p>\n<p>Taller 4. M\u00f3dulo D (Segunda Parte):<strong> \u201cGamificaci\u00f3n y ense\u00f1anza de la Estad\u00edstica: C\u00f3mo emplear juegos y videojuegos para el desarrollo de Competencias y Cultura Estad\u00edstica\u201d<\/strong>. Dr. Blas de Haro Barb\u00e1s; Prof. Mar\u00eda Bel\u00e9n Parra y Lic. Matteo Tarquini\u00a0<a href=\"https:\/\/drive.google.com\/file\/d\/13V05FBNEsZ0SAmz-55Qpy_O-XKi4Lxp1\/view?usp=sharing\">&#8211; Click aqu\u00ed para ver descripci\u00f3n<\/a><\/p>\n<p>&nbsp;<\/td>\n<\/tr>\n<tr>\n<td width=\"123\"><strong>16.30 a 17.00<\/strong><\/td>\n<td width=\"508\">Receso<\/td>\n<\/tr>\n<tr>\n<td width=\"123\"><strong>17.00 a 18.00<\/strong><\/td>\n<td width=\"508\">Conferencia de cierre: \u201cPresente y futuro en la ense\u00f1anza de la Estad\u00edstica\u201d. Mg. Adriana D\u2019Amelio (UNCuyo)<\/td>\n<\/tr>\n<\/tbody>\n<\/table>\n<p>&nbsp;<\/p>\n<\/div>\n<\/div>\n<\/div>\n<\/div>\n<\/div>\n<ul>\n<li>Cabe destacar que los talleres se dictan en simult\u00e1neo, de 11:15 a 13:00 y de 14:30 a 16:30 horas. Usted debe elegir un taller a realizar.<\/li>\n<\/ul>\n<h4><a href=\"https:\/\/drive.google.com\/file\/d\/1YIcff1P_p23OLGChr9bh6w_O51koTW-a\/view?usp=sharing\" target=\"_blank\" rel=\"noopener noreferrer\"><strong>Descargar el Cronograma haciendo Click aqu\u00ed\u00a0<\/strong><\/a><\/h4>\n<p>&#8212;&#8212;&#8212;&#8212;&#8212;&#8212;&#8212;&#8212;&#8212;&#8212;&#8212;&#8212;&#8212;&#8212;&#8212;&#8212;&#8212;&#8212;&#8212;&#8212;&#8212;&#8212;&#8212;&#8212;&#8212;<\/p>\n<h3><span style=\"background-color: #33cccc\"><strong>Material para realizar los talleres<\/strong><\/span><\/h3>\n<div dir=\"ltr\"><\/div>\n<div dir=\"ltr\">Informamos a los asistentes a la Jornada de Educaci\u00f3n Estad\u00edstica que, seg\u00fan el Taller elegido, deber\u00e1n bajar el material informativo correspondiente, para asistir a cada uno de los mismos.<\/div>\n<div dir=\"ltr\"><\/div>\n<div dir=\"ltr\">\n<div dir=\"ltr\"><strong><a href=\"https:\/\/drive.google.com\/file\/d\/0BwZE7DzLP04YLWo2T3Z0d2Y3MmVzYlc0cU5jaU9rRVdYczRF\/view?usp=sharing\" target=\"_blank\" rel=\"noopener noreferrer\">MODULO A &#8211; Descargar Instructivo\u00a0<\/a><\/strong><\/div>\n<div dir=\"ltr\"><strong><a href=\"https:\/\/drive.google.com\/file\/d\/0BwZE7DzLP04YY24wWXhyamtRdHQxanlub2tRWE9MWloxekpr\/view?usp=sharing\" target=\"_blank\" rel=\"noopener noreferrer\">MODULO A\u00a0 &#8211; Descargar Material\u00a0<\/a><\/strong><\/div>\n<div dir=\"ltr\"><strong><a href=\"https:\/\/drive.google.com\/file\/d\/0BwZE7DzLP04YM2dKYWJjZDduVEJIaGVXWll0LW9WdGlsQVVr\/view?usp=sharing\" target=\"_blank\" rel=\"noopener noreferrer\">MODULO B &#8211; Descargar Instructivo<\/a><\/strong><\/div>\n<div dir=\"ltr\"><strong><a href=\"https:\/\/drive.google.com\/file\/d\/0BwZE7DzLP04YYnl5Q2VLNFhNaFN1SDZ1eGFTa1k3WG01a0tj\/view?usp=sharing\" target=\"_blank\" rel=\"noopener noreferrer\">MODULO C\u00a0 &#8211; Descargar Glosario<\/a><\/strong><\/div>\n<div dir=\"ltr\"><strong><a href=\"https:\/\/drive.google.com\/file\/d\/0BwZE7DzLP04YS002aGFUSjEzLVMtbERNMHR0LTM1cTU2UTRr\/view?usp=sharing\" target=\"_blank\" rel=\"noopener noreferrer\">MODULO C &#8211; Descargar Instructivo<\/a><\/strong><\/div>\n<div dir=\"ltr\"><strong><a href=\"https:\/\/drive.google.com\/file\/d\/0BwZE7DzLP04YbFpEeXNmZnk3bXpxdE1mWXVxSVo1RVA1R280\/view?usp=sharing\" target=\"_blank\" rel=\"noopener noreferrer\">MODULO D &#8211; Descargar Material<\/a><\/strong><\/div>\n<\/div>\n<div dir=\"ltr\"><\/div>\n","protected":false},"excerpt":{"rendered":"<p>Cronograma\u00a0&#8211; Martes 15\/10\/2019 Lugar:\u00a0\u00a0Centro\u00a0 de\u00a0 Innovaci\u00f3n\u00a0 e\u00a0 investigaci\u00f3n\u00a0 para\u00a0 el\u00a0 desarrollo\u00a0 educativo, productivo y tecnol\u00f3gico (CIIDEPT), ubicado en Av. Jos\u00e9 Ingenieros 260 &#8211; San Miguel de Tucum\u00e1n (4000) &nbsp; 8 a 10 hs. Acreditaci\u00f3n 9.00 a 9.45 Acto de apertura. Palabras de bienvenida. Dr. Juan Pablo Lichtmajer 9.45 a 10.45 Conferencia \u201cEstad\u00edsticamente. El desaf\u00edo de [&hellip;]<\/p>\n","protected":false},"author":1,"featured_media":0,"parent":0,"menu_order":0,"comment_status":"closed","ping_status":"closed","template":"","meta":{"footnotes":""},"_links":{"self":[{"href":"https:\/\/face.unt.edu.ar\/web\/coloquiosae2019\/wp-json\/wp\/v2\/pages\/27"}],"collection":[{"href":"https:\/\/face.unt.edu.ar\/web\/coloquiosae2019\/wp-json\/wp\/v2\/pages"}],"about":[{"href":"https:\/\/face.unt.edu.ar\/web\/coloquiosae2019\/wp-json\/wp\/v2\/types\/page"}],"author":[{"embeddable":true,"href":"https:\/\/face.unt.edu.ar\/web\/coloquiosae2019\/wp-json\/wp\/v2\/users\/1"}],"replies":[{"embeddable":true,"href":"https:\/\/face.unt.edu.ar\/web\/coloquiosae2019\/wp-json\/wp\/v2\/comments?post=27"}],"version-history":[{"count":28,"href":"https:\/\/face.unt.edu.ar\/web\/coloquiosae2019\/wp-json\/wp\/v2\/pages\/27\/revisions"}],"predecessor-version":[{"id":270,"href":"https:\/\/face.unt.edu.ar\/web\/coloquiosae2019\/wp-json\/wp\/v2\/pages\/27\/revisions\/270"}],"wp:attachment":[{"href":"https:\/\/face.unt.edu.ar\/web\/coloquiosae2019\/wp-json\/wp\/v2\/media?parent=27"}],"curies":[{"name":"wp","href":"https:\/\/api.w.org\/{rel}","templated":true}]}}