{"id":29,"date":"2019-03-25T15:22:00","date_gmt":"2019-03-25T18:22:00","guid":{"rendered":"http:\/\/face.unt.edu.ar\/web\/coloquiosae2019\/?page_id=29"},"modified":"2019-09-24T14:36:56","modified_gmt":"2019-09-24T17:36:56","slug":"comoparticipar","status":"publish","type":"page","link":"https:\/\/face.unt.edu.ar\/web\/coloquiosae2019\/comoparticipar\/","title":{"rendered":"\u00bfC\u00f3mo participar?"},"content":{"rendered":"<p>&nbsp;<\/p>\n<p>Quienes deseen participar en el XLVII Coloquio Argentino de Estad\u00edstica pueden hacerlo con los siguientes formatos:<\/p>\n<ul>\n<li><strong>Comunicaci\u00f3n oral:<\/strong> Exposici\u00f3n de diez minutos.<\/li>\n<li><strong>Comunicaci\u00f3n en p\u00f3ster:<\/strong> Pieza \u00fanica de papel de tama\u00f1o 90 cm de ancho y 120 cm de alto.<\/li>\n<li><strong>Concurso de p\u00f3ster<\/strong> \u201cRa\u00fal Pedro Mentz\u201d (en dos niveles: estudiantes de grado y estudiantes de postgrado). <a href=\"https:\/\/drive.google.com\/file\/d\/1T3zav5eOSm3YJ-T3s3vhvnNFBe5Dk1SD\/view\" target=\"_blank\" rel=\"noopener noreferrer\">Ver <strong>Bases y condiciones Concurso<\/strong><\/a><\/li>\n<\/ul>\n<p>Las propuestas deben enmarcarse en las \u00e1reas tem\u00e1ticas detalladas debajo y ajustarse a los requisitos formales disponibles en la plantilla correspondiente al formato elegido por el participante. El archivo correctamente nombrado debe ser remitido a <a href=\"mailto:coloquiosae@face.unt.edu.ar\">coloquiosae2019@face.unt.edu.ar<\/a> hasta el <strong>20\u00a0de Agosto<\/strong>.<\/p>\n<table width=\"447\">\n<tbody>\n<tr>\n<td width=\"447\">Big Data<\/td>\n<\/tr>\n<tr>\n<td width=\"447\">Control de procesos y Control de calidad<\/td>\n<\/tr>\n<tr>\n<td width=\"447\">Dise\u00f1o experimental<\/td>\n<\/tr>\n<tr>\n<td width=\"447\">Educaci\u00f3n<\/td>\n<\/tr>\n<tr>\n<td width=\"447\">Estad\u00edstica descriptiva<\/td>\n<\/tr>\n<tr>\n<td width=\"447\">Estad\u00edstica espacial<\/td>\n<\/tr>\n<tr>\n<td width=\"447\">Estad\u00edsticas oficiales<\/td>\n<\/tr>\n<tr>\n<td width=\"447\">M\u00e9todos Bayesianos<\/td>\n<\/tr>\n<tr>\n<td width=\"447\">M\u00e9todos multivariados<\/td>\n<\/tr>\n<tr>\n<td width=\"447\">M\u00e9todos no param\u00e9tricos o robustos<\/td>\n<\/tr>\n<tr>\n<td width=\"447\">Modelos lineales y lineales generalizados<\/td>\n<\/tr>\n<tr>\n<td width=\"447\">Modelos mixtos<\/td>\n<\/tr>\n<tr>\n<td width=\"447\">M\u00e9todos computacionales<\/td>\n<\/tr>\n<tr>\n<td width=\"447\">Muestreo<\/td>\n<\/tr>\n<tr>\n<td width=\"447\">Probabilidades y Procesos estoc\u00e1sticos<\/td>\n<\/tr>\n<tr>\n<td width=\"447\">Series cronol\u00f3gicas<\/td>\n<\/tr>\n<tr>\n<td width=\"447\">Otras: \u00a0\u00a0\u00a0\u00a0\u00a0\u00a0\u00a0\u00a0\u00a0\u00a0\u00a0\u00a0\u00a0\u00a0\u00a0\u00a0\u00a0\u00a0\u00a0\u00a0\u00a0\u00a0\u00a0\u00a0\u00a0\u00a0\u00a0\u00a0\u00a0\u00a0\u00a0\u00a0\u00a0\u00a0\u00a0\u00a0\u00a0\u00a0\u00a0\u00a0\u00a0\u00a0\u00a0\u00a0\u00a0\u00a0\u00a0\u00a0Indique:<\/td>\n<\/tr>\n<\/tbody>\n<\/table>\n<p>&nbsp;<\/p>\n<p><strong>\u00a0<\/strong><strong>Aclaraciones sobre el env\u00edo <\/strong><\/p>\n<p>Los trabajos que se env\u00eden deber\u00e1n ser originales y no haber sido presentados en otros Congresos. Los res\u00famenes deben ser presentados en castellano.<\/p>\n<p>El detalle sobre el nombre correcto cada archivo est\u00e1 indicado al final de la plantilla respectiva.<\/p>\n<p><strong>Plantilla y especificaciones para Comunicaciones Orales y\/o P\u00f3ster:<\/strong><\/p>\n<p><a href=\"https:\/\/drive.google.com\/file\/d\/0BwZE7DzLP04YSGNXRkRiUnFoQXVYRHhJcm95cGR2MGxGeTYw\/view?usp=sharing\" target=\"_blank\" rel=\"noopener noreferrer\"><strong>Resumen_plantilla<\/strong><\/a><\/p>\n<p><strong>\u00a0<\/strong><strong>Plantilla y especificaciones para Concurso de p\u00f3ster \u201cRa\u00fal P. Mentz\u201d<\/strong><\/p>\n<p><strong>\u00a0<\/strong><a href=\"https:\/\/drive.google.com\/file\/d\/0BwZE7DzLP04YWnllRFQwZW5EQnMyNkZSb0RqWGJzX1pyN3dV\/view?usp=sharing\" target=\"_blank\" rel=\"noopener noreferrer\"><strong>Resumen_Concurso_plantilla<\/strong><\/a><\/p>\n","protected":false},"excerpt":{"rendered":"<p>&nbsp; Quienes deseen participar en el XLVII Coloquio Argentino de Estad\u00edstica pueden hacerlo con los siguientes formatos: Comunicaci\u00f3n oral: Exposici\u00f3n de diez minutos. Comunicaci\u00f3n en p\u00f3ster: Pieza \u00fanica de papel de tama\u00f1o 90 cm de ancho y 120 cm de alto. Concurso de p\u00f3ster \u201cRa\u00fal Pedro Mentz\u201d (en dos niveles: estudiantes de grado y estudiantes [&hellip;]<\/p>\n","protected":false},"author":1,"featured_media":0,"parent":0,"menu_order":0,"comment_status":"closed","ping_status":"closed","template":"","meta":{"footnotes":""},"_links":{"self":[{"href":"https:\/\/face.unt.edu.ar\/web\/coloquiosae2019\/wp-json\/wp\/v2\/pages\/29"}],"collection":[{"href":"https:\/\/face.unt.edu.ar\/web\/coloquiosae2019\/wp-json\/wp\/v2\/pages"}],"about":[{"href":"https:\/\/face.unt.edu.ar\/web\/coloquiosae2019\/wp-json\/wp\/v2\/types\/page"}],"author":[{"embeddable":true,"href":"https:\/\/face.unt.edu.ar\/web\/coloquiosae2019\/wp-json\/wp\/v2\/users\/1"}],"replies":[{"embeddable":true,"href":"https:\/\/face.unt.edu.ar\/web\/coloquiosae2019\/wp-json\/wp\/v2\/comments?post=29"}],"version-history":[{"count":15,"href":"https:\/\/face.unt.edu.ar\/web\/coloquiosae2019\/wp-json\/wp\/v2\/pages\/29\/revisions"}],"predecessor-version":[{"id":228,"href":"https:\/\/face.unt.edu.ar\/web\/coloquiosae2019\/wp-json\/wp\/v2\/pages\/29\/revisions\/228"}],"wp:attachment":[{"href":"https:\/\/face.unt.edu.ar\/web\/coloquiosae2019\/wp-json\/wp\/v2\/media?parent=29"}],"curies":[{"name":"wp","href":"https:\/\/api.w.org\/{rel}","templated":true}]}}