{"id":31,"date":"2019-03-25T15:22:17","date_gmt":"2019-03-25T18:22:17","guid":{"rendered":"http:\/\/face.unt.edu.ar\/web\/coloquiosae2019\/?page_id=31"},"modified":"2019-10-01T16:39:32","modified_gmt":"2019-10-01T19:39:32","slug":"preguntas-frecuentes","status":"publish","type":"page","link":"https:\/\/face.unt.edu.ar\/web\/coloquiosae2019\/preguntas-frecuentes\/","title":{"rendered":"Preguntas frecuentes"},"content":{"rendered":"<p><strong><br \/>\n\u00bfC\u00f3mo se puede participar en el coloquio?<\/strong><\/p>\n<p>Quienes deseen participar en el XLVII Coloquio Argentino de Estad\u00edstica pueden hacerlo con los siguientes formatos:<\/p>\n<ul>\n<li><strong>Comunicaci\u00f3n oral:<\/strong> Exposici\u00f3n de diez minutos.<\/li>\n<li><strong>Comunicaci\u00f3n en p\u00f3ster:<\/strong> Pieza \u00fanica de papel de tama\u00f1o 90 cm de ancho y 120 cm de alto.<\/li>\n<li><strong>Concurso de p\u00f3ster<\/strong> \u201cRa\u00fal Pedro Mentz\u201d (en dos niveles: estudiantes de grado y estudiantes de postgrado).<\/li>\n<\/ul>\n<p>Las lineamientos para la presentaci\u00f3n de propuestas figuran en la pesta\u00f1a \u00bfC\u00f3mo participar?<\/p>\n<p><strong>\u00bfCu\u00e1l es el costo de la inscripci\u00f3n al Coloquio?<\/strong><\/p>\n<table>\n<tbody>\n<tr>\n<td width=\"142\">Valor de la inscripci\u00f3n <strong>Coloquio<\/strong><\/td>\n<td width=\"142\">Socios SAE (*)<\/td>\n<td width=\"142\">No Socios SAE<\/td>\n<td width=\"142\">Estudiantes de grado (**)<\/td>\n<\/tr>\n<tr>\n<td width=\"142\">Hasta el 08\/07<\/td>\n<td width=\"142\">$2.000<\/td>\n<td width=\"142\">$3.000<\/td>\n<td width=\"142\">$500<\/td>\n<\/tr>\n<tr>\n<td width=\"142\">Hasta el 30\/09<\/td>\n<td width=\"142\">$2.500<\/td>\n<td width=\"142\">$3.500<\/td>\n<td width=\"142\">$650<\/td>\n<\/tr>\n<tr>\n<td width=\"142\">En el evento<\/td>\n<td width=\"142\">$3.000<\/td>\n<td width=\"142\">$4.000<\/td>\n<td width=\"142\">$800<\/td>\n<\/tr>\n<\/tbody>\n<\/table>\n<p>(*) Para acceder a la tarifa de socio, la persona debe abonar las cuotas societarias hasta el d\u00eda del evento. Consultar por convenios o acuerdos previos con otras instituciones.<\/p>\n<p>(**) Se entiende por estudiante a la persona que est\u00e9 cursando carrera de grado en Universidad P\u00fablica o Privada o carrera terciaria o superior en Institutos P\u00fablicos o Privados. Esta situaci\u00f3n debe estar certificada por la oficina de alumnos correspondiente.<\/p>\n<p><strong>FORMA DE PAGO<\/strong><\/p>\n<p>Mediante un dep\u00f3sito o transferencia bancaria a la cuenta de la SAE:<\/p>\n<p><em>SOC\u00a0ARG\u00a0DE\u00a0ESTADISTICA\u00a0AC<\/em><\/p>\n<p><em>Banco Credicoop\u00a0Cooperativo Limitado<\/em><\/p>\n<p><em>Cuenta\u00a0Corriente\u00a0en pesos N\u00b0\u00a0\u00a0<\/em><strong>61086<\/strong><em>\u00a0<\/em><strong>Sucursal<\/strong><em>\u00a0<\/em><strong>241<\/strong><\/p>\n<p><em>El\u00a0CBU\u00a0de la\u00a0cuenta\u00a0es:\u00a01910241055024100610864<\/em><\/p>\n<p><em>CUIT\u00a0de la\u00a0SAE: 30-68279305-4<\/em><\/p>\n<p>Una vez realizada la transferencia o dep\u00f3sito,\u00a0se debe enviar la copia del comprobante\u00a0(\u201cescaneada\u201d), al correo de la Tesorer\u00eda de la SAE:\u00a0<a href=\"mailto:tesorero@s-a-e.org.ar\">tesorero@s-a-e.org.ar<\/a>\u00a0\u00a0y a coloquiosae2019@face.unt.edu.ar.<br \/>\nAclaraci\u00f3n: El comprobante debe enviarse a <strong>ambas<\/strong> direcciones de correo, indicando claramente a qui\u00e9n debe imputarse el pago realizado.<\/p>\n<p><strong>\u00bfC\u00f3mo llegar a la sede del Coloquio?<\/strong><\/p>\n<p>El Coloquio se realizar\u00e1 en la Facultad de Ciencias Econ\u00f3micas de la Universidad Nacional de Tucum\u00e1n (FACE-UNT). La misma se encuentra en San Miguel de Tucum\u00e1n, en <strong>Avenida Independencia 1900<\/strong> dentro del Centro Universitario Ing. Herrera (tambi\u00e9n conocido como Quinta Agron\u00f3mica).<\/p>\n<p>Las l\u00edneas de colectivo que pasan por el predio son: 9-12,\u2026. (tienen parada en la entrada norte del predio, por Avenida N\u00e9stor Kirchner) y 17-18-19 (tienen parada en la entrada sur del predio, por Avenida Independencia). Todos los colectivos mencionados operan con la Tarjeta Ciudadana de RED BUS (similar a la SUBE). Para mayor informaci\u00f3n y conocer los puntos de venta pueden ingresar a <a href=\"https:\/\/www.smt.gob.ar\/tarjetaciudadana\">https:\/\/www.smt.gob.ar\/tarjetaciudadana<\/a><\/p>\n<p>Para los traslados en Tucum\u00e1n puede resultar de utilidad descargar y utilizar las siguientes aplicaciones:<\/p>\n<ul>\n<li><strong>\u00bfCu\u00e1ndo llega? ByV<\/strong> : Aplicaci\u00f3n de la l\u00ednea 19 que indica el recorrido en vivo de los colectivos<\/li>\n<li><strong>TaxiAr<\/strong>: Aplicaci\u00f3n para solicitar servicio de taxis.<\/li>\n<li><strong>GeoTaxi<\/strong>: Aplicaci\u00f3n para solicitar servicio de taxis.<strong>\u00a0<\/strong><\/li>\n<\/ul>\n<p><strong>\u00bfD\u00f3nde comer?<\/strong><\/p>\n<p>Dentro del predio del Centro Universitario Ing. Herrera funcionan 5 bares (Uno de ellos en la FACE). Todos los bares sirven almuerzo y tienen men\u00fa ejecutivo.<\/p>\n<p><strong>\u00bfD\u00f3nde dormir?<\/strong><\/p>\n<p>Aconsejamos realizar las reservas con anticipaci\u00f3n, dado que existen varios eventos que coinciden con las fechas del Coloquio.<br \/>\nPueden encontrar informaci\u00f3n en los siguientes links:<\/p>\n<p><a href=\"https:\/\/drive.google.com\/file\/d\/0BwZE7DzLP04Ya24zbHgzSnk2SVYzeWhUNVF0MW05RVkzUTkw\/view?usp=sharing\" target=\"_blank\" rel=\"noopener noreferrer\"><strong>Nuevas Tarifas Hotel Hilton Garden Inn<\/strong><\/a><\/p>\n<p><a href=\"https:\/\/drive.google.com\/file\/d\/0BwZE7DzLP04YaDlPT0k0dHhFaVN5UnhxRkluREpEQ0xGdEdR\/view?usp=sharing\" target=\"_blank\" rel=\"noopener noreferrer\"><strong>Nuevas Tarifas Hotel Tucuman Center<\/strong><\/a><\/p>\n<p><a href=\"https:\/\/drive.google.com\/file\/d\/0BwZE7DzLP04YY3pRd0dsSVY0bWIxRkRUb1piLUtEUmJJMmN3\/view?usp=sharing\" target=\"_blank\" rel=\"noopener noreferrer\"><strong>Datos de Hoteles\u00a0<\/strong><\/a><\/p>\n<p>Para conocer otras opciones de alojamiento en Tucum\u00e1n los invitamos a visitar el sitio web<\/p>\n<p><a href=\"https:\/\/www.tucumanturismo.gob.ar\/alojamientos\" target=\"_blank\" rel=\"noopener noreferrer\">https:\/\/www.tucumanturismo.gob.ar\/alojamientos<\/a><\/p>\n<p>&nbsp;<\/p>\n","protected":false},"excerpt":{"rendered":"<p>\u00bfC\u00f3mo se puede participar en el coloquio? Quienes deseen participar en el XLVII Coloquio Argentino de Estad\u00edstica pueden hacerlo con los siguientes formatos: Comunicaci\u00f3n oral: Exposici\u00f3n de diez minutos. Comunicaci\u00f3n en p\u00f3ster: Pieza \u00fanica de papel de tama\u00f1o 90 cm de ancho y 120 cm de alto. Concurso de p\u00f3ster \u201cRa\u00fal Pedro Mentz\u201d (en dos [&hellip;]<\/p>\n","protected":false},"author":1,"featured_media":0,"parent":0,"menu_order":0,"comment_status":"closed","ping_status":"closed","template":"","meta":{"footnotes":""},"_links":{"self":[{"href":"https:\/\/face.unt.edu.ar\/web\/coloquiosae2019\/wp-json\/wp\/v2\/pages\/31"}],"collection":[{"href":"https:\/\/face.unt.edu.ar\/web\/coloquiosae2019\/wp-json\/wp\/v2\/pages"}],"about":[{"href":"https:\/\/face.unt.edu.ar\/web\/coloquiosae2019\/wp-json\/wp\/v2\/types\/page"}],"author":[{"embeddable":true,"href":"https:\/\/face.unt.edu.ar\/web\/coloquiosae2019\/wp-json\/wp\/v2\/users\/1"}],"replies":[{"embeddable":true,"href":"https:\/\/face.unt.edu.ar\/web\/coloquiosae2019\/wp-json\/wp\/v2\/comments?post=31"}],"version-history":[{"count":10,"href":"https:\/\/face.unt.edu.ar\/web\/coloquiosae2019\/wp-json\/wp\/v2\/pages\/31\/revisions"}],"predecessor-version":[{"id":232,"href":"https:\/\/face.unt.edu.ar\/web\/coloquiosae2019\/wp-json\/wp\/v2\/pages\/31\/revisions\/232"}],"wp:attachment":[{"href":"https:\/\/face.unt.edu.ar\/web\/coloquiosae2019\/wp-json\/wp\/v2\/media?parent=31"}],"curies":[{"name":"wp","href":"https:\/\/api.w.org\/{rel}","templated":true}]}}