{"id":41,"date":"2019-03-25T21:55:01","date_gmt":"2019-03-26T00:55:01","guid":{"rendered":"http:\/\/face.unt.edu.ar\/web\/coloquiosae2019\/?page_id=41"},"modified":"2019-10-06T20:44:07","modified_gmt":"2019-10-06T23:44:07","slug":"cursos","status":"publish","type":"page","link":"https:\/\/face.unt.edu.ar\/web\/coloquiosae2019\/cursos\/","title":{"rendered":"Cursos"},"content":{"rendered":"<p><strong>En el marco del Coloquio se realizar\u00e1n los siguientes cursos:<\/strong><\/p>\n<table width=\"815\">\n<tbody>\n<tr>\n<td width=\"401\"><\/td>\n<td colspan=\"2\" width=\"413\">\n<p style=\"text-align: center\"><strong>Disertante<\/strong><\/p>\n<\/td>\n<\/tr>\n<tr>\n<td width=\"401\"><strong>El efecto de propensity score matching en estudios retrospectivos<\/strong><\/td>\n<td width=\"172\">Mentz, Graciela<\/p>\n<p>&nbsp;<\/td>\n<td width=\"241\">Ph.D. en Estad\u00edstica (Michigan, 2002)<\/td>\n<\/tr>\n<tr>\n<td width=\"401\"><strong>Estimaci\u00f3n y an\u00e1lisis de datos en muestras complejas<\/strong><\/td>\n<td width=\"172\">Mar\u00ed, Gonzalo<\/p>\n<p>&nbsp;<\/td>\n<td width=\"241\">Master of Science in Mathematics<\/p>\n<p>(Carleton University, 2000).<\/td>\n<\/tr>\n<tr>\n<td width=\"401\"><strong>Temas y gobernanza para agendas estad\u00edsticas: indicaciones y recomendaciones internacionales<\/strong><\/p>\n<p><strong>\u00a0<\/strong><\/td>\n<td width=\"172\">Quintsrl, Marcia<\/p>\n<p>&nbsp;<\/td>\n<td width=\"241\">Magister en Ciencias de la Informaci\u00f3n<\/td>\n<\/tr>\n<\/tbody>\n<\/table>\n<p>&nbsp;<\/p>\n<p>&nbsp;<\/p>\n","protected":false},"excerpt":{"rendered":"<p>En el marco del Coloquio se realizar\u00e1n los siguientes cursos: Disertante El efecto de propensity score matching en estudios retrospectivos Mentz, Graciela &nbsp; Ph.D. en Estad\u00edstica (Michigan, 2002) Estimaci\u00f3n y an\u00e1lisis de datos en muestras complejas Mar\u00ed, Gonzalo &nbsp; Master of Science in Mathematics (Carleton University, 2000). Temas y gobernanza para agendas estad\u00edsticas: indicaciones y [&hellip;]<\/p>\n","protected":false},"author":1,"featured_media":0,"parent":0,"menu_order":0,"comment_status":"closed","ping_status":"closed","template":"","meta":{"footnotes":""},"_links":{"self":[{"href":"https:\/\/face.unt.edu.ar\/web\/coloquiosae2019\/wp-json\/wp\/v2\/pages\/41"}],"collection":[{"href":"https:\/\/face.unt.edu.ar\/web\/coloquiosae2019\/wp-json\/wp\/v2\/pages"}],"about":[{"href":"https:\/\/face.unt.edu.ar\/web\/coloquiosae2019\/wp-json\/wp\/v2\/types\/page"}],"author":[{"embeddable":true,"href":"https:\/\/face.unt.edu.ar\/web\/coloquiosae2019\/wp-json\/wp\/v2\/users\/1"}],"replies":[{"embeddable":true,"href":"https:\/\/face.unt.edu.ar\/web\/coloquiosae2019\/wp-json\/wp\/v2\/comments?post=41"}],"version-history":[{"count":7,"href":"https:\/\/face.unt.edu.ar\/web\/coloquiosae2019\/wp-json\/wp\/v2\/pages\/41\/revisions"}],"predecessor-version":[{"id":256,"href":"https:\/\/face.unt.edu.ar\/web\/coloquiosae2019\/wp-json\/wp\/v2\/pages\/41\/revisions\/256"}],"wp:attachment":[{"href":"https:\/\/face.unt.edu.ar\/web\/coloquiosae2019\/wp-json\/wp\/v2\/media?parent=41"}],"curies":[{"name":"wp","href":"https:\/\/api.w.org\/{rel}","templated":true}]}}