{"id":43,"date":"2019-03-25T21:55:11","date_gmt":"2019-03-26T00:55:11","guid":{"rendered":"http:\/\/face.unt.edu.ar\/web\/coloquiosae2019\/?page_id=43"},"modified":"2019-10-14T11:21:09","modified_gmt":"2019-10-14T14:21:09","slug":"conferencias-y-presentacion-de-libros","status":"publish","type":"page","link":"https:\/\/face.unt.edu.ar\/web\/coloquiosae2019\/conferencias-y-presentacion-de-libros\/","title":{"rendered":"Conferencias y Presentaci\u00f3n de Libros"},"content":{"rendered":"<p>En el marco del Coloquio se realizar\u00e1n las siguientes conferencias:<\/p>\n<table width=\"838\">\n<tbody>\n<tr>\n<td width=\"425\"><\/td>\n<td colspan=\"2\" width=\"413\">\n<p style=\"text-align: center\">Disertante<\/p>\n<\/td>\n<\/tr>\n<tr>\n<td width=\"425\"><strong>Machine learning and statistical fight<\/strong><\/p>\n<p><strong>\u00a0<\/strong><\/td>\n<td width=\"172\">Mentz, Graciela<\/p>\n<p>&nbsp;<\/td>\n<td width=\"241\">Ph.D. en Estad\u00edstica (Michigan, 2002)<\/td>\n<\/tr>\n<tr>\n<td width=\"425\"><strong>\u00bb\u00a0<b>Random changepoint segmented regression with smooth transition: an example with lateral amyotrophic sclerosis data\u00bb<\/b><\/strong><\/p>\n<p><strong>\u00a0<\/strong><\/td>\n<td width=\"172\">Singer, Julio<\/p>\n<p>&nbsp;<\/td>\n<td width=\"241\">Ph.D. en Estad\u00edstica<\/p>\n<p>(Chapel Hill, 1983)<\/td>\n<\/tr>\n<tr>\n<td width=\"425\"><strong>Agendas estad\u00edsticas oficiales: \u00a0actores, temas, brechas\u201d.\u00a0<\/strong><\/td>\n<td width=\"172\">Quintslr, Marcia<\/p>\n<p>&nbsp;<\/td>\n<td width=\"241\">Magister en Ciencias de la Informaci\u00f3n<\/td>\n<\/tr>\n<tr>\n<td width=\"425\"><\/td>\n<td width=\"172\"><\/td>\n<td width=\"241\"><\/td>\n<\/tr>\n<tr>\n<td width=\"425\"><strong>Determinaci\u00f3n de los factores de expansi\u00f3n y el c\u00e1lculo de los errores muestrales en las encuestas.<\/strong><\/p>\n<p><strong>\u00a0<\/strong><\/td>\n<td width=\"172\">Mitas, Gerardo<\/td>\n<td width=\"241\">Director Nacional de Metodolog\u00eda Estad\u00edstica \u2013 INDEC<\/td>\n<\/tr>\n<\/tbody>\n<\/table>\n<p>&nbsp;<\/p>\n<p>Tambi\u00e9n se presentar\u00e1 el libro<\/p>\n<table width=\"838\">\n<tbody>\n<tr>\n<td width=\"425\"><strong>Big data: breve manual para conocer la ciencia de datos que ya invadi\u00f3 nuestras vidas.<\/strong><\/p>\n<p><strong>\u00a0<\/strong><\/td>\n<td width=\"172\">Sosa Escudero, Walter<\/p>\n<p>&nbsp;<\/td>\n<td width=\"241\">Ph.D. in Economics<\/p>\n<p>(University of Illinois)<\/td>\n<\/tr>\n<\/tbody>\n<\/table>\n","protected":false},"excerpt":{"rendered":"<p>En el marco del Coloquio se realizar\u00e1n las siguientes conferencias: Disertante Machine learning and statistical fight \u00a0 Mentz, Graciela &nbsp; Ph.D. en Estad\u00edstica (Michigan, 2002) \u00bb\u00a0Random changepoint segmented regression with smooth transition: an example with lateral amyotrophic sclerosis data\u00bb \u00a0 Singer, Julio &nbsp; Ph.D. en Estad\u00edstica (Chapel Hill, 1983) Agendas estad\u00edsticas oficiales: \u00a0actores, temas, brechas\u201d.\u00a0 [&hellip;]<\/p>\n","protected":false},"author":1,"featured_media":0,"parent":0,"menu_order":0,"comment_status":"closed","ping_status":"closed","template":"","meta":{"footnotes":""},"_links":{"self":[{"href":"https:\/\/face.unt.edu.ar\/web\/coloquiosae2019\/wp-json\/wp\/v2\/pages\/43"}],"collection":[{"href":"https:\/\/face.unt.edu.ar\/web\/coloquiosae2019\/wp-json\/wp\/v2\/pages"}],"about":[{"href":"https:\/\/face.unt.edu.ar\/web\/coloquiosae2019\/wp-json\/wp\/v2\/types\/page"}],"author":[{"embeddable":true,"href":"https:\/\/face.unt.edu.ar\/web\/coloquiosae2019\/wp-json\/wp\/v2\/users\/1"}],"replies":[{"embeddable":true,"href":"https:\/\/face.unt.edu.ar\/web\/coloquiosae2019\/wp-json\/wp\/v2\/comments?post=43"}],"version-history":[{"count":9,"href":"https:\/\/face.unt.edu.ar\/web\/coloquiosae2019\/wp-json\/wp\/v2\/pages\/43\/revisions"}],"predecessor-version":[{"id":297,"href":"https:\/\/face.unt.edu.ar\/web\/coloquiosae2019\/wp-json\/wp\/v2\/pages\/43\/revisions\/297"}],"wp:attachment":[{"href":"https:\/\/face.unt.edu.ar\/web\/coloquiosae2019\/wp-json\/wp\/v2\/media?parent=43"}],"curies":[{"name":"wp","href":"https:\/\/api.w.org\/{rel}","templated":true}]}}