{"id":75,"date":"2019-04-12T10:21:01","date_gmt":"2019-04-12T13:21:01","guid":{"rendered":"http:\/\/face.unt.edu.ar\/web\/coloquiosae2019\/?page_id=75"},"modified":"2019-04-12T13:26:39","modified_gmt":"2019-04-12T16:26:39","slug":"acerca-de-la-s-a-e","status":"publish","type":"page","link":"https:\/\/face.unt.edu.ar\/web\/coloquiosae2019\/acerca-de-la-s-a-e\/","title":{"rendered":"Acerca de la S.A.E."},"content":{"rendered":"<p>La <strong>Sociedad Argentina de Estad\u00edstica (SAE)<\/strong> es una organizaci\u00f3n t\u00e9cnica \u2013 cient\u00edfica sin fines de lucro, creada en junio de 1952 con el fin de promover el estudio, la investigaci\u00f3n, la educaci\u00f3n y el desarrollo de la Estad\u00edstica en nuestro Pa\u00eds, mediante la organizaci\u00f3n de reuniones cient\u00edficas y t\u00e9cnicas, la edici\u00f3n de publicaciones especializadas y otras acciones acordes a su fin.<\/p>\n<p>Desde su creaci\u00f3n la SAE realiza congresos nacionales (llamados Coloquios Argentinos de Estad\u00edstica), y otros eventos similares. A partir del a\u00f1o 1990, en acuerdo con la Sociedad Chilena de Estad\u00edstica (SOCHE), se comenzaron a realizar los Congresos Latinoamericanos de Sociedades de Estad\u00edstica (CLATSE), que se alternan anualmente con los eventos nacionales. Posteriormente se les agreg\u00f3 la Sociedad Uruguaya de Estad\u00edstica (SUE), y desde el a\u00f1o 2015 se incorporaron otras sociedades nacionales de Estad\u00edstica de diversos pa\u00edses de Am\u00e9rica Latina, conform\u00e1ndose la denominada Confederaci\u00f3n Latino Americana de Sociedades de Estad\u00edstica (CLASE).<\/p>\n<p>El 28 de setiembre de 1990 la SAE formaliz\u00f3 su existencia ante la Inspecci\u00f3n General de Justicia, con la denominaci\u00f3n Asociaci\u00f3n Sociedad Argentina de Estad\u00edstica, con domicilio legal en la Ciudad de Buenos Aires, R. Argentina.<\/p>\n<p>Son Objetivos de la SAE:<\/p>\n<ul>\n<li>Promover el desarrollo de la estad\u00edstica en cada uno de los pa\u00edses latinoamericanos.<\/li>\n<li>Favorecer el contacto personal entre profesionales e investigadores de la estad\u00edstica de Latino Am\u00e9rica y de otros pa\u00edses.<\/li>\n<li>Difundir los trabajos de investigaci\u00f3n de estad\u00edsticos latinoamericanos.<\/li>\n<li>Apoyar el desarrollo y crecimiento de la estad\u00edstica en los distintos niveles como as\u00ed tambi\u00e9n su vasta transferencia a las distintas \u00e1reas del saber cient\u00edfico y tecnol\u00f3gico.<\/li>\n<li>Tomar conciencia de la importancia de la formaci\u00f3n y de la educaci\u00f3n estad\u00edstica en los niveles de la Ense\u00f1anza General B\u00e1sica (EGB), Polimodal, Universitario y Pos &#8211; Universitario.<\/li>\n<li>Apoyar los esfuerzos provinciales y nacionales para el desarrollo y procesamiento de la informaci\u00f3n estad\u00edstica, fundamentalmente en los campos de la estad\u00edstica municipal y tur\u00edstica.<\/li>\n<li>Difundir la importancia del trabajo interdisciplinario y del intercambio de informaci\u00f3n estad\u00edstica.<\/li>\n<\/ul>\n<p><strong><a href=\"http:\/\/www.s-a-e.org.ar\/\" target=\"_blank\" rel=\"noopener\">http:\/\/www.s-a-e.org.ar\/<\/a><\/strong><\/p>\n","protected":false},"excerpt":{"rendered":"<p>La Sociedad Argentina de Estad\u00edstica (SAE) es una organizaci\u00f3n t\u00e9cnica \u2013 cient\u00edfica sin fines de lucro, creada en junio de 1952 con el fin de promover el estudio, la investigaci\u00f3n, la educaci\u00f3n y el desarrollo de la Estad\u00edstica en nuestro Pa\u00eds, mediante la organizaci\u00f3n de reuniones cient\u00edficas y t\u00e9cnicas, la edici\u00f3n de publicaciones especializadas y [&hellip;]<\/p>\n","protected":false},"author":1,"featured_media":0,"parent":0,"menu_order":0,"comment_status":"closed","ping_status":"closed","template":"","meta":{"footnotes":""},"_links":{"self":[{"href":"https:\/\/face.unt.edu.ar\/web\/coloquiosae2019\/wp-json\/wp\/v2\/pages\/75"}],"collection":[{"href":"https:\/\/face.unt.edu.ar\/web\/coloquiosae2019\/wp-json\/wp\/v2\/pages"}],"about":[{"href":"https:\/\/face.unt.edu.ar\/web\/coloquiosae2019\/wp-json\/wp\/v2\/types\/page"}],"author":[{"embeddable":true,"href":"https:\/\/face.unt.edu.ar\/web\/coloquiosae2019\/wp-json\/wp\/v2\/users\/1"}],"replies":[{"embeddable":true,"href":"https:\/\/face.unt.edu.ar\/web\/coloquiosae2019\/wp-json\/wp\/v2\/comments?post=75"}],"version-history":[{"count":2,"href":"https:\/\/face.unt.edu.ar\/web\/coloquiosae2019\/wp-json\/wp\/v2\/pages\/75\/revisions"}],"predecessor-version":[{"id":86,"href":"https:\/\/face.unt.edu.ar\/web\/coloquiosae2019\/wp-json\/wp\/v2\/pages\/75\/revisions\/86"}],"wp:attachment":[{"href":"https:\/\/face.unt.edu.ar\/web\/coloquiosae2019\/wp-json\/wp\/v2\/media?parent=75"}],"curies":[{"name":"wp","href":"https:\/\/api.w.org\/{rel}","templated":true}]}}