{"id":5,"date":"2018-02-16T01:54:53","date_gmt":"2018-02-16T01:54:53","guid":{"rendered":"http:\/\/face.unt.edu.ar\/web\/congresodeljardin\/?page_id=5"},"modified":"2019-03-05T20:53:31","modified_gmt":"2019-03-05T20:53:31","slug":"pagina-principal","status":"publish","type":"page","link":"https:\/\/face.unt.edu.ar\/web\/congresodeljardin\/","title":{"rendered":"Pagina Principal"},"content":{"rendered":"<p>[vc_row][vc_column width=\u00bb2\/3&#8243;][vc_column_text]<img decoding=\"async\" loading=\"lazy\" class=\"aligncenter size-large wp-image-71\" src=\"http:\/\/face.unt.edu.ar\/web\/congresodeljardin\/wp-content\/uploads\/sites\/16\/2019\/02\/ADENAG-Nacional-1024x727.jpg\" alt=\"\" width=\"640\" height=\"454\" srcset=\"https:\/\/face.unt.edu.ar\/web\/congresodeljardin\/wp-content\/uploads\/sites\/16\/2019\/02\/ADENAG-Nacional-1024x727.jpg 1024w, https:\/\/face.unt.edu.ar\/web\/congresodeljardin\/wp-content\/uploads\/sites\/16\/2019\/02\/ADENAG-Nacional-300x213.jpg 300w, https:\/\/face.unt.edu.ar\/web\/congresodeljardin\/wp-content\/uploads\/sites\/16\/2019\/02\/ADENAG-Nacional-768x545.jpg 768w, https:\/\/face.unt.edu.ar\/web\/congresodeljardin\/wp-content\/uploads\/sites\/16\/2019\/02\/ADENAG-Nacional-100x70.jpg 100w, https:\/\/face.unt.edu.ar\/web\/congresodeljardin\/wp-content\/uploads\/sites\/16\/2019\/02\/ADENAG-Nacional-696x494.jpg 696w, https:\/\/face.unt.edu.ar\/web\/congresodeljardin\/wp-content\/uploads\/sites\/16\/2019\/02\/ADENAG-Nacional-1068x758.jpg 1068w, https:\/\/face.unt.edu.ar\/web\/congresodeljardin\/wp-content\/uploads\/sites\/16\/2019\/02\/ADENAG-Nacional-591x420.jpg 591w, https:\/\/face.unt.edu.ar\/web\/congresodeljardin\/wp-content\/uploads\/sites\/16\/2019\/02\/ADENAG-Nacional.jpg 1573w\" sizes=\"(max-width: 640px) 100vw, 640px\" \/>[\/vc_column_text][vc_column_text][\/vc_column_text][vc_column_text]<img decoding=\"async\" loading=\"lazy\" class=\"size-full wp-image-75 aligncenter\" src=\"http:\/\/face.unt.edu.ar\/web\/congresodeljardin\/wp-content\/uploads\/sites\/16\/2019\/02\/Congreso-ADENAG-2019.jpg\" alt=\"\" width=\"566\" height=\"405\" srcset=\"https:\/\/face.unt.edu.ar\/web\/congresodeljardin\/wp-content\/uploads\/sites\/16\/2019\/02\/Congreso-ADENAG-2019.jpg 566w, https:\/\/face.unt.edu.ar\/web\/congresodeljardin\/wp-content\/uploads\/sites\/16\/2019\/02\/Congreso-ADENAG-2019-300x215.jpg 300w\" sizes=\"(max-width: 566px) 100vw, 566px\" \/>[\/vc_column_text][vc_column_text]Nuestra Facultad ser\u00e1 sede del <strong>35\u00a0Congreso Nacional de ADENAG<\/strong>, que se realizar\u00e1 durante los d\u00edas <strong>23 y 24 de Mayo de 2019<\/strong>, bajo el lema <strong>\u201cAdministraci\u00f3n Innovadora: desaf\u00edo o utop\u00eda\u00bb,\u00a0<\/strong>convocando a docentes, alumnos e investigadores en Administraci\u00f3n<\/p>\n<p>El encuentro est\u00e1 pensado como un espacio de discusi\u00f3n, de intercambio, donde se generen debates, donde las ideas se expresen y se pongan a prueba. La modalidad es a trav\u00e9s de ponencias y talleres.<\/p>\n<p>Los interesados en participar deber\u00e1n presentar con sus trabajos cient\u00edficos encuadrados en el lema del evento y en las siguientes tem\u00e1ticas generales:<br \/>\n<strong>EJE N\u00b0 1: Docencia<\/strong>. Metodolog\u00edas innovadoras en la ense\u00f1anza de la Administraci\u00f3n.<br \/>\n<strong>EJE N\u00ba 2: Investigaci\u00f3n<\/strong>. Aplicaciones innovadoras en Administraci\u00f3n. Avances en las ciencias administrativas.<br \/>\n<strong>EJE N\u00ba 3: Extensi\u00f3n<\/strong>. Nuevas formas de vincular a la Universidad con su medio. Relaciones posibles y sustentables.<\/p>\n<ul>\n<li><span style=\"color: #0000ff\"><strong><a style=\"color: #0000ff\" href=\"https:\/\/drive.google.com\/file\/d\/1qAMHyASS0FX1Lyj-dgdIJb5AOdOM29rZ\/view?utm_admin=64104\">PRIMERA CIRCULAR\u00a0<\/a><\/strong><\/span><\/li>\n<li><strong><span style=\"color: #0000ff\"><a style=\"color: #0000ff\" href=\"https:\/\/drive.google.com\/file\/d\/1UvcQZNVSTyJwjA8LKXswnB5f_BVcgQf1\/view?utm_admin=64104\">SEGUNDA CIRCULAR<\/a><\/span><\/strong><\/li>\n<\/ul>\n<p>[\/vc_column_text][\/vc_column][vc_column width=\u00bb1\/3&#8243;]<div class=\"td_block_wrap td_block_weather td_uid_1_69e7fcac2c3e4_rand td-pb-border-top\"  data-td-block-uid=\"td_uid_1_69e7fcac2c3e4\" ><div id=td_uid_1_69e7fcac2c3e4 class=\"td-weather-wrap td_block_inner td-column-1\"><!-- td weather source: cache -->\r\n\t\t<div class=\"td-weather-header\">\r\n\t\t\t<div class=\"td-weather-city\">San Miguel de Tucum\u00e1n<\/div>\r\n\t\t\t<div class=\"td-weather-condition\">nubes<\/div>\r\n\t\t\t<i class=\"td-location-icon td-icons-location\"  data-block-uid=\"td_uid_1_69e7fcac2c3e4\"><\/i>\r\n\t\t<\/div>\r\n\r\n\t\t<div class=\"td-weather-set-location\">\r\n\t\t\t<form class=\"td-manual-location-form\" action=\"#\" data-block-uid=\"td_uid_1_69e7fcac2c3e4\">\r\n\t\t\t\t<input id=\"td_uid_1_69e7fcac2c3e4\" class=\"td-location-set-input\" type=\"text\" name=\"location\" value=\"\" >\r\n\t\t\t\t<label>enter location<\/label>\r\n\t\t\t<\/form>\r\n\t\t<\/div>\r\n\r\n\t\t<div class=\"td-weather-temperature\">\r\n\t\t\t<div class=\"td-weather-temp-wrap\">\r\n\t\t\t\t<div class=\"td-weather-animated-icon\">\r\n\t\t\t\t\t<span class=\"td_animation_sprite-27-100-80-0-0-1 broken-clouds-d td-w-today-icon\" data-td-block-uid=\"td_uid_1_69e7fcac2c3e4\"><\/span>\r\n\t\t\t\t<\/div>\r\n\t\t\t\t<div class=\"td-weather-now\" data-block-uid=\"td_uid_1_69e7fcac2c3e4\">\r\n\t\t\t\t\t<span class=\"td-big-degrees\">14.6<\/span>\r\n\t\t\t\t\t<span class=\"td-circle\">&deg;<\/span>\r\n\t\t\t\t\t<span class=\"td-weather-unit\">C<\/span>\r\n\t\t\t\t<\/div>\r\n\t\t\t\t<div class=\"td-weather-lo-hi\">\r\n\t\t\t\t\t<div class=\"td-weather-degrees-wrap\">\r\n\t\t\t\t\t\t<i class=\"td-up-icon td-icons-arrows-up\"><\/i>\r\n\t\t\t\t\t\t<span class=\"td-small-degrees td-w-high-temp\">14.6<\/span>\r\n\t\t\t\t\t\t<span class=\"td-circle\">&deg;<\/span>\r\n\t\t\t\t\t<\/div>\r\n\t\t\t\t\t<div class=\"td-weather-degrees-wrap\">\r\n\t\t\t\t\t\t<i class=\"td-down-icon td-icons-arrows-down\"><\/i>\r\n\t\t\t\t\t\t<span class=\"td-small-degrees td-w-low-temp\">14.6<\/span>\r\n\t\t\t\t\t\t<span class=\"td-circle\">&deg;<\/span>\r\n\t\t\t\t\t<\/div>\r\n\t\t\t\t<\/div>\r\n\t\t\t<\/div>\r\n\t\t<\/div>\r\n\r\n\t\t<div class=\"td-weather-info-wrap\">\r\n\t\t\t<div class=\"td-weather-information\">\r\n\t\t\t\t<div class=\"td-weather-section-1\">\r\n\t\t\t\t\t<i class=\"td-icons-drop\"><\/i>\r\n\t\t\t\t\t<span class=\"td-weather-parameter td-w-today-humidity\">89%<\/span>\r\n\t\t\t\t<\/div>\r\n\t\t\t\t<div class=\"td-weather-section-2\">\r\n\t\t\t\t\t<i class=\"td-icons-wind\"><\/i>\r\n\t\t\t\t\t<span class=\"td-weather-parameter td-w-today-wind-speed\">0.8kmh<\/span>\r\n\t\t\t\t<\/div>\r\n\t\t\t\t<div class=\"td-weather-section-3\">\r\n\t\t\t\t\t<i class=\"td-icons-cloud\"><\/i>\r\n\t\t\t\t\t<span class=\"td-weather-parameter td-w-today-clouds\">99%<\/span>\r\n\t\t\t\t<\/div>\r\n\t\t\t<\/div>\r\n\r\n\r\n\t\t\t<div class=\"td-weather-week\">\r\n\t\t\t\t\t\t\t\t\t<div class=\"td-weather-days\">\r\n\t\t\t\t\t\t<div class=\"td-day-0\">Mi\u00e9<\/div>\r\n\t\t\t\t\t\t<div class=\"td-day-degrees\">\r\n\t\t\t\t\t\t\t<span class=\"td-degrees-0\">19<\/span>\r\n\t\t\t\t\t\t\t<span class=\"td-circle\">&deg;<\/span>\r\n\t\t\t\t\t\t<\/div>\r\n\t\t\t\t\t<\/div>\r\n\t\t\t\t\t\t\t\t\t\t<div class=\"td-weather-days\">\r\n\t\t\t\t\t\t<div class=\"td-day-1\">Jue<\/div>\r\n\t\t\t\t\t\t<div class=\"td-day-degrees\">\r\n\t\t\t\t\t\t\t<span class=\"td-degrees-1\">17<\/span>\r\n\t\t\t\t\t\t\t<span class=\"td-circle\">&deg;<\/span>\r\n\t\t\t\t\t\t<\/div>\r\n\t\t\t\t\t<\/div>\r\n\t\t\t\t\t\t\t\t\t\t<div class=\"td-weather-days\">\r\n\t\t\t\t\t\t<div class=\"td-day-2\">Vie<\/div>\r\n\t\t\t\t\t\t<div class=\"td-day-degrees\">\r\n\t\t\t\t\t\t\t<span class=\"td-degrees-2\">24<\/span>\r\n\t\t\t\t\t\t\t<span class=\"td-circle\">&deg;<\/span>\r\n\t\t\t\t\t\t<\/div>\r\n\t\t\t\t\t<\/div>\r\n\t\t\t\t\t\t\t\t\t\t<div class=\"td-weather-days\">\r\n\t\t\t\t\t\t<div class=\"td-day-3\">S\u00e1b<\/div>\r\n\t\t\t\t\t\t<div class=\"td-day-degrees\">\r\n\t\t\t\t\t\t\t<span class=\"td-degrees-3\">20<\/span>\r\n\t\t\t\t\t\t\t<span class=\"td-circle\">&deg;<\/span>\r\n\t\t\t\t\t\t<\/div>\r\n\t\t\t\t\t<\/div>\r\n\t\t\t\t\t\t\t\t\t\t<div class=\"td-weather-days\">\r\n\t\t\t\t\t\t<div class=\"td-day-4\">Dom<\/div>\r\n\t\t\t\t\t\t<div class=\"td-day-degrees\">\r\n\t\t\t\t\t\t\t<span class=\"td-degrees-4\">20<\/span>\r\n\t\t\t\t\t\t\t<span class=\"td-circle\">&deg;<\/span>\r\n\t\t\t\t\t\t<\/div>\r\n\t\t\t\t\t<\/div>\r\n\t\t\t\t\t\t\t\t<\/div>\r\n\t\t<\/div>\r\n\t\t<\/div><\/div> <!-- .\/block -->[vc_btn title=\u00bbDescargar Segunda Circular\u00bb color=\u00bbdanger\u00bb size=\u00bblg\u00bb i_icon_fontawesome=\u00bbfa fa-bullhorn\u00bb css_animation=\u00bbbottom-to-top\u00bb add_icon=\u00bbtrue\u00bb link=\u00bburl:https%3A%2F%2Fface.unt.edu.ar%2Fweb%2Fcongresodeljardin%2Fwp-content%2Fuploads%2Fsites%2F16%2F2019%2F02%2FSegunda-Circular-35-Congreso-ADENAG-2019-Tucum%25C3%25A1n-Pautas-Trabajos.pdf|title:Segunda%20Circular|target:%20_blank\u00bb][vc_column_text]<strong>Valores de inscripci\u00f3n: <\/strong><\/p>\n<p><img decoding=\"async\" loading=\"lazy\" class=\"wp-image-42 aligncenter\" src=\"http:\/\/face.unt.edu.ar\/web\/congresodeljardin\/wp-content\/uploads\/sites\/16\/2018\/03\/Valores-Congreso-300x261.jpg\" alt=\"\" width=\"123\" height=\"107\" srcset=\"https:\/\/face.unt.edu.ar\/web\/congresodeljardin\/wp-content\/uploads\/sites\/16\/2018\/03\/Valores-Congreso-300x261.jpg 300w, https:\/\/face.unt.edu.ar\/web\/congresodeljardin\/wp-content\/uploads\/sites\/16\/2018\/03\/Valores-Congreso.jpg 404w\" sizes=\"(max-width: 123px) 100vw, 123px\" \/>[\/vc_column_text][vc_separator color=\u00bborange\u00bb][vc_column_text][\/vc_column_text][\/vc_column][\/vc_row]<\/p>\n","protected":false},"excerpt":{"rendered":"<p>[vc_row][vc_column width=\u00bb2\/3&#8243;][vc_column_text][\/vc_column_text][vc_column_text][\/vc_column_text][vc_column_text][\/vc_column_text][vc_column_text]Nuestra Facultad ser\u00e1 sede del 35\u00a0Congreso Nacional de ADENAG, que se realizar\u00e1 durante los d\u00edas 23 y 24 de Mayo de 2019, bajo el lema \u201cAdministraci\u00f3n Innovadora: desaf\u00edo o utop\u00eda\u00bb,\u00a0convocando a docentes, alumnos e investigadores en Administraci\u00f3n El encuentro est\u00e1 pensado como un espacio de discusi\u00f3n, de intercambio, donde se generen debates, donde las [&hellip;]<\/p>\n","protected":false},"author":1,"featured_media":0,"parent":0,"menu_order":0,"comment_status":"closed","ping_status":"closed","template":"","meta":{"footnotes":""},"_links":{"self":[{"href":"https:\/\/face.unt.edu.ar\/web\/congresodeljardin\/wp-json\/wp\/v2\/pages\/5"}],"collection":[{"href":"https:\/\/face.unt.edu.ar\/web\/congresodeljardin\/wp-json\/wp\/v2\/pages"}],"about":[{"href":"https:\/\/face.unt.edu.ar\/web\/congresodeljardin\/wp-json\/wp\/v2\/types\/page"}],"author":[{"embeddable":true,"href":"https:\/\/face.unt.edu.ar\/web\/congresodeljardin\/wp-json\/wp\/v2\/users\/1"}],"replies":[{"embeddable":true,"href":"https:\/\/face.unt.edu.ar\/web\/congresodeljardin\/wp-json\/wp\/v2\/comments?post=5"}],"version-history":[{"count":35,"href":"https:\/\/face.unt.edu.ar\/web\/congresodeljardin\/wp-json\/wp\/v2\/pages\/5\/revisions"}],"predecessor-version":[{"id":80,"href":"https:\/\/face.unt.edu.ar\/web\/congresodeljardin\/wp-json\/wp\/v2\/pages\/5\/revisions\/80"}],"wp:attachment":[{"href":"https:\/\/face.unt.edu.ar\/web\/congresodeljardin\/wp-json\/wp\/v2\/media?parent=5"}],"curies":[{"name":"wp","href":"https:\/\/api.w.org\/{rel}","templated":true}]}}