{"id":20,"date":"2019-10-01T22:19:32","date_gmt":"2019-10-01T20:19:32","guid":{"rendered":"http:\/\/face.unt.edu.ar\/web\/conice2020\/?page_id=20"},"modified":"2019-12-18T19:24:45","modified_gmt":"2019-12-18T18:24:45","slug":"inscripcion","status":"publish","type":"page","link":"https:\/\/face.unt.edu.ar\/web\/conice2020\/inscripcion\/","title":{"rendered":"Inscripci\u00f3n"},"content":{"rendered":"<p>Tanto los expositores como los asistentes deben completar el formulario de inscripci\u00f3n hasta el 30 de abril de 2020. Se accede al mismo en el siguiente link <strong><a href=\"https:\/\/forms.gle\/a2C9JYGP9hLqwK6W6\" target=\"_blank\" rel=\"noopener noreferrer\">https:\/\/forms.gle\/a2C9JYGP9hLqwK6W6<\/a><\/strong><\/p>\n<p>Las propuestas de ponencias se reciben hasta el 23 de marzo, conforme a las formalidades especificadas en la circular correspondiente. (Ver plantilla de trabajo).<\/p>\n<p>Para la inclusi\u00f3n de la exposici\u00f3n en el Cronograma y la publicaci\u00f3n del trabajo, al menos uno de los autores debe haber realizado el pago de la inscripci\u00f3n hasta el 05 de mayo de 2020.<\/p>\n<p><strong>Costos de inscripci\u00f3n: <\/strong><\/p>\n<p>&#8212; A definir &#8212;<\/p>\n","protected":false},"excerpt":{"rendered":"<p>Tanto los expositores como los asistentes deben completar el formulario de inscripci\u00f3n hasta el 30 de abril de 2020. Se accede al mismo en el siguiente link https:\/\/forms.gle\/a2C9JYGP9hLqwK6W6 Las propuestas de ponencias se reciben hasta el 23 de marzo, conforme a las formalidades especificadas en la circular correspondiente. (Ver plantilla de trabajo). Para la inclusi\u00f3n [&hellip;]<\/p>\n","protected":false},"author":1,"featured_media":0,"parent":0,"menu_order":0,"comment_status":"closed","ping_status":"closed","template":"","meta":{"footnotes":""},"_links":{"self":[{"href":"https:\/\/face.unt.edu.ar\/web\/conice2020\/wp-json\/wp\/v2\/pages\/20"}],"collection":[{"href":"https:\/\/face.unt.edu.ar\/web\/conice2020\/wp-json\/wp\/v2\/pages"}],"about":[{"href":"https:\/\/face.unt.edu.ar\/web\/conice2020\/wp-json\/wp\/v2\/types\/page"}],"author":[{"embeddable":true,"href":"https:\/\/face.unt.edu.ar\/web\/conice2020\/wp-json\/wp\/v2\/users\/1"}],"replies":[{"embeddable":true,"href":"https:\/\/face.unt.edu.ar\/web\/conice2020\/wp-json\/wp\/v2\/comments?post=20"}],"version-history":[{"count":4,"href":"https:\/\/face.unt.edu.ar\/web\/conice2020\/wp-json\/wp\/v2\/pages\/20\/revisions"}],"predecessor-version":[{"id":53,"href":"https:\/\/face.unt.edu.ar\/web\/conice2020\/wp-json\/wp\/v2\/pages\/20\/revisions\/53"}],"wp:attachment":[{"href":"https:\/\/face.unt.edu.ar\/web\/conice2020\/wp-json\/wp\/v2\/media?parent=20"}],"curies":[{"name":"wp","href":"https:\/\/api.w.org\/{rel}","templated":true}]}}