{"id":4,"date":"2019-10-01T00:34:20","date_gmt":"2019-09-30T22:34:20","guid":{"rendered":"http:\/\/face.unt.edu.ar\/web\/conice2020\/?page_id=4"},"modified":"2020-04-09T01:56:27","modified_gmt":"2020-04-08T23:56:27","slug":"pagina-principal","status":"publish","type":"page","link":"https:\/\/face.unt.edu.ar\/web\/conice2020\/","title":{"rendered":"pagina principal"},"content":{"rendered":"<p>[vc_row css=\u00bb.vc_custom_1569958236940{margin-top: -45px !important;}\u00bb][vc_column][rev_slider_vc alias=\u00bbinicio\u00bb][\/vc_column][\/vc_row][vc_row][vc_column width=\u00bb2\/3&#8243;][vc_column_text]<\/p>\n<h1>Se suspende el CONICE 2020<\/h1>\n<p>Informamos a la comunidad que dado el avance del Virus COVID-19 (Coronavirus), el Primer Congreso Nacional e Internacional de Ciencias Econ\u00f3micas organizado por la REDFACE, que se iba a realizar los d\u00edas 03, 04, y 05 de Junio del cte. a\u00f1o, en la Facultad de Ciencias Econ\u00f3micas de la UNT, ser\u00e1 reprogramado para una fecha a establecer oportunamente.<\/p>\n<p>Esto se debe a que, al ser un encuentro de car\u00e1cter internacional, se esperaba la participaci\u00f3n de gran cantidad de asistentes provenientes de distintos lugares. En raz\u00f3n de ello, es nuestra responsabilidad cuidar y proteger a toda la comunidad y a los visitantes.<\/p>\n<p>La decisi\u00f3n de posponer la realizaci\u00f3n del CONICE tiene sus fundamentos en las disposiciones de las autoridades nacionales, teniendo en cuenta las informaciones relacionadas con el desarrollo del Virus COVID-19, los riesgos con respecto a su propagaci\u00f3n y las restricciones sobre viajes, tanto en Argentina como en los dem\u00e1s pa\u00edses.<\/p>\n<p>Agradecemos a todos aquellos que vinieron colaborando hasta este momento.[\/vc_column_text][\/vc_column][vc_column width=\u00bb1\/3&#8243;][vc_widget_sidebar sidebar_id=\u00bbtd-default\u00bb][\/vc_column][\/vc_row]<\/p>\n","protected":false},"excerpt":{"rendered":"<p>[vc_row css=\u00bb.vc_custom_1569958236940{margin-top: -45px !important;}\u00bb][vc_column][rev_slider_vc alias=\u00bbinicio\u00bb][\/vc_column][\/vc_row][vc_row][vc_column width=\u00bb2\/3&#8243;][vc_column_text] Se suspende el CONICE 2020 Informamos a la comunidad que dado el avance del Virus COVID-19 (Coronavirus), el Primer Congreso Nacional e Internacional de Ciencias Econ\u00f3micas organizado por la REDFACE, que se iba a realizar los d\u00edas 03, 04, y 05 de Junio del cte. a\u00f1o, en la Facultad [&hellip;]<\/p>\n","protected":false},"author":1,"featured_media":0,"parent":0,"menu_order":0,"comment_status":"closed","ping_status":"closed","template":"","meta":{"footnotes":""},"_links":{"self":[{"href":"https:\/\/face.unt.edu.ar\/web\/conice2020\/wp-json\/wp\/v2\/pages\/4"}],"collection":[{"href":"https:\/\/face.unt.edu.ar\/web\/conice2020\/wp-json\/wp\/v2\/pages"}],"about":[{"href":"https:\/\/face.unt.edu.ar\/web\/conice2020\/wp-json\/wp\/v2\/types\/page"}],"author":[{"embeddable":true,"href":"https:\/\/face.unt.edu.ar\/web\/conice2020\/wp-json\/wp\/v2\/users\/1"}],"replies":[{"embeddable":true,"href":"https:\/\/face.unt.edu.ar\/web\/conice2020\/wp-json\/wp\/v2\/comments?post=4"}],"version-history":[{"count":14,"href":"https:\/\/face.unt.edu.ar\/web\/conice2020\/wp-json\/wp\/v2\/pages\/4\/revisions"}],"predecessor-version":[{"id":66,"href":"https:\/\/face.unt.edu.ar\/web\/conice2020\/wp-json\/wp\/v2\/pages\/4\/revisions\/66"}],"wp:attachment":[{"href":"https:\/\/face.unt.edu.ar\/web\/conice2020\/wp-json\/wp\/v2\/media?parent=4"}],"curies":[{"name":"wp","href":"https:\/\/api.w.org\/{rel}","templated":true}]}}