{"id":1132,"date":"2014-09-16T14:01:04","date_gmt":"2014-09-16T14:01:04","guid":{"rendered":"http:\/\/face.unt.edu.ar\/web\/iadmin\/?page_id=1132"},"modified":"2023-10-30T22:34:08","modified_gmt":"2023-10-30T22:34:08","slug":"sitios-nacionales","status":"publish","type":"page","link":"https:\/\/face.unt.edu.ar\/web\/iadmin\/sitios-nacionales\/","title":{"rendered":"Sitios Nacionales"},"content":{"rendered":"<h2>\u00a0<span style=\"color: #800000\">Inter\u00e9s General<\/span><\/h2>\n<p>1.\u00a0<a href=\"https:\/\/www.boletinoficial.gob.ar\/\"><strong>Bolet\u00edn Oficial de la Rep\u00fablica Argentina<\/strong><\/a><\/p>\n<p><span class=\"description\">Legislaci\u00f3n y avisos oficiales, resoluciones, disposiciones, etc&#8230;&#8230;<\/span><\/p>\n<p>2.\u00a0<strong><a class=\"category\" href=\"http:\/\/www.wobi.com\/es\/magazine\/home\" target=\"_blank\" rel=\"noopener\">Revista Gesti\u00f3n &#8211; WOBI &#8211; Argentina<\/a><\/strong><\/p>\n<p>3.\u00a0<a title=\"Hemeroteca Deigital Provincia de Santa Fe\" href=\"http:\/\/www.santafe.gov.ar\/hemerotecadigital\/articulo\/portada\/\"><strong>Hemeroteca Digital Provincia de Santa Fe<\/strong><\/a><br \/>\n<span class=\"description\">Hemeroteca Digital \u00abFray Francisco de Paula Casta\u00f1eda\u00bb, nace en 2005, con la realizaci\u00f3n del proyecto de conservaci\u00f3n de los diarios \u00abEl Orden\u00bb y \u00abDiario Santa Fe\u00bb que posee el archivo de la Provincia de Santa Fe. Dichos diarios que abarcan las fechas 1927 a 1955 para el diario \u00abEl Orden\u00bb y 1911 a 1933 para el diario \u00abSanta Fe\u00bb.<\/span><\/p>\n<p>4. <a href=\"https:\/\/www.argentina.gob.ar\/premionacionalcalidad\"><strong>Premio Nacional a la Calidad<\/strong><\/a><br \/>\n<span class=\"description\">Oficina Nacional de Innovaci\u00f3n de Gesti\u00f3n. Antecedentes. Gest\u00f3n de calidad en el Estado. Premio Nacional a la Calidad en la Administraci\u00f3n P\u00fablica<\/span><\/p>\n<p>5. <a href=\"http:\/\/www.biblioteca.mincyt.gob.ar\/recursos\/ver?id=scopus\"><strong>Biblioteca Electr\u00f3nica de Ciencia y Tecnolog\u00eda<\/strong><\/a><\/p>\n<p>La Biblioteca Electr\u00f3nica de Ciencia y Tecnolog\u00eda brinda a los investigadores argentinos acceso, desde las instituciones habilitadas, a trav\u00e9s de Internet al texto completo de 25.996 t\u00edtulos de revistas cient\u00edfico-t\u00e9cnicas, 22.518 libros, 3.164 est\u00e1ndares, 19.011 conferencias y congresos, y a bases de datos referenciales de gran valor para la comunidad cient\u00edfica.<\/p>\n<p>6.\u00a0<a href=\"https:\/\/bcn.gob.ar\/\"><strong>Biblioteca del Congreso de la Naci\u00f3n Argentina<\/strong><\/a><br \/>\n<span class=\"description\">La Biblioteca del Congreso de la Naci\u00f3n, es una instituci\u00f3n especializada esencial en el Poder Legislativo Nacional, que promueve el desarrollo cultural de la Comunidad y que tiene como misi\u00f3n asistir a los legisladores, colaborar con reparticiones oficiales y privadas, centros de referencia, realizar convenios de cooperaci\u00f3n, suministrar al p\u00fablico en general informaci\u00f3n, documentaci\u00f3n y asesoramiento en base al acervo bibliogr\u00e1fico general, doctrinario, jurisprudencial y legislativo.<\/span><\/p>\n<p>7.\u00a0<strong><a href=\"http:\/\/biblioteca.afip.gob.ar\/search\/query\/index.aspx\">Biblioteca AFIP<\/a>\u00a0<\/strong><br \/>\n<span class=\"description\">Biblioteca AFIP: Gran cantidad de normas y leyes vigentes en el pa\u00eds.<\/span><\/p>\n<p>8.-\u00a0<a title=\"Portal de Revistas Digital de Ciencias Administrativas UNLP\" href=\"http:\/\/revistas.unlp.edu.ar\/\" target=\"_blank\" rel=\"noopener\">Revista Digital | FCE | UNLP<\/a><\/p>\n<p>Universidad Nacional de La Plata Revista Digital de Ciencias Administrativas<\/p>\n<p>&nbsp;<\/p>\n<h2><span style=\"color: #800000\">Universidad, Investigaci\u00f3n<\/span><\/h2>\n<p>1.\u00a0<span style=\"text-decoration: underline\"><a href=\"https:\/\/www.siu.edu.ar\/\">SIU<\/a><a class=\"category\" style=\"color: #5da8f9;text-decoration: underline\" href=\"http:\/\/www.face.unt.edu.ar\/iadmin\/index.php?view=weblink&amp;catid=54%3Apublicaciones-nacionales&amp;id=7%3Asiu&amp;option=com_weblinks&amp;Itemid=90\" target=\"_blank\" rel=\"noopener\"><br \/>\n<\/a><\/span>Qu\u00e9 es el SIU?<\/p>\n<p><span class=\"description\" style=\"color: #696969\"> El SIU es un Consorcio de Universidades que desarrolla soluciones inform\u00e1ticas y brinda servicios para el Sistema Universitario Nacional y distintos organismos de gobierno. Su objetivo es contribuir a mejorar la gesti\u00f3n de las instituciones, permiti\u00e9ndoles contar con informaci\u00f3n segura, \u00edntegra y disponible, optimizar sus recursos y lograr que el software sea aprovechado en toda su potencialidad.2<\/span><\/p>\n<p>2.<strong>\u00a0<a href=\"https:\/\/www.argentina.gob.ar\/educacion\/politicasuniversitarias\">SPU<\/a><\/strong><\/p>\n<p>Secretar\u00eda de Pol\u00edticas Universitarias. Subsecretar\u00eda de Gesti\u00f3n y Coordinaci\u00f3n de Pol\u00edticas Universitarias. Noticias, Programas, Convocatorias.<\/p>\n<p><strong>3.\u00a0<a href=\"http:\/\/www.biblioteca.mincyt.gob.ar\/\">Biblioteca electr\u00f3nica de Ciencia y Tecnolog\u00eda<\/a><\/strong><\/p>\n<p><span class=\"description\">A trav\u00e9s de la Biblioteca Electr\u00f3nica de Ciencia y Tecnolog\u00eda los investigadores argentinos tienen acceso, desde las Instituciones habilitadas, a los art\u00edculos completos de m\u00e1s de 11.000 t\u00edtulos de revistas cient\u00edfico-t\u00e9cnicas y m\u00e1s de 9.000 libros.<\/span><\/p>\n<p>4.\u00a0<strong>Red de Bibliotecas de la UNT: Rebiunt<\/strong><\/p>\n<p><span class=\"description\">All\u00ed se puede ingresar a todas las bibliotecas de la UNT, y por consiguiente, a la Biblioteca de la Facultad de Ciencias Econ\u00f3micas.<br \/>\nIngresando a la Biblioteca Central, tambi\u00e9n se puede tener acceso a bases de datos del SIU: BDU (75 bases activas), de otras universidades y otras entidades relacionadas con la docencia y la investigaci\u00f3n.<br \/>\nServicios: Acceso a Bases de Datos, cat\u00e1logos, libros, revistas, e-journals y Bases de Datos externas, bibliotecas argentinas y extranjeras, diccionarios, enciclopedias, etc.<\/span><\/p>\n<p>5. <a href=\"http:\/\/www.cin.edu.ar\/biblioteca\/\"><strong>Biblioteca CIN<\/strong><\/a><\/p>\n<p>La Biblioteca del\u00a0<strong>Consejo Interuniversitario Nacional (CIN)<\/strong>\u00a0es un espacio institucional con una colecci\u00f3n que se especializa\u00a0en el\u00a0sistema universitario comparado, su articulaci\u00f3n y acreditaci\u00f3n, con \u00e9nfasis en la regi\u00f3n argentina y latinoamericana.<\/p>\n<p>5. CONICET. IIESS &#8211; Instituto de Investigaciones Econ\u00f3micas y Sociales del Sur:\u00a0<a href=\"http:\/\/www.iiess-conicet.gob.ar\/\">http:\/\/www.iiess-conicet.gob.ar\/<\/a><\/p>\n<p>6.\u00a0<strong><a class=\"category\" href=\"http:\/\/www.face.unt.edu.ar\/iadmin\/index.php?view=weblink&amp;catid=54%3Apublicaciones-nacionales&amp;id=68%3Aradio-universidad&amp;option=com_weblinks&amp;Itemid=90\" target=\"_blank\" rel=\"noopener\">Radio Universidad<\/a><\/strong><br \/>\n<span class=\"description\">LRK 319 \u2013 Radio Universidad Tucum\u00e1n, emisora de la Universidad Nacional de Tucum\u00e1n (UNT) transmite en 94.7 Mhz de frecuencia modulada desde sus estudios y planta transmisora ubicados en Calle 25 de Mayo 265 \u2013 3\u00ba pisos de San Miguel de Tucum\u00e1n, Provincia de Tucum\u00e1n, Rep\u00fablica Argentina. &#8211; See more at: http:\/\/www.fm947universidad.com.ar\/?page_id=25#sthash.L6QW587N.dpuf.<\/span><\/p>\n<h2><span style=\"color: #800000\">Recursos Humanos<\/span><\/h2>\n<h2><span style=\"color: #800000\">Marketing<\/span><\/h2>\n<p><strong><a class=\"category\" href=\"http:\/\/www.face.unt.edu.ar\/iadmin\/index.php?view=weblink&amp;catid=54%3Apublicaciones-nacionales&amp;id=12%3Aasociacion-argentina-de-marketing&amp;option=com_weblinks&amp;Itemid=90\" target=\"_blank\" rel=\"noopener\">Asociaci\u00f3n ARgentina de Marketing<\/a><\/strong><br \/>\n<span class=\"description\">Noticias de Marketing, Biblioteca multimedia, capacitaciones, eventos.<\/span><\/p>\n<p>&nbsp;<\/p>\n<h2><span style=\"color: #800000\">Ciencia y tecnolog\u00eda<\/span><\/h2>\n<h2><span style=\"color: #800000\">Negocios y Finanzas<\/span><\/h2>\n<p>1. <strong><a class=\"category\" href=\"https:\/\/www.ambito.com\/\" target=\"_blank\" rel=\"noopener\">Di<\/a>ario argentino: \u00c1mbito Financiero<\/strong><\/p>\n<p><span class=\"description\">Informaci\u00f3n burs\u00e1til y financiera al instante, tecnolog\u00eda, econom\u00eda, pol\u00edtica.<\/span><\/p>\n<p><strong>2.\u00a0<a class=\"category\" style=\"color: #5da8f9\" href=\"https:\/\/bolsar.info\/\" target=\"_blank\" rel=\"noopener\">Bolsar. <\/a>com<\/strong><br \/>\n<span class=\"description\">Servicio del Banco Central: Cotizaciones, noticias, investigaci\u00f3n, capacitaci\u00f3n.<\/span><\/p>\n<p>3.\u00a0<strong><a class=\"category\" style=\"color: #5da8f9\" href=\"http:\/\/www.face.unt.edu.ar\/iadmin\/index.php?view=weblink&amp;catid=54%3Apublicaciones-nacionales&amp;id=33%3Arevista-mercado&amp;option=com_weblinks&amp;Itemid=90\" target=\"_blank\" rel=\"noopener\">Revista Mercado<\/a><\/strong><\/p>\n<p><span style=\"color: #000000\">4.<strong>\u00a0<\/strong><\/span><strong><a class=\"category\" style=\"color: #5da8f9\" href=\"http:\/\/www.face.unt.edu.ar\/iadmin\/index.php?view=weblink&amp;catid=54%3Apublicaciones-nacionales&amp;id=34%3Aasignatura-investigacion-de-mercados-isft-no-75-dgcye-pba&amp;option=com_weblinks&amp;Itemid=90\" target=\"_blank\" rel=\"noopener\">Asignatura Investigaci\u00f3n de Mercados ISFT N\u00ba 75 &#8211; DGCyE &#8211; PBA<\/a><span style=\"color: #000000\">\u00a0<\/span><\/strong><br style=\"color: #000000\" \/><span class=\"description\" style=\"color: #000000\">Tecnicatura Superior en Investigaci\u00f3n de Marketing.<br \/>\nNumerosos enlaces de inter\u00e9s.<\/span><\/p>\n<p>5.\u00a0<strong><a class=\"category\" style=\"color: #5da8f9\" href=\"http:\/\/www.face.unt.edu.ar\/iadmin\/index.php?view=weblink&amp;catid=54%3Apublicaciones-nacionales&amp;id=44%3Aindicadores-basicos-argentina-2011&amp;option=com_weblinks&amp;Itemid=90\" target=\"_blank\" rel=\"noopener\">Indicadores B\u00e1sicos &#8211; Argentina 2010<\/a><\/strong><\/p>\n<p><span class=\"description\">Publicaci\u00f3n del Ministerio de Salud &#8211; Presidencia de la Naci\u00f3n y la Organizaci\u00f3n Panamericana de la Salud &#8211; Oficina regional de la Organizaci\u00f3n Mundial de la Salud<\/span><\/p>\n<p>&nbsp;<\/p>\n<p>&nbsp;<\/p>\n","protected":false},"excerpt":{"rendered":"<p>\u00a0Inter\u00e9s General 1.\u00a0Bolet\u00edn Oficial de la Rep\u00fablica Argentina Legislaci\u00f3n y avisos oficiales, resoluciones, disposiciones, etc&#8230;&#8230; 2.\u00a0Revista Gesti\u00f3n &#8211; WOBI &#8211; Argentina 3.\u00a0Hemeroteca Digital Provincia de Santa Fe Hemeroteca Digital \u00abFray Francisco de Paula Casta\u00f1eda\u00bb, nace en 2005, con la realizaci\u00f3n del proyecto de conservaci\u00f3n de los diarios \u00abEl Orden\u00bb y \u00abDiario Santa Fe\u00bb que posee [&hellip;]<\/p>\n","protected":false},"author":9,"featured_media":1444,"parent":0,"menu_order":0,"comment_status":"open","ping_status":"open","template":"","meta":{"footnotes":""},"_links":{"self":[{"href":"https:\/\/face.unt.edu.ar\/web\/iadmin\/wp-json\/wp\/v2\/pages\/1132"}],"collection":[{"href":"https:\/\/face.unt.edu.ar\/web\/iadmin\/wp-json\/wp\/v2\/pages"}],"about":[{"href":"https:\/\/face.unt.edu.ar\/web\/iadmin\/wp-json\/wp\/v2\/types\/page"}],"author":[{"embeddable":true,"href":"https:\/\/face.unt.edu.ar\/web\/iadmin\/wp-json\/wp\/v2\/users\/9"}],"replies":[{"embeddable":true,"href":"https:\/\/face.unt.edu.ar\/web\/iadmin\/wp-json\/wp\/v2\/comments?post=1132"}],"version-history":[{"count":33,"href":"https:\/\/face.unt.edu.ar\/web\/iadmin\/wp-json\/wp\/v2\/pages\/1132\/revisions"}],"predecessor-version":[{"id":7010,"href":"https:\/\/face.unt.edu.ar\/web\/iadmin\/wp-json\/wp\/v2\/pages\/1132\/revisions\/7010"}],"wp:featuredmedia":[{"embeddable":true,"href":"https:\/\/face.unt.edu.ar\/web\/iadmin\/wp-json\/wp\/v2\/media\/1444"}],"wp:attachment":[{"href":"https:\/\/face.unt.edu.ar\/web\/iadmin\/wp-json\/wp\/v2\/media?parent=1132"}],"curies":[{"name":"wp","href":"https:\/\/api.w.org\/{rel}","templated":true}]}}